{"id":2480,"date":"2017-08-01T12:04:46","date_gmt":"2017-08-01T08:04:46","guid":{"rendered":"http:\/\/college-oasis.ac-reunion.fr\/?page_id=2480"},"modified":"2022-08-11T08:27:58","modified_gmt":"2022-08-11T04:27:58","slug":"securite","status":"publish","type":"page","link":"https:\/\/etab.ac-reunion.fr\/clg-oasis\/securite\/","title":{"rendered":"S\u00e9curit\u00e9"},"content":{"rendered":"<p><a href=\"https:\/\/etab.ac-reunion.fr\/clg-oasis\/wp-content\/uploads\/sites\/39\/2022\/08\/programme-annuel-prevention-2022.pdf\">Programme annuel de pr\u00e9vention 2022<\/a><\/p>\n<p><a href=\"https:\/\/etab.ac-reunion.fr\/clg-oasis\/wp-content\/uploads\/sites\/39\/2022\/08\/controles-securite-2021-2022.pdf\">Contr\u00f4le de s\u00e9curit\u00e9 2021-2022<\/a><\/p>\n<p><a href=\"https:\/\/etab.ac-reunion.fr\/clg-oasis\/wp-content\/uploads\/sites\/39\/2022\/08\/LISTE-PERSONNEL-SST.pdf\">Liste des personnels SST &#8211; F\u00e9vrier 2020<\/a><\/p>\n<p><a href=\"https:\/\/etab.ac-reunion.fr\/clg-oasis\/wp-content\/uploads\/sites\/39\/2021\/01\/programme-annuel-de-prevention-2020.pdf\">Programme annuel de pr\u00e9vention 2020<\/a><\/p>\n<p><a href=\"https:\/\/etab.ac-reunion.fr\/clg-oasis\/wp-content\/uploads\/sites\/39\/2021\/01\/controles-de-securite-2020.pdf\">Contr\u00f4les de s\u00e9curit\u00e9 2019-2020<\/a><\/p>\n<p><a href=\"https:\/\/etab.ac-reunion.fr\/clg-oasis\/wp-content\/uploads\/sites\/39\/2019\/08\/PROGRAMME-ANNUEL-PREVENTION-2019.pdf\">Programme annuel de pr\u00e9vention 2019<\/a><\/p>\n<p><a href=\"https:\/\/etab.ac-reunion.fr\/clg-oasis\/wp-content\/uploads\/sites\/39\/2019\/08\/contr\u00f4les-s\u00e9curit\u00e9-2018-2019.pdf\">Contr\u00f4les s\u00e9curit\u00e9 2018-2019<\/a><\/p>\n<p><a href=\"https:\/\/etab.ac-reunion.fr\/clg-oasis\/wp-content\/uploads\/sites\/39\/2018\/12\/PROGRAMME-ANNUEL-PREVENTION-2018.pdf\">Programme annuel de pr\u00e9vention 2018<\/a><\/p>\n<p><a href=\"https:\/\/etab.ac-reunion.fr\/clg-oasis\/wp-content\/uploads\/sites\/39\/2018\/12\/Ech\u00e9ancier-mesures-correctives-cuisine-MAJ-SEPT-18.pdf\">Ech\u00e9ancier mesures correctives en cuisine- Maj Septembre 2018<\/a><\/p>\n<p><a href=\"https:\/\/etab.ac-reunion.fr\/clg-oasis\/wp-content\/uploads\/sites\/39\/2017\/12\/Ech\u00e9ancier-mesures-correctives-cuisine-MAJ-DEC-17.ods.pdf\">\u00c9ch\u00e9ancier mesures en cuisine &#8211; Maj D\u00e9cembre 2017<\/a><\/p>\n<p><a href=\"https:\/\/etab.ac-reunion.fr\/clg-oasis\/wp-content\/uploads\/sites\/39\/2016\/11\/liste-personnels-SST-oct-2016.pdf\">\u00a0Liste des personnels SST &#8211; Octobre 2016<\/a><\/p>\n<p><a href=\"https:\/\/etab.ac-reunion.fr\/clg-oasis\/wp-content\/uploads\/sites\/39\/2016\/05\/note-du-24-mai-2016.pdf\">Note du 24 Mai 2016<\/a><\/p>\n<p><a href=\"https:\/\/etab.ac-reunion.fr\/clg-oasis\/wp-content\/uploads\/sites\/39\/2017\/08\/Note-Registres-s\u00e9curit\u00e9-Mars-2014.pdf\">Note Registres S\u00e9curit\u00e9 27 Mars 2014<\/a><\/p>\n<p><a href=\"https:\/\/etab.ac-reunion.fr\/clg-oasis\/wp-content\/uploads\/sites\/39\/2016\/06\/obligation-dinformation-sant\u00e9-et-s\u00e9curit\u00e9-au-travail-20151.pdf\">Groupes acad\u00e9miques de pr\u00e9vention des risques psycho-sociaux<\/a><\/p>\n<p><a href=\"https:\/\/etab.ac-reunion.fr\/clg-oasis\/hygiene-et-securite\/\">Back<\/a><\/p>\n<!-- AddThis Advanced Settings generic via filter on the_content --><!-- AddThis Share Buttons generic via filter on the_content -->","protected":false},"excerpt":{"rendered":"<p>Programme annuel de pr\u00e9vention 2022 Contr\u00f4le de s\u00e9curit\u00e9 2021-2022 Liste des personnels SST &#8211; F\u00e9vrier 2020 Programme annuel de pr\u00e9vention 2020 Contr\u00f4les de s\u00e9curit\u00e9 2019-2020 Programme annuel de pr\u00e9vention 2019 [&hellip;]<!-- AddThis Advanced Settings generic via filter on get_the_excerpt --><!-- AddThis Share Buttons generic via filter on get_the_excerpt --><\/p>\n","protected":false},"author":10087,"featured_media":0,"parent":0,"menu_order":0,"comment_status":"closed","ping_status":"closed","template":"","meta":{"_et_pb_use_builder":"","_et_pb_old_content":"","_et_gb_content_width":"","footnotes":""},"class_list":["post-2480","page","type-page","status-publish","hentry"],"_links":{"self":[{"href":"https:\/\/etab.ac-reunion.fr\/clg-oasis\/wp-json\/wp\/v2\/pages\/2480","targetHints":{"allow":["GET"]}}],"collection":[{"href":"https:\/\/etab.ac-reunion.fr\/clg-oasis\/wp-json\/wp\/v2\/pages"}],"about":[{"href":"https:\/\/etab.ac-reunion.fr\/clg-oasis\/wp-json\/wp\/v2\/types\/page"}],"author":[{"embeddable":true,"href":"https:\/\/etab.ac-reunion.fr\/clg-oasis\/wp-json\/wp\/v2\/users\/10087"}],"replies":[{"embeddable":true,"href":"https:\/\/etab.ac-reunion.fr\/clg-oasis\/wp-json\/wp\/v2\/comments?post=2480"}],"version-history":[{"count":17,"href":"https:\/\/etab.ac-reunion.fr\/clg-oasis\/wp-json\/wp\/v2\/pages\/2480\/revisions"}],"predecessor-version":[{"id":4186,"href":"https:\/\/etab.ac-reunion.fr\/clg-oasis\/wp-json\/wp\/v2\/pages\/2480\/revisions\/4186"}],"wp:attachment":[{"href":"https:\/\/etab.ac-reunion.fr\/clg-oasis\/wp-json\/wp\/v2\/media?parent=2480"}],"curies":[{"name":"wp","href":"https:\/\/api.w.org\/{rel}","templated":true}]}}