{"id":2562,"date":"2017-10-10T18:54:44","date_gmt":"2017-10-10T14:54:44","guid":{"rendered":"http:\/\/college-oasis.ac-reunion.fr\/?page_id=2562"},"modified":"2021-04-30T18:20:04","modified_gmt":"2021-04-30T14:20:04","slug":"compte-parents","status":"publish","type":"page","link":"https:\/\/etab.ac-reunion.fr\/clg-oasis\/compte-parents\/","title":{"rendered":"Parents"},"content":{"rendered":"[et_pb_section fb_built=\u00a0\u00bb1&Prime; admin_label=\u00a0\u00bbsection\u00a0\u00bb _builder_version=\u00a0\u00bb3.22&Prime;][et_pb_row admin_label=\u00a0\u00bbrow\u00a0\u00bb _builder_version=\u00a0\u00bb4.9.4&Prime; background_size=\u00a0\u00bbinitial\u00a0\u00bb background_position=\u00a0\u00bbtop_left\u00a0\u00bb background_repeat=\u00a0\u00bbrepeat\u00a0\u00bb custom_margin=\u00a0\u00bb26px|auto||auto||\u00a0\u00bb custom_padding=\u00a0\u00bb0px|||||\u00a0\u00bb hover_enabled=\u00a0\u00bb0&Prime; column_structure=\u00a0\u00bb1_2,1_2&Prime; sticky_enabled=\u00a0\u00bb0&Prime;][et_pb_column type=\u00a0\u00bb1_2&Prime; _builder_version=\u00a0\u00bb4.9.4&Prime; custom_padding=\u00a0\u00bb|||\u00a0\u00bb hover_enabled=\u00a0\u00bb0&Prime; custom_padding__hover=\u00a0\u00bb|||\u00a0\u00bb link_option_url=\u00a0\u00bbhttps:\/\/etab.ac-reunion.fr\/clg-oasis\/wp-content\/uploads\/sites\/39\/2021\/04\/Image1.png\u00a0\u00bb sticky_enabled=\u00a0\u00bb0&Prime;][et_pb_text admin_label=\u00a0\u00bbText\u00a0\u00bb _builder_version=\u00a0\u00bb4.9.4&Prime; background_size=\u00a0\u00bbinitial\u00a0\u00bb background_position=\u00a0\u00bbtop_left\u00a0\u00bb background_repeat=\u00a0\u00bbrepeat\u00a0\u00bb hover_enabled=\u00a0\u00bb0&Prime; sticky_enabled=\u00a0\u00bb0&Prime;]\n<p><img loading=\"lazy\" decoding=\"async\" src=\"https:\/\/etab.ac-reunion.fr\/clg-oasis\/wp-content\/uploads\/sites\/39\/2021\/04\/Image1.png\" width=\"747\" height=\"599\" alt=\"\" class=\"wp-image-4014 alignnone size-full\" srcset=\"https:\/\/etab.ac-reunion.fr\/clg-oasis\/wp-content\/uploads\/sites\/39\/2021\/04\/Image1.png 747w, https:\/\/etab.ac-reunion.fr\/clg-oasis\/wp-content\/uploads\/sites\/39\/2021\/04\/Image1-480x385.png 480w\" sizes=\"(min-width: 0px) and (max-width: 480px) 480px, (min-width: 481px) 747px, 100vw\" \/><\/p>\n<p style=\"text-align: left\">[\/et_pb_text][\/et_pb_column][et_pb_column type=\u00a0\u00bb1_2&Prime; _builder_version=\u00a0\u00bb3.25&Prime; custom_padding=\u00a0\u00bb|||\u00a0\u00bb custom_padding__hover=\u00a0\u00bb|||\u00a0\u00bb][et_pb_image src=\u00a0\u00bbhttps:\/\/etab.ac-reunion.fr\/clg-oasis\/wp-content\/uploads\/sites\/39\/2021\/04\/Image2.png\u00a0\u00bb _builder_version=\u00a0\u00bb4.9.4&Prime; _module_preset=\u00a0\u00bbdefault\u00a0\u00bb title_text=\u00a0\u00bbImage2&Prime; hover_enabled=\u00a0\u00bb0&Prime; sticky_enabled=\u00a0\u00bb0&Prime; custom_padding=\u00a0\u00bb||2px|||\u00a0\u00bb][\/et_pb_image][\/et_pb_column][\/et_pb_row][et_pb_row _builder_version=\u00a0\u00bb4.9.4&Prime; _module_preset=\u00a0\u00bbdefault\u00a0\u00bb][et_pb_column _builder_version=\u00a0\u00bb4.9.4&Prime; _module_preset=\u00a0\u00bbdefault\u00a0\u00bb type=\u00a0\u00bb4_4&Prime;][et_pb_image src=\u00a0\u00bbhttps:\/\/etab.ac-reunion.fr\/clg-oasis\/wp-content\/uploads\/sites\/39\/2021\/04\/Image3.png\u00a0\u00bb _builder_version=\u00a0\u00bb4.9.4&Prime; _module_preset=\u00a0\u00bbdefault\u00a0\u00bb title_text=\u00a0\u00bbImage3&Prime; hover_enabled=\u00a0\u00bb0&Prime; sticky_enabled=\u00a0\u00bb0&Prime;][\/et_pb_image][et_pb_image src=\u00a0\u00bbhttps:\/\/etab.ac-reunion.fr\/clg-oasis\/wp-content\/uploads\/sites\/39\/2021\/04\/Image4.png\u00a0\u00bb _builder_version=\u00a0\u00bb4.9.4&Prime; _module_preset=\u00a0\u00bbdefault\u00a0\u00bb title_text=\u00a0\u00bbImage4&Prime; hover_enabled=\u00a0\u00bb0&Prime; sticky_enabled=\u00a0\u00bb0&Prime;][\/et_pb_image][\/et_pb_column][\/et_pb_row][\/et_pb_section]\n<!-- AddThis Advanced Settings generic via filter on the_content --><!-- AddThis Share Buttons generic via filter on the_content -->","protected":false},"excerpt":{"rendered":"<p><!-- AddThis Advanced Settings generic via filter on get_the_excerpt --><!-- AddThis Share Buttons generic via filter on get_the_excerpt --><\/p>\n","protected":false},"author":10087,"featured_media":0,"parent":0,"menu_order":0,"comment_status":"closed","ping_status":"closed","template":"","meta":{"_et_pb_use_builder":"on","_et_pb_old_content":"Parents, pour suivre la scolarit\u00e9 de votre enfant, l'acad\u00e9mie de la R\u00e9union met \u00e0 votre disposition un compte M\u00e9tice \u00e0 partir duquel vous pourrez consulter le cahier de textes, les notes, les absences et retards, les comp\u00e9tences acquises de votre enfant mais aussi acc\u00e9dez \u00e0 des t\u00e9l\u00e9services tels que le r\u00e8glement de la cantine, <a href=\"https:\/\/etab.ac-reunion.fr\/clg-oasis\/2018\/09\/16\/bourse-de-college-2018-2019\/\">les demandes de bourses<\/a>, la <a href=\"https:\/\/www.dailymotion.com\/video\/x4881tm\">t\u00e9l\u00e9-inscription de votre enfant au lyc\u00e9e<\/a> ... Pour cela, le coll\u00e8ge vous a transmis une notification avec des identifiants provisoires. Vous trouverez ci-dessous la proc\u00e9dure \u00e0 suivre :\n<ul>\n \t<li>\u00a0Dans le cas o\u00f9 vous avez besoin de cr\u00e9er une adresse de messagerie : <a href=\"https:\/\/etab.ac-reunion.fr\/clg-oasis\/wp-content\/uploads\/sites\/39\/2017\/10\/CreationMail-LaPoste.pdf\">Cr\u00e9ation d'une bo\u00eete mail<\/a><\/li>\n \t<li><a href=\"https:\/\/etab.ac-reunion.fr\/clg-oasis\/wp-content\/uploads\/sites\/39\/2017\/10\/ConsultationMail-LaPoste.pdf\">Consultation de votre bo\u00eete mail Laposte.net<\/a><\/li>\n \t<li>\u00a0Dans le cas o\u00f9 vous avez d\u00e9j\u00e0 une adresse de messagerie : <a href=\"https:\/\/etab.ac-reunion.fr\/clg-oasis\/wp-content\/uploads\/sites\/39\/2017\/10\/tutoriel-connexion-parents-v1.pdf\">Premier acc\u00e8s \u00e0 M\u00e9tice<\/a><\/li>\n<\/ul>\n<a href=\"http:\/\/infometice.ac-reunion.fr\/wordpress\/utilisateurs\/menu-parents\/faq-metice-parents\/\">FAQ M\u00e9tice Parents<\/a>\n\n<img class=\" wp-image-2576 alignleft\" src=\"https:\/\/etab.ac-reunion.fr\/clg-oasis\/wp-content\/uploads\/sites\/39\/2017\/10\/Icone-pronote.png\" alt=\"\" width=\"146\" height=\"165\" \/>\n\nBien ouvrir l'application en plein \u00e9cran\u00a0 \u00a0 \u00a0\u00a0<img class=\"alignnone wp-image-2578\" src=\"https:\/\/etab.ac-reunion.fr\/clg-oasis\/wp-content\/uploads\/sites\/39\/2017\/10\/Plein-ecran-1.png\" alt=\"\" width=\"31\" height=\"30\" \/>\n\n<a href=\"http:\/\/www.index-education.com\/fr\/tutoriels-video-pronote-126-6-voir-le-travail-a-faire.php\">Consulter le travail \u00e0 faire\u00a0<\/a>\n\n<a href=\"http:\/\/www.index-education.com\/fr\/tutoriels-video-pronote-123-6-voir-les-notes.php\">Voir les notes<\/a>\n<p style=\"text-align: left\"><a href=\"http:\/\/www.index-education.com\/fr\/tutoriels-video-pronote-388-6-suivre-l-acquisition-des-competences.php\">Suivre l'acquisition des comp\u00e9tences<\/a><\/p>","_et_gb_content_width":"","footnotes":""},"class_list":["post-2562","page","type-page","status-publish","hentry"],"_links":{"self":[{"href":"https:\/\/etab.ac-reunion.fr\/clg-oasis\/wp-json\/wp\/v2\/pages\/2562","targetHints":{"allow":["GET"]}}],"collection":[{"href":"https:\/\/etab.ac-reunion.fr\/clg-oasis\/wp-json\/wp\/v2\/pages"}],"about":[{"href":"https:\/\/etab.ac-reunion.fr\/clg-oasis\/wp-json\/wp\/v2\/types\/page"}],"author":[{"embeddable":true,"href":"https:\/\/etab.ac-reunion.fr\/clg-oasis\/wp-json\/wp\/v2\/users\/10087"}],"replies":[{"embeddable":true,"href":"https:\/\/etab.ac-reunion.fr\/clg-oasis\/wp-json\/wp\/v2\/comments?post=2562"}],"version-history":[{"count":17,"href":"https:\/\/etab.ac-reunion.fr\/clg-oasis\/wp-json\/wp\/v2\/pages\/2562\/revisions"}],"predecessor-version":[{"id":4018,"href":"https:\/\/etab.ac-reunion.fr\/clg-oasis\/wp-json\/wp\/v2\/pages\/2562\/revisions\/4018"}],"wp:attachment":[{"href":"https:\/\/etab.ac-reunion.fr\/clg-oasis\/wp-json\/wp\/v2\/media?parent=2562"}],"curies":[{"name":"wp","href":"https:\/\/api.w.org\/{rel}","templated":true}]}}