{"id":18,"date":"2015-02-20T06:49:14","date_gmt":"2015-02-20T06:49:14","guid":{"rendered":"http:\/\/college-paul-hermann.ac-reunion.fr\/?page_id=18"},"modified":"2022-08-27T11:23:57","modified_gmt":"2022-08-27T11:23:57","slug":"histoire","status":"publish","type":"page","link":"https:\/\/etab.ac-reunion.fr\/clg-paul-hermann\/histoire\/","title":{"rendered":"Histoire"},"content":{"rendered":"<p style=\"padding-left: 40px\">Pour r\u00e9pondre \u00e0 la forte pouss\u00e9e d\u00e9mographique de la ville de St-Pierre et compl\u00e9ter l\u2019offre du C.E.G. situ\u00e9 alors rue de la Cayenne, le coll\u00e8ge a \u00e9t\u00e9 cr\u00e9\u00e9 en 1972 et inaugur\u00e9 par M. Michel DEBRE.<\/p>\n<p style=\"padding-left: 40px\">Les locaux s\u2019\u00e9tendent sur 7 hectares, bien espac\u00e9s par de grandes cours avec de la pelouse et de nombreux arbres. Les nouveaux \u00e9l\u00e8ves sont toujours surpris par cette v\u00e9g\u00e9tation plut\u00f4t abondante qui masque au mieux les b\u00e2timents imposants. Il faut pr\u00e9ciser que l\u2019am\u00e9nagement et la pr\u00e9servation du cadre de vie ont toujours \u00e9t\u00e9 un souci constant pour les diff\u00e9rentes \u00e9quipes \u00e9ducatives qui se sont succ\u00e9der depuis l\u2019ouverture.<\/p>\n<p style=\"padding-left: 40px\">Le nom de \u00ab\u00a0Paul Hermann\u00a0\u00bb a \u00e9t\u00e9 choisi par le Conseil d\u2019Administration du coll\u00e8ge r\u00e9uni le 30 mars 1973. Cette d\u00e9cision a \u00e9t\u00e9 prise \u00e0 la suite du vote des 19 membres pr\u00e9sents dont le r\u00e9sultat a donn\u00e9 13 voix pour, 3 abstentions et 3 voix pour un autre nom \u00ab\u00a0Amiral Lacaze\u00a0\u00bb.<\/p>\n<p style=\"padding-left: 40px\">C\u2019est seulement en 1978 que cette d\u00e9cision est officialis\u00e9e et c\u2019est \u00e0 la rentr\u00e9e scolaire 1981-1982 que ce nom appara\u00eet sur les papiers.<\/p>\n<p style=\"padding-left: 40px\">Vers le milieu des ann\u00e9es 80, l\u2019effectif du coll\u00e8ge Paul Hermann d\u00e9passait les 2000 \u00e9l\u00e8ves, avant de d\u00e9cro\u00eetre progressivement et atteindre presque 1400 \u00e9l\u00e8ves en 2005, puis un peu plus de 800 \u00e9l\u00e8ves en 2008.<\/p>\n<p style=\"padding-left: 40px\">Qui \u00e9tait Paul Hermann?<\/p>\n<p><a href=\"https:\/\/etab.ac-reunion.fr\/clg-paul-hermann\/wp-content\/uploads\/sites\/120\/2015\/02\/paulhermann.jpg\"><img loading=\"lazy\" decoding=\"async\" class=\"aligncenter size-full wp-image-19\" src=\"https:\/\/etab.ac-reunion.fr\/clg-paul-hermann\/wp-content\/uploads\/sites\/120\/2015\/02\/paulhermann.jpg\" alt=\"paulhermann\" width=\"199\" height=\"249\" \/><\/a><\/p>\n<p style=\"padding-left: 40px\">Un esprit curieux, inventif, un humaniste.<\/p>\n<p style=\"padding-left: 40px\">Le Pr\u00e9sident de l\u2019Acad\u00e9mie de la R\u00e9union affirmait qu\u2019il \u00e9tait \u00ab\u00a0une \u00e2me haute\u00a0\u00bb le jour o\u00f9 un hommage lui fut rendu le 7 d\u00e9cembre 1952, aux Avirons (Cf. Archives D\u00e9partementales de la R\u00e9union : journal \u00ab\u00a0Le Peuple\u00a0\u00bb du 11\/12\/1952).<\/p>\n<p style=\"padding-left: 40px\">Paul HERMANN est n\u00e9 \u00e0 Saint-Pierre le 25 juillet 1878.<\/p>\n<p style=\"padding-left: 40px\">Apr\u00e8s l\u2019\u00c9cole Normale, il sera instituteur aux Avirons, \u00e0 Sainte-Marie, \u00e0 Saint-Denis, \u00e0 Hell-Bourg et de nouveau aux Avirons o\u00f9 il finira sa carri\u00e8re comme directeur de l\u2019\u00e9cole des gar\u00e7ons.<\/p>\n<p style=\"padding-left: 40px\">On lui doit aussi de nombreux travaux scientifiques et litt\u00e9raires. Il est \u00e9galement l\u2019auteur de livres scolaires sur l\u2019histoire et la g\u00e9ographie de la R\u00e9union et de cartes g\u00e9ographiques des \u00eeles Maurice et de la R\u00e9union.<\/p>\n<p style=\"padding-left: 40px\">Plusieurs d\u00e9corations vinrent r\u00e9compenser son travail : la croix de la l\u00e9gion d\u2019honneur, les palmes acad\u00e9miques, la m\u00e9daille d\u2019argent des instituteurs entre autres.<\/p>\n<p style=\"padding-left: 40px\">Mais son engagement pour l\u2019\u00e9cole publique et la\u00efque furent une source de probl\u00e8mes avec sa hi\u00e9rarchie et les autorit\u00e9s communales. C\u2019est probablement ce qui explique son d\u00e9part en retraite anticip\u00e9, retraite qu\u2019il consacra \u00e0 l\u2019apiculture au T\u00e8velave.<\/p>\n<p style=\"padding-left: 40px\">Paul HERMANN est d\u00e9c\u00e9d\u00e9 le 2 novembre 1950 aux Avirons. Il f\u00fbt inhum\u00e9 dans la plus grande simplicit\u00e9 \u00e0 Saint-Pierre.<\/p>\n","protected":false},"excerpt":{"rendered":"<p>Pour r\u00e9pondre \u00e0 la forte pouss\u00e9e d\u00e9mographique de la ville de St-Pierre et compl\u00e9ter l\u2019offre du C.E.G. situ\u00e9 alors rue de la Cayenne, le coll\u00e8ge a \u00e9t\u00e9 cr\u00e9\u00e9 en 1972 et inaugur\u00e9 par M. Michel DEBRE. Les locaux s\u2019\u00e9tendent sur 7 hectares, bien espac\u00e9s par de grandes cours avec de&#8230;<\/p>\n<p> <a class=\"continue-reading-link\" href=\"https:\/\/etab.ac-reunion.fr\/clg-paul-hermann\/histoire\/\"><span>Continue reading<\/span><i class=\"crycon-right-dir\"><\/i><\/a> <\/p>\n","protected":false},"author":5737,"featured_media":0,"parent":0,"menu_order":0,"comment_status":"closed","ping_status":"closed","template":"","meta":{"footnotes":""},"class_list":["post-18","page","type-page","status-publish","hentry"],"_links":{"self":[{"href":"https:\/\/etab.ac-reunion.fr\/clg-paul-hermann\/wp-json\/wp\/v2\/pages\/18","targetHints":{"allow":["GET"]}}],"collection":[{"href":"https:\/\/etab.ac-reunion.fr\/clg-paul-hermann\/wp-json\/wp\/v2\/pages"}],"about":[{"href":"https:\/\/etab.ac-reunion.fr\/clg-paul-hermann\/wp-json\/wp\/v2\/types\/page"}],"author":[{"embeddable":true,"href":"https:\/\/etab.ac-reunion.fr\/clg-paul-hermann\/wp-json\/wp\/v2\/users\/5737"}],"replies":[{"embeddable":true,"href":"https:\/\/etab.ac-reunion.fr\/clg-paul-hermann\/wp-json\/wp\/v2\/comments?post=18"}],"version-history":[{"count":4,"href":"https:\/\/etab.ac-reunion.fr\/clg-paul-hermann\/wp-json\/wp\/v2\/pages\/18\/revisions"}],"predecessor-version":[{"id":4730,"href":"https:\/\/etab.ac-reunion.fr\/clg-paul-hermann\/wp-json\/wp\/v2\/pages\/18\/revisions\/4730"}],"wp:attachment":[{"href":"https:\/\/etab.ac-reunion.fr\/clg-paul-hermann\/wp-json\/wp\/v2\/media?parent=18"}],"curies":[{"name":"wp","href":"https:\/\/api.w.org\/{rel}","templated":true}]}}