{"id":202,"date":"2015-03-02T13:47:36","date_gmt":"2015-03-02T13:47:36","guid":{"rendered":"http:\/\/college-paul-hermann.ac-reunion.fr\/?page_id=202"},"modified":"2015-03-02T13:52:02","modified_gmt":"2015-03-02T13:52:02","slug":"latelier-espace-rural-et-environnement","status":"publish","type":"page","link":"https:\/\/etab.ac-reunion.fr\/clg-paul-hermann\/la-segpa\/latelier-espace-rural-et-environnement\/","title":{"rendered":"L&rsquo;atelier \u00ab\u00a0Espace Rural et environnement\u00a0\u00bb"},"content":{"rendered":"<p>D\u2019une surface de 700 m\u00b2, l\u2019atelier \u00ab\u00a0Espace Rural et Environnement\u00a0\u00bb se divise en 4 secteurs :<\/p>\n<p>&#8211; les vestiaires, le magasin, la salle de pr\u00e9paration et de stockage des pesticides,<\/p>\n<p>&#8211; les plantes \u00e0 massifs et grandes plantes ainsi que les tables d\u2019\u00e9levage,<\/p>\n<p>&#8211; les plantes d\u2019int\u00e9rieur, aromatiques, m\u00e9dicinales,<\/p>\n<p>&#8211; une serre de 140 m\u00b2 pour initiation \u00e0 la culture hors-sol de plantes l\u00e9gumi\u00e8res.<\/p>\n<p>Les \u00e9l\u00e8ves suivent une formation pr\u00e9 professionnelle sur 2 ans, une ann\u00e9e de 4eme en r\u00e9seau avec la SEGPA de Terre-Sainte et un stage d\u2019une semaine en observation en entreprise. L\u2019ann\u00e9e de 3eme marque une intensification de l\u2019enseignement pr\u00e9 professionnel et du travail sur l\u2019orientation, notamment au travers de deux stages en entreprise de 2 semaines qui permettent de consolider le projet professionnel du jeune qui se concr\u00e9tise par l\u2019accession \u00e0 une formation qualifiante de niveau 5 (CAP) en LP\/CFA\/MFR pour l\u2019essentiel des \u00e9l\u00e8ves et la pr\u00e9sentation \u00e0 l\u2019examen du CFG.<\/p>\n<p>L\u2019atelier produit, dans le cadre de ses activit\u00e9s pratiques, un certain nombre de plantes commercialis\u00e9es comme objets confectionn\u00e9s. L\u2019accueil des visiteurs et clients potentiels se fait aux horaires suivant : 8h30 \u2013 12h et 13h \u2013 15h30 en fonction de l\u2019emploi du temps.<\/p>\n<p>Pour visiter l\u2019atelier ou passer commande, contacter le professeur M. VITRY au poste 332.<\/p>\n<p><a href=\"https:\/\/etab.ac-reunion.fr\/clg-paul-hermann\/wp-content\/uploads\/sites\/120\/2015\/03\/Plantes-adultes.png\"><img loading=\"lazy\" decoding=\"async\" class=\"alignleft size-full wp-image-203\" src=\"https:\/\/etab.ac-reunion.fr\/clg-paul-hermann\/wp-content\/uploads\/sites\/120\/2015\/03\/Plantes-adultes.png\" alt=\"Plantes-adultes\" width=\"85\" height=\"85\" srcset=\"https:\/\/etab.ac-reunion.fr\/clg-paul-hermann\/wp-content\/uploads\/sites\/120\/2015\/03\/Plantes-adultes.png 85w, https:\/\/etab.ac-reunion.fr\/clg-paul-hermann\/wp-content\/uploads\/sites\/120\/2015\/03\/Plantes-adultes-67x67.png 67w, https:\/\/etab.ac-reunion.fr\/clg-paul-hermann\/wp-content\/uploads\/sites\/120\/2015\/03\/Plantes-adultes-40x40.png 40w\" sizes=\"auto, (max-width: 85px) 100vw, 85px\" \/><\/a><\/p>\n<p>&nbsp;<\/p>\n<p>&nbsp;<\/p>\n<p>Le coin des plantes adultes<\/p>\n<p><a href=\"https:\/\/etab.ac-reunion.fr\/clg-paul-hermann\/wp-content\/uploads\/sites\/120\/2015\/03\/Table-d\u00e9levage.png\"><img loading=\"lazy\" decoding=\"async\" class=\"alignleft size-full wp-image-205\" src=\"https:\/\/etab.ac-reunion.fr\/clg-paul-hermann\/wp-content\/uploads\/sites\/120\/2015\/03\/Table-d\u00e9levage.png\" alt=\"Table-d\u00e9levage\" width=\"85\" height=\"85\" srcset=\"https:\/\/etab.ac-reunion.fr\/clg-paul-hermann\/wp-content\/uploads\/sites\/120\/2015\/03\/Table-d\u00e9levage.png 85w, https:\/\/etab.ac-reunion.fr\/clg-paul-hermann\/wp-content\/uploads\/sites\/120\/2015\/03\/Table-d\u00e9levage-67x67.png 67w, https:\/\/etab.ac-reunion.fr\/clg-paul-hermann\/wp-content\/uploads\/sites\/120\/2015\/03\/Table-d\u00e9levage-40x40.png 40w\" sizes=\"auto, (max-width: 85px) 100vw, 85px\" \/><\/a><\/p>\n<p>&nbsp;<\/p>\n<p>&nbsp;<\/p>\n<p>Les tables d&rsquo;\u00e9levage<\/p>\n<p><a href=\"https:\/\/etab.ac-reunion.fr\/clg-paul-hermann\/wp-content\/uploads\/sites\/120\/2015\/03\/Serre.png\"><img loading=\"lazy\" decoding=\"async\" class=\"alignleft size-full wp-image-204\" src=\"https:\/\/etab.ac-reunion.fr\/clg-paul-hermann\/wp-content\/uploads\/sites\/120\/2015\/03\/Serre.png\" alt=\"Serre\" width=\"85\" height=\"85\" srcset=\"https:\/\/etab.ac-reunion.fr\/clg-paul-hermann\/wp-content\/uploads\/sites\/120\/2015\/03\/Serre.png 85w, https:\/\/etab.ac-reunion.fr\/clg-paul-hermann\/wp-content\/uploads\/sites\/120\/2015\/03\/Serre-67x67.png 67w, https:\/\/etab.ac-reunion.fr\/clg-paul-hermann\/wp-content\/uploads\/sites\/120\/2015\/03\/Serre-40x40.png 40w\" sizes=\"auto, (max-width: 85px) 100vw, 85px\" \/><\/a><\/p>\n<p>&nbsp;<\/p>\n<p>&nbsp;<\/p>\n<p>La serre<\/p>\n<p>&nbsp;<\/p>\n","protected":false},"excerpt":{"rendered":"<p>D\u2019une surface de 700 m\u00b2, l\u2019atelier \u00ab\u00a0Espace Rural et Environnement\u00a0\u00bb se divise en 4 secteurs : &#8211; les vestiaires, le magasin, la salle de pr\u00e9paration et de stockage des pesticides, &#8211; les plantes \u00e0 massifs et grandes plantes ainsi que les tables d\u2019\u00e9levage, &#8211; les plantes d\u2019int\u00e9rieur, aromatiques, m\u00e9dicinales, &#8211;&#8230;<\/p>\n<p> <a class=\"continue-reading-link\" href=\"https:\/\/etab.ac-reunion.fr\/clg-paul-hermann\/la-segpa\/latelier-espace-rural-et-environnement\/\"><span>Continue reading<\/span><i class=\"crycon-right-dir\"><\/i><\/a> <\/p>\n","protected":false},"author":5737,"featured_media":0,"parent":47,"menu_order":1,"comment_status":"open","ping_status":"closed","template":"","meta":{"footnotes":""},"class_list":["post-202","page","type-page","status-publish","hentry"],"_links":{"self":[{"href":"https:\/\/etab.ac-reunion.fr\/clg-paul-hermann\/wp-json\/wp\/v2\/pages\/202","targetHints":{"allow":["GET"]}}],"collection":[{"href":"https:\/\/etab.ac-reunion.fr\/clg-paul-hermann\/wp-json\/wp\/v2\/pages"}],"about":[{"href":"https:\/\/etab.ac-reunion.fr\/clg-paul-hermann\/wp-json\/wp\/v2\/types\/page"}],"author":[{"embeddable":true,"href":"https:\/\/etab.ac-reunion.fr\/clg-paul-hermann\/wp-json\/wp\/v2\/users\/5737"}],"replies":[{"embeddable":true,"href":"https:\/\/etab.ac-reunion.fr\/clg-paul-hermann\/wp-json\/wp\/v2\/comments?post=202"}],"version-history":[{"count":1,"href":"https:\/\/etab.ac-reunion.fr\/clg-paul-hermann\/wp-json\/wp\/v2\/pages\/202\/revisions"}],"predecessor-version":[{"id":206,"href":"https:\/\/etab.ac-reunion.fr\/clg-paul-hermann\/wp-json\/wp\/v2\/pages\/202\/revisions\/206"}],"up":[{"embeddable":true,"href":"https:\/\/etab.ac-reunion.fr\/clg-paul-hermann\/wp-json\/wp\/v2\/pages\/47"}],"wp:attachment":[{"href":"https:\/\/etab.ac-reunion.fr\/clg-paul-hermann\/wp-json\/wp\/v2\/media?parent=202"}],"curies":[{"name":"wp","href":"https:\/\/api.w.org\/{rel}","templated":true}]}}