{"id":213,"date":"2015-03-02T13:55:18","date_gmt":"2015-03-02T13:55:18","guid":{"rendered":"http:\/\/college-paul-hermann.ac-reunion.fr\/?page_id=213"},"modified":"2015-03-02T13:56:44","modified_gmt":"2015-03-02T13:56:44","slug":"latelier-metiers-de-lhabitat","status":"publish","type":"page","link":"https:\/\/etab.ac-reunion.fr\/clg-paul-hermann\/la-segpa\/latelier-metiers-de-lhabitat\/","title":{"rendered":"L&rsquo;atelier \u00ab\u00a0M\u00e9tiers de l&rsquo;habitat\u00a0\u00bb"},"content":{"rendered":"<p>L\u2019atelier \u00ab\u00a0M\u00e9tiers de l\u2019Habitat\u00a0\u00bb a \u00e9t\u00e9 cr\u00e9\u00e9 \u00e0 la rentr\u00e9e scolaire 1983. Il occupe actuellement une superficie d\u2019environ 170 m\u00b2 divis\u00e9e en 3 secteurs :<\/p>\n<p>&#8211; la salle de cours,<\/p>\n<p>&#8211; la salle de rangement des mat\u00e9riaux et outils,<\/p>\n<p>&#8211; le local o\u00f9 se pr\u00e9parent les pi\u00e8ces pr\u00e9fabriqu\u00e9es.<\/p>\n<p>Les \u00e9l\u00e8ves suivent une formation pr\u00e9 professionnelle sur 2 ans avec d\u00e9couverte des m\u00e9tiers en r\u00e9seau avec la SEGPA de Terre-Sainte en 4eme puis intensification de l\u2019enseignement professionnel et orientation en 3eme notamment au travers de deux stages d\u2019application en entreprise.<\/p>\n<p>La formation professionnelle s\u2019appuie \u00e9galement sur la r\u00e9alisation d\u2019objets confectionn\u00e9s destin\u00e9s \u00e0 la vente \u00e0 des particuliers (barbecues, dalles, bacs \u00e0 fleurs\u2026)<\/p>\n<p>L\u2019accueil des clients et des visiteurs peut se faire le matin de 8h \u00e0 12h en fonction de l\u2019emploi du temps.<\/p>\n<p>Pour visiter l\u2019atelier ou passer commande, contacter le professeur M. VERGEZ au poste 353.<\/p>\n<p><a href=\"https:\/\/etab.ac-reunion.fr\/clg-paul-hermann\/wp-content\/uploads\/sites\/120\/2015\/03\/Atelier-Habitat.png\"><img loading=\"lazy\" decoding=\"async\" class=\"alignleft size-full wp-image-214\" src=\"https:\/\/etab.ac-reunion.fr\/clg-paul-hermann\/wp-content\/uploads\/sites\/120\/2015\/03\/Atelier-Habitat.png\" alt=\"Atelier-Habitat\" width=\"85\" height=\"85\" srcset=\"https:\/\/etab.ac-reunion.fr\/clg-paul-hermann\/wp-content\/uploads\/sites\/120\/2015\/03\/Atelier-Habitat.png 85w, https:\/\/etab.ac-reunion.fr\/clg-paul-hermann\/wp-content\/uploads\/sites\/120\/2015\/03\/Atelier-Habitat-67x67.png 67w, https:\/\/etab.ac-reunion.fr\/clg-paul-hermann\/wp-content\/uploads\/sites\/120\/2015\/03\/Atelier-Habitat-40x40.png 40w\" sizes=\"auto, (max-width: 85px) 100vw, 85px\" \/><\/a><\/p>\n<p>Les \u00e9l\u00e8ves en activit\u00e9<\/p>\n<p>&nbsp;<\/p>\n<p><a href=\"https:\/\/etab.ac-reunion.fr\/clg-paul-hermann\/wp-content\/uploads\/sites\/120\/2015\/03\/Atelier-Habitat-2.png\"><img loading=\"lazy\" decoding=\"async\" class=\"alignleft size-full wp-image-215\" src=\"https:\/\/etab.ac-reunion.fr\/clg-paul-hermann\/wp-content\/uploads\/sites\/120\/2015\/03\/Atelier-Habitat-2.png\" alt=\"Atelier-Habitat-2\" width=\"85\" height=\"85\" srcset=\"https:\/\/etab.ac-reunion.fr\/clg-paul-hermann\/wp-content\/uploads\/sites\/120\/2015\/03\/Atelier-Habitat-2.png 85w, https:\/\/etab.ac-reunion.fr\/clg-paul-hermann\/wp-content\/uploads\/sites\/120\/2015\/03\/Atelier-Habitat-2-67x67.png 67w, https:\/\/etab.ac-reunion.fr\/clg-paul-hermann\/wp-content\/uploads\/sites\/120\/2015\/03\/Atelier-Habitat-2-40x40.png 40w\" sizes=\"auto, (max-width: 85px) 100vw, 85px\" \/><\/a>Les locaux de l&rsquo;atelier<\/p>\n","protected":false},"excerpt":{"rendered":"<p>L\u2019atelier \u00ab\u00a0M\u00e9tiers de l\u2019Habitat\u00a0\u00bb a \u00e9t\u00e9 cr\u00e9\u00e9 \u00e0 la rentr\u00e9e scolaire 1983. Il occupe actuellement une superficie d\u2019environ 170 m\u00b2 divis\u00e9e en 3 secteurs : &#8211; la salle de cours, &#8211; la salle de rangement des mat\u00e9riaux et outils, &#8211; le local o\u00f9 se pr\u00e9parent les pi\u00e8ces pr\u00e9fabriqu\u00e9es. Les \u00e9l\u00e8ves&#8230;<\/p>\n<p> <a class=\"continue-reading-link\" href=\"https:\/\/etab.ac-reunion.fr\/clg-paul-hermann\/la-segpa\/latelier-metiers-de-lhabitat\/\"><span>Continue reading<\/span><i class=\"crycon-right-dir\"><\/i><\/a> <\/p>\n","protected":false},"author":5737,"featured_media":0,"parent":47,"menu_order":0,"comment_status":"open","ping_status":"closed","template":"","meta":{"footnotes":""},"class_list":["post-213","page","type-page","status-publish","hentry"],"_links":{"self":[{"href":"https:\/\/etab.ac-reunion.fr\/clg-paul-hermann\/wp-json\/wp\/v2\/pages\/213","targetHints":{"allow":["GET"]}}],"collection":[{"href":"https:\/\/etab.ac-reunion.fr\/clg-paul-hermann\/wp-json\/wp\/v2\/pages"}],"about":[{"href":"https:\/\/etab.ac-reunion.fr\/clg-paul-hermann\/wp-json\/wp\/v2\/types\/page"}],"author":[{"embeddable":true,"href":"https:\/\/etab.ac-reunion.fr\/clg-paul-hermann\/wp-json\/wp\/v2\/users\/5737"}],"replies":[{"embeddable":true,"href":"https:\/\/etab.ac-reunion.fr\/clg-paul-hermann\/wp-json\/wp\/v2\/comments?post=213"}],"version-history":[{"count":1,"href":"https:\/\/etab.ac-reunion.fr\/clg-paul-hermann\/wp-json\/wp\/v2\/pages\/213\/revisions"}],"predecessor-version":[{"id":216,"href":"https:\/\/etab.ac-reunion.fr\/clg-paul-hermann\/wp-json\/wp\/v2\/pages\/213\/revisions\/216"}],"up":[{"embeddable":true,"href":"https:\/\/etab.ac-reunion.fr\/clg-paul-hermann\/wp-json\/wp\/v2\/pages\/47"}],"wp:attachment":[{"href":"https:\/\/etab.ac-reunion.fr\/clg-paul-hermann\/wp-json\/wp\/v2\/media?parent=213"}],"curies":[{"name":"wp","href":"https:\/\/api.w.org\/{rel}","templated":true}]}}