{"id":219,"date":"2015-03-02T13:57:42","date_gmt":"2015-03-02T13:57:42","guid":{"rendered":"http:\/\/college-paul-hermann.ac-reunion.fr\/?page_id=219"},"modified":"2015-03-02T13:57:52","modified_gmt":"2015-03-02T13:57:52","slug":"latelier-vente-distribution-magasinage","status":"publish","type":"page","link":"https:\/\/etab.ac-reunion.fr\/clg-paul-hermann\/la-segpa\/latelier-vente-distribution-magasinage\/","title":{"rendered":"L&rsquo;atelier \u00ab\u00a0Vente distribution magasinage\u00a0\u00bb"},"content":{"rendered":"<p>L\u2019atelier V.D.M. (Vente Distribution Magasinage) a \u00e9t\u00e9 cr\u00e9\u00e9 \u00e0 la rentr\u00e9e 2011.<\/p>\n<p>L\u2019atelier se divise en trois parties :<br \/>\n&#8211; une salle de classe,<br \/>\n&#8211; un espace de vente avec des lin\u00e9aires, un comptoir et une caisse enregistreuse,<br \/>\n&#8211; un espace informatique avec deux postes \u00e9quip\u00e9s d\u2019un logiciel de caisse.<br \/>\nLes \u00e9l\u00e8ves suivent une formation pr\u00e9-professionnelle sur deux ans. L\u2019ann\u00e9e de 4\u00e9me est<br \/>\nconsacr\u00e9e \u00e0 la d\u00e9couverte des m\u00e9tiers et des formations avec un stage de deux semaines<br \/>\nd\u2019initiation en entreprise. L\u2019ann\u00e9e de 3\u00e8me marque une intensification de l\u2019enseignement<br \/>\nprofessionnel et du travail sur l\u2019orientation, notamment au travers de deux stages en<br \/>\nentreprise de deux semaines qui permettent de consolider le projet professionnel du jeune.<br \/>\nCelui-ci se concr\u00e9tise par l\u2019accession \u00e0 une formation qualifiante de niveau 5 en LP pour<br \/>\nl\u2019essentiel des \u00e9l\u00e8ves et la pr\u00e9sentation de l\u2019examen du CFG.<br \/>\nLe champ \u00ab Vente Distribution Magasinage \u00bb vise \u00e0 faire acqu\u00e9rir aux \u00e9l\u00e8ves des<br \/>\ncomp\u00e9tences transversales relevant d\u2019activit\u00e9s appartenant aux deux domaines<br \/>\ncompl\u00e9mentaires que sont :<br \/>\n&#8211; la vente : tenue et pr\u00e9sentation marchande de lin\u00e9aire, activit\u00e9s li\u00e9es \u00e0 la vente,<br \/>\ntenue du poste \u00ab caisse \u00bb,<br \/>\n&#8211; le magasinage\/logistique : r\u00e9ception, stockage, pr\u00e9paration des commandes et<br \/>\nexp\u00e9dition.<br \/>\nL\u2019atelier VDM prend en charge la vente des plantes, des plats cuisin\u00e9s et p\u00e2tisseries \u00e0<br \/>\nemporter, des repas sur place, de tous les objets confectionn\u00e9s r\u00e9alis\u00e9s par les<br \/>\ndiff\u00e9rents ateliers de la SEGPA.<\/p>\n<p>Des ventes \u00e9v\u00e9nementielles sont \u00e9galement faites \u00e0 l\u2019occasion de No\u00ebl, Saint-Valentin, F\u00eate des m\u00e8res, etc\u2026<br \/>\nNous sommes ouverts du lundi au vendredi en fonction de l\u2019emploi du temps pour vous accueillir.<\/p>\n","protected":false},"excerpt":{"rendered":"<p>L\u2019atelier V.D.M. (Vente Distribution Magasinage) a \u00e9t\u00e9 cr\u00e9\u00e9 \u00e0 la rentr\u00e9e 2011. L\u2019atelier se divise en trois parties : &#8211; une salle de classe, &#8211; un espace de vente avec des lin\u00e9aires, un comptoir et une caisse enregistreuse, &#8211; un espace informatique avec deux postes \u00e9quip\u00e9s d\u2019un logiciel de caisse&#8230;.<\/p>\n<p> <a class=\"continue-reading-link\" href=\"https:\/\/etab.ac-reunion.fr\/clg-paul-hermann\/la-segpa\/latelier-vente-distribution-magasinage\/\"><span>Continue reading<\/span><i class=\"crycon-right-dir\"><\/i><\/a> <\/p>\n","protected":false},"author":5737,"featured_media":0,"parent":47,"menu_order":0,"comment_status":"open","ping_status":"open","template":"","meta":{"footnotes":""},"class_list":["post-219","page","type-page","status-publish","hentry"],"_links":{"self":[{"href":"https:\/\/etab.ac-reunion.fr\/clg-paul-hermann\/wp-json\/wp\/v2\/pages\/219","targetHints":{"allow":["GET"]}}],"collection":[{"href":"https:\/\/etab.ac-reunion.fr\/clg-paul-hermann\/wp-json\/wp\/v2\/pages"}],"about":[{"href":"https:\/\/etab.ac-reunion.fr\/clg-paul-hermann\/wp-json\/wp\/v2\/types\/page"}],"author":[{"embeddable":true,"href":"https:\/\/etab.ac-reunion.fr\/clg-paul-hermann\/wp-json\/wp\/v2\/users\/5737"}],"replies":[{"embeddable":true,"href":"https:\/\/etab.ac-reunion.fr\/clg-paul-hermann\/wp-json\/wp\/v2\/comments?post=219"}],"version-history":[{"count":1,"href":"https:\/\/etab.ac-reunion.fr\/clg-paul-hermann\/wp-json\/wp\/v2\/pages\/219\/revisions"}],"predecessor-version":[{"id":220,"href":"https:\/\/etab.ac-reunion.fr\/clg-paul-hermann\/wp-json\/wp\/v2\/pages\/219\/revisions\/220"}],"up":[{"embeddable":true,"href":"https:\/\/etab.ac-reunion.fr\/clg-paul-hermann\/wp-json\/wp\/v2\/pages\/47"}],"wp:attachment":[{"href":"https:\/\/etab.ac-reunion.fr\/clg-paul-hermann\/wp-json\/wp\/v2\/media?parent=219"}],"curies":[{"name":"wp","href":"https:\/\/api.w.org\/{rel}","templated":true}]}}