{"id":24,"date":"2015-02-20T06:53:32","date_gmt":"2015-02-20T06:53:32","guid":{"rendered":"http:\/\/college-paul-hermann.ac-reunion.fr\/?page_id=24"},"modified":"2024-11-21T09:10:55","modified_gmt":"2024-11-21T09:10:55","slug":"le-personnel","status":"publish","type":"page","link":"https:\/\/etab.ac-reunion.fr\/clg-paul-hermann\/le-personnel\/","title":{"rendered":"Le personnel"},"content":{"rendered":"<p><strong>Principale <\/strong>: Mme Genevi\u00e8ve JEAN-MARIE<\/p>\n<p><strong>Principale-adjointe : <\/strong>Mme G\u00e9raldine BARLIEU<\/p>\n<p><strong>Directeur adjoint de la SEGPA : <\/strong>M. HOUZELLE Eric<\/p>\n<p><strong>Secr\u00e9tariat de Direction : <\/strong>Mme BLANCO Marie-Pierre<\/p>\n<p><strong>Secr\u00e9tariat P\u00e9dagogique : <\/strong>Mme HOAREAU V\u00e9ronique<\/p>\n<div>\n<p><strong>Gestionnaire &#8211; Agent comptable : <\/strong>Mme LEBRETON Martine<\/p>\n<p><strong>Gestionnaire : <\/strong>Mme VAILLANT St\u00e9phanie<strong><br \/>\n<\/strong><\/p>\n<p><strong>Adjointe au gestionnaire : <\/strong>Mme BENARD Caroline<\/p>\n<p><strong>Service de gestion : <\/strong>Mme RIVIERE Sabrina<\/p>\n<p><strong>Service sanitaire et social<\/strong> : Docteur HANS Marianne (m\u00e9decin scolaire), Mme GIRARDEAU Aur\u00e9lie (infirmi\u00e8re), Mme HOARAU Cindy (infirmi\u00e8re), Mme PLESSIER Patricia (assistante sociale)<\/p>\n<p><strong>Conseillers Principaux d\u2019\u00c9ducation<\/strong> : Mme CAZEAU Florence, Mme VINSON Aude, M. GASTRIN Emmanuel<\/p>\n<p><strong>Conseill\u00e8re d\u2019Orientation Psychologue<\/strong> : Mme LANNES B\u00e9atrice<\/p>\n<p><strong>Assistants d\u2019\u00c9ducation<\/strong> : M. ACELDY Olivier, Mme DELORME Cyrielle, Mme DIJOUX \u00c9milie, M LEGROS Mathieu (AED TICE), M. FLEROT-MERIQUE Elias, M. HOARAU Thomas, M. IBRAHIM Irchade, M. LABOULAIS Jeff, M. LE GOFF Dylan, Mme LEON-PAUL Vanessa, Mme LUSANG Camille (CDI), Mme NAYAGOM Eulalie, Mme RIGAUDIN Elodie<\/p>\n<p><strong>Assistantes P\u00e9dagogiques <\/strong>: Mme SOUMIRA Ana\u00efs, Mme NAYAGOM Indrina, Mme SILVESTRE Marion<\/p>\n<p><strong>Accompagnants d&rsquo;\u00e9l\u00e8ve en situation de handicap<\/strong> : Mme BARET Jessie<br \/>\nMme DESPRAIRIES Lisa, Mme FONTAINE Marie-Elisabeth, Mme GASLY Doroth\u00e9e, M. LAMBERT Thierry, Mme LEICHNIG Christelle, Mme M\u2019 LANAO Halima, Mme MEYZIE Ghislaine, Mme PIQUET V\u00e9nussia, M. TOURVILLE Tony<\/p>\n<p><strong>Personnels de Service<\/strong> : M. AH CHIAYE Willy, M. AMOUNY Yanis, M. BELLO Samuel, Mme CALOGINE Ma\u00ebva, Mme CHAMAND Marie Jos\u00e9e, M. DOMITIEN \u00c9ric (agent d\u2019accueil), M. GOREE C\u00e9dric, M. GRONDIN Patrick, M. HOARAU J\u00e9r\u00f4me, M. HOUSSEN Rachid, M. PEYEN Yannick, Mme RAVELOU Claristine, M. TIBIA Jean-Eddy, M. VAMPO William, M. PIQUEUX Jean Thierry<\/p>\n<p><strong>\u00c9quipe Mobile Agents techniques Territoriaux<\/strong> : M. ROBERT Jos\u00e9, M. HOARAU Thierry, M. CELESTE Guibert, M. PAYET Arthur, M. DUCHENOY David, M. ROSA Miguel<\/p>\n<p>&nbsp;<\/p>\n<div><strong><span style=\"text-decoration: underline\">Le personnel enseignant<\/span> :<\/strong><\/div>\n<div><\/div>\n<div><strong>Allemand <\/strong>: Mme PEYRE Corinne<\/div>\n<div><\/div>\n<div><strong>Anglais <\/strong>: Mme BOMINTHE V\u00e9ronique, Mme ETHEVE Sabine, Mme MAITRE Maryse, Mme BENARD Nad\u00e8ge, Mme NATIVEL Carole, Mme SULLIMAN Sa\u00ebra, M.BLANCOT Benjamin, Mme LE TIEC Elsa, Mme SOMAS Marianne, M. MARET Blaise<\/div>\n<div>\n<p><strong>Arts plastiques<\/strong> : Mme TECHER-HOARAU Emilie, Mme GROSSET Marie<\/p>\n<p><strong>Documentaliste <\/strong>: Mme RALEVASON Binh Minh<\/p>\n<p><strong>\u00c9ducation musicale <\/strong>: M. CARRE St\u00e9phane, Mme STRAZZULLA Gabrielle<\/p>\n<p><strong>EPS <\/strong>: Mme CALMEL C\u00e9line, M. HEINTZ S\u00e9bastien, Mme ANGELI Evelyne, Mme BAQUER Laura, Mme NUSSBAUMER H\u00e9l\u00e8ne, M. CAREL S\u00e9bastien, M. JEANDEMANGE Ugo, M. RAKOTOMALALA Andy<\/p>\n<p><strong>Espagnol <\/strong>: Mme BENAUD Carole, Mme HOARAU Val\u00e9rie, Mme HOARAU Mathilde<\/p>\n<p><strong>Fran\u00e7ais : <\/strong>Mme COURTOIS Daniella, Mme NDIAYE Adja Fatou, Mme GANGATE Christine, M. FONTAINE Pascal, Mme CLAIN Laura, M. FABRE Samuel, M.VANECHY Lilian, Mme HAFFNER Florence<\/p>\n<p><strong>Histoire-G\u00e9ographie<\/strong> : Mme GRONDIN Patricia, Mme MOOLAND Saberra, Mme HUET Marie Nadine, M. ARNAUDIES Vincent, M. CHAOUCHI Nordine, M. GOUZOU Alain<\/p>\n<p><strong>Math\u00e9matiques : <\/strong>M. ABDELHAMID Ahmed, Mme RAGOA-ARAYE Jocya, M. ANTOINE Medi, M. MOHAMED RACHAD Salim, M. MOGALIA Salmann, M. BELARD Philippe,M. BOURGAULT Gwena\u00ebl, Mme KELLAOU Magdaleyna<\/p>\n<p><strong>REP+\u00a0<\/strong>: Mme CHAMBRIN Aur\u00e9lie (coordinatrice), M. POUNGAVANON Teddy<\/p>\n<p><strong>Sciences-Physiques<\/strong> : M. OFTINGER Fr\u00e9d\u00e9ric, M. STRAGLIATI Yannick<\/p>\n<p><strong>SVT <\/strong>: Mme KURTZ Val\u00e9rie, Mme VAN HECKE Perrine, Mme CHAPELAIN Christelle<\/p>\n<p><strong>Technologie <\/strong>: M. DIOP Mody, M. MAFFRE Bruno, M. LEBON Jimmy<\/p>\n<p><strong>ULIS :<\/strong> M. EVEILLARD Herv\u00e9, M. ROUX Alexandre<\/p>\n<p>&nbsp;<\/p>\n<p><strong><span style=\"text-decoration: underline\">Le personnel enseignant de la SEGPA<\/span> :<\/strong><\/p>\n<\/div>\n<div>\n<div>M. HOAREAU Guillaume, M. COURTEHEUSE Fabrice, M. VITRY Alix, Mme LIEME Sonia, M. SUSPENE Eric Claude, Mme PAYET Marie Nad\u00e8ge, M. PAGNOUX Olivier, M. ARENES Beno\u00eet, M. CLAIN Jean Fran\u00e7ois, M. MAITRE Nicolas<\/div>\n<\/div>\n<\/div>\n","protected":false},"excerpt":{"rendered":"<p>Principale : Mme Genevi\u00e8ve JEAN-MARIE Principale-adjointe : Mme G\u00e9raldine BARLIEU Directeur adjoint de la SEGPA : M. HOUZELLE Eric Secr\u00e9tariat de Direction : Mme BLANCO Marie-Pierre Secr\u00e9tariat P\u00e9dagogique : Mme HOAREAU V\u00e9ronique Gestionnaire &#8211; Agent comptable : Mme LEBRETON Martine Gestionnaire : Mme VAILLANT St\u00e9phanie Adjointe au gestionnaire : Mme&#8230;<\/p>\n<p> <a class=\"continue-reading-link\" href=\"https:\/\/etab.ac-reunion.fr\/clg-paul-hermann\/le-personnel\/\"><span>Continue reading<\/span><i class=\"crycon-right-dir\"><\/i><\/a> <\/p>\n","protected":false},"author":5737,"featured_media":0,"parent":0,"menu_order":0,"comment_status":"closed","ping_status":"closed","template":"","meta":{"footnotes":""},"class_list":["post-24","page","type-page","status-publish","hentry"],"_links":{"self":[{"href":"https:\/\/etab.ac-reunion.fr\/clg-paul-hermann\/wp-json\/wp\/v2\/pages\/24","targetHints":{"allow":["GET"]}}],"collection":[{"href":"https:\/\/etab.ac-reunion.fr\/clg-paul-hermann\/wp-json\/wp\/v2\/pages"}],"about":[{"href":"https:\/\/etab.ac-reunion.fr\/clg-paul-hermann\/wp-json\/wp\/v2\/types\/page"}],"author":[{"embeddable":true,"href":"https:\/\/etab.ac-reunion.fr\/clg-paul-hermann\/wp-json\/wp\/v2\/users\/5737"}],"replies":[{"embeddable":true,"href":"https:\/\/etab.ac-reunion.fr\/clg-paul-hermann\/wp-json\/wp\/v2\/comments?post=24"}],"version-history":[{"count":28,"href":"https:\/\/etab.ac-reunion.fr\/clg-paul-hermann\/wp-json\/wp\/v2\/pages\/24\/revisions"}],"predecessor-version":[{"id":5732,"href":"https:\/\/etab.ac-reunion.fr\/clg-paul-hermann\/wp-json\/wp\/v2\/pages\/24\/revisions\/5732"}],"wp:attachment":[{"href":"https:\/\/etab.ac-reunion.fr\/clg-paul-hermann\/wp-json\/wp\/v2\/media?parent=24"}],"curies":[{"name":"wp","href":"https:\/\/api.w.org\/{rel}","templated":true}]}}