{"id":29,"date":"2015-02-20T06:57:29","date_gmt":"2015-02-20T06:57:29","guid":{"rendered":"http:\/\/college-paul-hermann.ac-reunion.fr\/?page_id=29"},"modified":"2024-08-14T12:52:36","modified_gmt":"2024-08-14T12:52:36","slug":"contact-et-plan-dacces","status":"publish","type":"page","link":"https:\/\/etab.ac-reunion.fr\/clg-paul-hermann\/contact-et-plan-dacces\/","title":{"rendered":"Contact et plan d&rsquo;acc\u00e8s"},"content":{"rendered":"<p><strong>Adresse :<\/strong> 180 rue Marius et Ary Leblond, 97410 Saint-Pierre, La R\u00e9union<\/p>\n<p><strong>T\u00e9l :<\/strong> 0262 35 75 00<\/p>\n<p><strong>Mail :<\/strong> ce.9740574f@ac-reunion.fr<\/p>\n<p><strong>Itin\u00e9raire :<\/strong> <small><a style=\"color: #0000ff;text-align: left\" href=\"https:\/\/maps.google.com\/maps?f=q&amp;source=embed&amp;hl=fr&amp;geocode=&amp;q=180+r+Marius+et+Ary+Leblond,+97410+SAINT+PIERRE&amp;aq=&amp;sll=37.424915,-122.072205&amp;sspn=0.074979,0.110378&amp;ie=UTF8&amp;hq=&amp;hnear=Rue+Marius+et+Ary+Leblond,+La+Ravine+Blanche,+Saint-Pierre,+Saint+Pierre+97410,+R%C3%A9union&amp;t=h&amp;z=14&amp;ll=-21.335418,55.465956\" target=\"_blank\" rel=\"noopener\">Google Map<\/a><\/small><\/p>\n<p>&nbsp;<\/p>\n<p>&nbsp;<\/p>\n<p>&nbsp;<\/p>\n","protected":false},"excerpt":{"rendered":"<p>Adresse : 180 rue Marius et Ary Leblond, 97410 Saint-Pierre, La R\u00e9union T\u00e9l : 0262 35 75 00 Mail : ce.9740574f@ac-reunion.fr Itin\u00e9raire : Google Map &nbsp; &nbsp; &nbsp;<\/p>\n<p> <a class=\"continue-reading-link\" href=\"https:\/\/etab.ac-reunion.fr\/clg-paul-hermann\/contact-et-plan-dacces\/\"><span>Continue reading<\/span><i class=\"crycon-right-dir\"><\/i><\/a> <\/p>\n","protected":false},"author":5737,"featured_media":0,"parent":0,"menu_order":0,"comment_status":"closed","ping_status":"closed","template":"","meta":{"footnotes":""},"class_list":["post-29","page","type-page","status-publish","hentry"],"_links":{"self":[{"href":"https:\/\/etab.ac-reunion.fr\/clg-paul-hermann\/wp-json\/wp\/v2\/pages\/29","targetHints":{"allow":["GET"]}}],"collection":[{"href":"https:\/\/etab.ac-reunion.fr\/clg-paul-hermann\/wp-json\/wp\/v2\/pages"}],"about":[{"href":"https:\/\/etab.ac-reunion.fr\/clg-paul-hermann\/wp-json\/wp\/v2\/types\/page"}],"author":[{"embeddable":true,"href":"https:\/\/etab.ac-reunion.fr\/clg-paul-hermann\/wp-json\/wp\/v2\/users\/5737"}],"replies":[{"embeddable":true,"href":"https:\/\/etab.ac-reunion.fr\/clg-paul-hermann\/wp-json\/wp\/v2\/comments?post=29"}],"version-history":[{"count":9,"href":"https:\/\/etab.ac-reunion.fr\/clg-paul-hermann\/wp-json\/wp\/v2\/pages\/29\/revisions"}],"predecessor-version":[{"id":5607,"href":"https:\/\/etab.ac-reunion.fr\/clg-paul-hermann\/wp-json\/wp\/v2\/pages\/29\/revisions\/5607"}],"wp:attachment":[{"href":"https:\/\/etab.ac-reunion.fr\/clg-paul-hermann\/wp-json\/wp\/v2\/media?parent=29"}],"curies":[{"name":"wp","href":"https:\/\/api.w.org\/{rel}","templated":true}]}}