{"id":4706,"date":"2022-08-27T10:49:14","date_gmt":"2022-08-27T10:49:14","guid":{"rendered":"https:\/\/etab.ac-reunion.fr\/clg-paul-hermann\/?page_id=4706"},"modified":"2022-08-27T10:57:31","modified_gmt":"2022-08-27T10:57:31","slug":"structure-pedagogique","status":"publish","type":"page","link":"https:\/\/etab.ac-reunion.fr\/clg-paul-hermann\/structure-pedagogique\/","title":{"rendered":"Structure P\u00e9dagogique"},"content":{"rendered":"<p>Structure p\u00e9dagogique 2022\/2023 : 27 division coll\u00e8ge et 8 division pour la SEGPA<\/p>\n<ul>\n<li><strong>Niveau 6\u00e8me 153 \u00e9l\u00e8ves :<\/strong> 7 divisions (et 601 et 602)<\/li>\n<\/ul>\n<p><img loading=\"lazy\" decoding=\"async\" class=\"aligncenter wp-image-4707\" src=\"https:\/\/etab.ac-reunion.fr\/clg-paul-hermann\/wp-content\/uploads\/sites\/120\/2022\/08\/structure_6eme.png\" alt=\"\" width=\"529\" height=\"237\" srcset=\"https:\/\/etab.ac-reunion.fr\/clg-paul-hermann\/wp-content\/uploads\/sites\/120\/2022\/08\/structure_6eme.png 460w, https:\/\/etab.ac-reunion.fr\/clg-paul-hermann\/wp-content\/uploads\/sites\/120\/2022\/08\/structure_6eme-300x134.png 300w, https:\/\/etab.ac-reunion.fr\/clg-paul-hermann\/wp-content\/uploads\/sites\/120\/2022\/08\/structure_6eme-150x67.png 150w\" sizes=\"auto, (max-width: 529px) 100vw, 529px\" \/><\/p>\n<ul>\n<li><strong>Niveau 5\u00e8me 141 \u00e9l\u00e8ves :<\/strong> 6 divisions (et 501\/502)<\/li>\n<\/ul>\n<p><img loading=\"lazy\" decoding=\"async\" class=\"aligncenter wp-image-4708\" src=\"https:\/\/etab.ac-reunion.fr\/clg-paul-hermann\/wp-content\/uploads\/sites\/120\/2022\/08\/structure_5eme.png\" alt=\"\" width=\"694\" height=\"243\" srcset=\"https:\/\/etab.ac-reunion.fr\/clg-paul-hermann\/wp-content\/uploads\/sites\/120\/2022\/08\/structure_5eme.png 588w, https:\/\/etab.ac-reunion.fr\/clg-paul-hermann\/wp-content\/uploads\/sites\/120\/2022\/08\/structure_5eme-300x105.png 300w, https:\/\/etab.ac-reunion.fr\/clg-paul-hermann\/wp-content\/uploads\/sites\/120\/2022\/08\/structure_5eme-150x53.png 150w\" sizes=\"auto, (max-width: 694px) 100vw, 694px\" \/><\/p>\n<ul>\n<li><strong>Niveau 4\u00e8me 150 \u00e9l\u00e8ves :<\/strong> 7 divisions (et 401\/402)<\/li>\n<\/ul>\n<p><img loading=\"lazy\" decoding=\"async\" class=\"aligncenter wp-image-4711\" src=\"https:\/\/etab.ac-reunion.fr\/clg-paul-hermann\/wp-content\/uploads\/sites\/120\/2022\/08\/structure_4eme.png\" alt=\"\" width=\"623\" height=\"254\" srcset=\"https:\/\/etab.ac-reunion.fr\/clg-paul-hermann\/wp-content\/uploads\/sites\/120\/2022\/08\/structure_4eme.png 579w, https:\/\/etab.ac-reunion.fr\/clg-paul-hermann\/wp-content\/uploads\/sites\/120\/2022\/08\/structure_4eme-300x122.png 300w, https:\/\/etab.ac-reunion.fr\/clg-paul-hermann\/wp-content\/uploads\/sites\/120\/2022\/08\/structure_4eme-150x61.png 150w\" sizes=\"auto, (max-width: 623px) 100vw, 623px\" \/><\/p>\n<ul>\n<li><strong>Niveau 3\u00e8me 150 \u00e9l\u00e8ves :<\/strong> 7 divisions (et 301\/302)<\/li>\n<\/ul>\n<p><img loading=\"lazy\" decoding=\"async\" class=\"aligncenter wp-image-4712\" src=\"https:\/\/etab.ac-reunion.fr\/clg-paul-hermann\/wp-content\/uploads\/sites\/120\/2022\/08\/structure_3eme.png\" alt=\"\" width=\"594\" height=\"250\" srcset=\"https:\/\/etab.ac-reunion.fr\/clg-paul-hermann\/wp-content\/uploads\/sites\/120\/2022\/08\/structure_3eme.png 563w, https:\/\/etab.ac-reunion.fr\/clg-paul-hermann\/wp-content\/uploads\/sites\/120\/2022\/08\/structure_3eme-300x126.png 300w, https:\/\/etab.ac-reunion.fr\/clg-paul-hermann\/wp-content\/uploads\/sites\/120\/2022\/08\/structure_3eme-150x63.png 150w\" sizes=\"auto, (max-width: 594px) 100vw, 594px\" \/><\/p>\n","protected":false},"excerpt":{"rendered":"<p>Structure p\u00e9dagogique 2022\/2023 : 27 division coll\u00e8ge et 8 division pour la SEGPA Niveau 6\u00e8me 153 \u00e9l\u00e8ves : 7 divisions (et 601 et 602) Niveau 5\u00e8me 141 \u00e9l\u00e8ves : 6 divisions (et 501\/502) Niveau 4\u00e8me 150 \u00e9l\u00e8ves : 7 divisions (et 401\/402) Niveau 3\u00e8me 150 \u00e9l\u00e8ves : 7 divisions (et&#8230;<\/p>\n<p> <a class=\"continue-reading-link\" href=\"https:\/\/etab.ac-reunion.fr\/clg-paul-hermann\/structure-pedagogique\/\"><span>Continue reading<\/span><i class=\"crycon-right-dir\"><\/i><\/a> <\/p>\n","protected":false},"author":5737,"featured_media":0,"parent":0,"menu_order":0,"comment_status":"closed","ping_status":"closed","template":"","meta":{"footnotes":""},"class_list":["post-4706","page","type-page","status-publish","hentry"],"_links":{"self":[{"href":"https:\/\/etab.ac-reunion.fr\/clg-paul-hermann\/wp-json\/wp\/v2\/pages\/4706","targetHints":{"allow":["GET"]}}],"collection":[{"href":"https:\/\/etab.ac-reunion.fr\/clg-paul-hermann\/wp-json\/wp\/v2\/pages"}],"about":[{"href":"https:\/\/etab.ac-reunion.fr\/clg-paul-hermann\/wp-json\/wp\/v2\/types\/page"}],"author":[{"embeddable":true,"href":"https:\/\/etab.ac-reunion.fr\/clg-paul-hermann\/wp-json\/wp\/v2\/users\/5737"}],"replies":[{"embeddable":true,"href":"https:\/\/etab.ac-reunion.fr\/clg-paul-hermann\/wp-json\/wp\/v2\/comments?post=4706"}],"version-history":[{"count":4,"href":"https:\/\/etab.ac-reunion.fr\/clg-paul-hermann\/wp-json\/wp\/v2\/pages\/4706\/revisions"}],"predecessor-version":[{"id":4714,"href":"https:\/\/etab.ac-reunion.fr\/clg-paul-hermann\/wp-json\/wp\/v2\/pages\/4706\/revisions\/4714"}],"wp:attachment":[{"href":"https:\/\/etab.ac-reunion.fr\/clg-paul-hermann\/wp-json\/wp\/v2\/media?parent=4706"}],"curies":[{"name":"wp","href":"https:\/\/api.w.org\/{rel}","templated":true}]}}