{"id":4752,"date":"2022-09-01T06:12:54","date_gmt":"2022-09-01T06:12:54","guid":{"rendered":"https:\/\/etab.ac-reunion.fr\/clg-paul-hermann\/?page_id=4752"},"modified":"2022-09-01T06:13:20","modified_gmt":"2022-09-01T06:13:20","slug":"role-de-la-vie-scolaire","status":"publish","type":"page","link":"https:\/\/etab.ac-reunion.fr\/clg-paul-hermann\/role-de-la-vie-scolaire\/","title":{"rendered":"R\u00f4le de la vie scolaire"},"content":{"rendered":"<p>La vie scolaire concerne l&rsquo;ensemble des responsabilit\u00e9s exerc\u00e9es par les conseillers principaux d&rsquo;\u00e9ducation (CPE). Les CPE concourent \u00e0 la mission premi\u00e8re de l&rsquo;\u00c9cole qui est d&rsquo;instruire et d&rsquo;\u00e9duquer afin de conduire l&rsquo;ensemble des \u00e9l\u00e8ves \u00e0 la r\u00e9ussite scolaire et \u00e0 l&rsquo;insertion professionnelle et sociale et de leur faire partager les valeurs de la R\u00e9publique. Placer les adolescents dans les meilleures conditions de vie individuelle et collective, de r\u00e9ussite scolaire et d&rsquo;\u00e9panouissement personnel est la mission de la vie scolaire de l&rsquo;\u00e9tablissement.<\/p>\n<p>Fondant leur action sur la connaissance de la situation individuelle et collective des \u00e9l\u00e8ves, les CPE participent, au plus pr\u00e8s des r\u00e9alit\u00e9s scolaires et sociales de l&rsquo;\u00e9tablissement, \u00e0 la d\u00e9finition de la politique \u00e9ducative port\u00e9e par le projet d&rsquo;\u00e9tablissement. Comme tous les membres de la communaut\u00e9 \u00e9ducative, ils contribuent \u00e0 expliciter, faire comprendre et accepter les r\u00e8gles de vie et de droit en vigueur au sein de l&rsquo;\u00e9tablissement.<\/p>\n<p>Les CPE sont concepteurs de leur activit\u00e9 qui s&rsquo;exerce sous l&rsquo;autorit\u00e9 du chef d&rsquo;\u00e9tablissement en lien avec le projet d&rsquo;\u00e9tablissement. Leurs responsabilit\u00e9s se r\u00e9partissent dans trois domaines\u00a0: la politique \u00e9ducative de l&rsquo;\u00e9tablissement, le suivi des \u00e9l\u00e8ves et l&rsquo;organisation de la vie scolaire.<\/p>\n<p>sources : <a href=\"https:\/\/www.education.gouv.fr\/bo\/15\/Hebdo31\/MENH1517711C.htm\" target=\"_blank\" rel=\"noopener\">https:\/\/www.education.gouv.fr\/bo\/15\/Hebdo31\/MENH1517711C.htm<\/a><\/p>\n","protected":false},"excerpt":{"rendered":"<p>La vie scolaire concerne l&rsquo;ensemble des responsabilit\u00e9s exerc\u00e9es par les conseillers principaux d&rsquo;\u00e9ducation (CPE). Les CPE concourent \u00e0 la mission premi\u00e8re de l&rsquo;\u00c9cole qui est d&rsquo;instruire et d&rsquo;\u00e9duquer afin de conduire l&rsquo;ensemble des \u00e9l\u00e8ves \u00e0 la r\u00e9ussite scolaire et \u00e0 l&rsquo;insertion professionnelle et sociale et de leur faire partager les&#8230;<\/p>\n<p> <a class=\"continue-reading-link\" href=\"https:\/\/etab.ac-reunion.fr\/clg-paul-hermann\/role-de-la-vie-scolaire\/\"><span>Continue reading<\/span><i class=\"crycon-right-dir\"><\/i><\/a> <\/p>\n","protected":false},"author":5737,"featured_media":0,"parent":0,"menu_order":0,"comment_status":"closed","ping_status":"closed","template":"","meta":{"footnotes":""},"class_list":["post-4752","page","type-page","status-publish","hentry"],"_links":{"self":[{"href":"https:\/\/etab.ac-reunion.fr\/clg-paul-hermann\/wp-json\/wp\/v2\/pages\/4752","targetHints":{"allow":["GET"]}}],"collection":[{"href":"https:\/\/etab.ac-reunion.fr\/clg-paul-hermann\/wp-json\/wp\/v2\/pages"}],"about":[{"href":"https:\/\/etab.ac-reunion.fr\/clg-paul-hermann\/wp-json\/wp\/v2\/types\/page"}],"author":[{"embeddable":true,"href":"https:\/\/etab.ac-reunion.fr\/clg-paul-hermann\/wp-json\/wp\/v2\/users\/5737"}],"replies":[{"embeddable":true,"href":"https:\/\/etab.ac-reunion.fr\/clg-paul-hermann\/wp-json\/wp\/v2\/comments?post=4752"}],"version-history":[{"count":1,"href":"https:\/\/etab.ac-reunion.fr\/clg-paul-hermann\/wp-json\/wp\/v2\/pages\/4752\/revisions"}],"predecessor-version":[{"id":4753,"href":"https:\/\/etab.ac-reunion.fr\/clg-paul-hermann\/wp-json\/wp\/v2\/pages\/4752\/revisions\/4753"}],"wp:attachment":[{"href":"https:\/\/etab.ac-reunion.fr\/clg-paul-hermann\/wp-json\/wp\/v2\/media?parent=4752"}],"curies":[{"name":"wp","href":"https:\/\/api.w.org\/{rel}","templated":true}]}}