{"id":4782,"date":"2022-09-01T10:12:56","date_gmt":"2022-09-01T10:12:56","guid":{"rendered":"https:\/\/etab.ac-reunion.fr\/clg-paul-hermann\/?page_id=4782"},"modified":"2022-09-01T10:12:56","modified_gmt":"2022-09-01T10:12:56","slug":"unplugged","status":"publish","type":"page","link":"https:\/\/etab.ac-reunion.fr\/clg-paul-hermann\/unplugged\/","title":{"rendered":"Unplugged"},"content":{"rendered":"<p><strong>Pr\u00e9sentation du dispositif<\/strong><\/p>\n<p><span style=\"font-size: large\">UNPLUGGED \u00ab=d\u00e9branch\u00e9\u00a0\u00bb est un programme de pr\u00e9vention des addictions (alcool, tabac, zamal, \u00e9crans&#8230;) bas\u00e9 sur les comp\u00e9tences psycho-sociales. C\u2019est un programme \u00e9valu\u00e9 dans 7 pays europ\u00e9ens et implant\u00e9 dans plusieurs pays dans le monde\u00a0!<\/span><\/p>\n<p><span style=\"font-size: large\">Il s\u2019agit de 13 s\u00e9ances anim\u00e9es par des enseignants form\u00e9s, en bin\u00f4me qui vont faire travailler autrement les \u00e9l\u00e8ves de 5\u00b0 gr\u00e2ce \u00e0 des activit\u00e9s ludiques comme des jeux de r\u00f4le, des d\u00e9bats, des mises en situation. <\/span><\/p>\n<p><span style=\"font-size: large\">Le programme est dans le coll\u00e8ge depuis 3 ans et c\u2019est la 4\u00b0 ann\u00e9e que plusieurs classes sont concern\u00e9es. Cette ann\u00e9e ce sont les 502, 503 et 506\u00a0!<\/span><\/p>\n<p><span style=\"font-size: large\">Ce programme s\u2019inscrit dans le programme innovant du coll\u00e8ge \u00ab\u00a0Grandir en humanit\u00e9\u00a0\u00bb laur\u00e9at acad\u00e9mique en 2022.<\/span><\/p>\n<p><img loading=\"lazy\" decoding=\"async\" class=\"aligncenter size-full wp-image-4783\" src=\"https:\/\/etab.ac-reunion.fr\/clg-paul-hermann\/wp-content\/uploads\/sites\/120\/2022\/09\/competence_psy.png\" alt=\"\" width=\"810\" height=\"405\" srcset=\"https:\/\/etab.ac-reunion.fr\/clg-paul-hermann\/wp-content\/uploads\/sites\/120\/2022\/09\/competence_psy.png 810w, https:\/\/etab.ac-reunion.fr\/clg-paul-hermann\/wp-content\/uploads\/sites\/120\/2022\/09\/competence_psy-300x150.png 300w, https:\/\/etab.ac-reunion.fr\/clg-paul-hermann\/wp-content\/uploads\/sites\/120\/2022\/09\/competence_psy-768x384.png 768w, https:\/\/etab.ac-reunion.fr\/clg-paul-hermann\/wp-content\/uploads\/sites\/120\/2022\/09\/competence_psy-150x75.png 150w\" sizes=\"auto, (max-width: 810px) 100vw, 810px\" \/><\/p>\n<p><strong><span style=\"font-size: large\">Quelques retours positifs : <\/span><\/strong><\/p>\n<p><span style=\"font-size: large\">MOTS de nos 5\u00b0\u00a0:<\/span><\/p>\n<p><span style=\"font-size: large\">\u00ab\u00a0<\/span><span style=\"font-size: large\"><i>Gr\u00e2ce \u00e0 UNPLUGGED, j\u2019ai appris:<\/i><\/span> <span style=\"font-size: large\"><i>\u00e0 \u00eatre moins timide, \u00e0 mieux communiquer<\/i><\/span><\/p>\n<p><span style=\"font-size: large\"><i>\u00e0 avoir confiance en moi<\/i><\/span><span style=\"font-size: large\">, <\/span><span style=\"font-size: large\"><i>\u00e0 dire NON<\/i><\/span><span style=\"font-size: large\">, <\/span><span style=\"font-size: large\"><i>autre chose que l\u2018\u00e9cole\u00a0<\/i><\/span><span style=\"font-size: large\">, <\/span><span style=\"font-size: large\"><i>\u00e0 g\u00e9rer mes \u00e9motions\u00a0\u00bb<\/i><\/span><\/p>\n<p><span style=\"font-size: large\">Mot d\u2019un parent\u00a0:<\/span><\/p>\n<p><span style=\"font-size: large\"><i>\u00ab\u00a0UNPLUGGED a chang\u00e9 la vie de mon a\u00een\u00e9e et c\u2019est probablement gr\u00e2ce aux ateliers qu\u2019elle doit son Tableau d\u2019honneur au 3\u00b0Trimestre\u00a0\u00bb<\/i><\/span><\/p>\n<p><span style=\"font-size: large\"><i>Pour cl\u00f4turer le programme l\u2019an pass\u00e9, on a r\u00e9uni les 3 classes, les animateurs et la Direction\u00a0: on a ri, on a jou\u00e9, on a distribu\u00e9 des \u00ab\u00a0cartes forces\u00a0\u00bb aux \u00e9l\u00e8ves et on leur a remis leur dipl\u00f4me dans la bonne humeur.<\/i><\/span><\/p>\n<p><img loading=\"lazy\" decoding=\"async\" class=\"aligncenter size-full wp-image-4784\" src=\"https:\/\/etab.ac-reunion.fr\/clg-paul-hermann\/wp-content\/uploads\/sites\/120\/2022\/09\/fin_progr_unplugged.png\" alt=\"\" width=\"676\" height=\"785\" srcset=\"https:\/\/etab.ac-reunion.fr\/clg-paul-hermann\/wp-content\/uploads\/sites\/120\/2022\/09\/fin_progr_unplugged.png 676w, https:\/\/etab.ac-reunion.fr\/clg-paul-hermann\/wp-content\/uploads\/sites\/120\/2022\/09\/fin_progr_unplugged-258x300.png 258w, https:\/\/etab.ac-reunion.fr\/clg-paul-hermann\/wp-content\/uploads\/sites\/120\/2022\/09\/fin_progr_unplugged-129x150.png 129w\" sizes=\"auto, (max-width: 676px) 100vw, 676px\" \/><\/p>\n","protected":false},"excerpt":{"rendered":"<p>Pr\u00e9sentation du dispositif UNPLUGGED \u00ab=d\u00e9branch\u00e9\u00a0\u00bb est un programme de pr\u00e9vention des addictions (alcool, tabac, zamal, \u00e9crans&#8230;) bas\u00e9 sur les comp\u00e9tences psycho-sociales. C\u2019est un programme \u00e9valu\u00e9 dans 7 pays europ\u00e9ens et implant\u00e9 dans plusieurs pays dans le monde\u00a0! Il s\u2019agit de 13 s\u00e9ances anim\u00e9es par des enseignants form\u00e9s, en bin\u00f4me qui&#8230;<\/p>\n<p> <a class=\"continue-reading-link\" href=\"https:\/\/etab.ac-reunion.fr\/clg-paul-hermann\/unplugged\/\"><span>Continue reading<\/span><i class=\"crycon-right-dir\"><\/i><\/a> <\/p>\n","protected":false},"author":5737,"featured_media":4785,"parent":0,"menu_order":0,"comment_status":"closed","ping_status":"closed","template":"","meta":{"footnotes":""},"class_list":["post-4782","page","type-page","status-publish","has-post-thumbnail","hentry"],"_links":{"self":[{"href":"https:\/\/etab.ac-reunion.fr\/clg-paul-hermann\/wp-json\/wp\/v2\/pages\/4782","targetHints":{"allow":["GET"]}}],"collection":[{"href":"https:\/\/etab.ac-reunion.fr\/clg-paul-hermann\/wp-json\/wp\/v2\/pages"}],"about":[{"href":"https:\/\/etab.ac-reunion.fr\/clg-paul-hermann\/wp-json\/wp\/v2\/types\/page"}],"author":[{"embeddable":true,"href":"https:\/\/etab.ac-reunion.fr\/clg-paul-hermann\/wp-json\/wp\/v2\/users\/5737"}],"replies":[{"embeddable":true,"href":"https:\/\/etab.ac-reunion.fr\/clg-paul-hermann\/wp-json\/wp\/v2\/comments?post=4782"}],"version-history":[{"count":1,"href":"https:\/\/etab.ac-reunion.fr\/clg-paul-hermann\/wp-json\/wp\/v2\/pages\/4782\/revisions"}],"predecessor-version":[{"id":4786,"href":"https:\/\/etab.ac-reunion.fr\/clg-paul-hermann\/wp-json\/wp\/v2\/pages\/4782\/revisions\/4786"}],"wp:featuredmedia":[{"embeddable":true,"href":"https:\/\/etab.ac-reunion.fr\/clg-paul-hermann\/wp-json\/wp\/v2\/media\/4785"}],"wp:attachment":[{"href":"https:\/\/etab.ac-reunion.fr\/clg-paul-hermann\/wp-json\/wp\/v2\/media?parent=4782"}],"curies":[{"name":"wp","href":"https:\/\/api.w.org\/{rel}","templated":true}]}}