{"id":4848,"date":"2022-09-14T04:39:59","date_gmt":"2022-09-14T04:39:59","guid":{"rendered":"https:\/\/etab.ac-reunion.fr\/clg-paul-hermann\/?page_id=4848"},"modified":"2022-09-20T06:00:12","modified_gmt":"2022-09-20T06:00:12","slug":"les-missions","status":"publish","type":"page","link":"https:\/\/etab.ac-reunion.fr\/clg-paul-hermann\/copsy-orientation\/les-missions\/","title":{"rendered":"Les missions du PSY-EN"},"content":{"rendered":"<p>Les Missions du Psychologue de l\u2019Education Nationale en \u00e9tablissement :<\/p>\n<ul>\n<li>Le Psychologue E.N intervient dans les \u00c9tablissements Scolaires Publics.<\/li>\n<li>Il travaille en \u00e9troite collaboration avec le Chef d\u2019\u00c9tablissement et les \u00e9quipes \u00e9ducatives.<\/li>\n<li>Il participe en relation avec les familles, \u00e0 l\u2019\u00e9laboration ainsi qu\u2019\u00e0 la r\u00e9alisation des projets scolaires et professionnels des \u00e9l\u00e8ves.<\/li>\n<li>Il assure l\u2019information sur les formations et les m\u00e9tiers afin d\u2019aider au mieux dans le(s) choix de poursuite(s) d\u2019\u00e9tudes.<\/li>\n<li>Il contribue au suivi des \u00e9l\u00e8ves, ainsi qu\u2019\u00e0 la mise en \u0153uvre des conditions de leur r\u00e9ussite scolaire.<\/li>\n<li>Il portera une attention particuli\u00e8re aux \u00e9l\u00e8ves en difficult\u00e9, \u00e0 besoins particuliers, en situation de handicap ou donnant des signes de souffrance psychologique. Il participera \u00e9galement \u00e0 la pr\u00e9vention et \u00e0 la rem\u00e9diation du d\u00e9crochage scolaire.<\/li>\n<li>Il re\u00e7oit sur rendez-vous au coll\u00e8ge, les \u00e9l\u00e8ves et leurs parents, qui en formulent la demande.<\/li>\n<\/ul>\n<p style=\"text-align: center\"><strong>La Psychologue E.N est pr\u00e9sente dans l\u2019\u00e9tablissement toute l\u2019ann\u00e9e. N\u2019h\u00e9sitez pas \u00e0 la contacter !<\/strong><\/p>\n","protected":false},"excerpt":{"rendered":"<p>Les Missions du Psychologue de l\u2019Education Nationale en \u00e9tablissement : Le Psychologue E.N intervient dans les \u00c9tablissements Scolaires Publics. Il travaille en \u00e9troite collaboration avec le Chef d\u2019\u00c9tablissement et les \u00e9quipes \u00e9ducatives. Il participe en relation avec les familles, \u00e0 l\u2019\u00e9laboration ainsi qu\u2019\u00e0 la r\u00e9alisation des projets scolaires et professionnels&#8230;<\/p>\n<p> <a class=\"continue-reading-link\" href=\"https:\/\/etab.ac-reunion.fr\/clg-paul-hermann\/copsy-orientation\/les-missions\/\"><span>Continue reading<\/span><i class=\"crycon-right-dir\"><\/i><\/a> <\/p>\n","protected":false},"author":5737,"featured_media":0,"parent":4850,"menu_order":0,"comment_status":"closed","ping_status":"closed","template":"","meta":{"footnotes":""},"class_list":["post-4848","page","type-page","status-publish","hentry"],"_links":{"self":[{"href":"https:\/\/etab.ac-reunion.fr\/clg-paul-hermann\/wp-json\/wp\/v2\/pages\/4848","targetHints":{"allow":["GET"]}}],"collection":[{"href":"https:\/\/etab.ac-reunion.fr\/clg-paul-hermann\/wp-json\/wp\/v2\/pages"}],"about":[{"href":"https:\/\/etab.ac-reunion.fr\/clg-paul-hermann\/wp-json\/wp\/v2\/types\/page"}],"author":[{"embeddable":true,"href":"https:\/\/etab.ac-reunion.fr\/clg-paul-hermann\/wp-json\/wp\/v2\/users\/5737"}],"replies":[{"embeddable":true,"href":"https:\/\/etab.ac-reunion.fr\/clg-paul-hermann\/wp-json\/wp\/v2\/comments?post=4848"}],"version-history":[{"count":3,"href":"https:\/\/etab.ac-reunion.fr\/clg-paul-hermann\/wp-json\/wp\/v2\/pages\/4848\/revisions"}],"predecessor-version":[{"id":4876,"href":"https:\/\/etab.ac-reunion.fr\/clg-paul-hermann\/wp-json\/wp\/v2\/pages\/4848\/revisions\/4876"}],"up":[{"embeddable":true,"href":"https:\/\/etab.ac-reunion.fr\/clg-paul-hermann\/wp-json\/wp\/v2\/pages\/4850"}],"wp:attachment":[{"href":"https:\/\/etab.ac-reunion.fr\/clg-paul-hermann\/wp-json\/wp\/v2\/media?parent=4848"}],"curies":[{"name":"wp","href":"https:\/\/api.w.org\/{rel}","templated":true}]}}