{"id":4852,"date":"2022-09-14T04:53:00","date_gmt":"2022-09-14T04:53:00","guid":{"rendered":"https:\/\/etab.ac-reunion.fr\/clg-paul-hermann\/?page_id=4852"},"modified":"2022-09-14T04:53:00","modified_gmt":"2022-09-14T04:53:00","slug":"presentation","status":"publish","type":"page","link":"https:\/\/etab.ac-reunion.fr\/clg-paul-hermann\/copsy-orientation\/presentation\/","title":{"rendered":"Pr\u00e9sentation"},"content":{"rendered":"<p>Au sein de l\u2019\u00e9tablissement, une Psychologue de l\u2019\u00c9ducation Nationale est \u00e0 votre disposition, pour vous et votre(vos) enfant(s). Il sera n\u00e9cessaire de l&rsquo;accompagner sur le plan scolaire tout particuli\u00e8rement lorsque qu&rsquo;il devra effectuer des choix d&rsquo;orientation en 3\u00e8me.<\/p>\n<p>Mme B\u00e9atrice Lannes est la psychologue E.N du coll\u00e8ge Paul Hermann. Elle est pr\u00e9sente au coll\u00e8ge tous le lundi de 9H00 \u00e0 11h30 et de 13h30 \u00e0 16h00 et le\u00a0jeudi de 9H00h \u00e0 11h30.<\/p>\n<p>Pour une rencontre, les parents ou \u00e9l\u00e8ves doivent prendre rendez-vous aupr\u00e8s de la Vie Scolaire.<\/p>\n<p>&nbsp;<\/p>\n<p>Au sein de l\u2019\u00e9tablissement, une Psychologue de l\u2019\u00c9ducation Nationale est \u00e0 votre disposition, pour vous et votre(vos) enfant(s). Il sera n\u00e9cessaire d\u2019accompagner votre enfant sur le plan scolaire suite \u00e0 la situation sanitaire et tout particuli\u00e8rement lorsque qu&rsquo;il devra effectuer des choix d&rsquo;orientation en 3\u00e8me.<\/p>\n<p><a href=\"https:\/\/etab.ac-reunion.fr\/clg-paul-hermann\/wp-content\/uploads\/sites\/120\/2022\/09\/lettre-aux-parents_psyen.pdf\" target=\"_blank\" rel=\"noopener\">Lettre aux parents<\/a><\/p>\n","protected":false},"excerpt":{"rendered":"<p>Au sein de l\u2019\u00e9tablissement, une Psychologue de l\u2019\u00c9ducation Nationale est \u00e0 votre disposition, pour vous et votre(vos) enfant(s). Il sera n\u00e9cessaire de l&rsquo;accompagner sur le plan scolaire tout particuli\u00e8rement lorsque qu&rsquo;il devra effectuer des choix d&rsquo;orientation en 3\u00e8me. Mme B\u00e9atrice Lannes est la psychologue E.N du coll\u00e8ge Paul Hermann. Elle&#8230;<\/p>\n<p> <a class=\"continue-reading-link\" href=\"https:\/\/etab.ac-reunion.fr\/clg-paul-hermann\/copsy-orientation\/presentation\/\"><span>Continue reading<\/span><i class=\"crycon-right-dir\"><\/i><\/a> <\/p>\n","protected":false},"author":5737,"featured_media":0,"parent":4850,"menu_order":0,"comment_status":"closed","ping_status":"closed","template":"","meta":{"footnotes":""},"class_list":["post-4852","page","type-page","status-publish","hentry"],"_links":{"self":[{"href":"https:\/\/etab.ac-reunion.fr\/clg-paul-hermann\/wp-json\/wp\/v2\/pages\/4852","targetHints":{"allow":["GET"]}}],"collection":[{"href":"https:\/\/etab.ac-reunion.fr\/clg-paul-hermann\/wp-json\/wp\/v2\/pages"}],"about":[{"href":"https:\/\/etab.ac-reunion.fr\/clg-paul-hermann\/wp-json\/wp\/v2\/types\/page"}],"author":[{"embeddable":true,"href":"https:\/\/etab.ac-reunion.fr\/clg-paul-hermann\/wp-json\/wp\/v2\/users\/5737"}],"replies":[{"embeddable":true,"href":"https:\/\/etab.ac-reunion.fr\/clg-paul-hermann\/wp-json\/wp\/v2\/comments?post=4852"}],"version-history":[{"count":1,"href":"https:\/\/etab.ac-reunion.fr\/clg-paul-hermann\/wp-json\/wp\/v2\/pages\/4852\/revisions"}],"predecessor-version":[{"id":4854,"href":"https:\/\/etab.ac-reunion.fr\/clg-paul-hermann\/wp-json\/wp\/v2\/pages\/4852\/revisions\/4854"}],"up":[{"embeddable":true,"href":"https:\/\/etab.ac-reunion.fr\/clg-paul-hermann\/wp-json\/wp\/v2\/pages\/4850"}],"wp:attachment":[{"href":"https:\/\/etab.ac-reunion.fr\/clg-paul-hermann\/wp-json\/wp\/v2\/media?parent=4852"}],"curies":[{"name":"wp","href":"https:\/\/api.w.org\/{rel}","templated":true}]}}