{"id":4902,"date":"2022-09-20T07:13:51","date_gmt":"2022-09-20T07:13:51","guid":{"rendered":"https:\/\/etab.ac-reunion.fr\/clg-paul-hermann\/?page_id=4902"},"modified":"2024-08-13T10:55:17","modified_gmt":"2024-08-13T10:55:17","slug":"presentation-du-college","status":"publish","type":"page","link":"https:\/\/etab.ac-reunion.fr\/clg-paul-hermann\/presentation-du-college\/","title":{"rendered":"Coordonn\u00e9es du coll\u00e8ge"},"content":{"rendered":"<p>Coll\u00e8ge Paul Hermann<br \/>\n180 rue Marius et Ary Leblond<br \/>\n97410 Saint-Pierre<br \/>\nIle de La R\u00e9union<\/p>\n<p>Accueil : 0262 35 75 00<\/p>\n","protected":false},"excerpt":{"rendered":"<p>Coll\u00e8ge Paul Hermann 180 rue Marius et Ary Leblond 97410 Saint-Pierre Ile de La R\u00e9union Accueil : 0262 35 75 00<\/p>\n<p> <a class=\"continue-reading-link\" href=\"https:\/\/etab.ac-reunion.fr\/clg-paul-hermann\/presentation-du-college\/\"><span>Continue reading<\/span><i class=\"crycon-right-dir\"><\/i><\/a> <\/p>\n","protected":false},"author":5737,"featured_media":0,"parent":0,"menu_order":0,"comment_status":"closed","ping_status":"closed","template":"","meta":{"footnotes":""},"class_list":["post-4902","page","type-page","status-publish","hentry"],"_links":{"self":[{"href":"https:\/\/etab.ac-reunion.fr\/clg-paul-hermann\/wp-json\/wp\/v2\/pages\/4902","targetHints":{"allow":["GET"]}}],"collection":[{"href":"https:\/\/etab.ac-reunion.fr\/clg-paul-hermann\/wp-json\/wp\/v2\/pages"}],"about":[{"href":"https:\/\/etab.ac-reunion.fr\/clg-paul-hermann\/wp-json\/wp\/v2\/types\/page"}],"author":[{"embeddable":true,"href":"https:\/\/etab.ac-reunion.fr\/clg-paul-hermann\/wp-json\/wp\/v2\/users\/5737"}],"replies":[{"embeddable":true,"href":"https:\/\/etab.ac-reunion.fr\/clg-paul-hermann\/wp-json\/wp\/v2\/comments?post=4902"}],"version-history":[{"count":5,"href":"https:\/\/etab.ac-reunion.fr\/clg-paul-hermann\/wp-json\/wp\/v2\/pages\/4902\/revisions"}],"predecessor-version":[{"id":5595,"href":"https:\/\/etab.ac-reunion.fr\/clg-paul-hermann\/wp-json\/wp\/v2\/pages\/4902\/revisions\/5595"}],"wp:attachment":[{"href":"https:\/\/etab.ac-reunion.fr\/clg-paul-hermann\/wp-json\/wp\/v2\/media?parent=4902"}],"curies":[{"name":"wp","href":"https:\/\/api.w.org\/{rel}","templated":true}]}}