{"id":5012,"date":"2022-12-05T11:19:11","date_gmt":"2022-12-05T11:19:11","guid":{"rendered":"https:\/\/etab.ac-reunion.fr\/clg-paul-hermann\/?page_id=5012"},"modified":"2022-12-06T07:50:30","modified_gmt":"2022-12-06T07:50:30","slug":"neuroclasse","status":"publish","type":"page","link":"https:\/\/etab.ac-reunion.fr\/clg-paul-hermann\/les-projets\/neuroclasse\/","title":{"rendered":"Neuroclasse"},"content":{"rendered":"<p>Au coll\u00e8ge, depuis l\u2019an dernier, 4 classes travaillent autour du fonctionnement du cerveau. Ce sont les Neuroclasses\u00a0: 604, 605, 501 et 502\u00a0!<br \/>\nChaque semaine, les \u00e9l\u00e8ves d\u00e9couvrent comment cette machine si myst\u00e9rieuse et si passionnante fonctionne, afin de mieux apprendre! Que ce soit dans la vie de tous les jours ou dans les apprentissages scolaires.<\/p>\n<p>Qu\u2019est-ce qui se passe concr\u00e8tement quand je travaille une nouvelle connaissance ou comp\u00e9tence au niveau de mes neurones ? C\u2019est quoi \u00eatre attentif ? Comment am\u00e9liorer mon attention ? Comment \u00e7a marche la m\u00e9morisation ? Comment ne plus tomber dans certains pi\u00e8ges et mieux utiliser mes connaissances&#8230; ? Quelles strat\u00e9gies je peux mettre en place pour progresser ?<\/p>\n<p>Autant de questions que nous abordons lors des ateliers du lundi pour faire prendre conscience qu\u2019on peut TOUS apprendre et progresser.<\/p>\n<p>Pour en savoir plus, \u00e9l\u00e8ves et adultes, vous pouvez visionner cette courte vid\u00e9o tr\u00e8s bien faite\u00a0:<\/p>\n<p><script>document.addEventListener('DOMContentLoaded', function() {(tarteaucitron.job = tarteaucitron.job || []).push('youtube');});<\/script><\/p>\n<div class=\"youtube_player\" videoID=\"tfXcUfP81w4\" width=\"100%\" height=\"100%\" style=\"height:50vw\" theme=\"light\" rel=\"0\" controls=\"1\" showinfo=\"1\" autoplay=\"0\"><\/div>\n<p>Et pour les plus grands, un podcast tr\u00e8s int\u00e9ressant sur l\u2019apport des Neurosciences Cognitives \u00e0 l&rsquo;\u00e9cole. Prenez le temps de l\u2019\u00e9couter, il en vaut la peine\u00a0!<\/p>\n<p><a href=\"https:\/\/www.radiofrance.fr\/franceculture\/podcasts\/etre-et-savoir\/quel-est-l-apport-des-neurosciences-a-l-ecole-6897946\">https:\/\/www.radiofrance.fr\/franceculture\/podcasts\/etre-et-savoir\/quel-est-l-apport-des-neurosciences-a-l-ecole-6897946<\/a><\/p>\n<p><a href=\"https:\/\/etab.ac-reunion.fr\/clg-paul-hermann\/wp-content\/uploads\/sites\/120\/2022\/12\/Les-neuroclasses-Au-college.pdf\">Pr\u00e9sentation des neuroclasses en pdf<\/a><\/p>\n","protected":false},"excerpt":{"rendered":"<p>Au coll\u00e8ge, depuis l\u2019an dernier, 4 classes travaillent autour du fonctionnement du cerveau. Ce sont les Neuroclasses\u00a0: 604, 605, 501 et 502\u00a0! Chaque semaine, les \u00e9l\u00e8ves d\u00e9couvrent comment cette machine si myst\u00e9rieuse et si passionnante fonctionne, afin de mieux apprendre! Que ce soit dans la vie de tous les jours&#8230;<\/p>\n<p> <a class=\"continue-reading-link\" href=\"https:\/\/etab.ac-reunion.fr\/clg-paul-hermann\/les-projets\/neuroclasse\/\"><span>Continue reading<\/span><i class=\"crycon-right-dir\"><\/i><\/a> <\/p>\n","protected":false},"author":5737,"featured_media":0,"parent":4793,"menu_order":0,"comment_status":"closed","ping_status":"closed","template":"","meta":{"footnotes":""},"class_list":["post-5012","page","type-page","status-publish","hentry"],"_links":{"self":[{"href":"https:\/\/etab.ac-reunion.fr\/clg-paul-hermann\/wp-json\/wp\/v2\/pages\/5012","targetHints":{"allow":["GET"]}}],"collection":[{"href":"https:\/\/etab.ac-reunion.fr\/clg-paul-hermann\/wp-json\/wp\/v2\/pages"}],"about":[{"href":"https:\/\/etab.ac-reunion.fr\/clg-paul-hermann\/wp-json\/wp\/v2\/types\/page"}],"author":[{"embeddable":true,"href":"https:\/\/etab.ac-reunion.fr\/clg-paul-hermann\/wp-json\/wp\/v2\/users\/5737"}],"replies":[{"embeddable":true,"href":"https:\/\/etab.ac-reunion.fr\/clg-paul-hermann\/wp-json\/wp\/v2\/comments?post=5012"}],"version-history":[{"count":4,"href":"https:\/\/etab.ac-reunion.fr\/clg-paul-hermann\/wp-json\/wp\/v2\/pages\/5012\/revisions"}],"predecessor-version":[{"id":5018,"href":"https:\/\/etab.ac-reunion.fr\/clg-paul-hermann\/wp-json\/wp\/v2\/pages\/5012\/revisions\/5018"}],"up":[{"embeddable":true,"href":"https:\/\/etab.ac-reunion.fr\/clg-paul-hermann\/wp-json\/wp\/v2\/pages\/4793"}],"wp:attachment":[{"href":"https:\/\/etab.ac-reunion.fr\/clg-paul-hermann\/wp-json\/wp\/v2\/media?parent=5012"}],"curies":[{"name":"wp","href":"https:\/\/api.w.org\/{rel}","templated":true}]}}