{"id":63,"date":"2015-02-27T07:53:45","date_gmt":"2015-02-27T07:53:45","guid":{"rendered":"http:\/\/college-paul-hermann.ac-reunion.fr\/?page_id=63"},"modified":"2017-09-15T10:05:29","modified_gmt":"2017-09-15T10:05:29","slug":"mes-applications-metice","status":"publish","type":"page","link":"https:\/\/etab.ac-reunion.fr\/clg-paul-hermann\/mes-applications-metice\/","title":{"rendered":"Mes applications-M\u00e9tice"},"content":{"rendered":"<p><b>ENT M\u00e9tice :<\/b><\/p>\n<p><a href=\"http:\/\/metice.ac-reunion.fr\" target=\"_blank\" rel=\"noopener\"> <img decoding=\"async\" style=\"border: 0 none;float: center\" src=\"https:\/\/etab.ac-reunion.fr\/clg-paul-hermann\/wp-content\/uploads\/sites\/120\/2015\/02\/image_metice.png\" alt=\"\" \/><\/a><\/p>\n<p><strong>Informations administratives (priv\u00e9e) :<\/strong><\/p>\n<p><a href=\"https:\/\/portail.college-paulhermann.re\/wordpress\/administration\/\" target=\"_blank\" rel=\"noopener\"><img loading=\"lazy\" decoding=\"async\" class=\"size-full wp-image-2659 alignleft\" src=\"https:\/\/etab.ac-reunion.fr\/clg-paul-hermann\/wp-content\/uploads\/sites\/120\/2017\/09\/logo_admin-1.png\" alt=\"\" width=\"90\" height=\"91\" srcset=\"https:\/\/etab.ac-reunion.fr\/clg-paul-hermann\/wp-content\/uploads\/sites\/120\/2017\/09\/logo_admin-1.png 90w, https:\/\/etab.ac-reunion.fr\/clg-paul-hermann\/wp-content\/uploads\/sites\/120\/2017\/09\/logo_admin-1-70x70.png 70w, https:\/\/etab.ac-reunion.fr\/clg-paul-hermann\/wp-content\/uploads\/sites\/120\/2017\/09\/logo_admin-1-60x60.png 60w, https:\/\/etab.ac-reunion.fr\/clg-paul-hermann\/wp-content\/uploads\/sites\/120\/2017\/09\/logo_admin-1-67x67.png 67w, https:\/\/etab.ac-reunion.fr\/clg-paul-hermann\/wp-content\/uploads\/sites\/120\/2017\/09\/logo_admin-1-40x40.png 40w\" sizes=\"auto, (max-width: 90px) 100vw, 90px\" \/><\/a><\/p>\n<p><b>La messagerie acad\u00e9mique :<\/b><\/p>\n<p><a href=\"https:\/\/webmail.ac-reunion.fr\" target=\"_blank\" rel=\"noopener\"> <img decoding=\"async\" style=\"border: 0 none;float: center\" src=\"https:\/\/etab.ac-reunion.fr\/clg-paul-hermann\/wp-content\/uploads\/sites\/120\/2015\/02\/webmail.png\" alt=\"\" \/><\/a><\/p>\n<p><b>e-sidoc :<\/b><\/p>\n<p><a href=\"http:\/\/9740574f.esidoc.fr\" target=\"_blank\" rel=\"noopener\"> <img decoding=\"async\" style=\"border: 0 none;float: center\" src=\"https:\/\/etab.ac-reunion.fr\/clg-paul-hermann\/wp-content\/uploads\/sites\/120\/2015\/03\/esidoc.png\" alt=\"\" \/><\/a><\/p>\n<p><b>Se connecter\u00a0sur le site :<\/b><\/p>\n<p><a href=\"https:\/\/etab.ac-reunion.fr\/clg-paul-hermann\/wp-admin\" target=\"_blank\" rel=\"noopener\"> <img decoding=\"async\" style=\"border: 0 none;float: center\" src=\"https:\/\/etab.ac-reunion.fr\/clg-paul-hermann\/wp-content\/uploads\/sites\/120\/2015\/02\/wordpress.png\" alt=\"\" \/><\/a><\/p>\n","protected":false},"excerpt":{"rendered":"<p>ENT M\u00e9tice : Informations administratives (priv\u00e9e) : La messagerie acad\u00e9mique : e-sidoc : Se connecter\u00a0sur le site :<\/p>\n<p> <a class=\"continue-reading-link\" href=\"https:\/\/etab.ac-reunion.fr\/clg-paul-hermann\/mes-applications-metice\/\"><span>Continue reading<\/span><i class=\"crycon-right-dir\"><\/i><\/a> <\/p>\n","protected":false},"author":5737,"featured_media":0,"parent":0,"menu_order":0,"comment_status":"open","ping_status":"open","template":"","meta":{"footnotes":""},"class_list":["post-63","page","type-page","status-publish","hentry"],"_links":{"self":[{"href":"https:\/\/etab.ac-reunion.fr\/clg-paul-hermann\/wp-json\/wp\/v2\/pages\/63","targetHints":{"allow":["GET"]}}],"collection":[{"href":"https:\/\/etab.ac-reunion.fr\/clg-paul-hermann\/wp-json\/wp\/v2\/pages"}],"about":[{"href":"https:\/\/etab.ac-reunion.fr\/clg-paul-hermann\/wp-json\/wp\/v2\/types\/page"}],"author":[{"embeddable":true,"href":"https:\/\/etab.ac-reunion.fr\/clg-paul-hermann\/wp-json\/wp\/v2\/users\/5737"}],"replies":[{"embeddable":true,"href":"https:\/\/etab.ac-reunion.fr\/clg-paul-hermann\/wp-json\/wp\/v2\/comments?post=63"}],"version-history":[{"count":5,"href":"https:\/\/etab.ac-reunion.fr\/clg-paul-hermann\/wp-json\/wp\/v2\/pages\/63\/revisions"}],"predecessor-version":[{"id":2660,"href":"https:\/\/etab.ac-reunion.fr\/clg-paul-hermann\/wp-json\/wp\/v2\/pages\/63\/revisions\/2660"}],"wp:attachment":[{"href":"https:\/\/etab.ac-reunion.fr\/clg-paul-hermann\/wp-json\/wp\/v2\/media?parent=63"}],"curies":[{"name":"wp","href":"https:\/\/api.w.org\/{rel}","templated":true}]}}