{"id":1035,"date":"2020-11-16T11:11:32","date_gmt":"2020-11-16T07:11:32","guid":{"rendered":"http:\/\/college-plateau-caillou.ac-reunion.fr\/?page_id=1035"},"modified":"2025-05-19T09:31:31","modified_gmt":"2025-05-19T05:31:31","slug":"ateliers","status":"publish","type":"page","link":"https:\/\/etab.ac-reunion.fr\/clg-plateau-caillou\/vie-de-letablissement\/ateliers\/","title":{"rendered":"Vie Scolaire"},"content":{"rendered":"<p style=\"text-align: justify\">La vie scolaire recouvre tous les moments o\u00f9 l\u2019\u00e9l\u00e8ve n\u2019est pas en classe. C\u2019est une notion aux sens multiples qui peut \u00e9voquer tout \u00e0 la fois un service, un lieu, un champ de responsabilit\u00e9 et un espace-temps. Selon le code de l\u2019\u00e9ducation, la vie scolaire comprend les droits et obligations des \u00e9l\u00e8ves, en premier lieu le contr\u00f4le de l\u2019assiduit\u00e9 et de la ponctualit\u00e9, l\u2019organisation du temps et de l\u2019espace scolaire ainsi que l\u2019animation \u00e9ducative. Le service de vie scolaire s\u2019attache \u00e0 placer les \u00e9l\u00e8ves dans les meilleures conditions de r\u00e9ussite individuelle et collective, de bien-\u00eatre et d\u2019\u00e9panouissement personnel.<\/p>\n<p style=\"text-align: center\">Retrouvez ici toutes les actions men\u00e9es au sein du coll\u00e8ge !<\/p>\n","protected":false},"excerpt":{"rendered":"<p>La vie scolaire recouvre tous les moments o\u00f9 l\u2019\u00e9l\u00e8ve n\u2019est pas en classe. C\u2019est une notion aux sens multiples qui peut \u00e9voquer tout \u00e0 la fois un service, un lieu, un champ de responsabilit\u00e9 et un espace-temps. Selon le code de l\u2019\u00e9ducation, la vie scolaire comprend les droits et obligations&#8230;<\/p>\n<p> <a class=\"continue-reading-link\" href=\"https:\/\/etab.ac-reunion.fr\/clg-plateau-caillou\/vie-de-letablissement\/ateliers\/\"><span>Lire la suite<\/span><i class=\"crycon-right-dir\"><\/i><\/a> <\/p>\n","protected":false},"author":7283,"featured_media":0,"parent":1029,"menu_order":0,"comment_status":"closed","ping_status":"closed","template":"","meta":{"footnotes":""},"class_list":["post-1035","page","type-page","status-publish","hentry"],"_links":{"self":[{"href":"https:\/\/etab.ac-reunion.fr\/clg-plateau-caillou\/wp-json\/wp\/v2\/pages\/1035","targetHints":{"allow":["GET"]}}],"collection":[{"href":"https:\/\/etab.ac-reunion.fr\/clg-plateau-caillou\/wp-json\/wp\/v2\/pages"}],"about":[{"href":"https:\/\/etab.ac-reunion.fr\/clg-plateau-caillou\/wp-json\/wp\/v2\/types\/page"}],"author":[{"embeddable":true,"href":"https:\/\/etab.ac-reunion.fr\/clg-plateau-caillou\/wp-json\/wp\/v2\/users\/7283"}],"replies":[{"embeddable":true,"href":"https:\/\/etab.ac-reunion.fr\/clg-plateau-caillou\/wp-json\/wp\/v2\/comments?post=1035"}],"version-history":[{"count":5,"href":"https:\/\/etab.ac-reunion.fr\/clg-plateau-caillou\/wp-json\/wp\/v2\/pages\/1035\/revisions"}],"predecessor-version":[{"id":4795,"href":"https:\/\/etab.ac-reunion.fr\/clg-plateau-caillou\/wp-json\/wp\/v2\/pages\/1035\/revisions\/4795"}],"up":[{"embeddable":true,"href":"https:\/\/etab.ac-reunion.fr\/clg-plateau-caillou\/wp-json\/wp\/v2\/pages\/1029"}],"wp:attachment":[{"href":"https:\/\/etab.ac-reunion.fr\/clg-plateau-caillou\/wp-json\/wp\/v2\/media?parent=1035"}],"curies":[{"name":"wp","href":"https:\/\/api.w.org\/{rel}","templated":true}]}}