{"id":1045,"date":"2020-11-16T11:12:57","date_gmt":"2020-11-16T07:12:57","guid":{"rendered":"http:\/\/college-plateau-caillou.ac-reunion.fr\/?page_id=1045"},"modified":"2023-01-26T14:56:53","modified_gmt":"2023-01-26T10:56:53","slug":"blanche-pierson","status":"publish","type":"page","link":"https:\/\/etab.ac-reunion.fr\/clg-plateau-caillou\/blanche-pierson\/","title":{"rendered":"BLANCHE PIERSON"},"content":{"rendered":"\r\n<p style=\"text-align: left\"><img loading=\"lazy\" decoding=\"async\" class=\"size-medium wp-image-2857 alignright\" src=\"https:\/\/etab.ac-reunion.fr\/clg-plateau-caillou\/wp-content\/uploads\/sites\/103\/2023\/01\/1200px-Atelier_Nadar_-_Blanche_Pierson-213x300.jpg\" alt=\"\" width=\"213\" height=\"300\" srcset=\"https:\/\/etab.ac-reunion.fr\/clg-plateau-caillou\/wp-content\/uploads\/sites\/103\/2023\/01\/1200px-Atelier_Nadar_-_Blanche_Pierson-213x300.jpg 213w, https:\/\/etab.ac-reunion.fr\/clg-plateau-caillou\/wp-content\/uploads\/sites\/103\/2023\/01\/1200px-Atelier_Nadar_-_Blanche_Pierson-727x1024.jpg 727w, https:\/\/etab.ac-reunion.fr\/clg-plateau-caillou\/wp-content\/uploads\/sites\/103\/2023\/01\/1200px-Atelier_Nadar_-_Blanche_Pierson-768x1082.jpg 768w, https:\/\/etab.ac-reunion.fr\/clg-plateau-caillou\/wp-content\/uploads\/sites\/103\/2023\/01\/1200px-Atelier_Nadar_-_Blanche_Pierson-1091x1536.jpg 1091w, https:\/\/etab.ac-reunion.fr\/clg-plateau-caillou\/wp-content\/uploads\/sites\/103\/2023\/01\/1200px-Atelier_Nadar_-_Blanche_Pierson-107x150.jpg 107w, https:\/\/etab.ac-reunion.fr\/clg-plateau-caillou\/wp-content\/uploads\/sites\/103\/2023\/01\/1200px-Atelier_Nadar_-_Blanche_Pierson.jpg 1200w\" sizes=\"auto, (max-width: 213px) 100vw, 213px\" \/>Le coll\u00e8ge est situ\u00e9 sur l&rsquo;avenue Blanche Pierson, Qui \u00e9tait-elle ?<\/p>\r\n\r\n\r\n\r\n<p class=\"has-text-align-left\"><strong>Blanche Adeline Pierson<\/strong> est une actrice fran\u00e7aise n\u00e9e le 10 mai 1842 \u00e0 Saint-Paul, sur l&rsquo;\u00eele de La R\u00e9union, et morte le 30 mars 1919 \u00e0 Paris. Elle vint au monde dans une famille de com\u00e9diens. Elle \u00e9tait en effet la ni\u00e8ce de l&rsquo;acteur Numa, et son propre p\u00e8re, Hypolite Pierson, \u00e9tait \u00e9galement un acteur, qui, dot\u00e9 d&rsquo;un fort strabisme, s&rsquo;\u00e9tait sp\u00e9cialis\u00e9 dans les r\u00f4les comiques. Il fut le r\u00e9gisseur du th\u00e9\u00e2tre de Saint-Paul, anim\u00e9 par la petite troupe locale de M. Petit Welter, mais qui finit par se disperser. Aussi, en 1847, toute la famille Pierson se retrouva en France, le p\u00e8re ayant trouv\u00e9 un emploi dans une troupe de province. En le suivant dans ses tourn\u00e9es provinciales, Blanche fut destin\u00e9e de bonne heure, au th\u00e9\u00e2tre.<\/p>\r\n\r\n\r\n\r\n\r\n\r\n<p>Ce fut surtout en 1872, lors de la reprise de La Dame aux Cam\u00e9lias<em>, <\/em>que Blanche Pierson montra son v\u00e9ritable talent d&rsquo;actrice dans le r\u00f4le-titre. \u00c0 partir de ce moment, elle remporta r\u00e9guli\u00e8rement de tr\u00e8s vifs succ\u00e8s. En 1884, elle entra \u00e0 la Com\u00e9die-Fran\u00e7aise. En 1910, elle fut admise \u00e0 si\u00e9ger au comit\u00e9 de lecture de ce th\u00e9\u00e2tre. Elle mourut d&rsquo;une pneumonie en mars 1919 \u00e0 l&rsquo;\u00e2ge de 77 ans sans avoir revu son \u00eele natale.<\/p>\r\n\r\n\r\n\r\n<p><strong>La ville de Saint-Paul de La R\u00e9union lui a rendu hommage\u00a0en nommant :<\/strong><\/p>\r\n\r\n\r\n\r\n<ul class=\"wp-block-list\">\r\n<li><strong>La salle de danse Blanche Pierson \u00e0 L\u00e9spas culturel Leconte de Lisle<\/strong><\/li>\r\n<li><strong>L&rsquo;\u00e9cole primaire publique Blanche Pierson<\/strong><\/li>\r\n<li><strong>L&rsquo;avenue Blanche Pierson<\/strong><\/li>\r\n<\/ul>\r\n\r\n\r\n\r\n<p>&nbsp;<\/p>\r\n","protected":false},"excerpt":{"rendered":"<p>Le coll\u00e8ge est situ\u00e9 sur l&rsquo;avenue Blanche Pierson, Qui \u00e9tait-elle ? Blanche Adeline Pierson est une actrice fran\u00e7aise n\u00e9e le 10 mai 1842 \u00e0 Saint-Paul, sur l&rsquo;\u00eele de La R\u00e9union, et morte le 30 mars 1919 \u00e0 Paris. Elle vint au monde dans une famille de com\u00e9diens. Elle \u00e9tait en&#8230;<\/p>\n<p> <a class=\"continue-reading-link\" href=\"https:\/\/etab.ac-reunion.fr\/clg-plateau-caillou\/blanche-pierson\/\"><span>Lire la suite<\/span><i class=\"crycon-right-dir\"><\/i><\/a> <\/p>\n","protected":false},"author":7283,"featured_media":0,"parent":0,"menu_order":0,"comment_status":"closed","ping_status":"closed","template":"","meta":{"footnotes":""},"class_list":["post-1045","page","type-page","status-publish","hentry"],"_links":{"self":[{"href":"https:\/\/etab.ac-reunion.fr\/clg-plateau-caillou\/wp-json\/wp\/v2\/pages\/1045","targetHints":{"allow":["GET"]}}],"collection":[{"href":"https:\/\/etab.ac-reunion.fr\/clg-plateau-caillou\/wp-json\/wp\/v2\/pages"}],"about":[{"href":"https:\/\/etab.ac-reunion.fr\/clg-plateau-caillou\/wp-json\/wp\/v2\/types\/page"}],"author":[{"embeddable":true,"href":"https:\/\/etab.ac-reunion.fr\/clg-plateau-caillou\/wp-json\/wp\/v2\/users\/7283"}],"replies":[{"embeddable":true,"href":"https:\/\/etab.ac-reunion.fr\/clg-plateau-caillou\/wp-json\/wp\/v2\/comments?post=1045"}],"version-history":[{"count":5,"href":"https:\/\/etab.ac-reunion.fr\/clg-plateau-caillou\/wp-json\/wp\/v2\/pages\/1045\/revisions"}],"predecessor-version":[{"id":2858,"href":"https:\/\/etab.ac-reunion.fr\/clg-plateau-caillou\/wp-json\/wp\/v2\/pages\/1045\/revisions\/2858"}],"wp:attachment":[{"href":"https:\/\/etab.ac-reunion.fr\/clg-plateau-caillou\/wp-json\/wp\/v2\/media?parent=1045"}],"curies":[{"name":"wp","href":"https:\/\/api.w.org\/{rel}","templated":true}]}}