{"id":1260,"date":"2021-11-09T14:25:57","date_gmt":"2021-11-09T10:25:57","guid":{"rendered":"http:\/\/college-plateau-caillou.ac-reunion.fr\/?page_id=1260"},"modified":"2024-09-03T13:34:18","modified_gmt":"2024-09-03T09:34:18","slug":"edd-le-cross-soi-et-la-snsm-au-college-de-plateau-caillou","status":"publish","type":"page","link":"https:\/\/etab.ac-reunion.fr\/clg-plateau-caillou\/edd-education-au-developpement-durable\/edd-le-cross-soi-et-la-snsm-au-college-de-plateau-caillou\/","title":{"rendered":"EDD : Le CROSS SOI et la SNSM au Coll\u00e8ge de Plateau Caillou"},"content":{"rendered":"<p style=\"text-align: center\"><span style=\"color: #000000\"><strong><span style=\"font-family: Arial, sans-serif\"><span style=\"font-size: medium\">EDD : Le CROSS SOI et la SNSM au Coll\u00e8ge de Plateau Caillou <\/span><\/span><\/strong><\/span><\/p>\n<p align=\"center\"><span style=\"color: #000000\"><span style=\"font-family: Arial, sans-serif\"><span style=\"font-size: medium\">Dans le cadre du Parcours Citoyen et de l\u2019\u00c9ducation au D\u00e9veloppement Durable, le coll\u00e8ge a mis en place des interventions du CROSS SOI (Centre R\u00e9gional Op\u00e9rationnel de Surveillance et de Sauvetage) et des b\u00e9n\u00e9voles de la SNSM (Soci\u00e9t\u00e9 Nationale de Sauvetage en Mer).\u00a0 <\/span><\/span><\/span><span style=\"color: #000000\"><span style=\"font-family: Arial, sans-serif\"><span style=\"font-size: medium\">Le projet se d\u00e9roule \u00e0 l&rsquo;initiative de Mme Rostaing enseignante de SVT et r\u00e9f\u00e9rente EDD. Toutes les classes de 3e ainsi que les \u00e9co-d\u00e9l\u00e9gu\u00e9s ont pu d\u00e9couvrir : les missions du CROSS (en termes de recherche et sauvetage, surveillance et pr\u00e9vention des accidents en mer, lutte anti-pollution), le r\u00f4le des b\u00e9n\u00e9voles de la SNSM (en termes de sauvetage). <\/span><\/span><\/span><\/p>\n<p align=\"center\"><span style=\"color: #000000\"><span style=\"font-family: Arial, sans-serif\"><span style=\"font-size: medium\">L\u2019objectif \u00e9tait de faire comprendre aux \u00e9l\u00e8ves le lien sp\u00e9cifique qui nous lie au milieu marin en tant qu\u2019insulaires, et de montrer l\u2019importance de prot\u00e9ger cet environnement, mais aussi de se mettre en s\u00e9curit\u00e9 et de prot\u00e9ger les autres face aux risques. C\u2019est donc dans cette double optique citoyenne que les intervenants ont anim\u00e9 des s\u00e9ances de sensibilisation aux bonnes pratiques en mati\u00e8re de s\u00e9curit\u00e9 en mer et de protection du milieu marin. <\/span><\/span><\/span><\/p>\n<p align=\"center\"><span style=\"color: #000000\"><span style=\"font-family: Arial, sans-serif\"><span style=\"font-size: medium\">Trois th\u00e9matiques sont ainsi abord\u00e9es : <\/span><\/span><\/span><span style=\"color: #000000\"><strong><span style=\"font-family: Arial, sans-serif\"><span style=\"font-size: medium\"><b>le sauvetage en mer anim\u00e9 par la SNSM.<\/b><\/span><\/span><\/strong><span style=\"font-family: Arial, sans-serif\"><span style=\"font-size: medium\"> Les sauveteurs ont rappel\u00e9 le num\u00e9ro de t\u00e9l\u00e9phone \u00e0 composer en cas d\u2019accidents en mer (le 196), ainsi que les bonnes pratiques en mer, <\/span><\/span><\/span><span style=\"color: #000000\"><strong><span style=\"font-family: Arial, sans-serif\"><span style=\"font-size: medium\"><b>la surveillance et pr\u00e9vention des accidents en mer , <\/b><\/span><\/span><\/strong><span style=\"font-family: Arial, sans-serif\"><span style=\"font-size: medium\">l<\/span><\/span><span style=\"font-family: Arial, sans-serif\"><span style=\"font-size: medium\">es missions du CROSS (Centre Op\u00e9rationnel de Sauvetage et de secours) ont \u00e9t\u00e9 expliqu\u00e9es, ainsi que les carri\u00e8res maritimes possibles, <\/span><\/span><\/span><span style=\"color: #000000\"><span style=\"font-family: Times New Roman, serif\"><span style=\"font-size: medium\"><strong><span style=\"font-family: Arial, sans-serif\"><b>la lutte anti-pollution, <\/b><\/span><\/strong><span style=\"font-family: Arial, sans-serif\">les moyens de lutte.<\/span><\/span><\/span><\/span><\/p>\n<p align=\"center\"><span style=\"color: #000000\"><span style=\"font-family: Arial, sans-serif\"><span style=\"font-size: medium\">Pour plus d&rsquo;informations : <\/span><\/span><\/span><\/p>\n<p align=\"center\"><span style=\"color: #000000\"><span style=\"font-family: Arial, sans-serif\"><span style=\"font-size: medium\">sur le CROSS SOI<br \/>\n<a style=\"color: #000000\" href=\"http:\/\/www.dm.sud-ocean-indien.developpement-durable.gouv.fr\/cross-r24.html\">http:\/\/www.dm.sud-ocean-indien.developpement-durable.gouv.fr\/cross-r24.html<\/a><\/span><\/span><\/span><\/p>\n<p align=\"center\"><span style=\"color: #000000\"><span style=\"font-family: Arial, sans-serif\"><span style=\"font-size: medium\">sur la SNSM<br \/>\n<a style=\"color: #000000\" href=\"https:\/\/www.snsm.org\/actualites\/la-decouverte-des-particularites-snsm-la-reunion\">https:\/\/www.snsm.org\/actualites\/la-decouverte-des-particularites-snsm-la-reunion<\/a><\/span><\/span><\/span><\/p>\n<p align=\"center\"><span style=\"color: #000000\"><img loading=\"lazy\" decoding=\"async\" class=\"alignnone wp-image-1223 size-full\" src=\"https:\/\/etab.ac-reunion.fr\/clg-plateau-caillou\/wp-content\/uploads\/sites\/103\/2021\/11\/2.jpg\" alt=\"\" width=\"1425\" height=\"1500\" srcset=\"https:\/\/etab.ac-reunion.fr\/clg-plateau-caillou\/wp-content\/uploads\/sites\/103\/2021\/11\/2.jpg 1425w, https:\/\/etab.ac-reunion.fr\/clg-plateau-caillou\/wp-content\/uploads\/sites\/103\/2021\/11\/2-285x300.jpg 285w, https:\/\/etab.ac-reunion.fr\/clg-plateau-caillou\/wp-content\/uploads\/sites\/103\/2021\/11\/2-973x1024.jpg 973w, https:\/\/etab.ac-reunion.fr\/clg-plateau-caillou\/wp-content\/uploads\/sites\/103\/2021\/11\/2-768x808.jpg 768w, https:\/\/etab.ac-reunion.fr\/clg-plateau-caillou\/wp-content\/uploads\/sites\/103\/2021\/11\/2-143x150.jpg 143w\" sizes=\"auto, (max-width: 1425px) 100vw, 1425px\" \/>\u00a0<\/span><\/p>\n","protected":false},"excerpt":{"rendered":"<p>EDD : Le CROSS SOI et la SNSM au Coll\u00e8ge de Plateau Caillou Dans le cadre du Parcours Citoyen et de l\u2019\u00c9ducation au D\u00e9veloppement Durable, le coll\u00e8ge a mis en place des interventions du CROSS SOI (Centre R\u00e9gional Op\u00e9rationnel de Surveillance et de Sauvetage) et des b\u00e9n\u00e9voles de la SNSM&#8230;<\/p>\n<p> <a class=\"continue-reading-link\" href=\"https:\/\/etab.ac-reunion.fr\/clg-plateau-caillou\/edd-education-au-developpement-durable\/edd-le-cross-soi-et-la-snsm-au-college-de-plateau-caillou\/\"><span>Lire la suite<\/span><i class=\"crycon-right-dir\"><\/i><\/a> <\/p>\n","protected":false},"author":30394,"featured_media":0,"parent":2324,"menu_order":0,"comment_status":"closed","ping_status":"closed","template":"","meta":{"footnotes":""},"class_list":["post-1260","page","type-page","status-publish","hentry"],"_links":{"self":[{"href":"https:\/\/etab.ac-reunion.fr\/clg-plateau-caillou\/wp-json\/wp\/v2\/pages\/1260","targetHints":{"allow":["GET"]}}],"collection":[{"href":"https:\/\/etab.ac-reunion.fr\/clg-plateau-caillou\/wp-json\/wp\/v2\/pages"}],"about":[{"href":"https:\/\/etab.ac-reunion.fr\/clg-plateau-caillou\/wp-json\/wp\/v2\/types\/page"}],"author":[{"embeddable":true,"href":"https:\/\/etab.ac-reunion.fr\/clg-plateau-caillou\/wp-json\/wp\/v2\/users\/30394"}],"replies":[{"embeddable":true,"href":"https:\/\/etab.ac-reunion.fr\/clg-plateau-caillou\/wp-json\/wp\/v2\/comments?post=1260"}],"version-history":[{"count":11,"href":"https:\/\/etab.ac-reunion.fr\/clg-plateau-caillou\/wp-json\/wp\/v2\/pages\/1260\/revisions"}],"predecessor-version":[{"id":3980,"href":"https:\/\/etab.ac-reunion.fr\/clg-plateau-caillou\/wp-json\/wp\/v2\/pages\/1260\/revisions\/3980"}],"up":[{"embeddable":true,"href":"https:\/\/etab.ac-reunion.fr\/clg-plateau-caillou\/wp-json\/wp\/v2\/pages\/2324"}],"wp:attachment":[{"href":"https:\/\/etab.ac-reunion.fr\/clg-plateau-caillou\/wp-json\/wp\/v2\/media?parent=1260"}],"curies":[{"name":"wp","href":"https:\/\/api.w.org\/{rel}","templated":true}]}}