{"id":13,"date":"2014-12-11T14:00:22","date_gmt":"2014-12-11T10:00:22","guid":{"rendered":"http:\/\/portail.college-plateaucaillou.re\/wordpress\/?page_id=13"},"modified":"2026-01-22T09:29:36","modified_gmt":"2026-01-22T05:29:36","slug":"accueil","status":"publish","type":"page","link":"https:\/\/etab.ac-reunion.fr\/clg-plateau-caillou\/informations-pratiques\/accueil\/","title":{"rendered":"Contact"},"content":{"rendered":"<div>\n<p><strong>Adresse du Coll\u00e8ge Plateau Caillou <\/strong>: 3 Avenue Blanche Pierson 97460 Saint-Paul<\/p>\n<p><strong>T\u00e9l\u00e9phone (accueil)<\/strong> : Tel : 02 62 55 45 25<\/p>\n<p><strong>Fax\u00a0<\/strong>: 02 62 55 56 63<\/p>\n<p><strong>\u00c9mail acad\u00e9mique<\/strong> : ce.9741190a@ac-reunion.fr<\/p>\n<\/div>\n","protected":false},"excerpt":{"rendered":"<p>Adresse du Coll\u00e8ge Plateau Caillou : 3 Avenue Blanche Pierson 97460 Saint-Paul T\u00e9l\u00e9phone (accueil) : Tel : 02 62 55 45 25 Fax\u00a0: 02 62 55 56 63 \u00c9mail acad\u00e9mique : ce.9741190a@ac-reunion.fr<\/p>\n<p> <a class=\"continue-reading-link\" href=\"https:\/\/etab.ac-reunion.fr\/clg-plateau-caillou\/informations-pratiques\/accueil\/\"><span>Lire la suite<\/span><i class=\"crycon-right-dir\"><\/i><\/a> <\/p>\n","protected":false},"author":3397,"featured_media":0,"parent":153,"menu_order":2,"comment_status":"closed","ping_status":"closed","template":"","meta":{"footnotes":""},"class_list":["post-13","page","type-page","status-publish","hentry"],"_links":{"self":[{"href":"https:\/\/etab.ac-reunion.fr\/clg-plateau-caillou\/wp-json\/wp\/v2\/pages\/13","targetHints":{"allow":["GET"]}}],"collection":[{"href":"https:\/\/etab.ac-reunion.fr\/clg-plateau-caillou\/wp-json\/wp\/v2\/pages"}],"about":[{"href":"https:\/\/etab.ac-reunion.fr\/clg-plateau-caillou\/wp-json\/wp\/v2\/types\/page"}],"author":[{"embeddable":true,"href":"https:\/\/etab.ac-reunion.fr\/clg-plateau-caillou\/wp-json\/wp\/v2\/users\/3397"}],"replies":[{"embeddable":true,"href":"https:\/\/etab.ac-reunion.fr\/clg-plateau-caillou\/wp-json\/wp\/v2\/comments?post=13"}],"version-history":[{"count":7,"href":"https:\/\/etab.ac-reunion.fr\/clg-plateau-caillou\/wp-json\/wp\/v2\/pages\/13\/revisions"}],"predecessor-version":[{"id":5289,"href":"https:\/\/etab.ac-reunion.fr\/clg-plateau-caillou\/wp-json\/wp\/v2\/pages\/13\/revisions\/5289"}],"up":[{"embeddable":true,"href":"https:\/\/etab.ac-reunion.fr\/clg-plateau-caillou\/wp-json\/wp\/v2\/pages\/153"}],"wp:attachment":[{"href":"https:\/\/etab.ac-reunion.fr\/clg-plateau-caillou\/wp-json\/wp\/v2\/media?parent=13"}],"curies":[{"name":"wp","href":"https:\/\/api.w.org\/{rel}","templated":true}]}}