{"id":141,"date":"2012-11-06T14:41:22","date_gmt":"2012-11-06T10:41:22","guid":{"rendered":"https:\/\/portail.college-plateaucaillou.re\/wordpress\/?page_id=141"},"modified":"2025-09-09T14:57:43","modified_gmt":"2025-09-09T10:57:43","slug":"charte-informatique-2","status":"publish","type":"page","link":"https:\/\/etab.ac-reunion.fr\/clg-plateau-caillou\/charte-informatique-2\/","title":{"rendered":"Charte Informatique et Internet"},"content":{"rendered":"<div>\r\n<p style=\"text-align: center\"><span style=\"text-decoration: underline\"><strong>Charte d\u2019utilisation d&rsquo;internet, des r\u00e9seaux et des services multim\u00e9dia au coll\u00e8ge.<\/strong><\/span><\/p>\r\n<ul>\r\n<li style=\"text-align: left\">s\u2019applique \u00e0 tout utilisateur acc\u00e9dant aux postes informatiques<\/li>\r\n<li style=\"text-align: justify\">pr\u00e9cise les droits et obligations \u00e0 respecter (conditions et limites de l\u2019utilisation des ordinateurs)<\/li>\r\n<\/ul>\r\n<p style=\"text-align: center\"><em>Une version d\u00e9taill\u00e9e de la charte est jointe au r\u00e8glement int\u00e9rieur dans le carnet de liaison de l&rsquo;\u00e9l\u00e8ve. <\/em><\/p>\r\n<p style=\"text-align: center\"><em>Le chef d\u2019\u00e9tablissement veille au bon respect de la pr\u00e9sente charte dans l\u2019\u00e9tablissement.<\/em><\/p>\r\n<p><span style=\"font-family: Arial, Helvetica, sans-serif\"><strong>Interdit et p\u00e9nalement sanctionn\u00e9<\/strong>\u00a0: <\/span><\/p>\r\n<ul>\r\n<li><span style=\"font-family: Arial, Helvetica, sans-serif\">Le non respect des droits de la personne (atteinte \u00e0 la vie priv\u00e9e, diffamation)<\/span><\/li>\r\n<li><span style=\"font-family: Arial, Helvetica, sans-serif\">Le non respect des valeurs d\u00e9mocratiques<\/span><\/li>\r\n<li><span style=\"font-family: Arial, Helvetica, sans-serif\">Le non respect du code de la propri\u00e9t\u00e9 intellectuelle (reproduction, repr\u00e9sentation ou diffusion d\u2019une \u0153uvre de l\u2019esprit, extrait musical ou litt\u00e9raire, photographie&#8230;)<\/span><\/li>\r\n<li><span style=\"font-family: Arial, Helvetica, sans-serif\">Les copies de logiciels commerciaux\u00a0<\/span><\/li>\r\n<li><span style=\"font-family: Arial, Helvetica, sans-serif\">La contrefa\u00e7on<\/span><\/li>\r\n<li>La consultation de sites pornographiques, de sites pr\u00e9sentant toute forme d\u2019apologie (crime, racisme, n\u00e9gationnisme, crimes de guerre), les sites appelant \u00e0 la haine raciale<\/li>\r\n<li>Toute forme de provocation\u00a0<\/li>\r\n<\/ul>\r\n<\/div>\r\n<div>\r\n<p style=\"text-align: center\"><em>Pour des raisons de s\u00e9curit\u00e9, la consultation de sites par les \u00e9l\u00e8ves se fait <span style=\"text-decoration: underline\">sous la responsabilit\u00e9 d\u2019un adulte<\/span>.<\/em><\/p>\r\n<p style=\"text-align: justify\"><strong>Le coll\u00e8ge se r\u00e9serve le droit :<\/strong><\/p>\r\n<ul>\r\n<li style=\"text-align: justify\">de contr\u00f4ler toute page Web h\u00e9berg\u00e9e sur ses serveurs<\/li>\r\n<li style=\"text-align: justify\">de suspendre l\u2019h\u00e9bergement des pages en cas d\u2019infraction ou de diffusion d&rsquo;un contenu illicite<\/li>\r\n<li style=\"text-align: justify\">de contr\u00f4ler les sites visit\u00e9s par les \u00e9l\u00e8ves pour leur \u00e9viter d\u2019acc\u00e9der \u00e0 des sites illicites ou interdits<\/li>\r\n<li style=\"text-align: justify\">de v\u00e9rifier que l\u2019utilisation des services reste conforme aux objectifs cit\u00e9s pr\u00e9c\u00e9demment<\/li>\r\n<li style=\"text-align: justify\">d&rsquo;analyser et de contr\u00f4ler l\u2019utilisation des services et d&rsquo;en stopper la perturbation \u00e9ventuelle\u00a0<\/li>\r\n<li style=\"text-align: justify\">de conserver les informations n\u00e9cessaires \u00e0 la bonne marche du syst\u00e8me<\/li>\r\n<\/ul>\r\n<p style=\"text-align: justify\"><strong>Les documents diffus\u00e9s sur l\u2019internet doivent respecter la l\u00e9gislation en vigueur :<\/strong>\u00a0<\/p>\r\n<ul>\r\n<li style=\"text-align: justify\">Respect de la loi sur les informations nominatives RGPD<\/li>\r\n<li style=\"text-align: justify\">Respect de la neutralit\u00e9 et de la la\u00efcit\u00e9 de l\u2019\u00c9ducation Nationale<\/li>\r\n<li style=\"text-align: justify\">Le nom de famille et l\u2019image des \u00e9l\u00e8ves ne doivent pas figurer sur les pages Web sans accord parental<\/li>\r\n<li style=\"text-align: justify\">Les textes, images et sons doivent \u00eatre libres de droits ou diffus\u00e9s avec l\u2019autorisation de leurs auteurs, et avec indication de leur source<\/li>\r\n<\/ul>\r\n<p style=\"text-align: center\"><em><span style=\"font-family: Arial, Helvetica, sans-serif\">L\u2019usage d&rsquo;internet est r\u00e9serv\u00e9 \u00e0 des <\/span><span style=\"text-decoration: underline\">activit\u00e9s p\u00e9dagogiques <\/span><\/em><em><span style=\"font-family: Arial, Helvetica, sans-serif\">r\u00e9pondant aux missions de l\u2019\u00e9ducation nationale<\/span><\/em><\/p>\r\n<p><strong>L\u2019utilisateur s\u2019engage \u00e0 :<\/strong><\/p>\r\n<ul>\r\n<li style=\"text-align: justify\">Respecter la l\u00e9gislation en vigueur (lois relatives \u00e0 l\u2019informatique, aux fichiers et aux libert\u00e9s, respect des bonnes m\u0153urs et des valeurs d\u00e9mocratiques, propri\u00e9t\u00e9 litt\u00e9raire et artistique)<\/li>\r\n<li style=\"text-align: justify\">Ne pas utiliser de programmes destin\u00e9s \u00e0 contourner la s\u00e9curit\u00e9 ou saturer les ressources<\/li>\r\n<li style=\"text-align: justify\">Ne pas introduire de programmes nuisibles (virus ou autres)<\/li>\r\n<li style=\"text-align: justify\">Ne pas effectuer des actes de piratage ext\u00e9rieurs ou int\u00e9rieurs \u00e0 l\u2019\u00e9tablissement<\/li>\r\n<li style=\"text-align: justify\">Ne pas modifier la configuration des machines<\/li>\r\n<li style=\"text-align: justify\">Ne pas lire, modifier, copier ou d\u00e9truire d\u2019autres fichiers que ceux qui lui appartiennent en propre directement ou indirectement<\/li>\r\n<li style=\"text-align: justify\">Ne pas effectuer de copies de logiciels ou CD commerciaux<\/li>\r\n<li style=\"text-align: justify\">Ne pas effectuer de t\u00e9l\u00e9chargements ill\u00e9gaux<\/li>\r\n<\/ul>\r\n<p style=\"text-align: justify\"><em>La charte ne se substituant pas au r\u00e8glement int\u00e9rieur de l\u2019\u00e9tablissement, <strong>le non-respect des principes \u00e9tablis par la charte pourra donner lieu \u00e0 une limitation ou \u00e0 une suppression de l\u2019acc\u00e8s aux services, et aux sanctions disciplinaires pr\u00e9vues dans le r\u00e8glement int\u00e9rieur de l\u2019\u00e9tablissement<\/strong>.<\/em><\/p>\r\n<\/div>\r\n<!-- \/wp:post-content -->","protected":false},"excerpt":{"rendered":"<p>Charte d\u2019utilisation d&rsquo;internet, des r\u00e9seaux et des services multim\u00e9dia au coll\u00e8ge. s\u2019applique \u00e0 tout utilisateur acc\u00e9dant aux postes informatiques pr\u00e9cise les droits et obligations \u00e0 respecter (conditions et limites de l\u2019utilisation des ordinateurs) Une version d\u00e9taill\u00e9e de la charte est jointe au r\u00e8glement int\u00e9rieur dans le carnet de liaison de&#8230;<\/p>\n<p> <a class=\"continue-reading-link\" href=\"https:\/\/etab.ac-reunion.fr\/clg-plateau-caillou\/charte-informatique-2\/\"><span>Lire la suite<\/span><i class=\"crycon-right-dir\"><\/i><\/a> <\/p>\n","protected":false},"author":3397,"featured_media":0,"parent":0,"menu_order":1,"comment_status":"closed","ping_status":"closed","template":"","meta":{"footnotes":""},"class_list":["post-141","page","type-page","status-publish","hentry"],"_links":{"self":[{"href":"https:\/\/etab.ac-reunion.fr\/clg-plateau-caillou\/wp-json\/wp\/v2\/pages\/141","targetHints":{"allow":["GET"]}}],"collection":[{"href":"https:\/\/etab.ac-reunion.fr\/clg-plateau-caillou\/wp-json\/wp\/v2\/pages"}],"about":[{"href":"https:\/\/etab.ac-reunion.fr\/clg-plateau-caillou\/wp-json\/wp\/v2\/types\/page"}],"author":[{"embeddable":true,"href":"https:\/\/etab.ac-reunion.fr\/clg-plateau-caillou\/wp-json\/wp\/v2\/users\/3397"}],"replies":[{"embeddable":true,"href":"https:\/\/etab.ac-reunion.fr\/clg-plateau-caillou\/wp-json\/wp\/v2\/comments?post=141"}],"version-history":[{"count":9,"href":"https:\/\/etab.ac-reunion.fr\/clg-plateau-caillou\/wp-json\/wp\/v2\/pages\/141\/revisions"}],"predecessor-version":[{"id":5138,"href":"https:\/\/etab.ac-reunion.fr\/clg-plateau-caillou\/wp-json\/wp\/v2\/pages\/141\/revisions\/5138"}],"wp:attachment":[{"href":"https:\/\/etab.ac-reunion.fr\/clg-plateau-caillou\/wp-json\/wp\/v2\/media?parent=141"}],"curies":[{"name":"wp","href":"https:\/\/api.w.org\/{rel}","templated":true}]}}