{"id":1502,"date":"2022-03-28T15:03:50","date_gmt":"2022-03-28T11:03:50","guid":{"rendered":"http:\/\/college-plateau-caillou.ac-reunion.fr\/?page_id=1502"},"modified":"2024-09-03T13:42:36","modified_gmt":"2024-09-03T09:42:36","slug":"le-conseil-de-vie-collegienne","status":"publish","type":"page","link":"https:\/\/etab.ac-reunion.fr\/clg-plateau-caillou\/vie-de-letablissement\/le-conseil-de-vie-collegienne\/","title":{"rendered":"Le Conseil de Vie Coll\u00e9gienne"},"content":{"rendered":"<p style=\"text-align: center\"><span style=\"color: #009999\"><span style=\"font-family: Tempus Sans ITC, fantasy\"><i><b>LE CVC : <\/b><\/i><\/span><\/span><span style=\"font-family: Times New Roman, serif\">Le Conseil de Vie Coll\u00e9gienne<\/span><\/p>\n<p style=\"text-align: justify\" align=\"right\">Les conseils de la vie coll\u00e9gienne et de la vie lyc\u00e9enne donnent la parole aux repr\u00e9sentants des \u00e9l\u00e8ves afin d&rsquo;impulser une nouvelle dynamique dans les \u00e9tablissements scolaires, de nouveaux projets, un meilleur fonctionnement d&rsquo;\u00e9tablissement et du mieux-vivre pour les \u00e9l\u00e8ves. Ce sont des lieux d&rsquo;expression de la d\u00e9mocratie scolaire.<\/p>\n<p style=\"text-align: center\" align=\"left\"><em><span style=\"font-family: Times New Roman, serif\">A venir prochainement \u00a0<\/span><\/em><\/p>\n","protected":false},"excerpt":{"rendered":"<p>LE CVC : Le Conseil de Vie Coll\u00e9gienne Les conseils de la vie coll\u00e9gienne et de la vie lyc\u00e9enne donnent la parole aux repr\u00e9sentants des \u00e9l\u00e8ves afin d&rsquo;impulser une nouvelle dynamique dans les \u00e9tablissements scolaires, de nouveaux projets, un meilleur fonctionnement d&rsquo;\u00e9tablissement et du mieux-vivre pour les \u00e9l\u00e8ves. Ce sont&#8230;<\/p>\n<p> <a class=\"continue-reading-link\" href=\"https:\/\/etab.ac-reunion.fr\/clg-plateau-caillou\/vie-de-letablissement\/le-conseil-de-vie-collegienne\/\"><span>Lire la suite<\/span><i class=\"crycon-right-dir\"><\/i><\/a> <\/p>\n","protected":false},"author":30394,"featured_media":0,"parent":1029,"menu_order":0,"comment_status":"closed","ping_status":"closed","template":"","meta":{"footnotes":""},"class_list":["post-1502","page","type-page","status-publish","hentry"],"_links":{"self":[{"href":"https:\/\/etab.ac-reunion.fr\/clg-plateau-caillou\/wp-json\/wp\/v2\/pages\/1502","targetHints":{"allow":["GET"]}}],"collection":[{"href":"https:\/\/etab.ac-reunion.fr\/clg-plateau-caillou\/wp-json\/wp\/v2\/pages"}],"about":[{"href":"https:\/\/etab.ac-reunion.fr\/clg-plateau-caillou\/wp-json\/wp\/v2\/types\/page"}],"author":[{"embeddable":true,"href":"https:\/\/etab.ac-reunion.fr\/clg-plateau-caillou\/wp-json\/wp\/v2\/users\/30394"}],"replies":[{"embeddable":true,"href":"https:\/\/etab.ac-reunion.fr\/clg-plateau-caillou\/wp-json\/wp\/v2\/comments?post=1502"}],"version-history":[{"count":11,"href":"https:\/\/etab.ac-reunion.fr\/clg-plateau-caillou\/wp-json\/wp\/v2\/pages\/1502\/revisions"}],"predecessor-version":[{"id":3982,"href":"https:\/\/etab.ac-reunion.fr\/clg-plateau-caillou\/wp-json\/wp\/v2\/pages\/1502\/revisions\/3982"}],"up":[{"embeddable":true,"href":"https:\/\/etab.ac-reunion.fr\/clg-plateau-caillou\/wp-json\/wp\/v2\/pages\/1029"}],"wp:attachment":[{"href":"https:\/\/etab.ac-reunion.fr\/clg-plateau-caillou\/wp-json\/wp\/v2\/media?parent=1502"}],"curies":[{"name":"wp","href":"https:\/\/api.w.org\/{rel}","templated":true}]}}