{"id":1568,"date":"2022-04-06T10:59:52","date_gmt":"2022-04-06T06:59:52","guid":{"rendered":"http:\/\/college-plateau-caillou.ac-reunion.fr\/?page_id=1568"},"modified":"2022-04-06T11:52:50","modified_gmt":"2022-04-06T07:52:50","slug":"journee-creole-2022-3","status":"publish","type":"page","link":"https:\/\/etab.ac-reunion.fr\/clg-plateau-caillou\/journee-creole-2022-3\/","title":{"rendered":"Journ\u00e9e Cr\u00e9ole 2022"},"content":{"rendered":"<p style=\"text-align: center\">Le lundi 4 avril 2022, a eu lieu <strong>la journ\u00e9e cr\u00e9ole<\/strong> au coll\u00e8ge de Plateau Caillou, dans le cadre de la semaine des langues.<\/p>\n<p style=\"text-align: center\">Plusieurs animations ont \u00e9t\u00e9 propos\u00e9es aux \u00e9l\u00e8ves, dont:<\/p>\n<p style=\"text-align: center\">-une animation musicale, par le collectif des moringueurs de l&rsquo;Ouest<\/p>\n<p style=\"text-align: center\">&#8211;<strong>\u00ab\u00a0Kosa in Soz?\u00a0\u00bb<\/strong>, anim\u00e9 par des <strong>\u00e9l\u00e8ves du coll\u00e8ge<\/strong>, actuellement \u00e0 l&rsquo;atelier relais, ainsi que leurs animateurs,<br \/>\n-Tressage de paille de la Savane, par <strong>l&rsquo;association \u00ab\u00a0les Tamarins de l&rsquo;Ouest\u00a0\u00bb<\/strong><\/p>\n<p style=\"text-align: center\">-Jeux lontan, fabriqu\u00e9s et <strong>anim\u00e9s par les \u00e9l\u00e8ves du Conseil de Vie Coll\u00e9gienne.<\/strong><\/p>\n<p style=\"text-align: center\"><strong>Cette journ\u00e9e fut une r\u00e9elle r\u00e9ussite !<\/strong><\/p>\n<div class=\"su-image-carousel  su-image-carousel-has-spacing su-image-carousel-crop su-image-carousel-crop-4-3 su-image-carousel-has-outline su-image-carousel-adaptive su-image-carousel-slides-style-photo su-image-carousel-controls-style-dark su-image-carousel-align-none\" style=\"\" data-flickity-options='{\"groupCells\":true,\"cellSelector\":\".su-image-carousel-item\",\"adaptiveHeight\":false,\"cellAlign\":\"left\",\"prevNextButtons\":true,\"pageDots\":true,\"autoPlay\":5000,\"imagesLoaded\":true,\"contain\":true,\"selectedAttraction\":0.025,\"friction\":0.28}' id=\"su_image_carousel_69e3624d38045\"><div class=\"su-image-carousel-item\"><div class=\"su-image-carousel-item-content\"><img loading=\"lazy\" decoding=\"async\" width=\"950\" height=\"713\" src=\"https:\/\/etab.ac-reunion.fr\/clg-plateau-caillou\/wp-content\/uploads\/sites\/103\/2022\/04\/P1000269-1024x768.jpg\" class=\"\" alt=\"\" srcset=\"https:\/\/etab.ac-reunion.fr\/clg-plateau-caillou\/wp-content\/uploads\/sites\/103\/2022\/04\/P1000269-1024x768.jpg 1024w, https:\/\/etab.ac-reunion.fr\/clg-plateau-caillou\/wp-content\/uploads\/sites\/103\/2022\/04\/P1000269-300x225.jpg 300w, https:\/\/etab.ac-reunion.fr\/clg-plateau-caillou\/wp-content\/uploads\/sites\/103\/2022\/04\/P1000269-768x576.jpg 768w, https:\/\/etab.ac-reunion.fr\/clg-plateau-caillou\/wp-content\/uploads\/sites\/103\/2022\/04\/P1000269-1536x1152.jpg 1536w, https:\/\/etab.ac-reunion.fr\/clg-plateau-caillou\/wp-content\/uploads\/sites\/103\/2022\/04\/P1000269-2048x1536.jpg 2048w, https:\/\/etab.ac-reunion.fr\/clg-plateau-caillou\/wp-content\/uploads\/sites\/103\/2022\/04\/P1000269-150x113.jpg 150w\" sizes=\"auto, (max-width: 950px) 100vw, 950px\" \/><\/div><\/div><div class=\"su-image-carousel-item\"><div class=\"su-image-carousel-item-content\"><img loading=\"lazy\" decoding=\"async\" width=\"950\" height=\"713\" src=\"https:\/\/etab.ac-reunion.fr\/clg-plateau-caillou\/wp-content\/uploads\/sites\/103\/2022\/04\/P1000270-1024x768.jpg\" class=\"\" alt=\"\" srcset=\"https:\/\/etab.ac-reunion.fr\/clg-plateau-caillou\/wp-content\/uploads\/sites\/103\/2022\/04\/P1000270-1024x768.jpg 1024w, https:\/\/etab.ac-reunion.fr\/clg-plateau-caillou\/wp-content\/uploads\/sites\/103\/2022\/04\/P1000270-300x225.jpg 300w, https:\/\/etab.ac-reunion.fr\/clg-plateau-caillou\/wp-content\/uploads\/sites\/103\/2022\/04\/P1000270-768x576.jpg 768w, https:\/\/etab.ac-reunion.fr\/clg-plateau-caillou\/wp-content\/uploads\/sites\/103\/2022\/04\/P1000270-1536x1152.jpg 1536w, https:\/\/etab.ac-reunion.fr\/clg-plateau-caillou\/wp-content\/uploads\/sites\/103\/2022\/04\/P1000270-2048x1536.jpg 2048w, https:\/\/etab.ac-reunion.fr\/clg-plateau-caillou\/wp-content\/uploads\/sites\/103\/2022\/04\/P1000270-150x113.jpg 150w\" sizes=\"auto, (max-width: 950px) 100vw, 950px\" \/><\/div><\/div><div class=\"su-image-carousel-item\"><div class=\"su-image-carousel-item-content\"><img loading=\"lazy\" decoding=\"async\" width=\"950\" height=\"713\" src=\"https:\/\/etab.ac-reunion.fr\/clg-plateau-caillou\/wp-content\/uploads\/sites\/103\/2022\/04\/P1000271-1024x768.jpg\" class=\"\" alt=\"\" srcset=\"https:\/\/etab.ac-reunion.fr\/clg-plateau-caillou\/wp-content\/uploads\/sites\/103\/2022\/04\/P1000271-1024x768.jpg 1024w, https:\/\/etab.ac-reunion.fr\/clg-plateau-caillou\/wp-content\/uploads\/sites\/103\/2022\/04\/P1000271-300x225.jpg 300w, https:\/\/etab.ac-reunion.fr\/clg-plateau-caillou\/wp-content\/uploads\/sites\/103\/2022\/04\/P1000271-768x576.jpg 768w, https:\/\/etab.ac-reunion.fr\/clg-plateau-caillou\/wp-content\/uploads\/sites\/103\/2022\/04\/P1000271-1536x1152.jpg 1536w, https:\/\/etab.ac-reunion.fr\/clg-plateau-caillou\/wp-content\/uploads\/sites\/103\/2022\/04\/P1000271-2048x1536.jpg 2048w, https:\/\/etab.ac-reunion.fr\/clg-plateau-caillou\/wp-content\/uploads\/sites\/103\/2022\/04\/P1000271-150x113.jpg 150w\" sizes=\"auto, (max-width: 950px) 100vw, 950px\" \/><\/div><\/div><div class=\"su-image-carousel-item\"><div class=\"su-image-carousel-item-content\"><img loading=\"lazy\" decoding=\"async\" width=\"950\" height=\"713\" src=\"https:\/\/etab.ac-reunion.fr\/clg-plateau-caillou\/wp-content\/uploads\/sites\/103\/2022\/04\/P1000271-1-1024x768.jpg\" class=\"\" alt=\"\" srcset=\"https:\/\/etab.ac-reunion.fr\/clg-plateau-caillou\/wp-content\/uploads\/sites\/103\/2022\/04\/P1000271-1-1024x768.jpg 1024w, https:\/\/etab.ac-reunion.fr\/clg-plateau-caillou\/wp-content\/uploads\/sites\/103\/2022\/04\/P1000271-1-300x225.jpg 300w, https:\/\/etab.ac-reunion.fr\/clg-plateau-caillou\/wp-content\/uploads\/sites\/103\/2022\/04\/P1000271-1-768x576.jpg 768w, https:\/\/etab.ac-reunion.fr\/clg-plateau-caillou\/wp-content\/uploads\/sites\/103\/2022\/04\/P1000271-1-1536x1152.jpg 1536w, https:\/\/etab.ac-reunion.fr\/clg-plateau-caillou\/wp-content\/uploads\/sites\/103\/2022\/04\/P1000271-1-2048x1536.jpg 2048w, https:\/\/etab.ac-reunion.fr\/clg-plateau-caillou\/wp-content\/uploads\/sites\/103\/2022\/04\/P1000271-1-150x113.jpg 150w\" sizes=\"auto, (max-width: 950px) 100vw, 950px\" \/><\/div><\/div><div class=\"su-image-carousel-item\"><div class=\"su-image-carousel-item-content\"><img loading=\"lazy\" decoding=\"async\" width=\"950\" height=\"713\" src=\"https:\/\/etab.ac-reunion.fr\/clg-plateau-caillou\/wp-content\/uploads\/sites\/103\/2022\/04\/P1000270-1-1024x768.jpg\" class=\"\" alt=\"\" srcset=\"https:\/\/etab.ac-reunion.fr\/clg-plateau-caillou\/wp-content\/uploads\/sites\/103\/2022\/04\/P1000270-1-1024x768.jpg 1024w, https:\/\/etab.ac-reunion.fr\/clg-plateau-caillou\/wp-content\/uploads\/sites\/103\/2022\/04\/P1000270-1-300x225.jpg 300w, https:\/\/etab.ac-reunion.fr\/clg-plateau-caillou\/wp-content\/uploads\/sites\/103\/2022\/04\/P1000270-1-768x576.jpg 768w, https:\/\/etab.ac-reunion.fr\/clg-plateau-caillou\/wp-content\/uploads\/sites\/103\/2022\/04\/P1000270-1-1536x1152.jpg 1536w, https:\/\/etab.ac-reunion.fr\/clg-plateau-caillou\/wp-content\/uploads\/sites\/103\/2022\/04\/P1000270-1-2048x1536.jpg 2048w, https:\/\/etab.ac-reunion.fr\/clg-plateau-caillou\/wp-content\/uploads\/sites\/103\/2022\/04\/P1000270-1-150x113.jpg 150w\" sizes=\"auto, (max-width: 950px) 100vw, 950px\" \/><\/div><\/div><div class=\"su-image-carousel-item\"><div class=\"su-image-carousel-item-content\"><img loading=\"lazy\" decoding=\"async\" width=\"950\" height=\"713\" src=\"https:\/\/etab.ac-reunion.fr\/clg-plateau-caillou\/wp-content\/uploads\/sites\/103\/2022\/04\/P1000269-1-1024x768.jpg\" class=\"\" alt=\"\" srcset=\"https:\/\/etab.ac-reunion.fr\/clg-plateau-caillou\/wp-content\/uploads\/sites\/103\/2022\/04\/P1000269-1-1024x768.jpg 1024w, https:\/\/etab.ac-reunion.fr\/clg-plateau-caillou\/wp-content\/uploads\/sites\/103\/2022\/04\/P1000269-1-300x225.jpg 300w, https:\/\/etab.ac-reunion.fr\/clg-plateau-caillou\/wp-content\/uploads\/sites\/103\/2022\/04\/P1000269-1-768x576.jpg 768w, https:\/\/etab.ac-reunion.fr\/clg-plateau-caillou\/wp-content\/uploads\/sites\/103\/2022\/04\/P1000269-1-1536x1152.jpg 1536w, https:\/\/etab.ac-reunion.fr\/clg-plateau-caillou\/wp-content\/uploads\/sites\/103\/2022\/04\/P1000269-1-2048x1536.jpg 2048w, https:\/\/etab.ac-reunion.fr\/clg-plateau-caillou\/wp-content\/uploads\/sites\/103\/2022\/04\/P1000269-1-150x113.jpg 150w\" sizes=\"auto, (max-width: 950px) 100vw, 950px\" \/><\/div><\/div><div class=\"su-image-carousel-item\"><div class=\"su-image-carousel-item-content\"><img loading=\"lazy\" decoding=\"async\" width=\"950\" height=\"713\" src=\"https:\/\/etab.ac-reunion.fr\/clg-plateau-caillou\/wp-content\/uploads\/sites\/103\/2022\/04\/P1000243-1024x768.jpg\" class=\"\" alt=\"\" srcset=\"https:\/\/etab.ac-reunion.fr\/clg-plateau-caillou\/wp-content\/uploads\/sites\/103\/2022\/04\/P1000243-1024x768.jpg 1024w, https:\/\/etab.ac-reunion.fr\/clg-plateau-caillou\/wp-content\/uploads\/sites\/103\/2022\/04\/P1000243-300x225.jpg 300w, https:\/\/etab.ac-reunion.fr\/clg-plateau-caillou\/wp-content\/uploads\/sites\/103\/2022\/04\/P1000243-768x576.jpg 768w, https:\/\/etab.ac-reunion.fr\/clg-plateau-caillou\/wp-content\/uploads\/sites\/103\/2022\/04\/P1000243-1536x1152.jpg 1536w, https:\/\/etab.ac-reunion.fr\/clg-plateau-caillou\/wp-content\/uploads\/sites\/103\/2022\/04\/P1000243-2048x1536.jpg 2048w, https:\/\/etab.ac-reunion.fr\/clg-plateau-caillou\/wp-content\/uploads\/sites\/103\/2022\/04\/P1000243-150x113.jpg 150w\" sizes=\"auto, (max-width: 950px) 100vw, 950px\" \/><\/div><\/div><div class=\"su-image-carousel-item\"><div class=\"su-image-carousel-item-content\"><img loading=\"lazy\" decoding=\"async\" width=\"950\" height=\"713\" src=\"https:\/\/etab.ac-reunion.fr\/clg-plateau-caillou\/wp-content\/uploads\/sites\/103\/2022\/04\/P1000242-1024x768.jpg\" class=\"\" alt=\"\" srcset=\"https:\/\/etab.ac-reunion.fr\/clg-plateau-caillou\/wp-content\/uploads\/sites\/103\/2022\/04\/P1000242-1024x768.jpg 1024w, https:\/\/etab.ac-reunion.fr\/clg-plateau-caillou\/wp-content\/uploads\/sites\/103\/2022\/04\/P1000242-300x225.jpg 300w, https:\/\/etab.ac-reunion.fr\/clg-plateau-caillou\/wp-content\/uploads\/sites\/103\/2022\/04\/P1000242-768x576.jpg 768w, https:\/\/etab.ac-reunion.fr\/clg-plateau-caillou\/wp-content\/uploads\/sites\/103\/2022\/04\/P1000242-1536x1152.jpg 1536w, https:\/\/etab.ac-reunion.fr\/clg-plateau-caillou\/wp-content\/uploads\/sites\/103\/2022\/04\/P1000242-2048x1536.jpg 2048w, https:\/\/etab.ac-reunion.fr\/clg-plateau-caillou\/wp-content\/uploads\/sites\/103\/2022\/04\/P1000242-150x113.jpg 150w\" sizes=\"auto, (max-width: 950px) 100vw, 950px\" \/><\/div><\/div><div class=\"su-image-carousel-item\"><div class=\"su-image-carousel-item-content\"><img loading=\"lazy\" decoding=\"async\" width=\"950\" height=\"713\" src=\"https:\/\/etab.ac-reunion.fr\/clg-plateau-caillou\/wp-content\/uploads\/sites\/103\/2022\/04\/P1000241-1024x768.jpg\" class=\"\" alt=\"\" srcset=\"https:\/\/etab.ac-reunion.fr\/clg-plateau-caillou\/wp-content\/uploads\/sites\/103\/2022\/04\/P1000241-1024x768.jpg 1024w, https:\/\/etab.ac-reunion.fr\/clg-plateau-caillou\/wp-content\/uploads\/sites\/103\/2022\/04\/P1000241-300x225.jpg 300w, https:\/\/etab.ac-reunion.fr\/clg-plateau-caillou\/wp-content\/uploads\/sites\/103\/2022\/04\/P1000241-768x576.jpg 768w, https:\/\/etab.ac-reunion.fr\/clg-plateau-caillou\/wp-content\/uploads\/sites\/103\/2022\/04\/P1000241-1536x1152.jpg 1536w, https:\/\/etab.ac-reunion.fr\/clg-plateau-caillou\/wp-content\/uploads\/sites\/103\/2022\/04\/P1000241-2048x1536.jpg 2048w, https:\/\/etab.ac-reunion.fr\/clg-plateau-caillou\/wp-content\/uploads\/sites\/103\/2022\/04\/P1000241-150x113.jpg 150w\" sizes=\"auto, (max-width: 950px) 100vw, 950px\" \/><\/div><\/div><div class=\"su-image-carousel-item\"><div class=\"su-image-carousel-item-content\"><img loading=\"lazy\" decoding=\"async\" width=\"950\" height=\"713\" src=\"https:\/\/etab.ac-reunion.fr\/clg-plateau-caillou\/wp-content\/uploads\/sites\/103\/2022\/04\/20220404_124043-1024x768.jpg\" class=\"\" alt=\"\" srcset=\"https:\/\/etab.ac-reunion.fr\/clg-plateau-caillou\/wp-content\/uploads\/sites\/103\/2022\/04\/20220404_124043-1024x768.jpg 1024w, https:\/\/etab.ac-reunion.fr\/clg-plateau-caillou\/wp-content\/uploads\/sites\/103\/2022\/04\/20220404_124043-300x225.jpg 300w, https:\/\/etab.ac-reunion.fr\/clg-plateau-caillou\/wp-content\/uploads\/sites\/103\/2022\/04\/20220404_124043-768x576.jpg 768w, https:\/\/etab.ac-reunion.fr\/clg-plateau-caillou\/wp-content\/uploads\/sites\/103\/2022\/04\/20220404_124043-1536x1152.jpg 1536w, https:\/\/etab.ac-reunion.fr\/clg-plateau-caillou\/wp-content\/uploads\/sites\/103\/2022\/04\/20220404_124043-2048x1536.jpg 2048w, https:\/\/etab.ac-reunion.fr\/clg-plateau-caillou\/wp-content\/uploads\/sites\/103\/2022\/04\/20220404_124043-150x113.jpg 150w\" sizes=\"auto, (max-width: 950px) 100vw, 950px\" \/><\/div><\/div><div class=\"su-image-carousel-item\"><div class=\"su-image-carousel-item-content\"><img loading=\"lazy\" decoding=\"async\" width=\"768\" height=\"1024\" src=\"https:\/\/etab.ac-reunion.fr\/clg-plateau-caillou\/wp-content\/uploads\/sites\/103\/2022\/04\/20220404_123653-768x1024.jpg\" class=\"\" alt=\"\" srcset=\"https:\/\/etab.ac-reunion.fr\/clg-plateau-caillou\/wp-content\/uploads\/sites\/103\/2022\/04\/20220404_123653-768x1024.jpg 768w, https:\/\/etab.ac-reunion.fr\/clg-plateau-caillou\/wp-content\/uploads\/sites\/103\/2022\/04\/20220404_123653-225x300.jpg 225w, https:\/\/etab.ac-reunion.fr\/clg-plateau-caillou\/wp-content\/uploads\/sites\/103\/2022\/04\/20220404_123653-1152x1536.jpg 1152w, https:\/\/etab.ac-reunion.fr\/clg-plateau-caillou\/wp-content\/uploads\/sites\/103\/2022\/04\/20220404_123653-1536x2048.jpg 1536w, https:\/\/etab.ac-reunion.fr\/clg-plateau-caillou\/wp-content\/uploads\/sites\/103\/2022\/04\/20220404_123653-113x150.jpg 113w, https:\/\/etab.ac-reunion.fr\/clg-plateau-caillou\/wp-content\/uploads\/sites\/103\/2022\/04\/20220404_123653-scaled.jpg 1920w\" sizes=\"auto, (max-width: 768px) 100vw, 768px\" \/><\/div><\/div><div class=\"su-image-carousel-item\"><div class=\"su-image-carousel-item-content\"><img loading=\"lazy\" decoding=\"async\" width=\"950\" height=\"713\" src=\"https:\/\/etab.ac-reunion.fr\/clg-plateau-caillou\/wp-content\/uploads\/sites\/103\/2022\/04\/20220404_123642-1024x768.jpg\" class=\"\" alt=\"\" srcset=\"https:\/\/etab.ac-reunion.fr\/clg-plateau-caillou\/wp-content\/uploads\/sites\/103\/2022\/04\/20220404_123642-1024x768.jpg 1024w, https:\/\/etab.ac-reunion.fr\/clg-plateau-caillou\/wp-content\/uploads\/sites\/103\/2022\/04\/20220404_123642-300x225.jpg 300w, https:\/\/etab.ac-reunion.fr\/clg-plateau-caillou\/wp-content\/uploads\/sites\/103\/2022\/04\/20220404_123642-768x576.jpg 768w, https:\/\/etab.ac-reunion.fr\/clg-plateau-caillou\/wp-content\/uploads\/sites\/103\/2022\/04\/20220404_123642-1536x1152.jpg 1536w, https:\/\/etab.ac-reunion.fr\/clg-plateau-caillou\/wp-content\/uploads\/sites\/103\/2022\/04\/20220404_123642-2048x1536.jpg 2048w, https:\/\/etab.ac-reunion.fr\/clg-plateau-caillou\/wp-content\/uploads\/sites\/103\/2022\/04\/20220404_123642-150x113.jpg 150w\" sizes=\"auto, (max-width: 950px) 100vw, 950px\" \/><\/div><\/div><div class=\"su-image-carousel-item\"><div class=\"su-image-carousel-item-content\"><img loading=\"lazy\" decoding=\"async\" width=\"950\" height=\"713\" src=\"https:\/\/etab.ac-reunion.fr\/clg-plateau-caillou\/wp-content\/uploads\/sites\/103\/2022\/04\/20220404_123610-1024x768.jpg\" class=\"\" alt=\"\" srcset=\"https:\/\/etab.ac-reunion.fr\/clg-plateau-caillou\/wp-content\/uploads\/sites\/103\/2022\/04\/20220404_123610-1024x768.jpg 1024w, https:\/\/etab.ac-reunion.fr\/clg-plateau-caillou\/wp-content\/uploads\/sites\/103\/2022\/04\/20220404_123610-300x225.jpg 300w, https:\/\/etab.ac-reunion.fr\/clg-plateau-caillou\/wp-content\/uploads\/sites\/103\/2022\/04\/20220404_123610-768x576.jpg 768w, https:\/\/etab.ac-reunion.fr\/clg-plateau-caillou\/wp-content\/uploads\/sites\/103\/2022\/04\/20220404_123610-1536x1152.jpg 1536w, https:\/\/etab.ac-reunion.fr\/clg-plateau-caillou\/wp-content\/uploads\/sites\/103\/2022\/04\/20220404_123610-2048x1536.jpg 2048w, https:\/\/etab.ac-reunion.fr\/clg-plateau-caillou\/wp-content\/uploads\/sites\/103\/2022\/04\/20220404_123610-150x113.jpg 150w\" sizes=\"auto, (max-width: 950px) 100vw, 950px\" \/><\/div><\/div><div class=\"su-image-carousel-item\"><div class=\"su-image-carousel-item-content\"><img loading=\"lazy\" decoding=\"async\" width=\"950\" height=\"713\" src=\"https:\/\/etab.ac-reunion.fr\/clg-plateau-caillou\/wp-content\/uploads\/sites\/103\/2022\/04\/20220404_123559-1024x768.jpg\" class=\"\" alt=\"\" srcset=\"https:\/\/etab.ac-reunion.fr\/clg-plateau-caillou\/wp-content\/uploads\/sites\/103\/2022\/04\/20220404_123559-1024x768.jpg 1024w, https:\/\/etab.ac-reunion.fr\/clg-plateau-caillou\/wp-content\/uploads\/sites\/103\/2022\/04\/20220404_123559-300x225.jpg 300w, https:\/\/etab.ac-reunion.fr\/clg-plateau-caillou\/wp-content\/uploads\/sites\/103\/2022\/04\/20220404_123559-768x576.jpg 768w, https:\/\/etab.ac-reunion.fr\/clg-plateau-caillou\/wp-content\/uploads\/sites\/103\/2022\/04\/20220404_123559-1536x1152.jpg 1536w, https:\/\/etab.ac-reunion.fr\/clg-plateau-caillou\/wp-content\/uploads\/sites\/103\/2022\/04\/20220404_123559-2048x1536.jpg 2048w, https:\/\/etab.ac-reunion.fr\/clg-plateau-caillou\/wp-content\/uploads\/sites\/103\/2022\/04\/20220404_123559-150x113.jpg 150w\" sizes=\"auto, (max-width: 950px) 100vw, 950px\" \/><\/div><\/div><div class=\"su-image-carousel-item\"><div class=\"su-image-carousel-item-content\"><img loading=\"lazy\" decoding=\"async\" width=\"950\" height=\"713\" src=\"https:\/\/etab.ac-reunion.fr\/clg-plateau-caillou\/wp-content\/uploads\/sites\/103\/2022\/04\/20220404_123535-1024x768.jpg\" class=\"\" alt=\"\" srcset=\"https:\/\/etab.ac-reunion.fr\/clg-plateau-caillou\/wp-content\/uploads\/sites\/103\/2022\/04\/20220404_123535-1024x768.jpg 1024w, https:\/\/etab.ac-reunion.fr\/clg-plateau-caillou\/wp-content\/uploads\/sites\/103\/2022\/04\/20220404_123535-300x225.jpg 300w, https:\/\/etab.ac-reunion.fr\/clg-plateau-caillou\/wp-content\/uploads\/sites\/103\/2022\/04\/20220404_123535-768x576.jpg 768w, https:\/\/etab.ac-reunion.fr\/clg-plateau-caillou\/wp-content\/uploads\/sites\/103\/2022\/04\/20220404_123535-1536x1152.jpg 1536w, https:\/\/etab.ac-reunion.fr\/clg-plateau-caillou\/wp-content\/uploads\/sites\/103\/2022\/04\/20220404_123535-2048x1536.jpg 2048w, https:\/\/etab.ac-reunion.fr\/clg-plateau-caillou\/wp-content\/uploads\/sites\/103\/2022\/04\/20220404_123535-150x113.jpg 150w\" sizes=\"auto, (max-width: 950px) 100vw, 950px\" \/><\/div><\/div><div class=\"su-image-carousel-item\"><div class=\"su-image-carousel-item-content\"><img loading=\"lazy\" decoding=\"async\" width=\"950\" height=\"713\" src=\"https:\/\/etab.ac-reunion.fr\/clg-plateau-caillou\/wp-content\/uploads\/sites\/103\/2022\/04\/20220404_123532-1024x768.jpg\" class=\"\" alt=\"\" srcset=\"https:\/\/etab.ac-reunion.fr\/clg-plateau-caillou\/wp-content\/uploads\/sites\/103\/2022\/04\/20220404_123532-1024x768.jpg 1024w, https:\/\/etab.ac-reunion.fr\/clg-plateau-caillou\/wp-content\/uploads\/sites\/103\/2022\/04\/20220404_123532-300x225.jpg 300w, https:\/\/etab.ac-reunion.fr\/clg-plateau-caillou\/wp-content\/uploads\/sites\/103\/2022\/04\/20220404_123532-768x576.jpg 768w, https:\/\/etab.ac-reunion.fr\/clg-plateau-caillou\/wp-content\/uploads\/sites\/103\/2022\/04\/20220404_123532-1536x1152.jpg 1536w, https:\/\/etab.ac-reunion.fr\/clg-plateau-caillou\/wp-content\/uploads\/sites\/103\/2022\/04\/20220404_123532-2048x1536.jpg 2048w, https:\/\/etab.ac-reunion.fr\/clg-plateau-caillou\/wp-content\/uploads\/sites\/103\/2022\/04\/20220404_123532-150x113.jpg 150w\" sizes=\"auto, (max-width: 950px) 100vw, 950px\" \/><\/div><\/div><div class=\"su-image-carousel-item\"><div class=\"su-image-carousel-item-content\"><img loading=\"lazy\" decoding=\"async\" width=\"950\" height=\"713\" src=\"https:\/\/etab.ac-reunion.fr\/clg-plateau-caillou\/wp-content\/uploads\/sites\/103\/2022\/04\/20220404_123317-1024x768.jpg\" class=\"\" alt=\"\" srcset=\"https:\/\/etab.ac-reunion.fr\/clg-plateau-caillou\/wp-content\/uploads\/sites\/103\/2022\/04\/20220404_123317-1024x768.jpg 1024w, https:\/\/etab.ac-reunion.fr\/clg-plateau-caillou\/wp-content\/uploads\/sites\/103\/2022\/04\/20220404_123317-300x225.jpg 300w, https:\/\/etab.ac-reunion.fr\/clg-plateau-caillou\/wp-content\/uploads\/sites\/103\/2022\/04\/20220404_123317-768x576.jpg 768w, https:\/\/etab.ac-reunion.fr\/clg-plateau-caillou\/wp-content\/uploads\/sites\/103\/2022\/04\/20220404_123317-1536x1152.jpg 1536w, https:\/\/etab.ac-reunion.fr\/clg-plateau-caillou\/wp-content\/uploads\/sites\/103\/2022\/04\/20220404_123317-2048x1536.jpg 2048w, https:\/\/etab.ac-reunion.fr\/clg-plateau-caillou\/wp-content\/uploads\/sites\/103\/2022\/04\/20220404_123317-150x113.jpg 150w\" sizes=\"auto, (max-width: 950px) 100vw, 950px\" \/><\/div><\/div><\/div><script id=\"su_image_carousel_69e3624d38045_script\">if(window.SUImageCarousel){setTimeout(function() {window.SUImageCarousel.initGallery(document.getElementById(\"su_image_carousel_69e3624d38045\"))}, 0);}var su_image_carousel_69e3624d38045_script=document.getElementById(\"su_image_carousel_69e3624d38045_script\");if(su_image_carousel_69e3624d38045_script){su_image_carousel_69e3624d38045_script.parentNode.removeChild(su_image_carousel_69e3624d38045_script);}<\/script>\n<p>&nbsp;<\/p>\n<p>&nbsp;<\/p>\n<p style=\"text-align: center\">\n","protected":false},"excerpt":{"rendered":"<p>Le lundi 4 avril 2022, a eu lieu la journ\u00e9e cr\u00e9ole au coll\u00e8ge de Plateau Caillou, dans le cadre de la semaine des langues. Plusieurs animations ont \u00e9t\u00e9 propos\u00e9es aux \u00e9l\u00e8ves, dont: -une animation musicale, par le collectif des moringueurs de l&rsquo;Ouest &#8211;\u00ab\u00a0Kosa in Soz?\u00a0\u00bb, anim\u00e9 par des \u00e9l\u00e8ves du&#8230;<\/p>\n<p> <a class=\"continue-reading-link\" href=\"https:\/\/etab.ac-reunion.fr\/clg-plateau-caillou\/journee-creole-2022-3\/\"><span>Lire la suite<\/span><i class=\"crycon-right-dir\"><\/i><\/a> <\/p>\n","protected":false},"author":30394,"featured_media":0,"parent":0,"menu_order":0,"comment_status":"closed","ping_status":"closed","template":"","meta":{"footnotes":""},"class_list":["post-1568","page","type-page","status-publish","hentry"],"_links":{"self":[{"href":"https:\/\/etab.ac-reunion.fr\/clg-plateau-caillou\/wp-json\/wp\/v2\/pages\/1568","targetHints":{"allow":["GET"]}}],"collection":[{"href":"https:\/\/etab.ac-reunion.fr\/clg-plateau-caillou\/wp-json\/wp\/v2\/pages"}],"about":[{"href":"https:\/\/etab.ac-reunion.fr\/clg-plateau-caillou\/wp-json\/wp\/v2\/types\/page"}],"author":[{"embeddable":true,"href":"https:\/\/etab.ac-reunion.fr\/clg-plateau-caillou\/wp-json\/wp\/v2\/users\/30394"}],"replies":[{"embeddable":true,"href":"https:\/\/etab.ac-reunion.fr\/clg-plateau-caillou\/wp-json\/wp\/v2\/comments?post=1568"}],"version-history":[{"count":15,"href":"https:\/\/etab.ac-reunion.fr\/clg-plateau-caillou\/wp-json\/wp\/v2\/pages\/1568\/revisions"}],"predecessor-version":[{"id":1601,"href":"https:\/\/etab.ac-reunion.fr\/clg-plateau-caillou\/wp-json\/wp\/v2\/pages\/1568\/revisions\/1601"}],"wp:attachment":[{"href":"https:\/\/etab.ac-reunion.fr\/clg-plateau-caillou\/wp-json\/wp\/v2\/media?parent=1568"}],"curies":[{"name":"wp","href":"https:\/\/api.w.org\/{rel}","templated":true}]}}