{"id":1739,"date":"2022-04-17T17:45:50","date_gmt":"2022-04-17T13:45:50","guid":{"rendered":"http:\/\/college-plateau-caillou.ac-reunion.fr\/?page_id=1739"},"modified":"2025-09-30T22:44:32","modified_gmt":"2025-09-30T18:44:32","slug":"les-5eme","status":"publish","type":"page","link":"https:\/\/etab.ac-reunion.fr\/clg-plateau-caillou\/les-5eme\/","title":{"rendered":"les 5\u00e8me"},"content":{"rendered":"<p>cette ann\u00e9e, la 3eme heure d\u2019EPS a \u00e9t\u00e9 globalis\u00e9e et annualis\u00e9e pour permettre aux \u00e9l\u00e8ves d\u2019acqu\u00e9rir les comp\u00e9tences du champs 2 des apprentissages gr\u00e2ce \u00e0 enseignement de la randonn\u00e9e<\/p>\n<h6><span id=\"page3R_mcid106\" class=\"markedContent\"><span dir=\"ltr\" role=\"presentation\">Adapter ses d\u00e9placem<\/span><\/span><span id=\"page3R_mcid107\" class=\"markedContent\"><span dir=\"ltr\" role=\"presentation\">ents \u00e0 des <\/span><\/span><span id=\"page3R_mcid108\" class=\"markedContent\"><span dir=\"ltr\" role=\"presentation\">environnements vari\u00e9s : <\/span><\/span><\/h6>\n<ol>\n<li><span id=\"page3R_mcid108\" class=\"markedContent\"><span dir=\"ltr\" role=\"presentation\">R\u00e9ussir un d\u00e9placement planifi\u00e9 dans un milieu naturel am\u00e9nag\u00e9 ou artificiellement recr\u00e9\u00e9 plus ou moins connu<\/span><\/span><\/li>\n<li><span dir=\"ltr\" role=\"presentation\"> G\u00e9rer ses ressources pour r\u00e9aliser en totalit\u00e9 un parcours s\u00e9curis\u00e9<\/span><\/li>\n<li><span dir=\"ltr\" role=\"presentation\"> Assurer la s\u00e9curit\u00e9 de son camarade<\/span><\/li>\n<li><span dir=\"ltr\" role=\"presentation\"> Respecter et faire respecter les r\u00e8gles de s\u00e9curit\u00e9<\/span><\/li>\n<\/ol>\n<hr \/>\n<h2 style=\"text-align: center\"><span style=\"color: #339966\">Ann\u00e9e 2025\/2026<\/span><\/h2>\n<p><span style=\"color: #339966\">Programmation<\/span> :<\/p>\n<ul>\n<li>sortie dans la savane pour aborder les points importants pour randonner<\/li>\n<li>randonn\u00e9e du coll\u00e8ge \u00e0 Boucan canot<\/li>\n<li>intervention de la SREPEN (<span style=\"color: #339966\">S<\/span>oci\u00e9t\u00e9 <span style=\"color: #339966\">R<\/span>\u00e9unionnnaise pour l\u2019<span style=\"color: #339966\">E<\/span>tude et la <span style=\"color: #339966\">P<\/span>rotection de L\u2019<span style=\"color: #339966\">EN<\/span>vironnement<\/li>\n<\/ul>\n<p>&nbsp;<\/p>\n<p><span style=\"color: #339966\">Septembre 2025 :<\/span><\/p>\n<p>la SREPEN est intervenu dans toutes les classes pour sensibiliser sur la menace que repr\u00e9sentent <strong>les esp\u00e8ces exotiques envahissantes \u00e0 La R\u00e9union :\u00a0<\/strong><\/p>\n<p>&nbsp;<\/p>\n<ul>\n<li><strong>Renforcement de la conscience \u00e9cologique<\/strong> : comprendre les effets \u00e0 long terme des esp\u00e8ces exotiques envahissantes sur les \u00e9cosyst\u00e8mes et pourquoi il est essentiel de les contr\u00f4ler. faire la distinction entre esp\u00e8ces indig\u00e8nes, end\u00e9miques, exotiques et envahissantes,<\/li>\n<li><strong>Prendre part \u00e0 la protection de son cadre de vie<\/strong> : En luttant contre les esp\u00e8ces exotiques envahissantes, vous contribuez directement \u00e0 la pr\u00e9servation des paysages et des habitats naturels de La R\u00e9union.<\/li>\n<li><strong>Pr\u00e9servation du patrimoine naturel<\/strong> : La biodiversit\u00e9 exceptionnelle de La R\u00e9union est un \u00e9l\u00e9ment essentiel de son patrimoine qu&rsquo;il faut sauvegarder pour les g\u00e9n\u00e9rations futures.<\/li>\n<\/ul>\n<p><a href=\"https:\/\/etab.ac-reunion.fr\/clg-plateau-caillou\/les-5eme\/img_20250930_093115\/\" rel=\"attachment wp-att-5206\"><img loading=\"lazy\" decoding=\"async\" class=\"wp-image-5206 aligncenter\" src=\"https:\/\/etab.ac-reunion.fr\/clg-plateau-caillou\/wp-content\/uploads\/sites\/103\/2025\/09\/IMG_20250930_093115-300x225.jpg\" alt=\"\" width=\"428\" height=\"321\" srcset=\"https:\/\/etab.ac-reunion.fr\/clg-plateau-caillou\/wp-content\/uploads\/sites\/103\/2025\/09\/IMG_20250930_093115-300x225.jpg 300w, https:\/\/etab.ac-reunion.fr\/clg-plateau-caillou\/wp-content\/uploads\/sites\/103\/2025\/09\/IMG_20250930_093115-1024x768.jpg 1024w, https:\/\/etab.ac-reunion.fr\/clg-plateau-caillou\/wp-content\/uploads\/sites\/103\/2025\/09\/IMG_20250930_093115-768x576.jpg 768w, https:\/\/etab.ac-reunion.fr\/clg-plateau-caillou\/wp-content\/uploads\/sites\/103\/2025\/09\/IMG_20250930_093115-1536x1152.jpg 1536w, https:\/\/etab.ac-reunion.fr\/clg-plateau-caillou\/wp-content\/uploads\/sites\/103\/2025\/09\/IMG_20250930_093115-2048x1536.jpg 2048w, https:\/\/etab.ac-reunion.fr\/clg-plateau-caillou\/wp-content\/uploads\/sites\/103\/2025\/09\/IMG_20250930_093115-150x113.jpg 150w\" sizes=\"auto, (max-width: 428px) 100vw, 428px\" \/><\/a><\/p>\n<div id=\"mceu_52\" class=\"wp-link-preview\"><a href=\"http:\/\/livret\" target=\"_blank\" rel=\"noopener\"><span style=\"color: #000000\">cliquer ici pour avoir le livret et d\u00e9couvrir les \u00e9tapes de la formation de l\u2019\u00eele, les fiches d\u2019identit\u00e9 de 10 invasives et de nombreuses pages de jeux <\/span><\/a><\/div>\n<p><a href=\"https:\/\/etab.ac-reunion.fr\/clg-plateau-caillou\/les-5eme\/img_20250930_093115\/\" rel=\"attachment wp-att-5206\">\u00a0 \u00a0 \u00a0<\/a><a href=\"https:\/\/etab.ac-reunion.fr\/clg-plateau-caillou\/les-5eme\/img_20250930_092343\/\" rel=\"attachment wp-att-5205\"> <img loading=\"lazy\" decoding=\"async\" class=\"alignnone size-medium wp-image-5205\" src=\"https:\/\/etab.ac-reunion.fr\/clg-plateau-caillou\/wp-content\/uploads\/sites\/103\/2025\/09\/IMG_20250930_092343-300x225.jpg\" alt=\"\" width=\"300\" height=\"225\" srcset=\"https:\/\/etab.ac-reunion.fr\/clg-plateau-caillou\/wp-content\/uploads\/sites\/103\/2025\/09\/IMG_20250930_092343-300x225.jpg 300w, https:\/\/etab.ac-reunion.fr\/clg-plateau-caillou\/wp-content\/uploads\/sites\/103\/2025\/09\/IMG_20250930_092343-1024x768.jpg 1024w, https:\/\/etab.ac-reunion.fr\/clg-plateau-caillou\/wp-content\/uploads\/sites\/103\/2025\/09\/IMG_20250930_092343-768x576.jpg 768w, https:\/\/etab.ac-reunion.fr\/clg-plateau-caillou\/wp-content\/uploads\/sites\/103\/2025\/09\/IMG_20250930_092343-1536x1152.jpg 1536w, https:\/\/etab.ac-reunion.fr\/clg-plateau-caillou\/wp-content\/uploads\/sites\/103\/2025\/09\/IMG_20250930_092343-2048x1536.jpg 2048w, https:\/\/etab.ac-reunion.fr\/clg-plateau-caillou\/wp-content\/uploads\/sites\/103\/2025\/09\/IMG_20250930_092343-150x113.jpg 150w\" sizes=\"auto, (max-width: 300px) 100vw, 300px\" \/><\/a> <a href=\"https:\/\/etab.ac-reunion.fr\/clg-plateau-caillou\/les-5eme\/img_20250930_092252\/\" rel=\"attachment wp-att-5204\"><img loading=\"lazy\" decoding=\"async\" class=\"alignnone size-medium wp-image-5204\" src=\"https:\/\/etab.ac-reunion.fr\/clg-plateau-caillou\/wp-content\/uploads\/sites\/103\/2025\/09\/IMG_20250930_092252-300x225.jpg\" alt=\"\" width=\"300\" height=\"225\" srcset=\"https:\/\/etab.ac-reunion.fr\/clg-plateau-caillou\/wp-content\/uploads\/sites\/103\/2025\/09\/IMG_20250930_092252-300x225.jpg 300w, https:\/\/etab.ac-reunion.fr\/clg-plateau-caillou\/wp-content\/uploads\/sites\/103\/2025\/09\/IMG_20250930_092252-1024x768.jpg 1024w, https:\/\/etab.ac-reunion.fr\/clg-plateau-caillou\/wp-content\/uploads\/sites\/103\/2025\/09\/IMG_20250930_092252-768x576.jpg 768w, https:\/\/etab.ac-reunion.fr\/clg-plateau-caillou\/wp-content\/uploads\/sites\/103\/2025\/09\/IMG_20250930_092252-1536x1152.jpg 1536w, https:\/\/etab.ac-reunion.fr\/clg-plateau-caillou\/wp-content\/uploads\/sites\/103\/2025\/09\/IMG_20250930_092252-2048x1536.jpg 2048w, https:\/\/etab.ac-reunion.fr\/clg-plateau-caillou\/wp-content\/uploads\/sites\/103\/2025\/09\/IMG_20250930_092252-150x113.jpg 150w\" sizes=\"auto, (max-width: 300px) 100vw, 300px\" \/><\/a> <a href=\"https:\/\/etab.ac-reunion.fr\/clg-plateau-caillou\/les-5eme\/img_20250930_092217\/\" rel=\"attachment wp-att-5203\"><img loading=\"lazy\" decoding=\"async\" class=\"alignnone size-medium wp-image-5203\" src=\"https:\/\/etab.ac-reunion.fr\/clg-plateau-caillou\/wp-content\/uploads\/sites\/103\/2025\/09\/IMG_20250930_092217-300x225.jpg\" alt=\"\" width=\"300\" height=\"225\" srcset=\"https:\/\/etab.ac-reunion.fr\/clg-plateau-caillou\/wp-content\/uploads\/sites\/103\/2025\/09\/IMG_20250930_092217-300x225.jpg 300w, https:\/\/etab.ac-reunion.fr\/clg-plateau-caillou\/wp-content\/uploads\/sites\/103\/2025\/09\/IMG_20250930_092217-1024x768.jpg 1024w, https:\/\/etab.ac-reunion.fr\/clg-plateau-caillou\/wp-content\/uploads\/sites\/103\/2025\/09\/IMG_20250930_092217-768x576.jpg 768w, https:\/\/etab.ac-reunion.fr\/clg-plateau-caillou\/wp-content\/uploads\/sites\/103\/2025\/09\/IMG_20250930_092217-1536x1152.jpg 1536w, https:\/\/etab.ac-reunion.fr\/clg-plateau-caillou\/wp-content\/uploads\/sites\/103\/2025\/09\/IMG_20250930_092217-2048x1536.jpg 2048w, https:\/\/etab.ac-reunion.fr\/clg-plateau-caillou\/wp-content\/uploads\/sites\/103\/2025\/09\/IMG_20250930_092217-150x113.jpg 150w\" sizes=\"auto, (max-width: 300px) 100vw, 300px\" \/><\/a> <a href=\"https:\/\/etab.ac-reunion.fr\/clg-plateau-caillou\/les-5eme\/img_20250930_092103\/\" rel=\"attachment wp-att-5202\"><img loading=\"lazy\" decoding=\"async\" class=\"alignnone size-medium wp-image-5202\" src=\"https:\/\/etab.ac-reunion.fr\/clg-plateau-caillou\/wp-content\/uploads\/sites\/103\/2025\/09\/IMG_20250930_092103-300x225.jpg\" alt=\"\" width=\"300\" height=\"225\" srcset=\"https:\/\/etab.ac-reunion.fr\/clg-plateau-caillou\/wp-content\/uploads\/sites\/103\/2025\/09\/IMG_20250930_092103-300x225.jpg 300w, https:\/\/etab.ac-reunion.fr\/clg-plateau-caillou\/wp-content\/uploads\/sites\/103\/2025\/09\/IMG_20250930_092103-1024x768.jpg 1024w, https:\/\/etab.ac-reunion.fr\/clg-plateau-caillou\/wp-content\/uploads\/sites\/103\/2025\/09\/IMG_20250930_092103-768x576.jpg 768w, https:\/\/etab.ac-reunion.fr\/clg-plateau-caillou\/wp-content\/uploads\/sites\/103\/2025\/09\/IMG_20250930_092103-1536x1152.jpg 1536w, https:\/\/etab.ac-reunion.fr\/clg-plateau-caillou\/wp-content\/uploads\/sites\/103\/2025\/09\/IMG_20250930_092103-2048x1536.jpg 2048w, https:\/\/etab.ac-reunion.fr\/clg-plateau-caillou\/wp-content\/uploads\/sites\/103\/2025\/09\/IMG_20250930_092103-150x113.jpg 150w\" sizes=\"auto, (max-width: 300px) 100vw, 300px\" \/><\/a> <a href=\"https:\/\/etab.ac-reunion.fr\/clg-plateau-caillou\/les-5eme\/img_20250930_091728\/\" rel=\"attachment wp-att-5201\"><img loading=\"lazy\" decoding=\"async\" class=\"alignnone size-medium wp-image-5201\" src=\"https:\/\/etab.ac-reunion.fr\/clg-plateau-caillou\/wp-content\/uploads\/sites\/103\/2025\/09\/IMG_20250930_091728-300x225.jpg\" alt=\"\" width=\"300\" height=\"225\" srcset=\"https:\/\/etab.ac-reunion.fr\/clg-plateau-caillou\/wp-content\/uploads\/sites\/103\/2025\/09\/IMG_20250930_091728-300x225.jpg 300w, https:\/\/etab.ac-reunion.fr\/clg-plateau-caillou\/wp-content\/uploads\/sites\/103\/2025\/09\/IMG_20250930_091728-1024x768.jpg 1024w, https:\/\/etab.ac-reunion.fr\/clg-plateau-caillou\/wp-content\/uploads\/sites\/103\/2025\/09\/IMG_20250930_091728-768x576.jpg 768w, https:\/\/etab.ac-reunion.fr\/clg-plateau-caillou\/wp-content\/uploads\/sites\/103\/2025\/09\/IMG_20250930_091728-1536x1152.jpg 1536w, https:\/\/etab.ac-reunion.fr\/clg-plateau-caillou\/wp-content\/uploads\/sites\/103\/2025\/09\/IMG_20250930_091728-2048x1536.jpg 2048w, https:\/\/etab.ac-reunion.fr\/clg-plateau-caillou\/wp-content\/uploads\/sites\/103\/2025\/09\/IMG_20250930_091728-150x113.jpg 150w\" sizes=\"auto, (max-width: 300px) 100vw, 300px\" \/><\/a> <a href=\"https:\/\/etab.ac-reunion.fr\/clg-plateau-caillou\/les-5eme\/img_20250930_084138\/\" rel=\"attachment wp-att-5200\"><img loading=\"lazy\" decoding=\"async\" class=\"alignnone size-medium wp-image-5200\" src=\"https:\/\/etab.ac-reunion.fr\/clg-plateau-caillou\/wp-content\/uploads\/sites\/103\/2025\/09\/IMG_20250930_084138-300x225.jpg\" alt=\"\" width=\"300\" height=\"225\" srcset=\"https:\/\/etab.ac-reunion.fr\/clg-plateau-caillou\/wp-content\/uploads\/sites\/103\/2025\/09\/IMG_20250930_084138-300x225.jpg 300w, https:\/\/etab.ac-reunion.fr\/clg-plateau-caillou\/wp-content\/uploads\/sites\/103\/2025\/09\/IMG_20250930_084138-1024x768.jpg 1024w, https:\/\/etab.ac-reunion.fr\/clg-plateau-caillou\/wp-content\/uploads\/sites\/103\/2025\/09\/IMG_20250930_084138-768x576.jpg 768w, https:\/\/etab.ac-reunion.fr\/clg-plateau-caillou\/wp-content\/uploads\/sites\/103\/2025\/09\/IMG_20250930_084138-1536x1152.jpg 1536w, https:\/\/etab.ac-reunion.fr\/clg-plateau-caillou\/wp-content\/uploads\/sites\/103\/2025\/09\/IMG_20250930_084138-2048x1536.jpg 2048w, https:\/\/etab.ac-reunion.fr\/clg-plateau-caillou\/wp-content\/uploads\/sites\/103\/2025\/09\/IMG_20250930_084138-150x113.jpg 150w\" sizes=\"auto, (max-width: 300px) 100vw, 300px\" \/><\/a> <a href=\"https:\/\/etab.ac-reunion.fr\/clg-plateau-caillou\/les-5eme\/img_20250930_080259\/\" rel=\"attachment wp-att-5199\"><img loading=\"lazy\" decoding=\"async\" class=\"alignnone size-medium wp-image-5199\" src=\"https:\/\/etab.ac-reunion.fr\/clg-plateau-caillou\/wp-content\/uploads\/sites\/103\/2025\/09\/IMG_20250930_080259-300x225.jpg\" alt=\"\" width=\"300\" height=\"225\" srcset=\"https:\/\/etab.ac-reunion.fr\/clg-plateau-caillou\/wp-content\/uploads\/sites\/103\/2025\/09\/IMG_20250930_080259-300x225.jpg 300w, https:\/\/etab.ac-reunion.fr\/clg-plateau-caillou\/wp-content\/uploads\/sites\/103\/2025\/09\/IMG_20250930_080259-1024x768.jpg 1024w, https:\/\/etab.ac-reunion.fr\/clg-plateau-caillou\/wp-content\/uploads\/sites\/103\/2025\/09\/IMG_20250930_080259-768x576.jpg 768w, https:\/\/etab.ac-reunion.fr\/clg-plateau-caillou\/wp-content\/uploads\/sites\/103\/2025\/09\/IMG_20250930_080259-1536x1152.jpg 1536w, https:\/\/etab.ac-reunion.fr\/clg-plateau-caillou\/wp-content\/uploads\/sites\/103\/2025\/09\/IMG_20250930_080259-2048x1536.jpg 2048w, https:\/\/etab.ac-reunion.fr\/clg-plateau-caillou\/wp-content\/uploads\/sites\/103\/2025\/09\/IMG_20250930_080259-150x113.jpg 150w\" sizes=\"auto, (max-width: 300px) 100vw, 300px\" \/><\/a> \u00a0<a href=\"https:\/\/etab.ac-reunion.fr\/clg-plateau-caillou\/les-5eme\/img_20250930_080228\/\" rel=\"attachment wp-att-5197\"><img loading=\"lazy\" decoding=\"async\" class=\"alignnone size-medium wp-image-5197\" src=\"https:\/\/etab.ac-reunion.fr\/clg-plateau-caillou\/wp-content\/uploads\/sites\/103\/2025\/09\/IMG_20250930_080228-300x225.jpg\" alt=\"\" width=\"300\" height=\"225\" srcset=\"https:\/\/etab.ac-reunion.fr\/clg-plateau-caillou\/wp-content\/uploads\/sites\/103\/2025\/09\/IMG_20250930_080228-300x225.jpg 300w, https:\/\/etab.ac-reunion.fr\/clg-plateau-caillou\/wp-content\/uploads\/sites\/103\/2025\/09\/IMG_20250930_080228-1024x768.jpg 1024w, https:\/\/etab.ac-reunion.fr\/clg-plateau-caillou\/wp-content\/uploads\/sites\/103\/2025\/09\/IMG_20250930_080228-768x576.jpg 768w, https:\/\/etab.ac-reunion.fr\/clg-plateau-caillou\/wp-content\/uploads\/sites\/103\/2025\/09\/IMG_20250930_080228-1536x1152.jpg 1536w, https:\/\/etab.ac-reunion.fr\/clg-plateau-caillou\/wp-content\/uploads\/sites\/103\/2025\/09\/IMG_20250930_080228-2048x1536.jpg 2048w, https:\/\/etab.ac-reunion.fr\/clg-plateau-caillou\/wp-content\/uploads\/sites\/103\/2025\/09\/IMG_20250930_080228-150x113.jpg 150w\" sizes=\"auto, (max-width: 300px) 100vw, 300px\" \/><\/a><\/p>\n<p>&nbsp;<\/p>\n<hr \/>\n<hr \/>\n<h2 style=\"text-align: center\"><span style=\"color: #339966\">Ann\u00e9e 2023\/2024<\/span><\/h2>\n<p>&nbsp;<\/p>\n<p><a href=\"https:\/\/etab.ac-reunion.fr\/clg-plateau-caillou\/eps\/as-randonnees-2\/img_20230427_125523\/\" rel=\"attachment wp-att-3127\"><img loading=\"lazy\" decoding=\"async\" class=\"alignnone size-medium wp-image-3127\" src=\"https:\/\/etab.ac-reunion.fr\/clg-plateau-caillou\/wp-content\/uploads\/sites\/103\/2023\/05\/IMG_20230427_125523-224x300.jpg\" alt=\"\" width=\"224\" height=\"300\" srcset=\"https:\/\/etab.ac-reunion.fr\/clg-plateau-caillou\/wp-content\/uploads\/sites\/103\/2023\/05\/IMG_20230427_125523-224x300.jpg 224w, https:\/\/etab.ac-reunion.fr\/clg-plateau-caillou\/wp-content\/uploads\/sites\/103\/2023\/05\/IMG_20230427_125523-766x1024.jpg 766w, https:\/\/etab.ac-reunion.fr\/clg-plateau-caillou\/wp-content\/uploads\/sites\/103\/2023\/05\/IMG_20230427_125523-768x1026.jpg 768w, https:\/\/etab.ac-reunion.fr\/clg-plateau-caillou\/wp-content\/uploads\/sites\/103\/2023\/05\/IMG_20230427_125523-1149x1536.jpg 1149w, https:\/\/etab.ac-reunion.fr\/clg-plateau-caillou\/wp-content\/uploads\/sites\/103\/2023\/05\/IMG_20230427_125523-1532x2048.jpg 1532w, https:\/\/etab.ac-reunion.fr\/clg-plateau-caillou\/wp-content\/uploads\/sites\/103\/2023\/05\/IMG_20230427_125523-112x150.jpg 112w, https:\/\/etab.ac-reunion.fr\/clg-plateau-caillou\/wp-content\/uploads\/sites\/103\/2023\/05\/IMG_20230427_125523-scaled.jpg 1916w\" sizes=\"auto, (max-width: 224px) 100vw, 224px\" \/><\/a><a href=\"https:\/\/etab.ac-reunion.fr\/clg-plateau-caillou\/association-sportive-as\/as-sport-sante\/img_3242\/\" rel=\"attachment wp-att-3035\"> \u00a0\u00a0 <img loading=\"lazy\" decoding=\"async\" class=\"alignnone size-medium wp-image-3035\" src=\"https:\/\/etab.ac-reunion.fr\/clg-plateau-caillou\/wp-content\/uploads\/sites\/103\/2023\/04\/IMG_3242-300x169.png\" alt=\"\" width=\"300\" height=\"169\" srcset=\"https:\/\/etab.ac-reunion.fr\/clg-plateau-caillou\/wp-content\/uploads\/sites\/103\/2023\/04\/IMG_3242-300x169.png 300w, https:\/\/etab.ac-reunion.fr\/clg-plateau-caillou\/wp-content\/uploads\/sites\/103\/2023\/04\/IMG_3242-1024x576.png 1024w, https:\/\/etab.ac-reunion.fr\/clg-plateau-caillou\/wp-content\/uploads\/sites\/103\/2023\/04\/IMG_3242-768x432.png 768w, https:\/\/etab.ac-reunion.fr\/clg-plateau-caillou\/wp-content\/uploads\/sites\/103\/2023\/04\/IMG_3242-150x84.png 150w, https:\/\/etab.ac-reunion.fr\/clg-plateau-caillou\/wp-content\/uploads\/sites\/103\/2023\/04\/IMG_3242.png 1334w\" sizes=\"auto, (max-width: 300px) 100vw, 300px\" \/>\u00a0\u00a0 <\/a><a href=\"https:\/\/etab.ac-reunion.fr\/clg-plateau-caillou\/association-sportive-as\/as-randonnees\/img_20221123_152836\/\" rel=\"attachment wp-att-2774\"><img loading=\"lazy\" decoding=\"async\" class=\"alignnone size-medium wp-image-2774\" src=\"https:\/\/etab.ac-reunion.fr\/clg-plateau-caillou\/wp-content\/uploads\/sites\/103\/2022\/11\/IMG_20221123_152836-224x300.jpg\" alt=\"\" width=\"224\" height=\"300\" srcset=\"https:\/\/etab.ac-reunion.fr\/clg-plateau-caillou\/wp-content\/uploads\/sites\/103\/2022\/11\/IMG_20221123_152836-224x300.jpg 224w, https:\/\/etab.ac-reunion.fr\/clg-plateau-caillou\/wp-content\/uploads\/sites\/103\/2022\/11\/IMG_20221123_152836-766x1024.jpg 766w, https:\/\/etab.ac-reunion.fr\/clg-plateau-caillou\/wp-content\/uploads\/sites\/103\/2022\/11\/IMG_20221123_152836-768x1026.jpg 768w, https:\/\/etab.ac-reunion.fr\/clg-plateau-caillou\/wp-content\/uploads\/sites\/103\/2022\/11\/IMG_20221123_152836-1149x1536.jpg 1149w, https:\/\/etab.ac-reunion.fr\/clg-plateau-caillou\/wp-content\/uploads\/sites\/103\/2022\/11\/IMG_20221123_152836-1532x2048.jpg 1532w, https:\/\/etab.ac-reunion.fr\/clg-plateau-caillou\/wp-content\/uploads\/sites\/103\/2022\/11\/IMG_20221123_152836-112x150.jpg 112w, https:\/\/etab.ac-reunion.fr\/clg-plateau-caillou\/wp-content\/uploads\/sites\/103\/2022\/11\/IMG_20221123_152836-scaled.jpg 1916w\" sizes=\"auto, (max-width: 224px) 100vw, 224px\" \/><\/a>\u00a0 <a href=\"https:\/\/etab.ac-reunion.fr\/clg-plateau-caillou\/eps\/as-randonnees-2\/img_20230415_120934\/\" rel=\"attachment wp-att-2959\"><img loading=\"lazy\" decoding=\"async\" class=\"alignnone size-medium wp-image-2959\" src=\"https:\/\/etab.ac-reunion.fr\/clg-plateau-caillou\/wp-content\/uploads\/sites\/103\/2023\/04\/IMG_20230415_120934-135x300.jpg\" alt=\"\" width=\"135\" height=\"300\" srcset=\"https:\/\/etab.ac-reunion.fr\/clg-plateau-caillou\/wp-content\/uploads\/sites\/103\/2023\/04\/IMG_20230415_120934-135x300.jpg 135w, https:\/\/etab.ac-reunion.fr\/clg-plateau-caillou\/wp-content\/uploads\/sites\/103\/2023\/04\/IMG_20230415_120934-461x1024.jpg 461w, https:\/\/etab.ac-reunion.fr\/clg-plateau-caillou\/wp-content\/uploads\/sites\/103\/2023\/04\/IMG_20230415_120934-768x1707.jpg 768w, https:\/\/etab.ac-reunion.fr\/clg-plateau-caillou\/wp-content\/uploads\/sites\/103\/2023\/04\/IMG_20230415_120934-691x1536.jpg 691w, https:\/\/etab.ac-reunion.fr\/clg-plateau-caillou\/wp-content\/uploads\/sites\/103\/2023\/04\/IMG_20230415_120934-922x2048.jpg 922w, https:\/\/etab.ac-reunion.fr\/clg-plateau-caillou\/wp-content\/uploads\/sites\/103\/2023\/04\/IMG_20230415_120934-68x150.jpg 68w, https:\/\/etab.ac-reunion.fr\/clg-plateau-caillou\/wp-content\/uploads\/sites\/103\/2023\/04\/IMG_20230415_120934-scaled.jpg 1152w\" sizes=\"auto, (max-width: 135px) 100vw, 135px\" \/><\/a> <a href=\"https:\/\/etab.ac-reunion.fr\/clg-plateau-caillou\/eps\/as-randonnees-2\/img_20230415_104656\/\" rel=\"attachment wp-att-2953\"><img loading=\"lazy\" decoding=\"async\" class=\"alignnone wp-image-2953\" src=\"https:\/\/etab.ac-reunion.fr\/clg-plateau-caillou\/wp-content\/uploads\/sites\/103\/2023\/04\/IMG_20230415_104656-300x135.jpg\" alt=\"\" width=\"353\" height=\"159\" srcset=\"https:\/\/etab.ac-reunion.fr\/clg-plateau-caillou\/wp-content\/uploads\/sites\/103\/2023\/04\/IMG_20230415_104656-300x135.jpg 300w, https:\/\/etab.ac-reunion.fr\/clg-plateau-caillou\/wp-content\/uploads\/sites\/103\/2023\/04\/IMG_20230415_104656-1024x461.jpg 1024w, https:\/\/etab.ac-reunion.fr\/clg-plateau-caillou\/wp-content\/uploads\/sites\/103\/2023\/04\/IMG_20230415_104656-768x346.jpg 768w, https:\/\/etab.ac-reunion.fr\/clg-plateau-caillou\/wp-content\/uploads\/sites\/103\/2023\/04\/IMG_20230415_104656-1536x691.jpg 1536w, https:\/\/etab.ac-reunion.fr\/clg-plateau-caillou\/wp-content\/uploads\/sites\/103\/2023\/04\/IMG_20230415_104656-2048x922.jpg 2048w, https:\/\/etab.ac-reunion.fr\/clg-plateau-caillou\/wp-content\/uploads\/sites\/103\/2023\/04\/IMG_20230415_104656-150x68.jpg 150w\" sizes=\"auto, (max-width: 353px) 100vw, 353px\" \/><\/a> <a href=\"https:\/\/etab.ac-reunion.fr\/clg-plateau-caillou\/eps\/as-randonnees-2\/img_20230415_093423\/\" rel=\"attachment wp-att-2946\"><img loading=\"lazy\" decoding=\"async\" class=\"alignnone size-medium wp-image-2946\" src=\"https:\/\/etab.ac-reunion.fr\/clg-plateau-caillou\/wp-content\/uploads\/sites\/103\/2023\/04\/IMG_20230415_093423-135x300.jpg\" alt=\"\" width=\"135\" height=\"300\" srcset=\"https:\/\/etab.ac-reunion.fr\/clg-plateau-caillou\/wp-content\/uploads\/sites\/103\/2023\/04\/IMG_20230415_093423-135x300.jpg 135w, https:\/\/etab.ac-reunion.fr\/clg-plateau-caillou\/wp-content\/uploads\/sites\/103\/2023\/04\/IMG_20230415_093423-461x1024.jpg 461w, https:\/\/etab.ac-reunion.fr\/clg-plateau-caillou\/wp-content\/uploads\/sites\/103\/2023\/04\/IMG_20230415_093423-768x1707.jpg 768w, https:\/\/etab.ac-reunion.fr\/clg-plateau-caillou\/wp-content\/uploads\/sites\/103\/2023\/04\/IMG_20230415_093423-691x1536.jpg 691w, https:\/\/etab.ac-reunion.fr\/clg-plateau-caillou\/wp-content\/uploads\/sites\/103\/2023\/04\/IMG_20230415_093423-922x2048.jpg 922w, https:\/\/etab.ac-reunion.fr\/clg-plateau-caillou\/wp-content\/uploads\/sites\/103\/2023\/04\/IMG_20230415_093423-68x150.jpg 68w, https:\/\/etab.ac-reunion.fr\/clg-plateau-caillou\/wp-content\/uploads\/sites\/103\/2023\/04\/IMG_20230415_093423-scaled.jpg 1152w\" sizes=\"auto, (max-width: 135px) 100vw, 135px\" \/><\/a>\u00a0 <a href=\"https:\/\/etab.ac-reunion.fr\/clg-plateau-caillou\/eps\/as-randonnees-2\/img_20230415_104101\/\" rel=\"attachment wp-att-2952\"><img loading=\"lazy\" decoding=\"async\" class=\"alignnone wp-image-2952\" src=\"https:\/\/etab.ac-reunion.fr\/clg-plateau-caillou\/wp-content\/uploads\/sites\/103\/2023\/04\/IMG_20230415_104101-300x135.jpg\" alt=\"\" width=\"431\" height=\"194\" srcset=\"https:\/\/etab.ac-reunion.fr\/clg-plateau-caillou\/wp-content\/uploads\/sites\/103\/2023\/04\/IMG_20230415_104101-300x135.jpg 300w, https:\/\/etab.ac-reunion.fr\/clg-plateau-caillou\/wp-content\/uploads\/sites\/103\/2023\/04\/IMG_20230415_104101-1024x461.jpg 1024w, https:\/\/etab.ac-reunion.fr\/clg-plateau-caillou\/wp-content\/uploads\/sites\/103\/2023\/04\/IMG_20230415_104101-768x346.jpg 768w, https:\/\/etab.ac-reunion.fr\/clg-plateau-caillou\/wp-content\/uploads\/sites\/103\/2023\/04\/IMG_20230415_104101-1536x691.jpg 1536w, https:\/\/etab.ac-reunion.fr\/clg-plateau-caillou\/wp-content\/uploads\/sites\/103\/2023\/04\/IMG_20230415_104101-2048x922.jpg 2048w, https:\/\/etab.ac-reunion.fr\/clg-plateau-caillou\/wp-content\/uploads\/sites\/103\/2023\/04\/IMG_20230415_104101-150x68.jpg 150w\" sizes=\"auto, (max-width: 431px) 100vw, 431px\" \/><\/a><\/p>\n<p><span style=\"text-decoration: underline;color: #ff0000\">calendrier pour les 501, 502, 503 <\/span>:<\/p>\n<p>le\u00a0 mardi 19 septembre : la savane, avec une th\u00e9matique sur l&rsquo;\u00e9cologie : les d\u00e9chets<\/p>\n<p>le samedi 4 novembre : bras patate, les makes<\/p>\n<p>le vendredi 1er d\u00e9cembre : ilet Alcipe<\/p>\n<p>le jeudi 2 mars : la glaci\u00e8re depuis le Ma\u00eedo<\/p>\n<p>&nbsp;<\/p>\n<p><span style=\"text-decoration: underline\"><span style=\"color: #ff0000;text-decoration: underline\">calendrier pour les 504, 505 : <\/span><\/span><\/p>\n","protected":false},"excerpt":{"rendered":"<p>cette ann\u00e9e, la 3eme heure d\u2019EPS a \u00e9t\u00e9 globalis\u00e9e et annualis\u00e9e pour permettre aux \u00e9l\u00e8ves d\u2019acqu\u00e9rir les comp\u00e9tences du champs 2 des apprentissages gr\u00e2ce \u00e0 enseignement de la randonn\u00e9e Adapter ses d\u00e9placements \u00e0 des environnements vari\u00e9s : R\u00e9ussir un d\u00e9placement planifi\u00e9 dans un milieu naturel am\u00e9nag\u00e9 ou artificiellement recr\u00e9\u00e9 plus&#8230;<\/p>\n<p> <a class=\"continue-reading-link\" href=\"https:\/\/etab.ac-reunion.fr\/clg-plateau-caillou\/les-5eme\/\"><span>Lire la suite<\/span><i class=\"crycon-right-dir\"><\/i><\/a> <\/p>\n","protected":false},"author":21366,"featured_media":0,"parent":0,"menu_order":0,"comment_status":"closed","ping_status":"closed","template":"","meta":{"footnotes":""},"class_list":["post-1739","page","type-page","status-publish","hentry"],"_links":{"self":[{"href":"https:\/\/etab.ac-reunion.fr\/clg-plateau-caillou\/wp-json\/wp\/v2\/pages\/1739","targetHints":{"allow":["GET"]}}],"collection":[{"href":"https:\/\/etab.ac-reunion.fr\/clg-plateau-caillou\/wp-json\/wp\/v2\/pages"}],"about":[{"href":"https:\/\/etab.ac-reunion.fr\/clg-plateau-caillou\/wp-json\/wp\/v2\/types\/page"}],"author":[{"embeddable":true,"href":"https:\/\/etab.ac-reunion.fr\/clg-plateau-caillou\/wp-json\/wp\/v2\/users\/21366"}],"replies":[{"embeddable":true,"href":"https:\/\/etab.ac-reunion.fr\/clg-plateau-caillou\/wp-json\/wp\/v2\/comments?post=1739"}],"version-history":[{"count":13,"href":"https:\/\/etab.ac-reunion.fr\/clg-plateau-caillou\/wp-json\/wp\/v2\/pages\/1739\/revisions"}],"predecessor-version":[{"id":5218,"href":"https:\/\/etab.ac-reunion.fr\/clg-plateau-caillou\/wp-json\/wp\/v2\/pages\/1739\/revisions\/5218"}],"wp:attachment":[{"href":"https:\/\/etab.ac-reunion.fr\/clg-plateau-caillou\/wp-json\/wp\/v2\/media?parent=1739"}],"curies":[{"name":"wp","href":"https:\/\/api.w.org\/{rel}","templated":true}]}}