{"id":1743,"date":"2022-04-17T17:46:19","date_gmt":"2022-04-17T13:46:19","guid":{"rendered":"http:\/\/college-plateau-caillou.ac-reunion.fr\/?page_id=1743"},"modified":"2022-04-17T18:30:58","modified_gmt":"2022-04-17T14:30:58","slug":"les-3eme","status":"publish","type":"page","link":"https:\/\/etab.ac-reunion.fr\/clg-plateau-caillou\/les-3eme\/","title":{"rendered":"les 3\u00e8me"},"content":{"rendered":"<p><span id=\"page109R_mcid57\" class=\"markedContent\"><span dir=\"ltr\" role=\"presentation\">\u00c0 l\u2019issue du cycle 4,\u00e0 la fin de\u00a0 la 3\u00e8me,\u00a0 la validation des comp\u00e9tences vis\u00e9es pendant le cycle dans chacun des champs d\u2019apprentissage <\/span><span dir=\"ltr\" role=\"presentation\">contribue \u00e0 attester la ma\u00eetrise du socle commun de connaissances, de comp\u00e9tences et de culture.<\/span><\/span><span id=\"page109R_mcid58\" class=\"markedContent\"><\/span><\/p>\n<h4 class=\"canvasWrapper\" style=\"text-align: center\"><span style=\"color: #ff00ff\">Domaines du socle<\/span><\/h4>\n<h6 class=\"canvasWrapper\"><span id=\"page111R_mcid5\" class=\"markedContent\" style=\"color: #ff00ff\"><span dir=\"ltr\" role=\"presentation\">D1 : D\u00e9velopper sa motricit\u00e9 et apprendre \u00e0 s\u2019exprimer avec son corps<\/span><\/span><span id=\"page111R_mcid8\" class=\"markedContent\"><br role=\"presentation\" \/><span dir=\"ltr\" role=\"presentation\">\u2022<\/span> <span dir=\"ltr\" role=\"presentation\">Acqu\u00e9rir des techniques sp\u00e9cifiques pour am\u00e9liorer son efficience.<\/span><\/span><span id=\"page111R_mcid12\" class=\"markedContent\"><br role=\"presentation\" \/><span dir=\"ltr\" role=\"presentation\">\u2022<\/span> <span dir=\"ltr\" role=\"presentation\">Communiquer des intentions et des \u00e9motions avec son corps devant un groupe.<\/span><\/span><span id=\"page111R_mcid16\" class=\"markedContent\"><br role=\"presentation\" \/><span dir=\"ltr\" role=\"presentation\">\u2022<\/span> <span dir=\"ltr\" role=\"presentation\">Verbaliser les \u00e9motions et sensations ressenties.<\/span><\/span><span id=\"page111R_mcid20\" class=\"markedContent\"><br role=\"presentation\" \/><span dir=\"ltr\" role=\"presentation\">\u2022<\/span> <span dir=\"ltr\" role=\"presentation\">Utiliser un vocabulaire adapt\u00e9 pour d\u00e9crire la motricit\u00e9 d\u2019autrui et la sienne.<\/span><\/span><span id=\"page111R_mcid23\" class=\"markedContent\"><br role=\"presentation\" \/><\/span><span id=\"page111R_mcid24\" class=\"markedContent\"><br role=\"presentation\" \/><span style=\"color: #ff00ff\"><span dir=\"ltr\" role=\"presentation\">D2 : S\u2019approprier seul ou \u00e0 plusieurs par la pratique, les<\/span> <span dir=\"ltr\" role=\"presentation\">m\u00e9thodes et outils pour apprendre<\/span><\/span><\/span><span id=\"page111R_mcid27\" class=\"markedContent\"><br role=\"presentation\" \/><span dir=\"ltr\" role=\"presentation\">\u2022<\/span> <span dir=\"ltr\" role=\"presentation\">Pr\u00e9parer-planifier-se repr\u00e9senter une action avant de la r\u00e9aliser.<\/span><\/span><span id=\"page111R_mcid31\" class=\"markedContent\"><br role=\"presentation\" \/><span dir=\"ltr\" role=\"presentation\">\u2022<\/span> <span dir=\"ltr\" role=\"presentation\">R\u00e9p\u00e9ter un geste sportif ou artistique pour le stabiliser et le rendre plus efficace.<\/span><\/span><span id=\"page111R_mcid35\" class=\"markedContent\"><br role=\"presentation\" \/><span dir=\"ltr\" role=\"presentation\">\u2022<\/span> <span dir=\"ltr\" role=\"presentation\">Construire et mettre en \u0153uvre des projets d\u2019apprentissage individuel ou collectif.<\/span><\/span><span id=\"page111R_mcid39\" class=\"markedContent\"><br role=\"presentation\" \/><span dir=\"ltr\" role=\"presentation\">\u2022<\/span> <span dir=\"ltr\" role=\"presentation\">Utiliser des outils num\u00e9riques pour analyser et \u00e9valuer ses actions et celles des autres<\/span><span dir=\"ltr\" role=\"presentation\">.<\/span><\/span><span id=\"page111R_mcid42\" class=\"markedContent\"><br role=\"presentation\" \/><\/span><span id=\"page111R_mcid43\" class=\"markedContent\"><br role=\"presentation\" \/><span dir=\"ltr\" style=\"color: #ff00ff\" role=\"presentation\">D3 : Partager des r\u00e8gles, assumer des r\u00f4les et des responsabilit\u00e9s<\/span><\/span><span id=\"page111R_mcid46\" class=\"markedContent\"><br role=\"presentation\" \/><span dir=\"ltr\" role=\"presentation\">\u2022<\/span> <span dir=\"ltr\" role=\"presentation\">Respecter, construire et faire respecter r\u00e8gles et r\u00e8glements.<\/span><\/span><span id=\"page111R_mcid50\" class=\"markedContent\"><br role=\"presentation\" \/><span dir=\"ltr\" role=\"presentation\">\u2022<\/span> <span dir=\"ltr\" role=\"presentation\">Accepter la d\u00e9faite et gagner avec modestie et simplicit\u00e9.<\/span><\/span><span id=\"page111R_mcid54\" class=\"markedContent\"><br role=\"presentation\" \/><span dir=\"ltr\" role=\"presentation\">\u2022<\/span> <span dir=\"ltr\" role=\"presentation\">Prendre et assumer des responsabilit\u00e9s au sein d\u2019un collectif pour r\u00e9aliser un projet ou remplir <\/span><span dir=\"ltr\" role=\"presentation\">un contrat.<\/span><\/span><span id=\"page111R_mcid58\" class=\"markedContent\"><br role=\"presentation\" \/><span dir=\"ltr\" role=\"presentation\">\u2022<\/span> <span dir=\"ltr\" role=\"presentation\">Agir avec et pour les autres, en prenant en compte les diff\u00e9rences.<\/span><\/span><span id=\"page111R_mcid61\" class=\"markedContent\"><br role=\"presentation\" \/><\/span><span id=\"page111R_mcid62\" class=\"markedContent\" style=\"color: #ff00ff\"><br role=\"presentation\" \/><span dir=\"ltr\" role=\"presentation\">D4 : Apprendre \u00e0 entretenir sa sant\u00e9 par un<\/span><span dir=\"ltr\" role=\"presentation\">e activit\u00e9 physique r\u00e9guli\u00e8re<\/span><span dir=\"ltr\" role=\"presentation\">, raisonn\u00e9e et raisonnable<\/span><\/span><span id=\"page111R_mcid65\" class=\"markedContent\"><br role=\"presentation\" \/><span dir=\"ltr\" role=\"presentation\">\u2022<\/span> <span dir=\"ltr\" role=\"presentation\">Conna\u00eetre les effets d\u2019une pratique physique r\u00e9guli\u00e8re sur son \u00e9tat de bien-\u00eatre et de sant\u00e9.<\/span><\/span><span id=\"page111R_mcid69\" class=\"markedContent\"><br role=\"presentation\" \/><span dir=\"ltr\" role=\"presentation\">\u2022<\/span> <span dir=\"ltr\" role=\"presentation\">Conna\u00eetre et utiliser des indicateurs objectifs pour caract\u00e9riser l\u2019effort physique.<\/span><\/span><span id=\"page111R_mcid73\" class=\"markedContent\"><br role=\"presentation\" \/><span dir=\"ltr\" role=\"presentation\">\u2022<\/span> <span dir=\"ltr\" role=\"presentation\">\u00c9valuer la quantit\u00e9 et qualit\u00e9 de son activit\u00e9 physique quotidienne dans et hors l\u2019\u00e9cole.<\/span><\/span><span id=\"page111R_mcid77\" class=\"markedContent\"><br role=\"presentation\" \/><span dir=\"ltr\" role=\"presentation\">\u2022<\/span> <span dir=\"ltr\" role=\"presentation\">Adapter l\u2019intensit\u00e9 de son engagement physique \u00e0 ses possibilit\u00e9s pour ne pas se mettre en <\/span><span dir=\"ltr\" role=\"presentation\">danger.<\/span><\/span><span id=\"page111R_mcid80\" class=\"markedContent\"><br role=\"presentation\" \/><\/span><span id=\"page111R_mcid81\" class=\"markedContent\" style=\"color: #ff00ff\"><br role=\"presentation\" \/><span dir=\"ltr\" role=\"presentation\">D5 : S\u2019approprier une culture physique sportive et artistique<\/span> <span dir=\"ltr\" role=\"presentation\">pour construire progress<\/span><span dir=\"ltr\" role=\"presentation\">ivement un regard<\/span><br role=\"presentation\" \/><span dir=\"ltr\" role=\"presentation\">lucide sur le monde contemporain<\/span><\/span><span id=\"page111R_mcid84\" class=\"markedContent\"><br role=\"presentation\" \/><span dir=\"ltr\" role=\"presentation\">\u2022<\/span> <span dir=\"ltr\" role=\"presentation\">S\u2019approprier, exploiter et savoir expliquer les principes d\u2019efficacit\u00e9 d\u2019un geste technique.<\/span><\/span><span id=\"page111R_mcid88\" class=\"markedContent\"><br role=\"presentation\" \/><span dir=\"ltr\" role=\"presentation\">\u2022<\/span> <span dir=\"ltr\" role=\"presentation\">Acqu\u00e9rir les bases d\u2019une attitude r\u00e9flexive et critique vis-\u00e0-vis du spectacle sportif.<\/span><\/span><span id=\"page111R_mcid92\" class=\"markedContent\"><br role=\"presentation\" \/><span dir=\"ltr\" role=\"presentation\">\u2022<\/span> <span dir=\"ltr\" role=\"presentation\">D\u00e9couvrir l\u2019impact des nouvelles technologies appliqu\u00e9es \u00e0 la pratique physique et sportive.<\/span><\/span><span id=\"page111R_mcid96\" class=\"markedContent\"><br role=\"presentation\" \/><span dir=\"ltr\" role=\"presentation\">\u2022<\/span> <span dir=\"ltr\" role=\"presentation\">Conna\u00eetre des \u00e9l\u00e9ments essentiels de l\u2019histoire des pratiques corporelles \u00e9clairant les activit\u00e9 <\/span><span dir=\"ltr\" role=\"presentation\">physiques contemporaines.<\/span><\/span><span id=\"page111R_mcid99\" class=\"markedContent\"><br role=\"presentation\" \/><\/span><\/h6>\n","protected":false},"excerpt":{"rendered":"<p>\u00c0 l\u2019issue du cycle 4,\u00e0 la fin de\u00a0 la 3\u00e8me,\u00a0 la validation des comp\u00e9tences vis\u00e9es pendant le cycle dans chacun des champs d\u2019apprentissage contribue \u00e0 attester la ma\u00eetrise du socle commun de connaissances, de comp\u00e9tences et de culture. Domaines du socle D1 : D\u00e9velopper sa motricit\u00e9 et apprendre \u00e0 s\u2019exprimer&#8230;<\/p>\n<p> <a class=\"continue-reading-link\" href=\"https:\/\/etab.ac-reunion.fr\/clg-plateau-caillou\/les-3eme\/\"><span>Lire la suite<\/span><i class=\"crycon-right-dir\"><\/i><\/a> <\/p>\n","protected":false},"author":21366,"featured_media":0,"parent":0,"menu_order":0,"comment_status":"closed","ping_status":"closed","template":"","meta":{"footnotes":""},"class_list":["post-1743","page","type-page","status-publish","hentry"],"_links":{"self":[{"href":"https:\/\/etab.ac-reunion.fr\/clg-plateau-caillou\/wp-json\/wp\/v2\/pages\/1743","targetHints":{"allow":["GET"]}}],"collection":[{"href":"https:\/\/etab.ac-reunion.fr\/clg-plateau-caillou\/wp-json\/wp\/v2\/pages"}],"about":[{"href":"https:\/\/etab.ac-reunion.fr\/clg-plateau-caillou\/wp-json\/wp\/v2\/types\/page"}],"author":[{"embeddable":true,"href":"https:\/\/etab.ac-reunion.fr\/clg-plateau-caillou\/wp-json\/wp\/v2\/users\/21366"}],"replies":[{"embeddable":true,"href":"https:\/\/etab.ac-reunion.fr\/clg-plateau-caillou\/wp-json\/wp\/v2\/comments?post=1743"}],"version-history":[{"count":4,"href":"https:\/\/etab.ac-reunion.fr\/clg-plateau-caillou\/wp-json\/wp\/v2\/pages\/1743\/revisions"}],"predecessor-version":[{"id":1754,"href":"https:\/\/etab.ac-reunion.fr\/clg-plateau-caillou\/wp-json\/wp\/v2\/pages\/1743\/revisions\/1754"}],"wp:attachment":[{"href":"https:\/\/etab.ac-reunion.fr\/clg-plateau-caillou\/wp-json\/wp\/v2\/media?parent=1743"}],"curies":[{"name":"wp","href":"https:\/\/api.w.org\/{rel}","templated":true}]}}