{"id":1870,"date":"2022-06-03T14:35:55","date_gmt":"2022-06-03T10:35:55","guid":{"rendered":"http:\/\/college-plateau-caillou.ac-reunion.fr\/?page_id=1870"},"modified":"2022-06-03T14:55:03","modified_gmt":"2022-06-03T10:55:03","slug":"proyecto-origen-del-flamenco","status":"publish","type":"page","link":"https:\/\/etab.ac-reunion.fr\/clg-plateau-caillou\/proyecto-origen-del-flamenco\/","title":{"rendered":"Proyecto : Origen del flamenco"},"content":{"rendered":"<h1 style=\"text-align: center\"><\/h1>\n<h1 style=\"text-align: center\"><strong>Origen del flamenco<\/strong><\/h1>\n<p style=\"text-align: center\">El origen del flamenco sigue siendo hoy un misterio. Sin embargo, la tradici\u00f3n de este arte se construy\u00f3 en Andaluc\u00eda, en el sur de Espa\u00f1a. Actualmente extendido por todo el mundo, el flamenco fue designado patrimonio cultural inmaterial de la humanidad en 2010.<\/p>\n<p style=\"text-align: center\">Baile flamenco o, m\u00e1s propiamente, FLAMENCO :<br \/>\nLa riqueza art\u00edstica del flamenco, que se pierde con el tiempo, lo convierte en una de las disciplinas art\u00edsticas m\u00e1s complejas. Disciplina art\u00edstica, porque no podemos hablar s\u00f3lo de baile flamenco. El baile flamenco forma parte de una trilog\u00eda indivisible: El baile, el cante y el toque (la guitarra).<br \/>\nSin la guitarra y el cante, el baile no podr\u00eda existir, por lo que el baile flamenco requiere un tipo de formaci\u00f3n especial, que pueda acercarse al arte en su multiplicidad. De hecho, no se puede limitar a un montaje coreogr\u00e1fico.<\/p>\n<h1 style=\"text-align: center\"><strong>Definici\u00f3n de \u00ab\u00a0flamenco\u00a0\u00bb<\/strong><\/h1>\n<p style=\"text-align: center\">El flamenco es un g\u00e9nero musical y un baile que data del siglo XVIII\u1d49 y que se baila solo, creado por el pueblo andaluz, basado en el folclore popular de las distintas culturas que florecer\u00e1n a lo largo de los siglos en Andaluc\u00eda.<br \/>\nEn su origen, el flamenco consist\u00eda en un simple cante a capela, establecido en el tri\u00e1ngulo formado por Triana (Sevilla), Jerez y C\u00e1diz.<\/p>\n<p style=\"text-align: center\">Las melod\u00edas del flamenco se enriquecieron con influencias musicales \u00e1rabes y jud\u00edas .<br \/>\nLos gitanos, una vez llegados a territorio andaluz, se apoderaron del flamenco y contribuyeron a darle su forma definitiva .<\/p>\n<p style=\"text-align: center\"><img loading=\"lazy\" decoding=\"async\" class=\"wp-image-1877 size-full aligncenter\" src=\"https:\/\/etab.ac-reunion.fr\/clg-plateau-caillou\/wp-content\/uploads\/sites\/103\/2022\/06\/flamenco1.png\" alt=\"\" width=\"1024\" height=\"768\" srcset=\"https:\/\/etab.ac-reunion.fr\/clg-plateau-caillou\/wp-content\/uploads\/sites\/103\/2022\/06\/flamenco1.png 1024w, https:\/\/etab.ac-reunion.fr\/clg-plateau-caillou\/wp-content\/uploads\/sites\/103\/2022\/06\/flamenco1-300x225.png 300w, https:\/\/etab.ac-reunion.fr\/clg-plateau-caillou\/wp-content\/uploads\/sites\/103\/2022\/06\/flamenco1-768x576.png 768w, https:\/\/etab.ac-reunion.fr\/clg-plateau-caillou\/wp-content\/uploads\/sites\/103\/2022\/06\/flamenco1-150x113.png 150w\" sizes=\"auto, (max-width: 1024px) 100vw, 1024px\" \/><img loading=\"lazy\" decoding=\"async\" class=\"wp-image-1874 size-full aligncenter\" src=\"https:\/\/etab.ac-reunion.fr\/clg-plateau-caillou\/wp-content\/uploads\/sites\/103\/2022\/06\/flamenco.png\" alt=\"\" width=\"1105\" height=\"650\" srcset=\"https:\/\/etab.ac-reunion.fr\/clg-plateau-caillou\/wp-content\/uploads\/sites\/103\/2022\/06\/flamenco.png 1105w, https:\/\/etab.ac-reunion.fr\/clg-plateau-caillou\/wp-content\/uploads\/sites\/103\/2022\/06\/flamenco-300x176.png 300w, https:\/\/etab.ac-reunion.fr\/clg-plateau-caillou\/wp-content\/uploads\/sites\/103\/2022\/06\/flamenco-1024x602.png 1024w, https:\/\/etab.ac-reunion.fr\/clg-plateau-caillou\/wp-content\/uploads\/sites\/103\/2022\/06\/flamenco-768x452.png 768w, https:\/\/etab.ac-reunion.fr\/clg-plateau-caillou\/wp-content\/uploads\/sites\/103\/2022\/06\/flamenco-150x88.png 150w\" sizes=\"auto, (max-width: 1105px) 100vw, 1105px\" \/><\/p>\n<h1><\/h1>\n<h1 style=\"text-align: center\"><strong>Los instrumentos<\/strong><\/h1>\n<p>&nbsp;<\/p>\n<p style=\"text-align: center\">Los instrumentos del flamenco son\u00a0:<br \/>\n&#8211; La guitarra<br \/>\n&#8211; Las casta\u00f1uelas<br \/>\n&#8211; El caj\u00f3n<br \/>\n&#8211; Las percusiones<br \/>\nLas percusiones en flamenco son las manos , permiten hacer palmas y pitos\u00a0.<br \/>\nPara dar m\u00e1s ritmo se utilizan tambi\u00e9n los \u00ab\u00a0zapateados\u00a0\u00bb<br \/>\nOtro instrumento\u00a0: el caj\u00f3n<br \/>\nCuando el cajonero se sienta encima de este instrumento se le da ritmo al cuerpo.<\/p>\n<p><img loading=\"lazy\" decoding=\"async\" class=\"wp-image-1879 size-full aligncenter\" src=\"https:\/\/etab.ac-reunion.fr\/clg-plateau-caillou\/wp-content\/uploads\/sites\/103\/2022\/06\/2.png\" alt=\"\" width=\"753\" height=\"431\" srcset=\"https:\/\/etab.ac-reunion.fr\/clg-plateau-caillou\/wp-content\/uploads\/sites\/103\/2022\/06\/2.png 753w, https:\/\/etab.ac-reunion.fr\/clg-plateau-caillou\/wp-content\/uploads\/sites\/103\/2022\/06\/2-300x172.png 300w, https:\/\/etab.ac-reunion.fr\/clg-plateau-caillou\/wp-content\/uploads\/sites\/103\/2022\/06\/2-150x86.png 150w\" sizes=\"auto, (max-width: 753px) 100vw, 753px\" \/><\/p>\n<p>&nbsp;<\/p>\n<p>&nbsp;<\/p>\n<h1 style=\"text-align: center\"><strong>El cante<\/strong><\/h1>\n<p>&nbsp;<\/p>\n<p style=\"text-align: center\">El cante flamenco es un cante andaluz de estilo gitano .<br \/>\nLa persona que lo interpreta es el \u00ab\u00a0cantaor \u00bb<br \/>\nfecha del siglo diecinueve.<br \/>\nLa letra del cante flamenco expresa tristeza sufrimiento , amor o felicidad \u2026<br \/>\nFue declarado Patrimonio Cultural de la Humanidad en 2010\u00a0.<\/p>\n<p><img loading=\"lazy\" decoding=\"async\" class=\"wp-image-1880 size-full aligncenter\" src=\"https:\/\/etab.ac-reunion.fr\/clg-plateau-caillou\/wp-content\/uploads\/sites\/103\/2022\/06\/3.png\" alt=\"\" width=\"507\" height=\"406\" srcset=\"https:\/\/etab.ac-reunion.fr\/clg-plateau-caillou\/wp-content\/uploads\/sites\/103\/2022\/06\/3.png 507w, https:\/\/etab.ac-reunion.fr\/clg-plateau-caillou\/wp-content\/uploads\/sites\/103\/2022\/06\/3-300x240.png 300w, https:\/\/etab.ac-reunion.fr\/clg-plateau-caillou\/wp-content\/uploads\/sites\/103\/2022\/06\/3-150x120.png 150w, https:\/\/etab.ac-reunion.fr\/clg-plateau-caillou\/wp-content\/uploads\/sites\/103\/2022\/06\/3-350x280.png 350w\" sizes=\"auto, (max-width: 507px) 100vw, 507px\" \/><\/p>\n<p>&nbsp;<\/p>\n<h1 style=\"text-align: center\"><strong>El baile<\/strong><\/h1>\n<p style=\"text-align: center\">El movimiento de los brazos, las manos y los dedos es esencial en el flamenco ya que da gracia y magia al baile\u00a0:<br \/>\nEl \u00ab\u00a0braceo\u00a0\u00bb consiste en mover de arriba hacia abajo por afuera del torso o tambi\u00e9n de abajo hacia arriba por el centro del cuerpo .<\/p>\n<p>El \u00ab\u00a0floreo\u00a0\u00bb es un movimiento de manos y dedos muy comun que consiste en mover los brazos y a la vez rotar de manera circular las mu\u00f1ecas mientras los dedos se abren y cierran como los p\u00e9talos de una flor .<\/p>\n<p>&nbsp;<\/p>\n<p style=\"text-align: center\">El t\u00e9rmino proviene del verbo espa\u00f1ol florear que significa florecer. En la danza flamenca, las manos y los dedos proponen figuras muy trabajadas y expresivas llamadas floreos1.<\/p>\n<p style=\"text-align: center\">Los movimientos de los brazos tambi\u00e9n acompa\u00f1an a estos juegos de manos y dedos, siendo los floreos diferentes seg\u00fan si los realiza un hombre o una mujer.<\/p>\n<p><img loading=\"lazy\" decoding=\"async\" class=\"wp-image-1881 size-full aligncenter\" src=\"https:\/\/etab.ac-reunion.fr\/clg-plateau-caillou\/wp-content\/uploads\/sites\/103\/2022\/06\/4.png\" alt=\"\" width=\"209\" height=\"314\" srcset=\"https:\/\/etab.ac-reunion.fr\/clg-plateau-caillou\/wp-content\/uploads\/sites\/103\/2022\/06\/4.png 209w, https:\/\/etab.ac-reunion.fr\/clg-plateau-caillou\/wp-content\/uploads\/sites\/103\/2022\/06\/4-200x300.png 200w, https:\/\/etab.ac-reunion.fr\/clg-plateau-caillou\/wp-content\/uploads\/sites\/103\/2022\/06\/4-100x150.png 100w\" sizes=\"auto, (max-width: 209px) 100vw, 209px\" \/><\/p>\n<p>&nbsp;<\/p>\n<p><img loading=\"lazy\" decoding=\"async\" class=\"aligncenter wp-image-1882 size-full\" src=\"https:\/\/etab.ac-reunion.fr\/clg-plateau-caillou\/wp-content\/uploads\/sites\/103\/2022\/06\/5.png\" alt=\"\" width=\"772\" height=\"395\" srcset=\"https:\/\/etab.ac-reunion.fr\/clg-plateau-caillou\/wp-content\/uploads\/sites\/103\/2022\/06\/5.png 772w, https:\/\/etab.ac-reunion.fr\/clg-plateau-caillou\/wp-content\/uploads\/sites\/103\/2022\/06\/5-300x153.png 300w, https:\/\/etab.ac-reunion.fr\/clg-plateau-caillou\/wp-content\/uploads\/sites\/103\/2022\/06\/5-768x393.png 768w, https:\/\/etab.ac-reunion.fr\/clg-plateau-caillou\/wp-content\/uploads\/sites\/103\/2022\/06\/5-150x77.png 150w\" sizes=\"auto, (max-width: 772px) 100vw, 772px\" \/><\/p>\n<p>&nbsp;<\/p>\n<p>&nbsp;<\/p>\n<h1 style=\"text-align: center\"><strong>Trajes tradicionales<\/strong><\/h1>\n<p>&nbsp;<\/p>\n<p style=\"text-align: center\">El origen de este aseo se remonta a finales del siglo XIX, cuando las vendedoras acud\u00edan a la feria de ganado s\u00f3lo vestidas con modestas chaquetas de percal que adornaban con volantes para esta ocasi\u00f3n festiva. Posteriormente, las clases poseedoras y los habitantes de la ciudad copiaron la ropa de estas campesinas.<\/p>\n<p>&nbsp;<\/p>\n<p><img loading=\"lazy\" decoding=\"async\" class=\"aligncenter wp-image-1883 size-full\" src=\"https:\/\/etab.ac-reunion.fr\/clg-plateau-caillou\/wp-content\/uploads\/sites\/103\/2022\/06\/6.png\" alt=\"\" width=\"792\" height=\"436\" srcset=\"https:\/\/etab.ac-reunion.fr\/clg-plateau-caillou\/wp-content\/uploads\/sites\/103\/2022\/06\/6.png 792w, https:\/\/etab.ac-reunion.fr\/clg-plateau-caillou\/wp-content\/uploads\/sites\/103\/2022\/06\/6-300x165.png 300w, https:\/\/etab.ac-reunion.fr\/clg-plateau-caillou\/wp-content\/uploads\/sites\/103\/2022\/06\/6-768x423.png 768w, https:\/\/etab.ac-reunion.fr\/clg-plateau-caillou\/wp-content\/uploads\/sites\/103\/2022\/06\/6-150x83.png 150w\" sizes=\"auto, (max-width: 792px) 100vw, 792px\" \/><\/p>\n<p>&nbsp;<\/p>\n<p style=\"text-align: center\"><strong>PDF complet : <a href=\"https:\/\/etab.ac-reunion.fr\/clg-plateau-caillou\/wp-content\/uploads\/sites\/103\/2022\/06\/proyecto-final-powerpoint.pdf\">proyecto final powerpoint<\/a><\/strong><\/p>\n<p>&nbsp;<\/p>\n","protected":false},"excerpt":{"rendered":"<p>Origen del flamenco El origen del flamenco sigue siendo hoy un misterio. Sin embargo, la tradici\u00f3n de este arte se construy\u00f3 en Andaluc\u00eda, en el sur de Espa\u00f1a. Actualmente extendido por todo el mundo, el flamenco fue designado patrimonio cultural inmaterial de la humanidad en 2010. Baile flamenco o, m\u00e1s&#8230;<\/p>\n<p> <a class=\"continue-reading-link\" href=\"https:\/\/etab.ac-reunion.fr\/clg-plateau-caillou\/proyecto-origen-del-flamenco\/\"><span>Lire la suite<\/span><i class=\"crycon-right-dir\"><\/i><\/a> <\/p>\n","protected":false},"author":30394,"featured_media":0,"parent":0,"menu_order":0,"comment_status":"closed","ping_status":"closed","template":"","meta":{"footnotes":""},"class_list":["post-1870","page","type-page","status-publish","hentry"],"_links":{"self":[{"href":"https:\/\/etab.ac-reunion.fr\/clg-plateau-caillou\/wp-json\/wp\/v2\/pages\/1870","targetHints":{"allow":["GET"]}}],"collection":[{"href":"https:\/\/etab.ac-reunion.fr\/clg-plateau-caillou\/wp-json\/wp\/v2\/pages"}],"about":[{"href":"https:\/\/etab.ac-reunion.fr\/clg-plateau-caillou\/wp-json\/wp\/v2\/types\/page"}],"author":[{"embeddable":true,"href":"https:\/\/etab.ac-reunion.fr\/clg-plateau-caillou\/wp-json\/wp\/v2\/users\/30394"}],"replies":[{"embeddable":true,"href":"https:\/\/etab.ac-reunion.fr\/clg-plateau-caillou\/wp-json\/wp\/v2\/comments?post=1870"}],"version-history":[{"count":12,"href":"https:\/\/etab.ac-reunion.fr\/clg-plateau-caillou\/wp-json\/wp\/v2\/pages\/1870\/revisions"}],"predecessor-version":[{"id":1892,"href":"https:\/\/etab.ac-reunion.fr\/clg-plateau-caillou\/wp-json\/wp\/v2\/pages\/1870\/revisions\/1892"}],"wp:attachment":[{"href":"https:\/\/etab.ac-reunion.fr\/clg-plateau-caillou\/wp-json\/wp\/v2\/media?parent=1870"}],"curies":[{"name":"wp","href":"https:\/\/api.w.org\/{rel}","templated":true}]}}