{"id":2193,"date":"2022-09-29T11:30:39","date_gmt":"2022-09-29T07:30:39","guid":{"rendered":"https:\/\/etab.ac-reunion.fr\/clg-plateau-caillou\/?page_id=2193"},"modified":"2023-11-04T01:44:30","modified_gmt":"2023-11-03T21:44:30","slug":"as-natation","status":"publish","type":"page","link":"https:\/\/etab.ac-reunion.fr\/clg-plateau-caillou\/association-sportive-as\/as-natation\/","title":{"rendered":"AS-Natation"},"content":{"rendered":"<h4><a href=\"https:\/\/etab.ac-reunion.fr\/clg-plateau-caillou\/association-sportive-as\/as-futsal\/natation1\/\" rel=\"attachment wp-att-3528\"><img loading=\"lazy\" decoding=\"async\" class=\" wp-image-3528 alignnone\" src=\"https:\/\/etab.ac-reunion.fr\/clg-plateau-caillou\/wp-content\/uploads\/sites\/103\/2023\/11\/natation1.jpg\" alt=\"\" width=\"272\" height=\"151\" srcset=\"https:\/\/etab.ac-reunion.fr\/clg-plateau-caillou\/wp-content\/uploads\/sites\/103\/2023\/11\/natation1.jpg 301w, https:\/\/etab.ac-reunion.fr\/clg-plateau-caillou\/wp-content\/uploads\/sites\/103\/2023\/11\/natation1-150x83.jpg 150w\" sizes=\"auto, (max-width: 272px) 100vw, 272px\" \/><\/a> <span style=\"color: #ff9900\">Calendrier NATATION\u00a0 <a href=\"https:\/\/etab.ac-reunion.fr\/clg-plateau-caillou\/association-sportive-as\/as-futsal\/natation\/\" rel=\"attachment wp-att-3527\"><img loading=\"lazy\" decoding=\"async\" class=\"alignnone size-medium wp-image-3527\" src=\"https:\/\/etab.ac-reunion.fr\/clg-plateau-caillou\/wp-content\/uploads\/sites\/103\/2023\/11\/natation-300x158.jpg\" alt=\"\" width=\"300\" height=\"158\" srcset=\"https:\/\/etab.ac-reunion.fr\/clg-plateau-caillou\/wp-content\/uploads\/sites\/103\/2023\/11\/natation-300x158.jpg 300w, https:\/\/etab.ac-reunion.fr\/clg-plateau-caillou\/wp-content\/uploads\/sites\/103\/2023\/11\/natation-150x79.jpg 150w, https:\/\/etab.ac-reunion.fr\/clg-plateau-caillou\/wp-content\/uploads\/sites\/103\/2023\/11\/natation.jpg 310w\" sizes=\"auto, (max-width: 300px) 100vw, 300px\" \/><\/a><\/span><\/h4>\n<p>&nbsp;<\/p>\n<p>&nbsp;<\/p>\n<p>11 octobre : Initiation plong\u00e9e bouteille<br \/>\n22 novembre : Sortie lagon pour les d\u00e9butants<br \/>\n13 d\u00e9cembre : Championnat district de natation<br \/>\n31 janvier : Championnat acad\u00e9mique de natation<br \/>\n27 mars : Championnat de France de natation (pour les \u00e9l\u00e8ves qualifi\u00e9s)<br \/>\n3 avril :Comp\u00e9tition \u201csprint rapido\u00a0\u00bb<br \/>\n17 avril :Sortie lagon pour les nageurs confirm\u00e9s<br \/>\n24 avril : Initiation plong\u00e9e bouteille<br \/>\n6 et 13 juin : Passage des brevets de natation<\/p>\n<p>&nbsp;<\/p>\n<p>&nbsp;<\/p>\n<p><span style=\"color: #ff6600\">calendrier d\u00e9taill\u00e9 dans la pi\u00e8ce jointe ci dessous<\/span> :<\/p>\n<p><a href=\"https:\/\/etab.ac-reunion.fr\/clg-plateau-caillou\/association-sportive-as\/as-natation\/calendrier-natation-unss-2023-2024-1\/\" rel=\"attachment wp-att-3618\">Calendrier natation UNSS 2023-2024-1<\/a><\/p>\n<p>&nbsp;<\/p>\n","protected":false},"excerpt":{"rendered":"<p>Calendrier NATATION\u00a0 &nbsp; &nbsp; 11 octobre : Initiation plong\u00e9e bouteille 22 novembre : Sortie lagon pour les d\u00e9butants 13 d\u00e9cembre : Championnat district de natation 31 janvier : Championnat acad\u00e9mique de natation 27 mars : Championnat de France de natation (pour les \u00e9l\u00e8ves qualifi\u00e9s) 3 avril :Comp\u00e9tition \u201csprint rapido\u00a0\u00bb 17&#8230;<\/p>\n<p> <a class=\"continue-reading-link\" href=\"https:\/\/etab.ac-reunion.fr\/clg-plateau-caillou\/association-sportive-as\/as-natation\/\"><span>Lire la suite<\/span><i class=\"crycon-right-dir\"><\/i><\/a> <\/p>\n","protected":false},"author":7283,"featured_media":0,"parent":1422,"menu_order":0,"comment_status":"closed","ping_status":"closed","template":"","meta":{"footnotes":""},"class_list":["post-2193","page","type-page","status-publish","hentry"],"_links":{"self":[{"href":"https:\/\/etab.ac-reunion.fr\/clg-plateau-caillou\/wp-json\/wp\/v2\/pages\/2193","targetHints":{"allow":["GET"]}}],"collection":[{"href":"https:\/\/etab.ac-reunion.fr\/clg-plateau-caillou\/wp-json\/wp\/v2\/pages"}],"about":[{"href":"https:\/\/etab.ac-reunion.fr\/clg-plateau-caillou\/wp-json\/wp\/v2\/types\/page"}],"author":[{"embeddable":true,"href":"https:\/\/etab.ac-reunion.fr\/clg-plateau-caillou\/wp-json\/wp\/v2\/users\/7283"}],"replies":[{"embeddable":true,"href":"https:\/\/etab.ac-reunion.fr\/clg-plateau-caillou\/wp-json\/wp\/v2\/comments?post=2193"}],"version-history":[{"count":6,"href":"https:\/\/etab.ac-reunion.fr\/clg-plateau-caillou\/wp-json\/wp\/v2\/pages\/2193\/revisions"}],"predecessor-version":[{"id":3619,"href":"https:\/\/etab.ac-reunion.fr\/clg-plateau-caillou\/wp-json\/wp\/v2\/pages\/2193\/revisions\/3619"}],"up":[{"embeddable":true,"href":"https:\/\/etab.ac-reunion.fr\/clg-plateau-caillou\/wp-json\/wp\/v2\/pages\/1422"}],"wp:attachment":[{"href":"https:\/\/etab.ac-reunion.fr\/clg-plateau-caillou\/wp-json\/wp\/v2\/media?parent=2193"}],"curies":[{"name":"wp","href":"https:\/\/api.w.org\/{rel}","templated":true}]}}