{"id":2229,"date":"2022-10-07T12:48:35","date_gmt":"2022-10-07T08:48:35","guid":{"rendered":"https:\/\/etab.ac-reunion.fr\/clg-plateau-caillou\/?page_id=2229"},"modified":"2023-04-25T11:29:14","modified_gmt":"2023-04-25T07:29:14","slug":"orientation","status":"publish","type":"page","link":"https:\/\/etab.ac-reunion.fr\/clg-plateau-caillou\/orientation\/","title":{"rendered":"ORIENTATION"},"content":{"rendered":"<p style=\"text-align: center\"><strong>INFORMATION AUX FAMILLES : LA CLASSE\u00a0 \u00abPREPA-METIERS \u00bb (Rentr\u00e9e 2023)\u00a0\u00a0<\/strong><\/p>\n<p style=\"text-align: justify\">La classe de 3\u00b0 \u00abPr\u00e9pa-m\u00e9tiers\u00bb est ouverte chaque ann\u00e9e au coll\u00e8ge Plateau Caillou et accueille 24 \u00e9l\u00e8ves.<\/p>\n<p style=\"text-align: justify\">Elle permet aux \u00e9l\u00e8ves d\u2019\u00eatre accompagn\u00e9s dans la construction de leur projet d\u2019orientation, en particulier vers la voie professionnelle. L\u2019accent est mis sur la d\u00e9couverte des m\u00e9tiers et des formations avec, notamment, des stages en milieu professionnel. Les \u00e9l\u00e8ves pr\u00e9parent le DNB (professionnel) et \u00e9ventuellement le CFG (Certificat de Formation Professionnelle). Int\u00e9grer cette classe permet d\u2019obtenir des points suppl\u00e9mentaires pour le DNB.<\/p>\n<p style=\"text-align: justify\">Particularit\u00e9s : 180 heures ann\u00e9e sont consacr\u00e9es \u00e0 la d\u00e9couverte professionnelle. S\u2019ajoutent 2 stages de 2 semaines d\u2019observation en entreprise, ainsi que des s\u00e9quences d\u2019immersion les mercredis matins dans les lyc\u00e9es professionnels de l\u2019ouest de l\u2019\u00eele afin de d\u00e9couvrir les fili\u00e8res professionnelles.<\/p>\n<p>Comment postuler : Les \u00e9l\u00e8ves et leurs familles signalent leur souhait de postuler aupr\u00e8s du professeur principal de la classe de 4\u00b0 (mot dans le carnet sign\u00e9 des parents). Cette orientation a \u00e9t\u00e9 \u00e9voqu\u00e9e comme une possibilit\u00e9 lors des conseils de classe pour certains \u00e9l\u00e8ves. <strong>Un dossier \u00e0 compl\u00e9ter sera remis aux \u00e9l\u00e8ves postulants<\/strong> mi -mai. Mesurer la motivation des \u00e9l\u00e8ves est indispensable et constitue un \u00e9l\u00e9ment important dans le cadre du recrutement des candidats. <strong>La commission \u00ab Pr\u00e9pa-m\u00e9tiers \u00bbse r\u00e9unira au <\/strong><strong>coll\u00e8ge durant la semaine du 19\/6\/23.<\/strong><\/p>\n","protected":false},"excerpt":{"rendered":"<p>INFORMATION AUX FAMILLES : LA CLASSE\u00a0 \u00abPREPA-METIERS \u00bb (Rentr\u00e9e 2023)\u00a0\u00a0 La classe de 3\u00b0 \u00abPr\u00e9pa-m\u00e9tiers\u00bb est ouverte chaque ann\u00e9e au coll\u00e8ge Plateau Caillou et accueille 24 \u00e9l\u00e8ves. Elle permet aux \u00e9l\u00e8ves d\u2019\u00eatre accompagn\u00e9s dans la construction de leur projet d\u2019orientation, en particulier vers la voie professionnelle. L\u2019accent est mis sur&#8230;<\/p>\n<p> <a class=\"continue-reading-link\" href=\"https:\/\/etab.ac-reunion.fr\/clg-plateau-caillou\/orientation\/\"><span>Lire la suite<\/span><i class=\"crycon-right-dir\"><\/i><\/a> <\/p>\n","protected":false},"author":7283,"featured_media":0,"parent":0,"menu_order":0,"comment_status":"closed","ping_status":"closed","template":"","meta":{"footnotes":""},"class_list":["post-2229","page","type-page","status-publish","hentry"],"_links":{"self":[{"href":"https:\/\/etab.ac-reunion.fr\/clg-plateau-caillou\/wp-json\/wp\/v2\/pages\/2229","targetHints":{"allow":["GET"]}}],"collection":[{"href":"https:\/\/etab.ac-reunion.fr\/clg-plateau-caillou\/wp-json\/wp\/v2\/pages"}],"about":[{"href":"https:\/\/etab.ac-reunion.fr\/clg-plateau-caillou\/wp-json\/wp\/v2\/types\/page"}],"author":[{"embeddable":true,"href":"https:\/\/etab.ac-reunion.fr\/clg-plateau-caillou\/wp-json\/wp\/v2\/users\/7283"}],"replies":[{"embeddable":true,"href":"https:\/\/etab.ac-reunion.fr\/clg-plateau-caillou\/wp-json\/wp\/v2\/comments?post=2229"}],"version-history":[{"count":3,"href":"https:\/\/etab.ac-reunion.fr\/clg-plateau-caillou\/wp-json\/wp\/v2\/pages\/2229\/revisions"}],"predecessor-version":[{"id":3030,"href":"https:\/\/etab.ac-reunion.fr\/clg-plateau-caillou\/wp-json\/wp\/v2\/pages\/2229\/revisions\/3030"}],"wp:attachment":[{"href":"https:\/\/etab.ac-reunion.fr\/clg-plateau-caillou\/wp-json\/wp\/v2\/media?parent=2229"}],"curies":[{"name":"wp","href":"https:\/\/api.w.org\/{rel}","templated":true}]}}