{"id":2231,"date":"2022-10-07T12:51:48","date_gmt":"2022-10-07T08:51:48","guid":{"rendered":"https:\/\/etab.ac-reunion.fr\/clg-plateau-caillou\/?page_id=2231"},"modified":"2022-10-07T12:51:48","modified_gmt":"2022-10-07T08:51:48","slug":"cordees-de-la-reussite","status":"publish","type":"page","link":"https:\/\/etab.ac-reunion.fr\/clg-plateau-caillou\/cordees-de-la-reussite\/","title":{"rendered":"CORD\u00c9ES DE LA R\u00c9USSITE"},"content":{"rendered":"<p>Le coll\u00e8ge de Plateau Caillou est, pour la deuxi\u00e8me ann\u00e9e cons\u00e9cutive, encord\u00e9 avec le Lyc\u00e9e Jean Hinglo au Port, dans le cadre de la cord\u00e9e de la r\u00e9ussite \u00ab\u00a0m\u00e9tiers cr\u00e9atifs, m\u00e9tiers d&rsquo;avenir\u00a0\u00bb. Cette ann\u00e9e, au moins, 3 actions seront mises en place avec des \u00e9l\u00e8ves de 4\u00b0 et de 3\u00b0, volontaires et rep\u00e9r\u00e9s par leur professeur principal. L&rsquo;objectif de ces actions sera de participer \u00e0 l&rsquo;\u00e9ducation \u00e0 l&rsquo;orientation de nos \u00e9l\u00e8ves.<\/p>\n<p>Vous pourrez en savoir plus en suivant le lien internet du Lyc\u00e9e Jean Hinglo :<br \/>\n<a href=\"https:\/\/etab.ac-reunion.fr\/lyc-jean-hinglo\/2022\/09\/09\/inscriptions-cordee-de-la-reussite-metiers-creatifs-metiers-davenir-2\/\">https:\/\/etab.ac-reunion.fr\/lyc-jean-hinglo\/2022\/09\/09\/inscriptions-cordee-de-la-reussite-metiers-creatifs-metiers-davenir-2\/<\/a><\/p>\n<p>Mme ALBANY, R\u00e9f\u00e9rente cord\u00e9es de la r\u00e9ussite au coll\u00e8ge de plateau caillou<\/p>\n","protected":false},"excerpt":{"rendered":"<p>Le coll\u00e8ge de Plateau Caillou est, pour la deuxi\u00e8me ann\u00e9e cons\u00e9cutive, encord\u00e9 avec le Lyc\u00e9e Jean Hinglo au Port, dans le cadre de la cord\u00e9e de la r\u00e9ussite \u00ab\u00a0m\u00e9tiers cr\u00e9atifs, m\u00e9tiers d&rsquo;avenir\u00a0\u00bb. Cette ann\u00e9e, au moins, 3 actions seront mises en place avec des \u00e9l\u00e8ves de 4\u00b0 et de 3\u00b0,&#8230;<\/p>\n<p> <a class=\"continue-reading-link\" href=\"https:\/\/etab.ac-reunion.fr\/clg-plateau-caillou\/cordees-de-la-reussite\/\"><span>Lire la suite<\/span><i class=\"crycon-right-dir\"><\/i><\/a> <\/p>\n","protected":false},"author":7283,"featured_media":0,"parent":0,"menu_order":0,"comment_status":"closed","ping_status":"closed","template":"","meta":{"footnotes":""},"class_list":["post-2231","page","type-page","status-publish","hentry"],"_links":{"self":[{"href":"https:\/\/etab.ac-reunion.fr\/clg-plateau-caillou\/wp-json\/wp\/v2\/pages\/2231","targetHints":{"allow":["GET"]}}],"collection":[{"href":"https:\/\/etab.ac-reunion.fr\/clg-plateau-caillou\/wp-json\/wp\/v2\/pages"}],"about":[{"href":"https:\/\/etab.ac-reunion.fr\/clg-plateau-caillou\/wp-json\/wp\/v2\/types\/page"}],"author":[{"embeddable":true,"href":"https:\/\/etab.ac-reunion.fr\/clg-plateau-caillou\/wp-json\/wp\/v2\/users\/7283"}],"replies":[{"embeddable":true,"href":"https:\/\/etab.ac-reunion.fr\/clg-plateau-caillou\/wp-json\/wp\/v2\/comments?post=2231"}],"version-history":[{"count":1,"href":"https:\/\/etab.ac-reunion.fr\/clg-plateau-caillou\/wp-json\/wp\/v2\/pages\/2231\/revisions"}],"predecessor-version":[{"id":2232,"href":"https:\/\/etab.ac-reunion.fr\/clg-plateau-caillou\/wp-json\/wp\/v2\/pages\/2231\/revisions\/2232"}],"wp:attachment":[{"href":"https:\/\/etab.ac-reunion.fr\/clg-plateau-caillou\/wp-json\/wp\/v2\/media?parent=2231"}],"curies":[{"name":"wp","href":"https:\/\/api.w.org\/{rel}","templated":true}]}}