{"id":2307,"date":"2022-10-31T10:52:51","date_gmt":"2022-10-31T06:52:51","guid":{"rendered":"https:\/\/etab.ac-reunion.fr\/clg-plateau-caillou\/?page_id=2307"},"modified":"2022-10-31T11:24:42","modified_gmt":"2022-10-31T07:24:42","slug":"nos-conocemos","status":"publish","type":"page","link":"https:\/\/etab.ac-reunion.fr\/clg-plateau-caillou\/nos-conocemos\/","title":{"rendered":"\u00a1 Nos conocemos\u00a0!"},"content":{"rendered":"<p style=\"text-align: left\"><em><strong>\u00a1Nos <\/strong><\/em><em><strong>conocemos<\/strong><\/em>\u00a0!<\/p>\n<p style=\"text-align: left\">La clase de 3\u00e8me bi-langue ha realizado\u00a0unos\u00a0v\u00eddeos para hablar de sus compa\u00f1eros y amigos.<\/p>\n<p style=\"text-align: left\">Hoy, Ma\u00eblys\u00a0presenta a su compa\u00f1ero de clase. \u00bfQuieres\u00a0descubrir\u00a0qui\u00e9n es, qu\u00e9 le gusta y con qu\u00e9\u00a0sue\u00f1a\u00a0? \u00a1Ve el v\u064e\u00eddeo\u00a0!<\/p>\n<p style=\"text-align: left\"><em><strong>Nous nous connaissons\u00a0!<\/strong><\/em><\/p>\n<p style=\"text-align: left\">La classe de 3\u00e8me bi-langue a r\u00e9alis\u00e9 quelques vid\u00e9os pour parler de leurs camarades de classes et de leurs amis.<\/p>\n<p style=\"text-align: left\">Aujourd\u2019hui Ma\u00eblys nous pr\u00e9sente un camarade de classe. Tu veux d\u00e9couvrir de qui il s\u2019agit, quels sont ses go\u00fbts et ses r\u00eaves\u00a0? Regarde la vid\u00e9o\u00a0!<\/p>\n<div style=\"width: 950px;\" class=\"wp-video\"><video class=\"wp-video-shortcode\" id=\"video-2307-1\" width=\"950\" height=\"950\" preload=\"metadata\" controls=\"controls\"><source type=\"video\/mp4\" src=\"https:\/\/etab.ac-reunion.fr\/clg-plateau-caillou\/wp-content\/uploads\/sites\/103\/2022\/10\/Maelys-etouaria-3\u00b04.mp4?_=1\" \/><a href=\"https:\/\/etab.ac-reunion.fr\/clg-plateau-caillou\/wp-content\/uploads\/sites\/103\/2022\/10\/Maelys-etouaria-3\u00b04.mp4\">https:\/\/etab.ac-reunion.fr\/clg-plateau-caillou\/wp-content\/uploads\/sites\/103\/2022\/10\/Maelys-etouaria-3\u00b04.mp4<\/a><\/video><\/div>\n","protected":false},"excerpt":{"rendered":"<p>\u00a1Nos conocemos\u00a0! La clase de 3\u00e8me bi-langue ha realizado\u00a0unos\u00a0v\u00eddeos para hablar de sus compa\u00f1eros y amigos. Hoy, Ma\u00eblys\u00a0presenta a su compa\u00f1ero de clase. \u00bfQuieres\u00a0descubrir\u00a0qui\u00e9n es, qu\u00e9 le gusta y con qu\u00e9\u00a0sue\u00f1a\u00a0? \u00a1Ve el v\u064e\u00eddeo\u00a0! Nous nous connaissons\u00a0! La classe de 3\u00e8me bi-langue a r\u00e9alis\u00e9 quelques vid\u00e9os pour parler de leurs&#8230;<\/p>\n<p> <a class=\"continue-reading-link\" href=\"https:\/\/etab.ac-reunion.fr\/clg-plateau-caillou\/nos-conocemos\/\"><span>Lire la suite<\/span><i class=\"crycon-right-dir\"><\/i><\/a> <\/p>\n","protected":false},"author":30394,"featured_media":0,"parent":0,"menu_order":0,"comment_status":"closed","ping_status":"closed","template":"","meta":{"footnotes":""},"class_list":["post-2307","page","type-page","status-publish","hentry"],"_links":{"self":[{"href":"https:\/\/etab.ac-reunion.fr\/clg-plateau-caillou\/wp-json\/wp\/v2\/pages\/2307","targetHints":{"allow":["GET"]}}],"collection":[{"href":"https:\/\/etab.ac-reunion.fr\/clg-plateau-caillou\/wp-json\/wp\/v2\/pages"}],"about":[{"href":"https:\/\/etab.ac-reunion.fr\/clg-plateau-caillou\/wp-json\/wp\/v2\/types\/page"}],"author":[{"embeddable":true,"href":"https:\/\/etab.ac-reunion.fr\/clg-plateau-caillou\/wp-json\/wp\/v2\/users\/30394"}],"replies":[{"embeddable":true,"href":"https:\/\/etab.ac-reunion.fr\/clg-plateau-caillou\/wp-json\/wp\/v2\/comments?post=2307"}],"version-history":[{"count":3,"href":"https:\/\/etab.ac-reunion.fr\/clg-plateau-caillou\/wp-json\/wp\/v2\/pages\/2307\/revisions"}],"predecessor-version":[{"id":2312,"href":"https:\/\/etab.ac-reunion.fr\/clg-plateau-caillou\/wp-json\/wp\/v2\/pages\/2307\/revisions\/2312"}],"wp:attachment":[{"href":"https:\/\/etab.ac-reunion.fr\/clg-plateau-caillou\/wp-json\/wp\/v2\/media?parent=2307"}],"curies":[{"name":"wp","href":"https:\/\/api.w.org\/{rel}","templated":true}]}}