{"id":2315,"date":"2022-11-04T14:06:42","date_gmt":"2022-11-04T10:06:42","guid":{"rendered":"https:\/\/etab.ac-reunion.fr\/clg-plateau-caillou\/?page_id=2315"},"modified":"2024-09-03T14:20:31","modified_gmt":"2024-09-03T10:20:31","slug":"dia-de-los-muertos","status":"publish","type":"page","link":"https:\/\/etab.ac-reunion.fr\/clg-plateau-caillou\/dia-de-los-muertos\/","title":{"rendered":"D\u00eda de los muertos"},"content":{"rendered":"<h1 style=\"text-align: center\"><span style=\"color: #ff6600\">D\u00eda de los muertos<\/span><\/h1>\n<p style=\"text-align: center\">Esta semana, los alumnos han preparado el d\u00eda de muertos. Han realizado un altar y carteles<br \/>\npara explicar c\u00f3mo pasa la fiesta en M\u00e9xico. \u00a1Mira lo que han hecho\u00a0!<\/p>\n<h1 style=\"text-align: center\"><span style=\"color: #ff6600\">D\u00eda de los muertos<\/span><\/h1>\n<p style=\"text-align: center\">Cette semaine, les \u00e9l\u00e8ves ont pr\u00e9par\u00e9 el d\u00eda de muertos. Ils ont r\u00e9alis\u00e9 un autel et des<br \/>\naffiches pour expliquer comment est-ce que cette f\u00eate se d\u00e9roule au Mexique. Regarde ce<br \/>\nqu\u2019il sont fait\u00a0!<\/p>\n<p><img loading=\"lazy\" decoding=\"async\" class=\"aligncenter wp-image-2317 size-full\" src=\"https:\/\/etab.ac-reunion.fr\/clg-plateau-caillou\/wp-content\/uploads\/sites\/103\/2022\/11\/IMG_03141-scaled.jpg\" alt=\"\" width=\"2560\" height=\"1920\" srcset=\"https:\/\/etab.ac-reunion.fr\/clg-plateau-caillou\/wp-content\/uploads\/sites\/103\/2022\/11\/IMG_03141-scaled.jpg 2560w, https:\/\/etab.ac-reunion.fr\/clg-plateau-caillou\/wp-content\/uploads\/sites\/103\/2022\/11\/IMG_03141-300x225.jpg 300w, https:\/\/etab.ac-reunion.fr\/clg-plateau-caillou\/wp-content\/uploads\/sites\/103\/2022\/11\/IMG_03141-1024x768.jpg 1024w, https:\/\/etab.ac-reunion.fr\/clg-plateau-caillou\/wp-content\/uploads\/sites\/103\/2022\/11\/IMG_03141-768x576.jpg 768w, https:\/\/etab.ac-reunion.fr\/clg-plateau-caillou\/wp-content\/uploads\/sites\/103\/2022\/11\/IMG_03141-1536x1152.jpg 1536w, https:\/\/etab.ac-reunion.fr\/clg-plateau-caillou\/wp-content\/uploads\/sites\/103\/2022\/11\/IMG_03141-2048x1536.jpg 2048w, https:\/\/etab.ac-reunion.fr\/clg-plateau-caillou\/wp-content\/uploads\/sites\/103\/2022\/11\/IMG_03141-150x113.jpg 150w\" sizes=\"auto, (max-width: 2560px) 100vw, 2560px\" \/><\/p>\n<p>&nbsp;<\/p>\n","protected":false},"excerpt":{"rendered":"<p>D\u00eda de los muertos Esta semana, los alumnos han preparado el d\u00eda de muertos. Han realizado un altar y carteles para explicar c\u00f3mo pasa la fiesta en M\u00e9xico. \u00a1Mira lo que han hecho\u00a0! D\u00eda de los muertos Cette semaine, les \u00e9l\u00e8ves ont pr\u00e9par\u00e9 el d\u00eda de muertos. Ils ont r\u00e9alis\u00e9&#8230;<\/p>\n<p> <a class=\"continue-reading-link\" href=\"https:\/\/etab.ac-reunion.fr\/clg-plateau-caillou\/dia-de-los-muertos\/\"><span>Lire la suite<\/span><i class=\"crycon-right-dir\"><\/i><\/a> <\/p>\n","protected":false},"author":30394,"featured_media":0,"parent":0,"menu_order":0,"comment_status":"closed","ping_status":"closed","template":"","meta":{"footnotes":""},"class_list":["post-2315","page","type-page","status-publish","hentry"],"_links":{"self":[{"href":"https:\/\/etab.ac-reunion.fr\/clg-plateau-caillou\/wp-json\/wp\/v2\/pages\/2315","targetHints":{"allow":["GET"]}}],"collection":[{"href":"https:\/\/etab.ac-reunion.fr\/clg-plateau-caillou\/wp-json\/wp\/v2\/pages"}],"about":[{"href":"https:\/\/etab.ac-reunion.fr\/clg-plateau-caillou\/wp-json\/wp\/v2\/types\/page"}],"author":[{"embeddable":true,"href":"https:\/\/etab.ac-reunion.fr\/clg-plateau-caillou\/wp-json\/wp\/v2\/users\/30394"}],"replies":[{"embeddable":true,"href":"https:\/\/etab.ac-reunion.fr\/clg-plateau-caillou\/wp-json\/wp\/v2\/comments?post=2315"}],"version-history":[{"count":6,"href":"https:\/\/etab.ac-reunion.fr\/clg-plateau-caillou\/wp-json\/wp\/v2\/pages\/2315\/revisions"}],"predecessor-version":[{"id":3993,"href":"https:\/\/etab.ac-reunion.fr\/clg-plateau-caillou\/wp-json\/wp\/v2\/pages\/2315\/revisions\/3993"}],"wp:attachment":[{"href":"https:\/\/etab.ac-reunion.fr\/clg-plateau-caillou\/wp-json\/wp\/v2\/media?parent=2315"}],"curies":[{"name":"wp","href":"https:\/\/api.w.org\/{rel}","templated":true}]}}