{"id":2324,"date":"2022-11-14T10:26:11","date_gmt":"2022-11-14T06:26:11","guid":{"rendered":"https:\/\/etab.ac-reunion.fr\/clg-plateau-caillou\/?page_id=2324"},"modified":"2022-11-14T11:42:41","modified_gmt":"2022-11-14T07:42:41","slug":"edd-education-au-developpement-durable","status":"publish","type":"page","link":"https:\/\/etab.ac-reunion.fr\/clg-plateau-caillou\/edd-education-au-developpement-durable\/","title":{"rendered":"EDD &#8211; \u00c9ducation au D\u00e9veloppement Durable"},"content":{"rendered":"<p style=\"text-align: center\"><strong>Qu&rsquo;est ce que l&rsquo;\u00e9ducation au d\u00e9veloppement durable (EDD) ?<\/strong><\/p>\n<p style=\"text-align: left\">Elle permet d&rsquo;appr\u00e9hender la complexit\u00e9 du monde dans ses dimensions scientifiques, \u00e9thiques et civiques. Transversale, elle figure dans les programmes d&rsquo;enseignement. Enseignants et personnels d&rsquo;encadrement y sont form\u00e9s et l&rsquo;int\u00e8grent dans le fonctionnement des \u00e9tablissements.<\/p>\n<p>&nbsp;<\/p>\n<p>17 objectifs pour sauver le monde<\/p>\n<div class=\"fusion-text fusion-text-1\">\n<p>Les objectifs de d\u00e9veloppement durable nous donnent la marche \u00e0 suivre pour parvenir \u00e0 un avenir meilleur et plus durable pour tous. Ils r\u00e9pondent aux d\u00e9fis mondiaux auxquels nous sommes confront\u00e9s, notamment ceux li\u00e9s \u00e0 la pauvret\u00e9, aux in\u00e9galit\u00e9s, au climat, \u00e0 la d\u00e9gradation de l\u2019environnement, \u00e0 la prosp\u00e9rit\u00e9, \u00e0 la paix et \u00e0 la justice. Les objectifs sont interconnect\u00e9s et, pour ne laisser personne de c\u00f4t\u00e9, il est important d\u2019atteindre chacun d\u2019entre eux, et chacune de leurs cibles, d\u2019ici \u00e0 2030.<\/p>\n<p>Cliquez sur l&rsquo;adresse ci-dessous pour en savoir plus<\/p>\n<p><a href=\"https:\/\/www.un.org\/sustainabledevelopment\/fr\/objectifs-de-developpement-durable\/\">https:\/\/www.un.org\/sustainabledevelopment\/fr\/objectifs-de-developpement-durable\/<\/a><\/p>\n<\/div>\n","protected":false},"excerpt":{"rendered":"<p>Qu&rsquo;est ce que l&rsquo;\u00e9ducation au d\u00e9veloppement durable (EDD) ? Elle permet d&rsquo;appr\u00e9hender la complexit\u00e9 du monde dans ses dimensions scientifiques, \u00e9thiques et civiques. Transversale, elle figure dans les programmes d&rsquo;enseignement. Enseignants et personnels d&rsquo;encadrement y sont form\u00e9s et l&rsquo;int\u00e8grent dans le fonctionnement des \u00e9tablissements. &nbsp; 17 objectifs pour sauver le&#8230;<\/p>\n<p> <a class=\"continue-reading-link\" href=\"https:\/\/etab.ac-reunion.fr\/clg-plateau-caillou\/edd-education-au-developpement-durable\/\"><span>Lire la suite<\/span><i class=\"crycon-right-dir\"><\/i><\/a> <\/p>\n","protected":false},"author":7283,"featured_media":0,"parent":0,"menu_order":0,"comment_status":"closed","ping_status":"closed","template":"","meta":{"footnotes":""},"class_list":["post-2324","page","type-page","status-publish","hentry"],"_links":{"self":[{"href":"https:\/\/etab.ac-reunion.fr\/clg-plateau-caillou\/wp-json\/wp\/v2\/pages\/2324","targetHints":{"allow":["GET"]}}],"collection":[{"href":"https:\/\/etab.ac-reunion.fr\/clg-plateau-caillou\/wp-json\/wp\/v2\/pages"}],"about":[{"href":"https:\/\/etab.ac-reunion.fr\/clg-plateau-caillou\/wp-json\/wp\/v2\/types\/page"}],"author":[{"embeddable":true,"href":"https:\/\/etab.ac-reunion.fr\/clg-plateau-caillou\/wp-json\/wp\/v2\/users\/7283"}],"replies":[{"embeddable":true,"href":"https:\/\/etab.ac-reunion.fr\/clg-plateau-caillou\/wp-json\/wp\/v2\/comments?post=2324"}],"version-history":[{"count":3,"href":"https:\/\/etab.ac-reunion.fr\/clg-plateau-caillou\/wp-json\/wp\/v2\/pages\/2324\/revisions"}],"predecessor-version":[{"id":2347,"href":"https:\/\/etab.ac-reunion.fr\/clg-plateau-caillou\/wp-json\/wp\/v2\/pages\/2324\/revisions\/2347"}],"wp:attachment":[{"href":"https:\/\/etab.ac-reunion.fr\/clg-plateau-caillou\/wp-json\/wp\/v2\/media?parent=2324"}],"curies":[{"name":"wp","href":"https:\/\/api.w.org\/{rel}","templated":true}]}}