{"id":2327,"date":"2022-11-14T10:58:21","date_gmt":"2022-11-14T06:58:21","guid":{"rendered":"https:\/\/etab.ac-reunion.fr\/clg-plateau-caillou\/?page_id=2327"},"modified":"2022-11-15T10:40:26","modified_gmt":"2022-11-15T06:40:26","slug":"les-eco-delegues-sengagent-pour-ambition-planete","status":"publish","type":"page","link":"https:\/\/etab.ac-reunion.fr\/clg-plateau-caillou\/edd-education-au-developpement-durable\/les-eco-delegues-sengagent-pour-ambition-planete\/","title":{"rendered":"Les Eco D\u00e9l\u00e9gu\u00e9s s&rsquo;engagent pour Ambition Plan\u00e8te"},"content":{"rendered":"<p><img loading=\"lazy\" decoding=\"async\" class=\"wp-image-2358 alignleft\" src=\"https:\/\/etab.ac-reunion.fr\/clg-plateau-caillou\/wp-content\/uploads\/sites\/103\/2022\/11\/titre-eco-delegues-2-300x191.jpg\" alt=\"\" width=\"377\" height=\"240\" srcset=\"https:\/\/etab.ac-reunion.fr\/clg-plateau-caillou\/wp-content\/uploads\/sites\/103\/2022\/11\/titre-eco-delegues-2-300x191.jpg 300w, https:\/\/etab.ac-reunion.fr\/clg-plateau-caillou\/wp-content\/uploads\/sites\/103\/2022\/11\/titre-eco-delegues-2-768x489.jpg 768w, https:\/\/etab.ac-reunion.fr\/clg-plateau-caillou\/wp-content\/uploads\/sites\/103\/2022\/11\/titre-eco-delegues-2-150x96.jpg 150w, https:\/\/etab.ac-reunion.fr\/clg-plateau-caillou\/wp-content\/uploads\/sites\/103\/2022\/11\/titre-eco-delegues-2.jpg 980w\" sizes=\"auto, (max-width: 377px) 100vw, 377px\" \/><img loading=\"lazy\" decoding=\"async\" class=\" wp-image-2357 alignleft\" src=\"https:\/\/etab.ac-reunion.fr\/clg-plateau-caillou\/wp-content\/uploads\/sites\/103\/2022\/11\/titre-eco-delegues-1-300x227.jpg\" alt=\"\" width=\"318\" height=\"241\" srcset=\"https:\/\/etab.ac-reunion.fr\/clg-plateau-caillou\/wp-content\/uploads\/sites\/103\/2022\/11\/titre-eco-delegues-1-300x227.jpg 300w, https:\/\/etab.ac-reunion.fr\/clg-plateau-caillou\/wp-content\/uploads\/sites\/103\/2022\/11\/titre-eco-delegues-1-1024x774.jpg 1024w, https:\/\/etab.ac-reunion.fr\/clg-plateau-caillou\/wp-content\/uploads\/sites\/103\/2022\/11\/titre-eco-delegues-1-768x581.jpg 768w, https:\/\/etab.ac-reunion.fr\/clg-plateau-caillou\/wp-content\/uploads\/sites\/103\/2022\/11\/titre-eco-delegues-1-1536x1161.jpg 1536w, https:\/\/etab.ac-reunion.fr\/clg-plateau-caillou\/wp-content\/uploads\/sites\/103\/2022\/11\/titre-eco-delegues-1-2048x1548.jpg 2048w, https:\/\/etab.ac-reunion.fr\/clg-plateau-caillou\/wp-content\/uploads\/sites\/103\/2022\/11\/titre-eco-delegues-1-150x113.jpg 150w\" sizes=\"auto, (max-width: 318px) 100vw, 318px\" \/><\/p>\n<p>&nbsp;<\/p>\n<p>&nbsp;<\/p>\n<p>&nbsp;<\/p>\n<p>&nbsp;<\/p>\n<p>&nbsp;<\/p>\n<p>&nbsp;<\/p>\n<p style=\"text-align: justify\">Le 10 novembre dernier, les \u00e9co-d\u00e9l\u00e9gu\u00e9s du coll\u00e8ge se sont rendus au parc des expositions de la Nordev \u00e0 St Denis pour le forum Ambition Plan\u00e8te. Organis\u00e9 par la Nordev en partenariat avec le Cr\u00e9dit Agricole de la R\u00e9union et le Rectorat, cette manifestation a pour objectif de rassembler tous les \u00e9tablissements scolaires et les acteurs engag\u00e9s pour le D\u00e9veloppement Durable, de valoriser leurs travaux et d&rsquo;\u00e9changer sur les 17 objectifs du D\u00e9veloppement Durable.<\/p>\n<p><img loading=\"lazy\" decoding=\"async\" class=\" wp-image-2355 alignleft\" src=\"https:\/\/etab.ac-reunion.fr\/clg-plateau-caillou\/wp-content\/uploads\/sites\/103\/2022\/11\/diplome-2-eco-300x187.jpg\" alt=\"\" width=\"349\" height=\"218\" srcset=\"https:\/\/etab.ac-reunion.fr\/clg-plateau-caillou\/wp-content\/uploads\/sites\/103\/2022\/11\/diplome-2-eco-300x187.jpg 300w, https:\/\/etab.ac-reunion.fr\/clg-plateau-caillou\/wp-content\/uploads\/sites\/103\/2022\/11\/diplome-2-eco-1024x638.jpg 1024w, https:\/\/etab.ac-reunion.fr\/clg-plateau-caillou\/wp-content\/uploads\/sites\/103\/2022\/11\/diplome-2-eco-768x479.jpg 768w, https:\/\/etab.ac-reunion.fr\/clg-plateau-caillou\/wp-content\/uploads\/sites\/103\/2022\/11\/diplome-2-eco-150x94.jpg 150w, https:\/\/etab.ac-reunion.fr\/clg-plateau-caillou\/wp-content\/uploads\/sites\/103\/2022\/11\/diplome-2-eco.jpg 1211w\" sizes=\"auto, (max-width: 349px) 100vw, 349px\" \/><img loading=\"lazy\" decoding=\"async\" class=\" wp-image-2354 alignnone\" src=\"https:\/\/etab.ac-reunion.fr\/clg-plateau-caillou\/wp-content\/uploads\/sites\/103\/2022\/11\/diplome-1-eco-300x208.jpg\" alt=\"\" width=\"327\" height=\"227\" srcset=\"https:\/\/etab.ac-reunion.fr\/clg-plateau-caillou\/wp-content\/uploads\/sites\/103\/2022\/11\/diplome-1-eco-300x208.jpg 300w, https:\/\/etab.ac-reunion.fr\/clg-plateau-caillou\/wp-content\/uploads\/sites\/103\/2022\/11\/diplome-1-eco-768x533.jpg 768w, https:\/\/etab.ac-reunion.fr\/clg-plateau-caillou\/wp-content\/uploads\/sites\/103\/2022\/11\/diplome-1-eco-150x104.jpg 150w, https:\/\/etab.ac-reunion.fr\/clg-plateau-caillou\/wp-content\/uploads\/sites\/103\/2022\/11\/diplome-1-eco.jpg 961w\" sizes=\"auto, (max-width: 327px) 100vw, 327px\" \/><\/p>\n<p style=\"text-align: justify\">Lors de cette journ\u00e9e, de nombreux ateliers p\u00e9dagogiques et conf\u00e9rences ont permis aux \u00e9l\u00e8ves d&rsquo;apprendre, d&rsquo;exp\u00e9rimenter des activit\u00e9s en lien avec le D\u00e9veloppement Durable.<\/p>\n<p style=\"text-align: justify\">Un grand \u00abVillage EDD\u00bb compos\u00e9 de 75 stands ont permis aux \u00e9co-d\u00e9l\u00e9gu\u00e9s de pr\u00e9senter leurs projets. Les \u00e9co-d\u00e9l\u00e9gu\u00e9s du coll\u00e8ge ont pr\u00e9sent\u00e9 les projets en cours \u00e0 Madame la Rectrice, Chantal MANES-BONISSEAU : Protection de la biodiversit\u00e9 et Plastique \u00e0 la loupe, projet des 5e &#8211; Grat Zot Chaussures, projet des \u00e9co-d\u00e9l\u00e9gu\u00e9s de 4e, sur l&rsquo;impact de la diss\u00e9mination des graines<\/p>\n<p><img loading=\"lazy\" decoding=\"async\" class=\"wp-image-2328 alignleft\" src=\"https:\/\/etab.ac-reunion.fr\/clg-plateau-caillou\/wp-content\/uploads\/sites\/103\/2022\/11\/salon-eco-delegues-300x144.jpg\" alt=\"\" width=\"387\" height=\"186\" srcset=\"https:\/\/etab.ac-reunion.fr\/clg-plateau-caillou\/wp-content\/uploads\/sites\/103\/2022\/11\/salon-eco-delegues-300x144.jpg 300w, https:\/\/etab.ac-reunion.fr\/clg-plateau-caillou\/wp-content\/uploads\/sites\/103\/2022\/11\/salon-eco-delegues-768x369.jpg 768w, https:\/\/etab.ac-reunion.fr\/clg-plateau-caillou\/wp-content\/uploads\/sites\/103\/2022\/11\/salon-eco-delegues-150x72.jpg 150w, https:\/\/etab.ac-reunion.fr\/clg-plateau-caillou\/wp-content\/uploads\/sites\/103\/2022\/11\/salon-eco-delegues.jpg 980w\" sizes=\"auto, (max-width: 387px) 100vw, 387px\" \/><\/p>\n<p style=\"text-align: center\"><img loading=\"lazy\" decoding=\"async\" class=\"alignnone size-medium wp-image-2356\" src=\"https:\/\/etab.ac-reunion.fr\/clg-plateau-caillou\/wp-content\/uploads\/sites\/103\/2022\/11\/rectrice-eco-1-300x187.jpg\" alt=\"\" width=\"300\" height=\"187\" srcset=\"https:\/\/etab.ac-reunion.fr\/clg-plateau-caillou\/wp-content\/uploads\/sites\/103\/2022\/11\/rectrice-eco-1-300x187.jpg 300w, https:\/\/etab.ac-reunion.fr\/clg-plateau-caillou\/wp-content\/uploads\/sites\/103\/2022\/11\/rectrice-eco-1-768x480.jpg 768w, https:\/\/etab.ac-reunion.fr\/clg-plateau-caillou\/wp-content\/uploads\/sites\/103\/2022\/11\/rectrice-eco-1-150x94.jpg 150w, https:\/\/etab.ac-reunion.fr\/clg-plateau-caillou\/wp-content\/uploads\/sites\/103\/2022\/11\/rectrice-eco-1.jpg 810w\" sizes=\"auto, (max-width: 300px) 100vw, 300px\" \/><\/p>\n<p style=\"text-align: center\">BRAVO \u00c0 NOS \u00c9L\u00c8VES POUR LEUR TRAVAIL,<\/p>\n<p style=\"text-align: center\">qui a m\u00eame \u00e9t\u00e9 r\u00e9compens\u00e9 par une subvention pour l&rsquo;\u00e9tablissement!<\/p>\n","protected":false},"excerpt":{"rendered":"<p>&nbsp; &nbsp; &nbsp; &nbsp; &nbsp; &nbsp; Le 10 novembre dernier, les \u00e9co-d\u00e9l\u00e9gu\u00e9s du coll\u00e8ge se sont rendus au parc des expositions de la Nordev \u00e0 St Denis pour le forum Ambition Plan\u00e8te. Organis\u00e9 par la Nordev en partenariat avec le Cr\u00e9dit Agricole de la R\u00e9union et le Rectorat, cette manifestation&#8230;<\/p>\n<p> <a class=\"continue-reading-link\" href=\"https:\/\/etab.ac-reunion.fr\/clg-plateau-caillou\/edd-education-au-developpement-durable\/les-eco-delegues-sengagent-pour-ambition-planete\/\"><span>Lire la suite<\/span><i class=\"crycon-right-dir\"><\/i><\/a> <\/p>\n","protected":false},"author":7283,"featured_media":0,"parent":2324,"menu_order":0,"comment_status":"closed","ping_status":"closed","template":"","meta":{"footnotes":""},"class_list":["post-2327","page","type-page","status-publish","hentry"],"_links":{"self":[{"href":"https:\/\/etab.ac-reunion.fr\/clg-plateau-caillou\/wp-json\/wp\/v2\/pages\/2327","targetHints":{"allow":["GET"]}}],"collection":[{"href":"https:\/\/etab.ac-reunion.fr\/clg-plateau-caillou\/wp-json\/wp\/v2\/pages"}],"about":[{"href":"https:\/\/etab.ac-reunion.fr\/clg-plateau-caillou\/wp-json\/wp\/v2\/types\/page"}],"author":[{"embeddable":true,"href":"https:\/\/etab.ac-reunion.fr\/clg-plateau-caillou\/wp-json\/wp\/v2\/users\/7283"}],"replies":[{"embeddable":true,"href":"https:\/\/etab.ac-reunion.fr\/clg-plateau-caillou\/wp-json\/wp\/v2\/comments?post=2327"}],"version-history":[{"count":5,"href":"https:\/\/etab.ac-reunion.fr\/clg-plateau-caillou\/wp-json\/wp\/v2\/pages\/2327\/revisions"}],"predecessor-version":[{"id":2362,"href":"https:\/\/etab.ac-reunion.fr\/clg-plateau-caillou\/wp-json\/wp\/v2\/pages\/2327\/revisions\/2362"}],"up":[{"embeddable":true,"href":"https:\/\/etab.ac-reunion.fr\/clg-plateau-caillou\/wp-json\/wp\/v2\/pages\/2324"}],"wp:attachment":[{"href":"https:\/\/etab.ac-reunion.fr\/clg-plateau-caillou\/wp-json\/wp\/v2\/media?parent=2327"}],"curies":[{"name":"wp","href":"https:\/\/api.w.org\/{rel}","templated":true}]}}