{"id":2331,"date":"2022-11-14T11:16:09","date_gmt":"2022-11-14T07:16:09","guid":{"rendered":"https:\/\/etab.ac-reunion.fr\/clg-plateau-caillou\/?page_id=2331"},"modified":"2022-11-15T13:09:21","modified_gmt":"2022-11-15T09:09:21","slug":"sauvetage-et-protection-en-milieu-marin","status":"publish","type":"page","link":"https:\/\/etab.ac-reunion.fr\/clg-plateau-caillou\/edd-education-au-developpement-durable\/sauvetage-et-protection-en-milieu-marin\/","title":{"rendered":"SAUVETAGE ET PROTECTION EN MILIEU MARIN"},"content":{"rendered":"<p style=\"text-align: center\">Pour la 2e ann\u00e9e cons\u00e9cutive et dans le cadre du Parcours Citoyen et de l&rsquo;EDD, le coll\u00e8ge de Plateau Caillou a mis en place des interventions du CROSS sud oc\u00e9an Indien et des b\u00e9n\u00e9voles de Sauvetage en mer (SNSM) aupr\u00e8s de tous les \u00e9l\u00e8ves de Troisi\u00e8me.<\/p>\n<p><img loading=\"lazy\" decoding=\"async\" class=\" wp-image-2365 aligncenter\" src=\"https:\/\/etab.ac-reunion.fr\/clg-plateau-caillou\/wp-content\/uploads\/sites\/103\/2022\/11\/cross-oi-3-300x290.jpg\" alt=\"\" width=\"282\" height=\"272\" srcset=\"https:\/\/etab.ac-reunion.fr\/clg-plateau-caillou\/wp-content\/uploads\/sites\/103\/2022\/11\/cross-oi-3-300x290.jpg 300w, https:\/\/etab.ac-reunion.fr\/clg-plateau-caillou\/wp-content\/uploads\/sites\/103\/2022\/11\/cross-oi-3-150x145.jpg 150w, https:\/\/etab.ac-reunion.fr\/clg-plateau-caillou\/wp-content\/uploads\/sites\/103\/2022\/11\/cross-oi-3.jpg 718w\" sizes=\"auto, (max-width: 282px) 100vw, 282px\" \/><\/p>\n<p style=\"text-align: justify\">L&rsquo;action s&rsquo;est d\u00e9roul\u00e9e lundi 14 novembre, \u00e0 l&rsquo;initiative de l&rsquo;enseignante r\u00e9f\u00e9rente \u00abEDD\u00bb Mme ROSTAING. Comme l&rsquo;ann\u00e9e derni\u00e8re, l\u2019objectif est de faire comprendre aux \u00e9l\u00e8ves le lien sp\u00e9cifique qui nous lie au milieu marin en tant qu\u2019insulaires, et de montrer l\u2019importance de prot\u00e9ger cet environnement, mais aussi de se mettre en s\u00e9curit\u00e9 et de prot\u00e9ger les autres face aux risques. C\u2019est dans cette double optique citoyenne que les intervenants ont anim\u00e9 des s\u00e9ances de sensibilisation aux bonnes pratiques en mati\u00e8re de s\u00e9curit\u00e9 en mer et de protection du milieu marin. Ces s\u00e9ances ont \u00e9galement permis de pr\u00e9senter les missions du CROSSOI et de la SNSM et d&rsquo;\u00e9changer avec les personnels, permettant ainsi de renforcer le lien entre les jeunes et les services qui concourent \u00e0 leur s\u00e9curit\u00e9 et \u00e0 la protection de leur environnement.<\/p>\n<p><img loading=\"lazy\" decoding=\"async\" class=\" wp-image-2363 aligncenter\" src=\"https:\/\/etab.ac-reunion.fr\/clg-plateau-caillou\/wp-content\/uploads\/sites\/103\/2022\/11\/cross-oi-1-300x231.jpg\" alt=\"\" width=\"463\" height=\"357\" srcset=\"https:\/\/etab.ac-reunion.fr\/clg-plateau-caillou\/wp-content\/uploads\/sites\/103\/2022\/11\/cross-oi-1-300x231.jpg 300w, https:\/\/etab.ac-reunion.fr\/clg-plateau-caillou\/wp-content\/uploads\/sites\/103\/2022\/11\/cross-oi-1-768x591.jpg 768w, https:\/\/etab.ac-reunion.fr\/clg-plateau-caillou\/wp-content\/uploads\/sites\/103\/2022\/11\/cross-oi-1-150x115.jpg 150w, https:\/\/etab.ac-reunion.fr\/clg-plateau-caillou\/wp-content\/uploads\/sites\/103\/2022\/11\/cross-oi-1.jpg 980w\" sizes=\"auto, (max-width: 463px) 100vw, 463px\" \/> <img loading=\"lazy\" decoding=\"async\" class=\"wp-image-2364 aligncenter\" src=\"https:\/\/etab.ac-reunion.fr\/clg-plateau-caillou\/wp-content\/uploads\/sites\/103\/2022\/11\/cross-oi-2-300x225.jpg\" alt=\"\" width=\"466\" height=\"349\" srcset=\"https:\/\/etab.ac-reunion.fr\/clg-plateau-caillou\/wp-content\/uploads\/sites\/103\/2022\/11\/cross-oi-2-300x225.jpg 300w, https:\/\/etab.ac-reunion.fr\/clg-plateau-caillou\/wp-content\/uploads\/sites\/103\/2022\/11\/cross-oi-2-768x576.jpg 768w, https:\/\/etab.ac-reunion.fr\/clg-plateau-caillou\/wp-content\/uploads\/sites\/103\/2022\/11\/cross-oi-2-150x113.jpg 150w, https:\/\/etab.ac-reunion.fr\/clg-plateau-caillou\/wp-content\/uploads\/sites\/103\/2022\/11\/cross-oi-2.jpg 980w\" sizes=\"auto, (max-width: 466px) 100vw, 466px\" \/><\/p>\n<p style=\"text-align: center\">Trois th\u00e9matiques ont \u00e9t\u00e9 abord\u00e9es lors de cette journ\u00e9e : SAUVETAGE EN MER les sauveteurs ont rappel\u00e9 le num\u00e9ro de t\u00e9l\u00e9phone \u00e0 composer en cas d\u2019accidents en mer (le 196), ainsi que les bonnes pratiques, MISSIONS du CROSS et de la SNSM les missions de sauvetage, ainsi que la surveillance des pollutions marines ont \u00e9t\u00e9 expliqu\u00e9es, LES M\u00c9TIERS DE LA MER les carri\u00e8res possibles dans le maritime, ainsi que les parcours propos\u00e9s par l\u2019\u00c9cole Maritime du Port.<\/p>\n<p align=\"center\">Pour plus d\u2019informations :<\/p>\n<p align=\"center\">sur le CROSS SOI<br \/>\n<a href=\"http:\/\/www.dm.sud-ocean-indien.developpement-durable.gouv.fr\/cross-r24.html\">http:\/\/www.dm.sud-ocean-indien.developpement-durable.gouv.fr\/cross-r24.html<\/a><\/p>\n<p align=\"center\">sur la SNSM<br \/>\n<a href=\"https:\/\/www.snsm.org\/actualites\/la-decouverte-des-particularites-snsm-la-reunion\">https:\/\/www.snsm.org\/actualites\/la-decouverte-des-particularites-snsm-la-reunion<\/a><\/p>\n<p>&nbsp;<\/p>\n","protected":false},"excerpt":{"rendered":"<p>Pour la 2e ann\u00e9e cons\u00e9cutive et dans le cadre du Parcours Citoyen et de l&rsquo;EDD, le coll\u00e8ge de Plateau Caillou a mis en place des interventions du CROSS sud oc\u00e9an Indien et des b\u00e9n\u00e9voles de Sauvetage en mer (SNSM) aupr\u00e8s de tous les \u00e9l\u00e8ves de Troisi\u00e8me. L&rsquo;action s&rsquo;est d\u00e9roul\u00e9e lundi&#8230;<\/p>\n<p> <a class=\"continue-reading-link\" href=\"https:\/\/etab.ac-reunion.fr\/clg-plateau-caillou\/edd-education-au-developpement-durable\/sauvetage-et-protection-en-milieu-marin\/\"><span>Lire la suite<\/span><i class=\"crycon-right-dir\"><\/i><\/a> <\/p>\n","protected":false},"author":7283,"featured_media":0,"parent":2324,"menu_order":0,"comment_status":"closed","ping_status":"closed","template":"","meta":{"footnotes":""},"class_list":["post-2331","page","type-page","status-publish","hentry"],"_links":{"self":[{"href":"https:\/\/etab.ac-reunion.fr\/clg-plateau-caillou\/wp-json\/wp\/v2\/pages\/2331","targetHints":{"allow":["GET"]}}],"collection":[{"href":"https:\/\/etab.ac-reunion.fr\/clg-plateau-caillou\/wp-json\/wp\/v2\/pages"}],"about":[{"href":"https:\/\/etab.ac-reunion.fr\/clg-plateau-caillou\/wp-json\/wp\/v2\/types\/page"}],"author":[{"embeddable":true,"href":"https:\/\/etab.ac-reunion.fr\/clg-plateau-caillou\/wp-json\/wp\/v2\/users\/7283"}],"replies":[{"embeddable":true,"href":"https:\/\/etab.ac-reunion.fr\/clg-plateau-caillou\/wp-json\/wp\/v2\/comments?post=2331"}],"version-history":[{"count":8,"href":"https:\/\/etab.ac-reunion.fr\/clg-plateau-caillou\/wp-json\/wp\/v2\/pages\/2331\/revisions"}],"predecessor-version":[{"id":2367,"href":"https:\/\/etab.ac-reunion.fr\/clg-plateau-caillou\/wp-json\/wp\/v2\/pages\/2331\/revisions\/2367"}],"up":[{"embeddable":true,"href":"https:\/\/etab.ac-reunion.fr\/clg-plateau-caillou\/wp-json\/wp\/v2\/pages\/2324"}],"wp:attachment":[{"href":"https:\/\/etab.ac-reunion.fr\/clg-plateau-caillou\/wp-json\/wp\/v2\/media?parent=2331"}],"curies":[{"name":"wp","href":"https:\/\/api.w.org\/{rel}","templated":true}]}}