{"id":2373,"date":"2022-11-21T14:04:32","date_gmt":"2022-11-21T10:04:32","guid":{"rendered":"https:\/\/etab.ac-reunion.fr\/clg-plateau-caillou\/?page_id=2373"},"modified":"2022-11-28T12:00:20","modified_gmt":"2022-11-28T08:00:20","slug":"entre-deux-infinis","status":"publish","type":"page","link":"https:\/\/etab.ac-reunion.fr\/clg-plateau-caillou\/mathematiques\/entre-deux-infinis\/","title":{"rendered":"Entre deux infinis"},"content":{"rendered":"<p style=\"text-align: justify\">\u00c0 l\u2019occasion du colloque international <em>\u201cExploring the Dark Side of the Universe\u201d <\/em>(Explorer le C\u00f4t\u00e9 Sombre de l\u2019Univers), une centaine de scientifiques du monde entier (dont un Prix N\u1d0f\u0299\u1d07\u029f) se r\u00e9unissent sur l\u2019\u00cele de la R\u00e9union pour faire le point sur les derni\u00e8res recherches en cosmologie, astrophysique et physique des particules.<\/p>\n<div class=\"clearfix text-formatted field field--name-body field--type-text-with-summary field--label-hidden field__item\">\n<p style=\"text-align: center\">7 lieux sur toute l\u2019\u00cele &#8211; 50 rencontres en milieu scolaire<\/p>\n<p style=\"text-align: justify\">Profitant de leur pr\u00e9sence sur notre territoire, 8 conf\u00e9rences grand public ont eu lieu sur les th\u00e8mes li\u00e9s au colloque : utilisation des particules cosmiques pour \u00e9tudier les volcans, voyages sur les flots c\u00e9lestes, ondes gravitationnelles, exoplan\u00e8tes et vie ailleurs, histoire de l\u2019Univers et derni\u00e8res nouvelles des trous noirs.<\/p>\n<p style=\"text-align: justify\">Les \u00e9l\u00e8ves des classes de 4e1, 4e2, 4e3 et 3e3 sous la houlette de Madame Turpin professeur de Math\u00e9matiques ont eu l&rsquo;opportunit\u00e9 d&rsquo;assister mardi 15 novembre \u00e0 la conf\u00e9rence du Professeur Herv\u00e9 Dole, Professeur \u00e0 Institut d&rsquo;Astrophysique Spatiale, Orsay Universit\u00e9 Paris-Saclay et CNRS (UMR 8617). Les \u00e9l\u00e8ves ont pu d\u00e9couvrir quelques notions d&rsquo;astrophysique sur la formation et l&rsquo;\u00e9volution des grandes structures (amas et galaxies) et \u00eatre sensibilis\u00e9s aux m\u00e9tiers des fili\u00e8res scientifiques.<\/p>\n<p><img loading=\"lazy\" decoding=\"async\" class=\"wp-image-2733 alignnone\" src=\"https:\/\/etab.ac-reunion.fr\/clg-plateau-caillou\/wp-content\/uploads\/sites\/103\/2022\/11\/solaire.jpg\" alt=\"\" width=\"425\" height=\"320\" srcset=\"https:\/\/etab.ac-reunion.fr\/clg-plateau-caillou\/wp-content\/uploads\/sites\/103\/2022\/11\/solaire.jpg 259w, https:\/\/etab.ac-reunion.fr\/clg-plateau-caillou\/wp-content\/uploads\/sites\/103\/2022\/11\/solaire-150x113.jpg 150w\" sizes=\"auto, (max-width: 425px) 100vw, 425px\" \/><img loading=\"lazy\" decoding=\"async\" class=\"alignnone  wp-image-2796\" src=\"https:\/\/etab.ac-reunion.fr\/clg-plateau-caillou\/wp-content\/uploads\/sites\/103\/2022\/11\/dole2-1-300x225.jpeg\" alt=\"\" width=\"427\" height=\"320\" srcset=\"https:\/\/etab.ac-reunion.fr\/clg-plateau-caillou\/wp-content\/uploads\/sites\/103\/2022\/11\/dole2-1-300x225.jpeg 300w, https:\/\/etab.ac-reunion.fr\/clg-plateau-caillou\/wp-content\/uploads\/sites\/103\/2022\/11\/dole2-1-1024x768.jpeg 1024w, https:\/\/etab.ac-reunion.fr\/clg-plateau-caillou\/wp-content\/uploads\/sites\/103\/2022\/11\/dole2-1-768x576.jpeg 768w, https:\/\/etab.ac-reunion.fr\/clg-plateau-caillou\/wp-content\/uploads\/sites\/103\/2022\/11\/dole2-1-1536x1152.jpeg 1536w, https:\/\/etab.ac-reunion.fr\/clg-plateau-caillou\/wp-content\/uploads\/sites\/103\/2022\/11\/dole2-1-2048x1536.jpeg 2048w, https:\/\/etab.ac-reunion.fr\/clg-plateau-caillou\/wp-content\/uploads\/sites\/103\/2022\/11\/dole2-1-150x113.jpeg 150w\" sizes=\"auto, (max-width: 427px) 100vw, 427px\" \/><\/p>\n<\/div>\n","protected":false},"excerpt":{"rendered":"<p>\u00c0 l\u2019occasion du colloque international \u201cExploring the Dark Side of the Universe\u201d (Explorer le C\u00f4t\u00e9 Sombre de l\u2019Univers), une centaine de scientifiques du monde entier (dont un Prix N\u1d0f\u0299\u1d07\u029f) se r\u00e9unissent sur l\u2019\u00cele de la R\u00e9union pour faire le point sur les derni\u00e8res recherches en cosmologie, astrophysique et physique des&#8230;<\/p>\n<p> <a class=\"continue-reading-link\" href=\"https:\/\/etab.ac-reunion.fr\/clg-plateau-caillou\/mathematiques\/entre-deux-infinis\/\"><span>Lire la suite<\/span><i class=\"crycon-right-dir\"><\/i><\/a> <\/p>\n","protected":false},"author":7283,"featured_media":0,"parent":1325,"menu_order":0,"comment_status":"closed","ping_status":"closed","template":"","meta":{"footnotes":""},"class_list":["post-2373","page","type-page","status-publish","hentry"],"_links":{"self":[{"href":"https:\/\/etab.ac-reunion.fr\/clg-plateau-caillou\/wp-json\/wp\/v2\/pages\/2373","targetHints":{"allow":["GET"]}}],"collection":[{"href":"https:\/\/etab.ac-reunion.fr\/clg-plateau-caillou\/wp-json\/wp\/v2\/pages"}],"about":[{"href":"https:\/\/etab.ac-reunion.fr\/clg-plateau-caillou\/wp-json\/wp\/v2\/types\/page"}],"author":[{"embeddable":true,"href":"https:\/\/etab.ac-reunion.fr\/clg-plateau-caillou\/wp-json\/wp\/v2\/users\/7283"}],"replies":[{"embeddable":true,"href":"https:\/\/etab.ac-reunion.fr\/clg-plateau-caillou\/wp-json\/wp\/v2\/comments?post=2373"}],"version-history":[{"count":5,"href":"https:\/\/etab.ac-reunion.fr\/clg-plateau-caillou\/wp-json\/wp\/v2\/pages\/2373\/revisions"}],"predecessor-version":[{"id":2799,"href":"https:\/\/etab.ac-reunion.fr\/clg-plateau-caillou\/wp-json\/wp\/v2\/pages\/2373\/revisions\/2799"}],"up":[{"embeddable":true,"href":"https:\/\/etab.ac-reunion.fr\/clg-plateau-caillou\/wp-json\/wp\/v2\/pages\/1325"}],"wp:attachment":[{"href":"https:\/\/etab.ac-reunion.fr\/clg-plateau-caillou\/wp-json\/wp\/v2\/media?parent=2373"}],"curies":[{"name":"wp","href":"https:\/\/api.w.org\/{rel}","templated":true}]}}