{"id":2736,"date":"2022-11-21T14:20:47","date_gmt":"2022-11-21T10:20:47","guid":{"rendered":"https:\/\/etab.ac-reunion.fr\/clg-plateau-caillou\/?page_id=2736"},"modified":"2022-11-21T14:41:41","modified_gmt":"2022-11-21T10:41:41","slug":"les-4e-en-sortie-au-volcan","status":"publish","type":"page","link":"https:\/\/etab.ac-reunion.fr\/clg-plateau-caillou\/svt\/les-4e-en-sortie-au-volcan\/","title":{"rendered":"LES 4E EN SORTIE AU VOLCAN"},"content":{"rendered":"<p style=\"text-align: justify\"><span dir=\"ltr\" role=\"presentation\">Au premier trimestre de l&rsquo;ann\u00e9e,<\/span> <span dir=\"ltr\" role=\"presentation\">toutes les classes de 4e<\/span> <span dir=\"ltr\" role=\"presentation\">ont fait une sortie au volcan, accompagn\u00e9s <\/span><span dir=\"ltr\" role=\"presentation\">de leur professeur de SVT et leur professeur d&rsquo;EPS. <\/span><span dir=\"ltr\" role=\"presentation\">2 classes<\/span> <span dir=\"ltr\" role=\"presentation\">sont descendues jusqu&rsquo;au crat\u00e8re Formica Leo<\/span> <span dir=\"ltr\" role=\"presentation\">et les 4 autres classes ont fait la randonn\u00e9e <\/span><span dir=\"ltr\" role=\"presentation\">de<\/span> <span dir=\"ltr\" role=\"presentation\">la Plaine des sables par l&rsquo;Oratoire Sainte-Th\u00e9r\u00e8se,<\/span> <span dir=\"ltr\" role=\"presentation\">l&rsquo;occasion de mieux comprendre l&rsquo;histoire <\/span><span dir=\"ltr\" role=\"presentation\">g\u00e9ologique du Piton de la Fournaise et de mettre en pratiques les apprentissages sur la gestion de l&rsquo;effort <\/span><span dir=\"ltr\" role=\"presentation\">physique.<\/span><\/p>\n<p style=\"text-align: center\"><span dir=\"ltr\" role=\"presentation\">D\u00e9part \u00e0 8h du coll\u00e8ge,<\/span> <span dir=\"ltr\" role=\"presentation\">2 classes de 4e prennent le bus \u2192 direction<\/span> <span dir=\"ltr\" role=\"presentation\">le Pas des sables<\/span><span dir=\"ltr\" role=\"presentation\">.<\/span><\/p>\n<p><img loading=\"lazy\" decoding=\"async\" class=\"alignnone wp-image-2737 aligncenter\" src=\"https:\/\/etab.ac-reunion.fr\/clg-plateau-caillou\/wp-content\/uploads\/sites\/103\/2022\/11\/volcan-photo-1-300x228.jpg\" alt=\"\" width=\"352\" height=\"268\" srcset=\"https:\/\/etab.ac-reunion.fr\/clg-plateau-caillou\/wp-content\/uploads\/sites\/103\/2022\/11\/volcan-photo-1-300x228.jpg 300w, https:\/\/etab.ac-reunion.fr\/clg-plateau-caillou\/wp-content\/uploads\/sites\/103\/2022\/11\/volcan-photo-1-1024x779.jpg 1024w, https:\/\/etab.ac-reunion.fr\/clg-plateau-caillou\/wp-content\/uploads\/sites\/103\/2022\/11\/volcan-photo-1-768x585.jpg 768w, https:\/\/etab.ac-reunion.fr\/clg-plateau-caillou\/wp-content\/uploads\/sites\/103\/2022\/11\/volcan-photo-1-1536x1169.jpg 1536w, https:\/\/etab.ac-reunion.fr\/clg-plateau-caillou\/wp-content\/uploads\/sites\/103\/2022\/11\/volcan-photo-1-2048x1559.jpg 2048w, https:\/\/etab.ac-reunion.fr\/clg-plateau-caillou\/wp-content\/uploads\/sites\/103\/2022\/11\/volcan-photo-1-150x114.jpg 150w\" sizes=\"auto, (max-width: 352px) 100vw, 352px\" \/><\/p>\n<p style=\"text-align: justify\"><span dir=\"ltr\" role=\"presentation\">Dans les poches, des petits galets d\u00e9cor\u00e9s en Arts Plastique avec Mme Carlier, pour participer \u00e0 l&rsquo;action<\/span> <span dir=\"ltr\" role=\"presentation\">\u00ab<\/span><span dir=\"ltr\" role=\"presentation\">Rod <\/span><span dir=\"ltr\" role=\"presentation\">mon galet 974<\/span><span dir=\"ltr\" role=\"presentation\">\u00bb.<\/span> <span dir=\"ltr\" role=\"presentation\">L&rsquo;objectif<\/span> <span dir=\"ltr\" role=\"presentation\">: cacher les galets le long de notre marche, pour qu&rsquo;ils soient d\u00e9couverts par <\/span><span dir=\"ltr\" role=\"presentation\">d&rsquo;autres randonneurs et post\u00e9s sur le site internet<\/span> <span dir=\"ltr\" role=\"presentation\">\u00ab<\/span><span dir=\"ltr\" role=\"presentation\">Rod mon galet 974<\/span><span dir=\"ltr\" role=\"presentation\">\u00bb. Les galets sont ensuite recach\u00e9s formant une chaine \u00e0 travers l&rsquo;\u00eele.<br \/>\n<\/span><\/p>\n<p><img loading=\"lazy\" decoding=\"async\" class=\"alignnone wp-image-2738 aligncenter\" src=\"https:\/\/etab.ac-reunion.fr\/clg-plateau-caillou\/wp-content\/uploads\/sites\/103\/2022\/11\/galet-300x225.jpg\" alt=\"\" width=\"358\" height=\"268\" srcset=\"https:\/\/etab.ac-reunion.fr\/clg-plateau-caillou\/wp-content\/uploads\/sites\/103\/2022\/11\/galet-300x225.jpg 300w, https:\/\/etab.ac-reunion.fr\/clg-plateau-caillou\/wp-content\/uploads\/sites\/103\/2022\/11\/galet-768x576.jpg 768w, https:\/\/etab.ac-reunion.fr\/clg-plateau-caillou\/wp-content\/uploads\/sites\/103\/2022\/11\/galet-150x113.jpg 150w, https:\/\/etab.ac-reunion.fr\/clg-plateau-caillou\/wp-content\/uploads\/sites\/103\/2022\/11\/galet.jpg 980w\" sizes=\"auto, (max-width: 358px) 100vw, 358px\" \/><\/p>\n<p>&nbsp;<\/p>\n<p style=\"text-align: left\"><span style=\"text-decoration: underline\"><span dir=\"ltr\" role=\"presentation\">La randonn\u00e9e vers l&rsquo;Oratoire Sainte-Th\u00e9r\u00e8se :<br \/>\n<\/span><\/span><\/p>\n<p><img loading=\"lazy\" decoding=\"async\" class=\" wp-image-2739 alignleft\" src=\"https:\/\/etab.ac-reunion.fr\/clg-plateau-caillou\/wp-content\/uploads\/sites\/103\/2022\/11\/oratoire-300x200.jpg\" alt=\"\" width=\"353\" height=\"235\" srcset=\"https:\/\/etab.ac-reunion.fr\/clg-plateau-caillou\/wp-content\/uploads\/sites\/103\/2022\/11\/oratoire-300x200.jpg 300w, https:\/\/etab.ac-reunion.fr\/clg-plateau-caillou\/wp-content\/uploads\/sites\/103\/2022\/11\/oratoire-768x512.jpg 768w, https:\/\/etab.ac-reunion.fr\/clg-plateau-caillou\/wp-content\/uploads\/sites\/103\/2022\/11\/oratoire-150x100.jpg 150w, https:\/\/etab.ac-reunion.fr\/clg-plateau-caillou\/wp-content\/uploads\/sites\/103\/2022\/11\/oratoire.jpg 1024w\" sizes=\"auto, (max-width: 353px) 100vw, 353px\" \/><\/p>\n<p style=\"text-align: justify\"><span dir=\"ltr\" role=\"presentation\">Ce lieu de culte chr\u00e9tien fut construit par R\u00e9my Payet, dans <\/span><span dir=\"ltr\" role=\"presentation\">les ann\u00e9es 1930, en remerciement d&rsquo;avoir surv\u00e9cu \u00e0 une <\/span><span dir=\"ltr\" role=\"presentation\">violente querelle entre les \u00e9leveurs du fond de la Rivi\u00e8re de <\/span><span dir=\"ltr\" role=\"presentation\">l\u2019Est. Reconstruit en 1964, l\u2019Oratoire Sainte-Th\u00e9r\u00e8se accueille <\/span><span dir=\"ltr\" role=\"presentation\">encore de nombreux croyants qui viennent s\u2019y recueillir et <\/span><span dir=\"ltr\" role=\"presentation\">l\u2019embellir afin d\u2019obtenir une protection contre les \u00e9preuves de <\/span><span dir=\"ltr\" role=\"presentation\">la vie.<\/span><\/p>\n<p>&nbsp;<\/p>\n<p>&nbsp;<\/p>\n<p>&nbsp;<\/p>\n<p style=\"text-align: justify\"><span style=\"text-decoration: underline\"><span dir=\"ltr\" role=\"presentation\">La descente du Plateau des basaltes<\/span> :<\/span><\/p>\n<p><img loading=\"lazy\" decoding=\"async\" class=\"wp-image-2740 alignleft\" src=\"https:\/\/etab.ac-reunion.fr\/clg-plateau-caillou\/wp-content\/uploads\/sites\/103\/2022\/11\/plateau-basaltes-300x225.jpg\" alt=\"\" width=\"353\" height=\"265\" srcset=\"https:\/\/etab.ac-reunion.fr\/clg-plateau-caillou\/wp-content\/uploads\/sites\/103\/2022\/11\/plateau-basaltes-300x225.jpg 300w, https:\/\/etab.ac-reunion.fr\/clg-plateau-caillou\/wp-content\/uploads\/sites\/103\/2022\/11\/plateau-basaltes-768x576.jpg 768w, https:\/\/etab.ac-reunion.fr\/clg-plateau-caillou\/wp-content\/uploads\/sites\/103\/2022\/11\/plateau-basaltes-150x113.jpg 150w, https:\/\/etab.ac-reunion.fr\/clg-plateau-caillou\/wp-content\/uploads\/sites\/103\/2022\/11\/plateau-basaltes.jpg 980w\" sizes=\"auto, (max-width: 353px) 100vw, 353px\" \/><\/p>\n<p style=\"text-align: justify\"><span dir=\"ltr\" role=\"presentation\">Il y a 65 000 ans, un accident tectonique abaisse la Plaine <\/span><span dir=\"ltr\" role=\"presentation\">des Sables par rapport \u00e0 la Plaine des Remparts. Il s&rsquo;agit <\/span><span dir=\"ltr\" role=\"presentation\">sans doute d&rsquo;un glissement de flanc, li\u00e9 \u00e0 un d\u00e9placement <\/span><span dir=\"ltr\" role=\"presentation\">du centre \u00e9ruptif de la Plaine des Sables vers le centre <\/span><span dir=\"ltr\" role=\"presentation\">\u00e9ruptif actuel. Entre 65 000 \u00e0 40 000 ans, des coul\u00e9es <\/span><span dir=\"ltr\" role=\"presentation\">viennent buter contre le rempart ouest et remplissent la <\/span><span dir=\"ltr\" role=\"presentation\">Plaine. <\/span><span dir=\"ltr\" role=\"presentation\">Le Plateau des basaltes est une succession de coul\u00e9es <\/span><span dir=\"ltr\" role=\"presentation\">\u00e9paisses de lave basaltique datant de cette \u00e9poque. Ce <\/span><span dir=\"ltr\" role=\"presentation\">serait un relief t\u00e9moin du premier remplissage de la Plaine. <\/span><span dir=\"ltr\" role=\"presentation\">Le plateau surplombe la Plaine et le Fond<\/span> <span dir=\"ltr\" role=\"presentation\">de la Rivi\u00e8re de l\u2019Est, avec sa Savane Cimeti\u00e8re (buissons et <\/span><span dir=\"ltr\" role=\"presentation\">herbac\u00e9es).<\/span><\/p>\n<p>&nbsp;<\/p>\n<p>&nbsp;<\/p>\n<p><span style=\"text-decoration: underline\"><span dir=\"ltr\" role=\"presentation\">Le d\u00e9jeuner en bas du Plateau des basaltes, dans la petite for\u00eat de \u00ab<\/span> <span dir=\"ltr\" role=\"presentation\">Ti Tamarin des O<\/span> <span dir=\"ltr\" role=\"presentation\">\u00bb (Sophoraie)<\/span> <span dir=\"ltr\" role=\"presentation\">:<\/span><\/span><\/p>\n<p><img loading=\"lazy\" decoding=\"async\" class=\"wp-image-2741 alignleft\" src=\"https:\/\/etab.ac-reunion.fr\/clg-plateau-caillou\/wp-content\/uploads\/sites\/103\/2022\/11\/foret-287x300.jpg\" alt=\"\" width=\"352\" height=\"368\" srcset=\"https:\/\/etab.ac-reunion.fr\/clg-plateau-caillou\/wp-content\/uploads\/sites\/103\/2022\/11\/foret-287x300.jpg 287w, https:\/\/etab.ac-reunion.fr\/clg-plateau-caillou\/wp-content\/uploads\/sites\/103\/2022\/11\/foret-768x804.jpg 768w, https:\/\/etab.ac-reunion.fr\/clg-plateau-caillou\/wp-content\/uploads\/sites\/103\/2022\/11\/foret-143x150.jpg 143w, https:\/\/etab.ac-reunion.fr\/clg-plateau-caillou\/wp-content\/uploads\/sites\/103\/2022\/11\/foret.jpg 936w\" sizes=\"auto, (max-width: 352px) 100vw, 352px\" \/><\/p>\n<p style=\"text-align: justify\"><span dir=\"ltr\" role=\"presentation\">Au pied du rempart, la travers\u00e9e de la Sophoraie permet de d\u00e9couvrir <\/span><span dir=\"ltr\" role=\"presentation\">cette esp\u00e8ce embl\u00e9matique des Hauts de l\u2019\u00eele : Le Petit Tamarin des <\/span><span dir=\"ltr\" role=\"presentation\">Hauts (Sophora denudata). En plus de son esth\u00e9tique, cet arbre rev\u00eat <\/span><span dir=\"ltr\" role=\"presentation\">un r\u00f4le \u00e9cologique. C\u2019est une l\u00e9gumineuse qui, gr\u00e2ce \u00e0 son syst\u00e8me <\/span><span dir=\"ltr\" role=\"presentation\">racinaire, fixe l\u2019azote dans le sol et le rend ainsi plus fertile. <\/span><span dir=\"ltr\" role=\"presentation\">\u00c9galement nomm\u00e9 \u00abarbre fontaine\u00bb, il capte et absorbe l&rsquo;eau dans <\/span><span dir=\"ltr\" role=\"presentation\">l&rsquo;atmosph\u00e8re (brume, brouillard), maintenant ainsi une certaine <\/span><span dir=\"ltr\" role=\"presentation\">humidit\u00e9 sur la terre qui l&rsquo;accueille. Le nectar de ses fleurs jaunes est <\/span><span dir=\"ltr\" role=\"presentation\">tr\u00e8s appr\u00e9ci\u00e9 par deux de nos passereaux end\u00e9miques : le \u00abZoizo <\/span><span dir=\"ltr\" role=\"presentation\">blanc\u00bb (Zosterops borbonicus) et le \u00ab Zoizo vert \u00bb (Zosterops <\/span><span dir=\"ltr\" role=\"presentation\">olivaceus).<\/span><\/p>\n<p>&nbsp;<\/p>\n<p>&nbsp;<\/p>\n<p>&nbsp;<\/p>\n<p><span style=\"text-decoration: underline\"><span dir=\"ltr\" role=\"presentation\">La travers\u00e9e de la Plaine des Sables :<br \/>\n<\/span><\/span><\/p>\n<p style=\"text-align: justify\"><img loading=\"lazy\" decoding=\"async\" class=\"wp-image-2742 alignleft\" src=\"https:\/\/etab.ac-reunion.fr\/clg-plateau-caillou\/wp-content\/uploads\/sites\/103\/2022\/11\/plaine-des-sables-300x225.jpg\" alt=\"\" width=\"355\" height=\"266\" srcset=\"https:\/\/etab.ac-reunion.fr\/clg-plateau-caillou\/wp-content\/uploads\/sites\/103\/2022\/11\/plaine-des-sables-300x225.jpg 300w, https:\/\/etab.ac-reunion.fr\/clg-plateau-caillou\/wp-content\/uploads\/sites\/103\/2022\/11\/plaine-des-sables-768x576.jpg 768w, https:\/\/etab.ac-reunion.fr\/clg-plateau-caillou\/wp-content\/uploads\/sites\/103\/2022\/11\/plaine-des-sables-150x113.jpg 150w, https:\/\/etab.ac-reunion.fr\/clg-plateau-caillou\/wp-content\/uploads\/sites\/103\/2022\/11\/plaine-des-sables.jpg 980w\" sizes=\"auto, (max-width: 355px) 100vw, 355px\" \/><span dir=\"ltr\" role=\"presentation\">Il y a environ 1 000 ans, l\u2019\u00e9ruption du Piton <\/span><span dir=\"ltr\" role=\"presentation\">Chisny a recouvert cette vaste d\u00e9pression <\/span><span dir=\"ltr\" role=\"presentation\">volcanique d\u2019une couche de lapilli, ici appel\u00e9s <\/span><span dir=\"ltr\" role=\"presentation\">\u00absables\u00bb, et a cr\u00e9\u00e9 ce paysage lunaire. Les <\/span><span dir=\"ltr\" role=\"presentation\">lapilli sont de petites projections (entre 2 et 64 <\/span><span dir=\"ltr\" role=\"presentation\">mm) \u00e9ject\u00e9es lors des \u00e9ruptions volcaniques. <\/span><span dir=\"ltr\" role=\"presentation\">Ce substrat est perm\u00e9able, compliquant <\/span><span dir=\"ltr\" role=\"presentation\">l\u2019installation de la flore.<\/span><\/p>\n","protected":false},"excerpt":{"rendered":"<p>Au premier trimestre de l&rsquo;ann\u00e9e, toutes les classes de 4e ont fait une sortie au volcan, accompagn\u00e9s de leur professeur de SVT et leur professeur d&rsquo;EPS. 2 classes sont descendues jusqu&rsquo;au crat\u00e8re Formica Leo et les 4 autres classes ont fait la randonn\u00e9e de la Plaine des sables par l&rsquo;Oratoire&#8230;<\/p>\n<p> <a class=\"continue-reading-link\" href=\"https:\/\/etab.ac-reunion.fr\/clg-plateau-caillou\/svt\/les-4e-en-sortie-au-volcan\/\"><span>Lire la suite<\/span><i class=\"crycon-right-dir\"><\/i><\/a> <\/p>\n","protected":false},"author":7283,"featured_media":0,"parent":1339,"menu_order":0,"comment_status":"closed","ping_status":"closed","template":"","meta":{"footnotes":""},"class_list":["post-2736","page","type-page","status-publish","hentry"],"_links":{"self":[{"href":"https:\/\/etab.ac-reunion.fr\/clg-plateau-caillou\/wp-json\/wp\/v2\/pages\/2736","targetHints":{"allow":["GET"]}}],"collection":[{"href":"https:\/\/etab.ac-reunion.fr\/clg-plateau-caillou\/wp-json\/wp\/v2\/pages"}],"about":[{"href":"https:\/\/etab.ac-reunion.fr\/clg-plateau-caillou\/wp-json\/wp\/v2\/types\/page"}],"author":[{"embeddable":true,"href":"https:\/\/etab.ac-reunion.fr\/clg-plateau-caillou\/wp-json\/wp\/v2\/users\/7283"}],"replies":[{"embeddable":true,"href":"https:\/\/etab.ac-reunion.fr\/clg-plateau-caillou\/wp-json\/wp\/v2\/comments?post=2736"}],"version-history":[{"count":18,"href":"https:\/\/etab.ac-reunion.fr\/clg-plateau-caillou\/wp-json\/wp\/v2\/pages\/2736\/revisions"}],"predecessor-version":[{"id":2761,"href":"https:\/\/etab.ac-reunion.fr\/clg-plateau-caillou\/wp-json\/wp\/v2\/pages\/2736\/revisions\/2761"}],"up":[{"embeddable":true,"href":"https:\/\/etab.ac-reunion.fr\/clg-plateau-caillou\/wp-json\/wp\/v2\/pages\/1339"}],"wp:attachment":[{"href":"https:\/\/etab.ac-reunion.fr\/clg-plateau-caillou\/wp-json\/wp\/v2\/media?parent=2736"}],"curies":[{"name":"wp","href":"https:\/\/api.w.org\/{rel}","templated":true}]}}