{"id":2781,"date":"2022-11-28T11:28:17","date_gmt":"2022-11-28T07:28:17","guid":{"rendered":"https:\/\/etab.ac-reunion.fr\/clg-plateau-caillou\/?page_id=2781"},"modified":"2022-11-28T11:28:17","modified_gmt":"2022-11-28T07:28:17","slug":"exposition-histoire-sport-et-citoyennete","status":"publish","type":"page","link":"https:\/\/etab.ac-reunion.fr\/clg-plateau-caillou\/exposition-histoire-sport-et-citoyennete\/","title":{"rendered":"Exposition : Histoire, Sport et Citoyennet\u00e9"},"content":{"rendered":"<p style=\"text-align: justify\">La CASDEN, partenaire pr\u00e9mium des Jeux Olympiques et Paralympiques de Paris 2024, a initi\u00e9 le programme \u00ab\u00a0<strong>Histoire, Sport et Citoyennet\u00e9<\/strong>\u00a0\u00bb pour soutenir la promotion du sport \u00e0 l&rsquo;\u00e9cole et des valeurs de l&rsquo;Olympisme, proposer un r\u00e9cit exceptionnel sur 125 ans d&rsquo;Histoire autour de sportives et sportifs d&rsquo;exception.<\/p>\n<p>Ce programme qui s\u2019int\u00e8gre dans le volet <em>H\u00e9ritage <\/em>des Jeux Olympiques et Paralympiques de Paris 2024, est plac\u00e9 sous le haut patronage de Monsieur Emmanuel Macron, Pr\u00e9sident de la R\u00e9publique, et b\u00e9n\u00e9ficie du label \u00ab\u00a0Olympiade culturelle\u00a0\u00bb d\u00e9cern\u00e9 par Paris 2024.<\/p>\n<p style=\"text-align: center\"><img loading=\"lazy\" decoding=\"async\" class=\" wp-image-2783 alignleft\" src=\"https:\/\/etab.ac-reunion.fr\/clg-plateau-caillou\/wp-content\/uploads\/sites\/103\/2022\/11\/casden-2.jpeg\" alt=\"\" width=\"261\" height=\"196\" srcset=\"https:\/\/etab.ac-reunion.fr\/clg-plateau-caillou\/wp-content\/uploads\/sites\/103\/2022\/11\/casden-2.jpeg 240w, https:\/\/etab.ac-reunion.fr\/clg-plateau-caillou\/wp-content\/uploads\/sites\/103\/2022\/11\/casden-2-150x113.jpeg 150w\" sizes=\"auto, (max-width: 261px) 100vw, 261px\" \/><\/p>\n<p style=\"text-align: center\"><strong>\u00ab\u00a0 Plus vite, plus haut, plus fort\u00a0\u00bb<\/strong><\/p>\n<p style=\"text-align: justify\">30 panneaux d&rsquo;exposition ancr\u00e9s dans le contexte politique et g\u00e9opolitique, les mouvements d\u00e9mographiques, les flux migratoires et les changements sociaux et qui offrent un regard sur une \u00e9poque et mais aussi sur le monde. 30 Jeux Olympiques, 15 Jeux Paralympiques.<\/p>\n<p>&nbsp;<\/p>\n<p style=\"text-align: justify\">Du 28\/02 au 03\/03 2022, l&rsquo;ensemble des \u00e9l\u00e8ves du Coll\u00e8ge mais aussi des \u00e9coles primaires du r\u00e9seau, ont pu d\u00e9couvrir au travers des portraits d&rsquo;athl\u00e8tes, femmes et hommes ayant r\u00e9alis\u00e9 de v\u00e9ritables exploits, des histoires individuelles, des destins extraordinaires mettant en lumi\u00e8re des valeurs citoyennes.<\/p>\n<p style=\"text-align: justify\">Les \u00e9l\u00e8ves ont pu b\u00e9n\u00e9ficier de s\u00e9ances p\u00e9dagogiques cibl\u00e9es autour des valeurs sportives v\u00e9hicul\u00e9es par les totems : persistance, diversit\u00e9, motivation, olympisme. Ils ont dans premier temps observ\u00e9 la composition des panneaux, la pr\u00e9sentation des athl\u00e8tes. Ils ont ensuite travaill\u00e9 \u00e0 la compr\u00e9hension des citations et \u00e0 l&rsquo;\u00e9criture de slogans.<\/p>\n<p align=\"center\"><span style=\"font-family: Calibri, sans-serif\"><strong>\u00ab\u00a0Le plus important aux jeux olympiques n\u2019est pas de gagner mais de participer\u00a0\u00bb<\/strong> <\/span><\/p>\n<p><img loading=\"lazy\" decoding=\"async\" class=\" wp-image-2785 alignleft\" src=\"https:\/\/etab.ac-reunion.fr\/clg-plateau-caillou\/wp-content\/uploads\/sites\/103\/2022\/11\/casden-4.jpeg\" alt=\"\" width=\"432\" height=\"324\" srcset=\"https:\/\/etab.ac-reunion.fr\/clg-plateau-caillou\/wp-content\/uploads\/sites\/103\/2022\/11\/casden-4.jpeg 240w, https:\/\/etab.ac-reunion.fr\/clg-plateau-caillou\/wp-content\/uploads\/sites\/103\/2022\/11\/casden-4-150x113.jpeg 150w\" sizes=\"auto, (max-width: 432px) 100vw, 432px\" \/><img loading=\"lazy\" decoding=\"async\" class=\"wp-image-2782 alignright\" src=\"https:\/\/etab.ac-reunion.fr\/clg-plateau-caillou\/wp-content\/uploads\/sites\/103\/2022\/11\/casden-1.jpg\" alt=\"\" width=\"398\" height=\"298\" srcset=\"https:\/\/etab.ac-reunion.fr\/clg-plateau-caillou\/wp-content\/uploads\/sites\/103\/2022\/11\/casden-1.jpg 240w, https:\/\/etab.ac-reunion.fr\/clg-plateau-caillou\/wp-content\/uploads\/sites\/103\/2022\/11\/casden-1-150x113.jpg 150w\" sizes=\"auto, (max-width: 398px) 100vw, 398px\" \/><\/p>\n","protected":false},"excerpt":{"rendered":"<p>La CASDEN, partenaire pr\u00e9mium des Jeux Olympiques et Paralympiques de Paris 2024, a initi\u00e9 le programme \u00ab\u00a0Histoire, Sport et Citoyennet\u00e9\u00a0\u00bb pour soutenir la promotion du sport \u00e0 l&rsquo;\u00e9cole et des valeurs de l&rsquo;Olympisme, proposer un r\u00e9cit exceptionnel sur 125 ans d&rsquo;Histoire autour de sportives et sportifs d&rsquo;exception. Ce programme qui&#8230;<\/p>\n<p> <a class=\"continue-reading-link\" href=\"https:\/\/etab.ac-reunion.fr\/clg-plateau-caillou\/exposition-histoire-sport-et-citoyennete\/\"><span>Lire la suite<\/span><i class=\"crycon-right-dir\"><\/i><\/a> <\/p>\n","protected":false},"author":7283,"featured_media":0,"parent":0,"menu_order":0,"comment_status":"closed","ping_status":"closed","template":"","meta":{"footnotes":""},"class_list":["post-2781","page","type-page","status-publish","hentry"],"_links":{"self":[{"href":"https:\/\/etab.ac-reunion.fr\/clg-plateau-caillou\/wp-json\/wp\/v2\/pages\/2781","targetHints":{"allow":["GET"]}}],"collection":[{"href":"https:\/\/etab.ac-reunion.fr\/clg-plateau-caillou\/wp-json\/wp\/v2\/pages"}],"about":[{"href":"https:\/\/etab.ac-reunion.fr\/clg-plateau-caillou\/wp-json\/wp\/v2\/types\/page"}],"author":[{"embeddable":true,"href":"https:\/\/etab.ac-reunion.fr\/clg-plateau-caillou\/wp-json\/wp\/v2\/users\/7283"}],"replies":[{"embeddable":true,"href":"https:\/\/etab.ac-reunion.fr\/clg-plateau-caillou\/wp-json\/wp\/v2\/comments?post=2781"}],"version-history":[{"count":1,"href":"https:\/\/etab.ac-reunion.fr\/clg-plateau-caillou\/wp-json\/wp\/v2\/pages\/2781\/revisions"}],"predecessor-version":[{"id":2786,"href":"https:\/\/etab.ac-reunion.fr\/clg-plateau-caillou\/wp-json\/wp\/v2\/pages\/2781\/revisions\/2786"}],"wp:attachment":[{"href":"https:\/\/etab.ac-reunion.fr\/clg-plateau-caillou\/wp-json\/wp\/v2\/media?parent=2781"}],"curies":[{"name":"wp","href":"https:\/\/api.w.org\/{rel}","templated":true}]}}