{"id":2788,"date":"2022-11-28T11:32:49","date_gmt":"2022-11-28T07:32:49","guid":{"rendered":"https:\/\/etab.ac-reunion.fr\/clg-plateau-caillou\/?page_id=2788"},"modified":"2022-11-28T11:32:49","modified_gmt":"2022-11-28T07:32:49","slug":"exposition-images-du-louvre","status":"publish","type":"page","link":"https:\/\/etab.ac-reunion.fr\/clg-plateau-caillou\/exposition-images-du-louvre\/","title":{"rendered":"EXPOSITION : Images du Louvre"},"content":{"rendered":"<h5 style=\"text-align: center\">Le coll\u00e8ge de Plateau Caillou a accueilli, du 06 au 16 septembre, au CDI, l&rsquo;exposition intitul\u00e9e \u00ab\u00a0Images du Louvre\u00a0\u00bb gr\u00e2ce aux Solutions \u00c9ducatives de la MGEN R\u00e9union.<\/h5>\n<p>Dans le cadre de la liaison inter-cycle, les \u00e9l\u00e8ves des classes de CM2 et de CM1 des \u00e9coles du r\u00e9seau ont b\u00e9n\u00e9fici\u00e9 d&rsquo;une visite ludique et p\u00e9dagogique au cours de laquelle ils ont pu d\u00e9couvrir quelques chefs d\u2019\u0153uvre du mus\u00e9e dont La Joconde.<\/p>\n<p>Les \u00e9l\u00e8ves du coll\u00e8ge des quatre niveaux ont \u00e9galement pu profiter de l&rsquo;exposition pour s&rsquo;initier \u00e0 l&rsquo;art, comprendre la port\u00e9e des \u0153uvres, travailler sur les techniques employ\u00e9es et pour les 3e pr\u00e9parer leur oral pour le Brevet.<\/p>\n<p>Ce f\u00fbt une belle parenth\u00e8se artistique en cette p\u00e9riode de rentr\u00e9e et l&rsquo;occasion pour nos \u00e9l\u00e8ves d&rsquo;avoir<br \/>\nquelques unes des \u0153uvres incontournables du Louvre tout pr\u00e8s d&rsquo;eux.<\/p>\n<p>&nbsp;<\/p>\n<p><img loading=\"lazy\" decoding=\"async\" class=\"aligncenter wp-image-1240 size-full\" src=\"https:\/\/etab.ac-reunion.fr\/clg-plateau-caillou\/wp-content\/uploads\/sites\/103\/2021\/11\/LE-LOUVRE.png\" alt=\"\" width=\"1428\" height=\"1071\" srcset=\"https:\/\/etab.ac-reunion.fr\/clg-plateau-caillou\/wp-content\/uploads\/sites\/103\/2021\/11\/LE-LOUVRE.png 1428w, https:\/\/etab.ac-reunion.fr\/clg-plateau-caillou\/wp-content\/uploads\/sites\/103\/2021\/11\/LE-LOUVRE-300x225.png 300w, https:\/\/etab.ac-reunion.fr\/clg-plateau-caillou\/wp-content\/uploads\/sites\/103\/2021\/11\/LE-LOUVRE-1024x768.png 1024w, https:\/\/etab.ac-reunion.fr\/clg-plateau-caillou\/wp-content\/uploads\/sites\/103\/2021\/11\/LE-LOUVRE-768x576.png 768w, https:\/\/etab.ac-reunion.fr\/clg-plateau-caillou\/wp-content\/uploads\/sites\/103\/2021\/11\/LE-LOUVRE-150x113.png 150w\" sizes=\"auto, (max-width: 1428px) 100vw, 1428px\" \/><\/p>\n","protected":false},"excerpt":{"rendered":"<p>Le coll\u00e8ge de Plateau Caillou a accueilli, du 06 au 16 septembre, au CDI, l&rsquo;exposition intitul\u00e9e \u00ab\u00a0Images du Louvre\u00a0\u00bb gr\u00e2ce aux Solutions \u00c9ducatives de la MGEN R\u00e9union. Dans le cadre de la liaison inter-cycle, les \u00e9l\u00e8ves des classes de CM2 et de CM1 des \u00e9coles du r\u00e9seau ont b\u00e9n\u00e9fici\u00e9 d&rsquo;une&#8230;<\/p>\n<p> <a class=\"continue-reading-link\" href=\"https:\/\/etab.ac-reunion.fr\/clg-plateau-caillou\/exposition-images-du-louvre\/\"><span>Lire la suite<\/span><i class=\"crycon-right-dir\"><\/i><\/a> <\/p>\n","protected":false},"author":7283,"featured_media":0,"parent":0,"menu_order":0,"comment_status":"closed","ping_status":"closed","template":"","meta":{"footnotes":""},"class_list":["post-2788","page","type-page","status-publish","hentry"],"_links":{"self":[{"href":"https:\/\/etab.ac-reunion.fr\/clg-plateau-caillou\/wp-json\/wp\/v2\/pages\/2788","targetHints":{"allow":["GET"]}}],"collection":[{"href":"https:\/\/etab.ac-reunion.fr\/clg-plateau-caillou\/wp-json\/wp\/v2\/pages"}],"about":[{"href":"https:\/\/etab.ac-reunion.fr\/clg-plateau-caillou\/wp-json\/wp\/v2\/types\/page"}],"author":[{"embeddable":true,"href":"https:\/\/etab.ac-reunion.fr\/clg-plateau-caillou\/wp-json\/wp\/v2\/users\/7283"}],"replies":[{"embeddable":true,"href":"https:\/\/etab.ac-reunion.fr\/clg-plateau-caillou\/wp-json\/wp\/v2\/comments?post=2788"}],"version-history":[{"count":1,"href":"https:\/\/etab.ac-reunion.fr\/clg-plateau-caillou\/wp-json\/wp\/v2\/pages\/2788\/revisions"}],"predecessor-version":[{"id":2789,"href":"https:\/\/etab.ac-reunion.fr\/clg-plateau-caillou\/wp-json\/wp\/v2\/pages\/2788\/revisions\/2789"}],"wp:attachment":[{"href":"https:\/\/etab.ac-reunion.fr\/clg-plateau-caillou\/wp-json\/wp\/v2\/media?parent=2788"}],"curies":[{"name":"wp","href":"https:\/\/api.w.org\/{rel}","templated":true}]}}