{"id":2791,"date":"2022-11-28T11:36:18","date_gmt":"2022-11-28T07:36:18","guid":{"rendered":"https:\/\/etab.ac-reunion.fr\/clg-plateau-caillou\/?page_id=2791"},"modified":"2025-05-19T09:16:28","modified_gmt":"2025-05-19T05:16:28","slug":"cycle-3-liaison-cm2-6e","status":"publish","type":"page","link":"https:\/\/etab.ac-reunion.fr\/clg-plateau-caillou\/cycle-3-liaison-cm2-6e\/","title":{"rendered":"Cycle 3 &#8211; Liaison CM2-6e"},"content":{"rendered":"<p style=\"text-align: justify\"><strong>Le passage de l\u2019\u00e9cole au coll\u00e8ge est un moment cl\u00e9 de la scolarit\u00e9<\/strong>. Avec la mise en \u0153uvre du\u00a0<strong>socle commun de connaissances, de comp\u00e9tences<\/strong>\u00a0<strong>et de culture<\/strong>, un continuum est renforc\u00e9<strong> pour tous les \u00e9l\u00e8ves<\/strong>. <strong>Des concertations\u00a0<\/strong>sont organis\u00e9es entre les enseignants de l\u2019\u00e9cole et du coll\u00e8ge. Elles visent \u00e0 pr\u00e9ciser la progression des exigences m\u00e9thodologiques et \u00e0 harmoniser les pratiques d\u2019\u00e9valuation. <strong>Renforcer l\u2019accueil, personnaliser l\u2019accompagnement des \u00e9l\u00e8ves et assurer la continuit\u00e9 p\u00e9dagogique<\/strong>, aident les \u00e9l\u00e8ves \u00e0 s\u2019adapter au changement.<\/p>\n<p id=\"edugouv-summary-item-3\" style=\"text-align: justify\">Le conseil \u00e9cole-coll\u00e8ge a pour objectif de renforcer la continuit\u00e9 p\u00e9dagogique entre le premier et le second degr\u00e9s. Il r\u00e9unit des enseignants du coll\u00e8ge et des \u00e9coles du secteur de celui-ci. Le conseil \u00e9cole-coll\u00e8ge est pr\u00e9sid\u00e9 par le principal du coll\u00e8ge et \u00a0l&rsquo;inspecteur de l&rsquo;\u00e9ducation nationale charg\u00e9 de la circonscription. Le conseil \u00e9cole-coll\u00e8ge contribue \u00e0\u00a0<strong>am\u00e9liorer la continuit\u00e9 p\u00e9dagogique et \u00e9ducative entre l&rsquo;\u00e9cole et le coll\u00e8ge <\/strong>et \u00e9tablit son <strong>programme d&rsquo;actions<\/strong>.<\/p>\n<p>La liaison entre les \u00e9coles du r\u00e9seau et le coll\u00e8ge est mise en place depuis quelques ann\u00e9es d\u00e9j\u00e0. Plusieurs actions sont propos\u00e9es : ateliers d&rsquo;\u00e9criture, concours Eur\u00e9ka Maths, ateliers de lecture \u00e0 haute voix, visite du coll\u00e8ge, immersion dans les classes, d\u00e9fis lecture&#8230;<\/p>\n","protected":false},"excerpt":{"rendered":"<p>Le passage de l\u2019\u00e9cole au coll\u00e8ge est un moment cl\u00e9 de la scolarit\u00e9. Avec la mise en \u0153uvre du\u00a0socle commun de connaissances, de comp\u00e9tences\u00a0et de culture, un continuum est renforc\u00e9 pour tous les \u00e9l\u00e8ves. Des concertations\u00a0sont organis\u00e9es entre les enseignants de l\u2019\u00e9cole et du coll\u00e8ge. Elles visent \u00e0 pr\u00e9ciser la&#8230;<\/p>\n<p> <a class=\"continue-reading-link\" href=\"https:\/\/etab.ac-reunion.fr\/clg-plateau-caillou\/cycle-3-liaison-cm2-6e\/\"><span>Lire la suite<\/span><i class=\"crycon-right-dir\"><\/i><\/a> <\/p>\n","protected":false},"author":7283,"featured_media":0,"parent":0,"menu_order":0,"comment_status":"closed","ping_status":"closed","template":"","meta":{"footnotes":""},"class_list":["post-2791","page","type-page","status-publish","hentry"],"_links":{"self":[{"href":"https:\/\/etab.ac-reunion.fr\/clg-plateau-caillou\/wp-json\/wp\/v2\/pages\/2791","targetHints":{"allow":["GET"]}}],"collection":[{"href":"https:\/\/etab.ac-reunion.fr\/clg-plateau-caillou\/wp-json\/wp\/v2\/pages"}],"about":[{"href":"https:\/\/etab.ac-reunion.fr\/clg-plateau-caillou\/wp-json\/wp\/v2\/types\/page"}],"author":[{"embeddable":true,"href":"https:\/\/etab.ac-reunion.fr\/clg-plateau-caillou\/wp-json\/wp\/v2\/users\/7283"}],"replies":[{"embeddable":true,"href":"https:\/\/etab.ac-reunion.fr\/clg-plateau-caillou\/wp-json\/wp\/v2\/comments?post=2791"}],"version-history":[{"count":3,"href":"https:\/\/etab.ac-reunion.fr\/clg-plateau-caillou\/wp-json\/wp\/v2\/pages\/2791\/revisions"}],"predecessor-version":[{"id":4786,"href":"https:\/\/etab.ac-reunion.fr\/clg-plateau-caillou\/wp-json\/wp\/v2\/pages\/2791\/revisions\/4786"}],"wp:attachment":[{"href":"https:\/\/etab.ac-reunion.fr\/clg-plateau-caillou\/wp-json\/wp\/v2\/media?parent=2791"}],"curies":[{"name":"wp","href":"https:\/\/api.w.org\/{rel}","templated":true}]}}