{"id":2863,"date":"2023-01-27T12:50:44","date_gmt":"2023-01-27T08:50:44","guid":{"rendered":"https:\/\/etab.ac-reunion.fr\/clg-plateau-caillou\/?page_id=2863"},"modified":"2023-04-25T11:52:34","modified_gmt":"2023-04-25T07:52:34","slug":"ressources-en-ligne","status":"publish","type":"page","link":"https:\/\/etab.ac-reunion.fr\/clg-plateau-caillou\/orientation\/ressources-en-ligne\/","title":{"rendered":"Ressources en ligne"},"content":{"rendered":"<p>Voici une s\u00e9lection de liens utiles pour comprendre et suivre l&rsquo;orientation de vos enfants :<\/p>\n<ul>\n<li><span style=\"font-family: Arial, Helvetica, sans-serif\">LE CONSEIL DE CLASSE\u00a0<\/span><span style=\"font-family: Arial, Helvetica, sans-serif\"><a href=\"https:\/\/www.onisep.fr\/Choisir-mes-etudes\/college\/Organisation-des-etudes\/les-instances-officielles\/le-conseil-de-classe-mieux-comprendre-ce-rendez-vous-trimestriel\">https:\/\/www.onisep.fr\/Choisir-mes-etudes\/college\/Organisation-des-etudes\/les-instances-officielles\/le-conseil-de-classe-mieux-comprendre-ce-rendez-vous-trimestriel<\/a><\/span><\/li>\n<li>\n<p class=\"no-margin\">LES SERVICES EN LIGNE POUR L\u2019AFFECTATION APR\u00c8S LA 3E <a href=\"https:\/\/www.onisep.fr\/Choisir-mes-etudes\/college\/Orientation-au-college\/les-services-en-ligne-pour-l-orientation-et-l-affectation-apres-la-3e\">https:\/\/www.onisep.fr\/Choisir-mes-etudes\/college\/Orientation-au-college\/les-services-en-ligne-pour-l-orientation-et-l-affectation-apres-la-3e<\/a><\/p>\n<\/li>\n<li>LA CLASSE DE 3E\u00a0 <a href=\"https:\/\/www.onisep.fr\/orientation\/le-college\/telechargez-le-guide-gratuit-en-classe-de-3-preparer-son-orientation-rentree-2023\">https:\/\/www.onisep.fr\/orientation\/le-college\/telechargez-le-guide-gratuit-en-classe-de-3-preparer-son-orientation-rentree-2023<\/a><\/li>\n<li>\n<p class=\"no-margin\">VOIE PRO : LA 3E PR\u00c9PA-M\u00c9TIERS\u00a0<a href=\"https:\/\/www.onisep.fr\/Choisir-mes-etudes\/college\/Orientation-au-college\/la-3e-prepa-metiers\">https:\/\/www.onisep.fr\/Choisir-mes-etudes\/college\/Orientation-au-college\/la-3e-prepa-metiers<\/a><\/p>\n<\/li>\n<li>COLL\u00c9GIENS \u00c0 BESOINS SP\u00c9CIFIQUES\u00a0<a href=\"https:\/\/www.onisep.fr\/Choisir-mes-etudes\/college\/collegiens-a-besoins-specifiques\">https:\/\/www.onisep.fr\/Choisir-mes-etudes\/college\/collegiens-a-besoins-specifiques<\/a><\/li>\n<\/ul>\n","protected":false},"excerpt":{"rendered":"<p>Voici une s\u00e9lection de liens utiles pour comprendre et suivre l&rsquo;orientation de vos enfants : LE CONSEIL DE CLASSE\u00a0https:\/\/www.onisep.fr\/Choisir-mes-etudes\/college\/Organisation-des-etudes\/les-instances-officielles\/le-conseil-de-classe-mieux-comprendre-ce-rendez-vous-trimestriel LES SERVICES EN LIGNE POUR L\u2019AFFECTATION APR\u00c8S LA 3E https:\/\/www.onisep.fr\/Choisir-mes-etudes\/college\/Orientation-au-college\/les-services-en-ligne-pour-l-orientation-et-l-affectation-apres-la-3e LA CLASSE DE 3E\u00a0 https:\/\/www.onisep.fr\/orientation\/le-college\/telechargez-le-guide-gratuit-en-classe-de-3-preparer-son-orientation-rentree-2023 VOIE PRO : LA 3E PR\u00c9PA-M\u00c9TIERS\u00a0https:\/\/www.onisep.fr\/Choisir-mes-etudes\/college\/Orientation-au-college\/la-3e-prepa-metiers COLL\u00c9GIENS \u00c0 BESOINS SP\u00c9CIFIQUES\u00a0https:\/\/www.onisep.fr\/Choisir-mes-etudes\/college\/collegiens-a-besoins-specifiques<\/p>\n<p> <a class=\"continue-reading-link\" href=\"https:\/\/etab.ac-reunion.fr\/clg-plateau-caillou\/orientation\/ressources-en-ligne\/\"><span>Lire la suite<\/span><i class=\"crycon-right-dir\"><\/i><\/a> <\/p>\n","protected":false},"author":7283,"featured_media":0,"parent":2229,"menu_order":0,"comment_status":"closed","ping_status":"closed","template":"","meta":{"footnotes":""},"class_list":["post-2863","page","type-page","status-publish","hentry"],"_links":{"self":[{"href":"https:\/\/etab.ac-reunion.fr\/clg-plateau-caillou\/wp-json\/wp\/v2\/pages\/2863","targetHints":{"allow":["GET"]}}],"collection":[{"href":"https:\/\/etab.ac-reunion.fr\/clg-plateau-caillou\/wp-json\/wp\/v2\/pages"}],"about":[{"href":"https:\/\/etab.ac-reunion.fr\/clg-plateau-caillou\/wp-json\/wp\/v2\/types\/page"}],"author":[{"embeddable":true,"href":"https:\/\/etab.ac-reunion.fr\/clg-plateau-caillou\/wp-json\/wp\/v2\/users\/7283"}],"replies":[{"embeddable":true,"href":"https:\/\/etab.ac-reunion.fr\/clg-plateau-caillou\/wp-json\/wp\/v2\/comments?post=2863"}],"version-history":[{"count":3,"href":"https:\/\/etab.ac-reunion.fr\/clg-plateau-caillou\/wp-json\/wp\/v2\/pages\/2863\/revisions"}],"predecessor-version":[{"id":3034,"href":"https:\/\/etab.ac-reunion.fr\/clg-plateau-caillou\/wp-json\/wp\/v2\/pages\/2863\/revisions\/3034"}],"up":[{"embeddable":true,"href":"https:\/\/etab.ac-reunion.fr\/clg-plateau-caillou\/wp-json\/wp\/v2\/pages\/2229"}],"wp:attachment":[{"href":"https:\/\/etab.ac-reunion.fr\/clg-plateau-caillou\/wp-json\/wp\/v2\/media?parent=2863"}],"curies":[{"name":"wp","href":"https:\/\/api.w.org\/{rel}","templated":true}]}}