{"id":2884,"date":"2023-03-30T11:32:44","date_gmt":"2023-03-30T07:32:44","guid":{"rendered":"https:\/\/etab.ac-reunion.fr\/clg-plateau-caillou\/?page_id=2884"},"modified":"2025-10-02T19:00:59","modified_gmt":"2025-10-02T15:00:59","slug":"les-premiers-secours-et-gestes-qui-sauvent","status":"publish","type":"page","link":"https:\/\/etab.ac-reunion.fr\/clg-plateau-caillou\/sante\/les-premiers-secours-et-gestes-qui-sauvent\/","title":{"rendered":"Les premiers secours et gestes qui sauvent"},"content":{"rendered":"<p style=\"text-align: justify\"><b>La formation Pr\u00e9vention et secours civique de niveau 1 (PSC1) est une formation qui permet d&rsquo;apprendre des gestes simples \u00e0 travers des mises en situation<\/b>\u00a0: comment pr\u00e9venir les secours, prot\u00e9ger une victime, quels gestes effectuer en attendant l&rsquo;arriv\u00e9e des secours, etc.<\/p>\n<p>Le minist\u00e8re charg\u00e9 de l\u2019\u00c9ducation nationale renforce le continuum de sensibilisation et de formation des \u00e9l\u00e8ves de l&rsquo;\u00e9cole au lyc\u00e9e :<\/p>\n<ul>\n<li>\u00c0 l&rsquo;\u00e9cole, par le dispositif \u00ab\u00a0apprendre \u00e0 porter secours (APS)\u00a0\u00bb des cycles 1 \u00e0 3<\/li>\n<li>Au coll\u00e8ge et au lyc\u00e9e, par la sensibilisation des \u00e9l\u00e8ves aux gestes qui sauvent (GQS) et la formation \u00ab\u00a0pr\u00e9vention et secours civiques\u00a0\u00bb de niveau 1 (PSC1)<\/li>\n<li>Au lyc\u00e9e, par la formation continue au PSC1 et la formation de sauveteur secouriste du travail (SST) pour les \u00e9l\u00e8ves des formations professionnelles<\/li>\n<\/ul>\n<p id=\"edugouv-summary-item-4\" style=\"text-align: justify\">Le certificat pr\u00e9vention et secours civiques de niveau 1 (PSC1) est <strong>d\u00e9livr\u00e9 aux coll\u00e9giens<\/strong>\u00a0lorsqu&rsquo;ils ont suivi cette\u00a0<strong>formation aux premiers secours<\/strong>. V\u00e9ritable certificat de comp\u00e9tences de citoyennet\u00e9 s\u00e9curit\u00e9 civile, le PCS1 atteste de la capacit\u00e9 \u00e0 pr\u00e9voir les risques et \u00e0 reproduire les gestes \u00e9l\u00e9mentaires de secours aux personnes en situation de d\u00e9tresse physique.<\/p>\n<p style=\"text-align: center\">Bravo \u00e0 tous nos participants !!!!<img loading=\"lazy\" decoding=\"async\" class=\"size-medium wp-image-2885 aligncenter\" src=\"https:\/\/etab.ac-reunion.fr\/clg-plateau-caillou\/wp-content\/uploads\/sites\/103\/2023\/03\/gqs3-300x153.jpg\" alt=\"\" width=\"300\" height=\"153\" srcset=\"https:\/\/etab.ac-reunion.fr\/clg-plateau-caillou\/wp-content\/uploads\/sites\/103\/2023\/03\/gqs3-300x153.jpg 300w, https:\/\/etab.ac-reunion.fr\/clg-plateau-caillou\/wp-content\/uploads\/sites\/103\/2023\/03\/gqs3-1024x523.jpg 1024w, https:\/\/etab.ac-reunion.fr\/clg-plateau-caillou\/wp-content\/uploads\/sites\/103\/2023\/03\/gqs3-768x392.jpg 768w, https:\/\/etab.ac-reunion.fr\/clg-plateau-caillou\/wp-content\/uploads\/sites\/103\/2023\/03\/gqs3-1536x784.jpg 1536w, https:\/\/etab.ac-reunion.fr\/clg-plateau-caillou\/wp-content\/uploads\/sites\/103\/2023\/03\/gqs3-2048x1046.jpg 2048w, https:\/\/etab.ac-reunion.fr\/clg-plateau-caillou\/wp-content\/uploads\/sites\/103\/2023\/03\/gqs3-150x77.jpg 150w\" sizes=\"auto, (max-width: 300px) 100vw, 300px\" \/><\/p>\n<p>&nbsp;<\/p>\n<p style=\"text-align: center\"><b><img loading=\"lazy\" decoding=\"async\" class=\"alignnone wp-image-2890\" src=\"https:\/\/etab.ac-reunion.fr\/clg-plateau-caillou\/wp-content\/uploads\/sites\/103\/2023\/03\/gqs4-225x300.jpeg\" alt=\"\" width=\"294\" height=\"392\" srcset=\"https:\/\/etab.ac-reunion.fr\/clg-plateau-caillou\/wp-content\/uploads\/sites\/103\/2023\/03\/gqs4-225x300.jpeg 225w, https:\/\/etab.ac-reunion.fr\/clg-plateau-caillou\/wp-content\/uploads\/sites\/103\/2023\/03\/gqs4-768x1024.jpeg 768w, https:\/\/etab.ac-reunion.fr\/clg-plateau-caillou\/wp-content\/uploads\/sites\/103\/2023\/03\/gqs4-1152x1536.jpeg 1152w, https:\/\/etab.ac-reunion.fr\/clg-plateau-caillou\/wp-content\/uploads\/sites\/103\/2023\/03\/gqs4-1536x2048.jpeg 1536w, https:\/\/etab.ac-reunion.fr\/clg-plateau-caillou\/wp-content\/uploads\/sites\/103\/2023\/03\/gqs4-113x150.jpeg 113w, https:\/\/etab.ac-reunion.fr\/clg-plateau-caillou\/wp-content\/uploads\/sites\/103\/2023\/03\/gqs4-scaled.jpeg 1920w\" sizes=\"auto, (max-width: 294px) 100vw, 294px\" \/><\/b><\/p>\n<p>&nbsp;<\/p>\n<p>A la fin de l&rsquo;ann\u00e9e 2025, tous les 6\u00e8me et 4\u00e8me ont \u00e9t\u00e9 form\u00e9s <strong>aux GQS<\/strong> et tous les 3\u00e8me ont re\u00e7u <b>La formation Pr\u00e9vention et secours civique de niveau 1 (PSC1)<\/b><\/p>\n","protected":false},"excerpt":{"rendered":"<p>La formation Pr\u00e9vention et secours civique de niveau 1 (PSC1) est une formation qui permet d&rsquo;apprendre des gestes simples \u00e0 travers des mises en situation\u00a0: comment pr\u00e9venir les secours, prot\u00e9ger une victime, quels gestes effectuer en attendant l&rsquo;arriv\u00e9e des secours, etc. Le minist\u00e8re charg\u00e9 de l\u2019\u00c9ducation nationale renforce le continuum&#8230;<\/p>\n<p> <a class=\"continue-reading-link\" href=\"https:\/\/etab.ac-reunion.fr\/clg-plateau-caillou\/sante\/les-premiers-secours-et-gestes-qui-sauvent\/\"><span>Lire la suite<\/span><i class=\"crycon-right-dir\"><\/i><\/a> <\/p>\n","protected":false},"author":7283,"featured_media":0,"parent":2851,"menu_order":0,"comment_status":"closed","ping_status":"closed","template":"","meta":{"footnotes":""},"class_list":["post-2884","page","type-page","status-publish","hentry"],"_links":{"self":[{"href":"https:\/\/etab.ac-reunion.fr\/clg-plateau-caillou\/wp-json\/wp\/v2\/pages\/2884","targetHints":{"allow":["GET"]}}],"collection":[{"href":"https:\/\/etab.ac-reunion.fr\/clg-plateau-caillou\/wp-json\/wp\/v2\/pages"}],"about":[{"href":"https:\/\/etab.ac-reunion.fr\/clg-plateau-caillou\/wp-json\/wp\/v2\/types\/page"}],"author":[{"embeddable":true,"href":"https:\/\/etab.ac-reunion.fr\/clg-plateau-caillou\/wp-json\/wp\/v2\/users\/7283"}],"replies":[{"embeddable":true,"href":"https:\/\/etab.ac-reunion.fr\/clg-plateau-caillou\/wp-json\/wp\/v2\/comments?post=2884"}],"version-history":[{"count":6,"href":"https:\/\/etab.ac-reunion.fr\/clg-plateau-caillou\/wp-json\/wp\/v2\/pages\/2884\/revisions"}],"predecessor-version":[{"id":5257,"href":"https:\/\/etab.ac-reunion.fr\/clg-plateau-caillou\/wp-json\/wp\/v2\/pages\/2884\/revisions\/5257"}],"up":[{"embeddable":true,"href":"https:\/\/etab.ac-reunion.fr\/clg-plateau-caillou\/wp-json\/wp\/v2\/pages\/2851"}],"wp:attachment":[{"href":"https:\/\/etab.ac-reunion.fr\/clg-plateau-caillou\/wp-json\/wp\/v2\/media?parent=2884"}],"curies":[{"name":"wp","href":"https:\/\/api.w.org\/{rel}","templated":true}]}}