{"id":3068,"date":"2023-05-02T11:39:25","date_gmt":"2023-05-02T07:39:25","guid":{"rendered":"https:\/\/etab.ac-reunion.fr\/clg-plateau-caillou\/?page_id=3068"},"modified":"2025-05-19T09:17:57","modified_gmt":"2025-05-19T05:17:57","slug":"ecole-ouverte","status":"publish","type":"page","link":"https:\/\/etab.ac-reunion.fr\/clg-plateau-caillou\/ecole-ouverte\/","title":{"rendered":"ECOLE OUVERTE"},"content":{"rendered":"<p style=\"text-align: justify\" align=\"left\">Le dispositif \u00ab\u00a0\u00c9cole ouverte\u00a0\u00bb s&rsquo;adresse en priorit\u00e9 aux jeunes qui vivent dans des zones urbaines et rurales d\u00e9favoris\u00e9es. Il permet aux \u00e9l\u00e8ves du CP \u00e0 la Terminale de b\u00e9n\u00e9ficier de renforcement scolaire, d&rsquo;activit\u00e9s \u00e9ducatives et de loisirs pendant les vacances scolaires. Ce dispositif a pour objectif\u00a0de <span style=\"text-decoration: underline\">renforcer les apprentissages<\/span> et <span style=\"text-decoration: underline\">contribuer \u00e0 l\u2019\u00e9panouissement des enfants<\/span> et des jeunes gr\u00e2ce \u00e0 des activit\u00e9s vari\u00e9es dans l\u2019\u00e9cole ou l\u2019\u00e9tablissement de scolarisation de l\u2019\u00e9l\u00e8ve ou bien dans un \u00e9tablissement proche.<\/p>\n<p style=\"text-align: justify\">Le dispositif \u00c9cole ouverte est propos\u00e9 aux\u00a0<strong>\u00e9l\u00e8ves qui s&rsquo;inscrivent sur la base du volontariat<\/strong>. Il revient toutefois aux membres de la communaut\u00e9 \u00e9ducative d<strong>&lsquo;identifier les \u00e9l\u00e8ves qui pourraient tirer b\u00e9n\u00e9fice du dispositif<\/strong>\u00a0et de\u00a0<strong>les encourager \u00e0 s&rsquo;inscrire<\/strong>. Ils engageront \u00e9galement les discussions n\u00e9cessaires avec les familles.<\/p>\n","protected":false},"excerpt":{"rendered":"<p>Le dispositif \u00ab\u00a0\u00c9cole ouverte\u00a0\u00bb s&rsquo;adresse en priorit\u00e9 aux jeunes qui vivent dans des zones urbaines et rurales d\u00e9favoris\u00e9es. Il permet aux \u00e9l\u00e8ves du CP \u00e0 la Terminale de b\u00e9n\u00e9ficier de renforcement scolaire, d&rsquo;activit\u00e9s \u00e9ducatives et de loisirs pendant les vacances scolaires. Ce dispositif a pour objectif\u00a0de renforcer les apprentissages et&#8230;<\/p>\n<p> <a class=\"continue-reading-link\" href=\"https:\/\/etab.ac-reunion.fr\/clg-plateau-caillou\/ecole-ouverte\/\"><span>Lire la suite<\/span><i class=\"crycon-right-dir\"><\/i><\/a> <\/p>\n","protected":false},"author":7283,"featured_media":0,"parent":0,"menu_order":0,"comment_status":"closed","ping_status":"closed","template":"","meta":{"footnotes":""},"class_list":["post-3068","page","type-page","status-publish","hentry"],"_links":{"self":[{"href":"https:\/\/etab.ac-reunion.fr\/clg-plateau-caillou\/wp-json\/wp\/v2\/pages\/3068","targetHints":{"allow":["GET"]}}],"collection":[{"href":"https:\/\/etab.ac-reunion.fr\/clg-plateau-caillou\/wp-json\/wp\/v2\/pages"}],"about":[{"href":"https:\/\/etab.ac-reunion.fr\/clg-plateau-caillou\/wp-json\/wp\/v2\/types\/page"}],"author":[{"embeddable":true,"href":"https:\/\/etab.ac-reunion.fr\/clg-plateau-caillou\/wp-json\/wp\/v2\/users\/7283"}],"replies":[{"embeddable":true,"href":"https:\/\/etab.ac-reunion.fr\/clg-plateau-caillou\/wp-json\/wp\/v2\/comments?post=3068"}],"version-history":[{"count":2,"href":"https:\/\/etab.ac-reunion.fr\/clg-plateau-caillou\/wp-json\/wp\/v2\/pages\/3068\/revisions"}],"predecessor-version":[{"id":4787,"href":"https:\/\/etab.ac-reunion.fr\/clg-plateau-caillou\/wp-json\/wp\/v2\/pages\/3068\/revisions\/4787"}],"wp:attachment":[{"href":"https:\/\/etab.ac-reunion.fr\/clg-plateau-caillou\/wp-json\/wp\/v2\/media?parent=3068"}],"curies":[{"name":"wp","href":"https:\/\/api.w.org\/{rel}","templated":true}]}}