{"id":3076,"date":"2023-05-02T11:50:14","date_gmt":"2023-05-02T07:50:14","guid":{"rendered":"https:\/\/etab.ac-reunion.fr\/clg-plateau-caillou\/?page_id=3076"},"modified":"2025-05-19T10:49:29","modified_gmt":"2025-05-19T06:49:29","slug":"plato-reporter","status":"publish","type":"page","link":"https:\/\/etab.ac-reunion.fr\/clg-plateau-caillou\/ecole-ouverte\/plato-reporter\/","title":{"rendered":"A la rencontre d&rsquo;Abeil One"},"content":{"rendered":"<p align=\"justify\">Interview du graffeur professionnel Abeilone, qui est venu r\u00e9aliser la fresque pr\u00e9sente \u00e0 l&rsquo;entr\u00e9e du coll\u00e8ge. Apr\u00e8s avoir \u00e9t\u00e9 encadr\u00e9s par l&rsquo;artiste pour participer \u00e0 la cr\u00e9ation de la fresque, les \u00e9l\u00e8ves ont r\u00e9alis\u00e9 l&rsquo;interview de l&rsquo;artiste.<\/p>\n<p align=\"justify\"><span style=\"color: #fb0d0d\"><span style=\"font-family: Calibri, sans-serif\"><span style=\"font-size: large\"><span style=\"color: #111111\">C\u2019est s<\/span><span style=\"color: #111111\">ous le soleil tapant de St Paul <\/span><span style=\"color: #111111\">\u00e0 l\u2019entr\u00e9e du coll\u00e8ge<\/span><span style=\"color: #111111\">, <\/span><span style=\"color: #111111\">que nous, apprentis <\/span><span style=\"color: #111111\">journaliste<\/span><span style=\"color: #111111\">s<\/span> <span style=\"color: #111111\">avons<\/span><span style=\"color: #111111\"> tendu le micro \u00e0 l\u2019artiste graffeur et dessinateur <\/span><span style=\"color: #111111\">Mathieu alias \u00ab<\/span><span style=\"color: #111111\"><b>Abeil One<\/b><\/span><span style=\"color: #111111\">\u00bb : <\/span><\/span><\/span><\/span><span style=\"color: #000000\"><span style=\"font-family: Calibri, sans-serif\"><span style=\"font-size: large\">Pourquoi avez- vous d\u00e9cid\u00e9 de faire ce m\u00e9tier ?\u00a0<\/span><\/span><em><span style=\"font-family: Calibri, sans-serif\"><span style=\"font-size: large\">Par passion. C\u2019est en 4\u00e8me que j\u2019ai d\u00e9couvert le dessin. Au d\u00e9but je voulais devenir prof d\u2019arts plastiques, et puis voil\u00e0 apr\u00e8s le lyc\u00e9e, j\u2019ai fait l\u2019\u00e9cole des arts et \u00e7a m\u2019a plu. <\/span><\/span><span style=\"font-family: Calibri, sans-serif\"><span style=\"font-size: large\">Je me suis lanc\u00e9 en tant qu\u2019 ARTISTE ind\u00e9pendant, et j\u2019 en fait depuis mon m\u00e9tier. <\/span><\/span><\/em><span style=\"font-family: Calibri, sans-serif\"><span style=\"font-size: large\">Depuis quand exercez- vous ce m\u00e9tier ? <\/span><\/span><em><span style=\"font-family: Calibri, sans-serif\"><span style=\"font-size: large\">\u00c7a fait \u00e0 peu pr\u00e8s 7, 8 ans que je fais que \u00e7a comme m\u00e9tier. <\/span><\/span><\/em><span style=\"font-family: Calibri, sans-serif\"><span style=\"font-size: large\">Quel est votre style artistique ? <\/span><\/span><em><span style=\"font-family: Calibri, sans-serif\"><span style=\"font-size: large\">Mon style artistique c\u2019est que du figuratif et c\u2019est tr\u00e8s color\u00e9 , il y a toujours le m\u00eame code couleur : BLEU TURQUOISE, JAUNE, ORANGE, VERT, ROSE, VIOLET accompagn\u00e9 de GRIS. Et voil\u00e0&#8230; ce sont des repr\u00e9sentations de tout ce qui m\u2019inspire de la R\u00e9union, des objets un peu traditionnels revisit\u00e9s \u00e0 ma mani\u00e8re. <\/span><\/span><\/em><span style=\"font-family: Calibri, sans-serif\"><span style=\"font-size: large\">D\u2019o\u00f9 proviennent vos inspirations ? <\/span><\/span><em><span style=\"font-family: Calibri, sans-serif\"><span style=\"font-size: large\">Quand j\u2019ai d\u00e9but\u00e9, mon inspiration provenait des films fantastiques, des bouquins , des bandes dessin\u00e9es et des grands peintres un peu de tout, et l\u00e0 r\u00e9cemment je puise mon inspiration de partout de ce que je trouve \u00e0 la r\u00e9union et qu\u2019on ne trouve pas ailleurs. <\/span><\/span><\/em><span style=\"font-family: Calibri, sans-serif\"><span style=\"font-size: large\">Formez-vous d\u2019autres personnes ? <\/span><\/span><em><span style=\"font-family: Calibri, sans-serif\"><span style=\"font-size: large\">Non mais je fais des ateliers comme aujourd\u2019hui avec vous. <\/span><\/span><\/em><span style=\"font-family: Calibri, sans-serif\"><span style=\"font-size: large\">Vivez-vous de votre passion ? <\/span><\/span><em><span style=\"font-family: Calibri, sans-serif\"><span style=\"font-size: large\">Oui, j\u2019essaie. <\/span><\/span><\/em><strong>ABEIL est un acronyme : ART &#8211; BOMBE &#8211; \u00c9PH\u00c9M\u00c8RE- INSULAIRE &#8211; L\u00c9GENDE. <\/strong><span style=\"font-family: Calibri, sans-serif\"><span style=\"font-size: large\">Il faut savoir que le prodigieux dessinateur a fait sa scolarit\u00e9 au coll\u00e8ge Plateau Caillou. Il conna\u00eet parfaitement le quartier. On le conna\u00eet surtout pour son personnage de notre petit mammif\u00e8re au long museau et recouvert de poils piquants : le tangue !\u00a0<\/span><\/span><\/span><\/p>\n<p style=\"text-align: center\">Dessinateur, illustrateur, peintre, et graffeur,\u00a0<strong>Abeil<\/strong> est un jeune artiste issu du graffiti. Apr\u00e8s un an de formation \u00e0 L\u2019ILOI (Institut de l\u2019image de l\u2019Oc\u00e9an Indien), il int\u00e8gre l\u2019Ecole sup\u00e9rieure d\u2019art du Port. Durant ces quatre ans d\u2019\u00e9tudes, il s\u2019initie \u00e0 d\u2019autres m\u00e9diums comme la sculpture, le s\u00e9rigraphie, la gravure etc.<\/p>\n<p style=\"text-align: center\">AbeilOne est originaire de l\u2019\u00eele de La R\u00e9union. En 2012, il pr\u00e9sente pour la premi\u00e8re fois son travail lors d\u2019une exposition \u00e0 Saint-Denis de La R\u00e9union. Depuis, son univers et sa technique ne cessent d\u2019\u00e9voluer. AbeilOne puise son inspiration dans son \u00eele et sa cr\u00e9olit\u00e9 sans pour autant se laisser porter par le folklore. Le noir, le blanc et les nuances de gris composent la majeure partie de ses \u0153uvres, un choix fait par l\u2019artiste afin de sublimer les couleurs qu\u2019il ajoute par touches. Depuis 2016, AbeilOne se r\u00e9v\u00e8le sur la sc\u00e8ne internationale en effectuant des voyages et r\u00e9sidences artistiques. En 2024, il illustre son premier album jeunesse \u00e9crit par Isabelle Hoarau, <em>\u00c0 la queue leu leu Le secret de Ti Tang <\/em>publi\u00e9 par Orphie.<\/p>\n<p style=\"text-align: center\">Il a r\u00e9alis\u00e9 pour nous quelques \u0153uvres permettant de donner une identit\u00e9 \u00e0 l&rsquo;\u00e9tablissement : un premier mur avec la fresque \u00e0 l&rsquo;entr\u00e9e du coll\u00e8ge, puis les panneaux sonores \u00e0 la cantine, un deuxi\u00e8me mur avec le portrait du Veilleur dans la cour du coll\u00e8ge, l&rsquo;entr\u00e9e et la fresque du Tangue pour le CDI.<\/p>\n<p align=\"justify\"><img loading=\"lazy\" decoding=\"async\" class=\"size-full wp-image-4796 aligncenter\" src=\"https:\/\/etab.ac-reunion.fr\/clg-plateau-caillou\/wp-content\/uploads\/sites\/103\/2025\/05\/abeil-fresque-college.jpg\" alt=\"\" width=\"194\" height=\"259\" srcset=\"https:\/\/etab.ac-reunion.fr\/clg-plateau-caillou\/wp-content\/uploads\/sites\/103\/2025\/05\/abeil-fresque-college.jpg 194w, https:\/\/etab.ac-reunion.fr\/clg-plateau-caillou\/wp-content\/uploads\/sites\/103\/2025\/05\/abeil-fresque-college-112x150.jpg 112w\" sizes=\"auto, (max-width: 194px) 100vw, 194px\" \/><\/p>\n<p align=\"justify\">\n","protected":false},"excerpt":{"rendered":"<p>Interview du graffeur professionnel Abeilone, qui est venu r\u00e9aliser la fresque pr\u00e9sente \u00e0 l&rsquo;entr\u00e9e du coll\u00e8ge. Apr\u00e8s avoir \u00e9t\u00e9 encadr\u00e9s par l&rsquo;artiste pour participer \u00e0 la cr\u00e9ation de la fresque, les \u00e9l\u00e8ves ont r\u00e9alis\u00e9 l&rsquo;interview de l&rsquo;artiste. C\u2019est sous le soleil tapant de St Paul \u00e0 l\u2019entr\u00e9e du coll\u00e8ge, que&#8230;<\/p>\n<p> <a class=\"continue-reading-link\" href=\"https:\/\/etab.ac-reunion.fr\/clg-plateau-caillou\/ecole-ouverte\/plato-reporter\/\"><span>Lire la suite<\/span><i class=\"crycon-right-dir\"><\/i><\/a> <\/p>\n","protected":false},"author":7283,"featured_media":0,"parent":3068,"menu_order":0,"comment_status":"closed","ping_status":"closed","template":"","meta":{"footnotes":""},"class_list":["post-3076","page","type-page","status-publish","hentry"],"_links":{"self":[{"href":"https:\/\/etab.ac-reunion.fr\/clg-plateau-caillou\/wp-json\/wp\/v2\/pages\/3076","targetHints":{"allow":["GET"]}}],"collection":[{"href":"https:\/\/etab.ac-reunion.fr\/clg-plateau-caillou\/wp-json\/wp\/v2\/pages"}],"about":[{"href":"https:\/\/etab.ac-reunion.fr\/clg-plateau-caillou\/wp-json\/wp\/v2\/types\/page"}],"author":[{"embeddable":true,"href":"https:\/\/etab.ac-reunion.fr\/clg-plateau-caillou\/wp-json\/wp\/v2\/users\/7283"}],"replies":[{"embeddable":true,"href":"https:\/\/etab.ac-reunion.fr\/clg-plateau-caillou\/wp-json\/wp\/v2\/comments?post=3076"}],"version-history":[{"count":7,"href":"https:\/\/etab.ac-reunion.fr\/clg-plateau-caillou\/wp-json\/wp\/v2\/pages\/3076\/revisions"}],"predecessor-version":[{"id":4798,"href":"https:\/\/etab.ac-reunion.fr\/clg-plateau-caillou\/wp-json\/wp\/v2\/pages\/3076\/revisions\/4798"}],"up":[{"embeddable":true,"href":"https:\/\/etab.ac-reunion.fr\/clg-plateau-caillou\/wp-json\/wp\/v2\/pages\/3068"}],"wp:attachment":[{"href":"https:\/\/etab.ac-reunion.fr\/clg-plateau-caillou\/wp-json\/wp\/v2\/media?parent=3076"}],"curies":[{"name":"wp","href":"https:\/\/api.w.org\/{rel}","templated":true}]}}