{"id":3095,"date":"2023-05-04T12:02:58","date_gmt":"2023-05-04T08:02:58","guid":{"rendered":"https:\/\/etab.ac-reunion.fr\/clg-plateau-caillou\/?page_id=3095"},"modified":"2023-05-04T12:05:25","modified_gmt":"2023-05-04T08:05:25","slug":"bann-fruit-ek-legim-pei-anler-dan-nout-kolez","status":"publish","type":"page","link":"https:\/\/etab.ac-reunion.fr\/clg-plateau-caillou\/sante\/bann-fruit-ek-legim-pei-anler-dan-nout-kolez\/","title":{"rendered":"Bann fruit \u00e8k l\u00e9gim p\u00e9i anl\u00e8r dan nout kol\u00e8z"},"content":{"rendered":"<p><img loading=\"lazy\" decoding=\"async\" class=\" wp-image-3096 alignleft\" style=\"text-align: center\" src=\"https:\/\/etab.ac-reunion.fr\/clg-plateau-caillou\/wp-content\/uploads\/sites\/103\/2023\/05\/Affiche-fruit-300x278.jpg\" alt=\"\" width=\"342\" height=\"317\" srcset=\"https:\/\/etab.ac-reunion.fr\/clg-plateau-caillou\/wp-content\/uploads\/sites\/103\/2023\/05\/Affiche-fruit-300x278.jpg 300w, https:\/\/etab.ac-reunion.fr\/clg-plateau-caillou\/wp-content\/uploads\/sites\/103\/2023\/05\/Affiche-fruit-1024x950.jpg 1024w, https:\/\/etab.ac-reunion.fr\/clg-plateau-caillou\/wp-content\/uploads\/sites\/103\/2023\/05\/Affiche-fruit-768x712.jpg 768w, https:\/\/etab.ac-reunion.fr\/clg-plateau-caillou\/wp-content\/uploads\/sites\/103\/2023\/05\/Affiche-fruit-150x139.jpg 150w, https:\/\/etab.ac-reunion.fr\/clg-plateau-caillou\/wp-content\/uploads\/sites\/103\/2023\/05\/Affiche-fruit.jpg 1200w\" sizes=\"auto, (max-width: 342px) 100vw, 342px\" \/><\/p>\n<p style=\"text-align: center\"><strong>Distribution de fruits <\/strong><strong>ce Jeudi 04 Mai 2023<\/strong><\/p>\n<p style=\"text-align: justify\">Actio<span style=\"font-family: Arial, Helvetica, sans-serif\">n port\u00e9e par le D\u00e9partement en partenariat avec la Chambre d\u2019Agriculture et qui a permis d\u2019organiser la distribution de fruits aux \u00e9l\u00e8ves du Coll\u00e8ge, afin de contribuer \u00e0 une modification durable des comportements alimentaires.<\/span><\/p>\n<p style=\"text-align: center\"><strong>Redonner l\u2019habitude et le plaisir de manger <\/strong><strong>des fruits et l\u00e9gumes locaux<\/strong><\/p>\n<p style=\"text-align: justify\">L\u2019action ne se limite pas \u00e0 la remise gracieuse des produits locaux aux coll\u00e9giens. Elle est pr\u00e9c\u00e9d\u00e9e d\u2019autres phases comme la visite d\u2019exploitations par les adolescents et l\u2019intervention des producteurs dans les classes pour faire d\u00e9couvrir et sensibiliser les \u00e9l\u00e8ves aux m\u00e9tiers de l\u2019agriculture, aux activit\u00e9s agricoles mais aussi aux bonnes habitudes alimentaires et \u00e0 la sant\u00e9.\u00a0Autre objectif, permettre aux \u00e9l\u00e8ves de conna\u00eetre : les origines, les saisonnalit\u00e9s, les terroirs, les modes de production, les vari\u00e9t\u00e9s, les qualit\u00e9s nutritionnelles et gustatives des produits et les nombreux avantages de produire localement et de consommer p\u00e9i, un bon moyen de soutenir les agriculteurs p\u00e9i, acteurs et partenaires de la distribution de fruits et l\u00e9gumes.<\/p>\n<p style=\"text-align: center\">Bravo \u00e0 tous nos \u00e9co-d\u00e9l\u00e9gu\u00e9s pour la logistique !<\/p>\n<p><img loading=\"lazy\" decoding=\"async\" class=\"wp-image-3099 aligncenter\" src=\"https:\/\/etab.ac-reunion.fr\/clg-plateau-caillou\/wp-content\/uploads\/sites\/103\/2023\/05\/fruits3-300x225.jpeg\" alt=\"\" width=\"439\" height=\"329\" srcset=\"https:\/\/etab.ac-reunion.fr\/clg-plateau-caillou\/wp-content\/uploads\/sites\/103\/2023\/05\/fruits3-300x225.jpeg 300w, https:\/\/etab.ac-reunion.fr\/clg-plateau-caillou\/wp-content\/uploads\/sites\/103\/2023\/05\/fruits3-1024x768.jpeg 1024w, https:\/\/etab.ac-reunion.fr\/clg-plateau-caillou\/wp-content\/uploads\/sites\/103\/2023\/05\/fruits3-768x576.jpeg 768w, https:\/\/etab.ac-reunion.fr\/clg-plateau-caillou\/wp-content\/uploads\/sites\/103\/2023\/05\/fruits3-1536x1152.jpeg 1536w, https:\/\/etab.ac-reunion.fr\/clg-plateau-caillou\/wp-content\/uploads\/sites\/103\/2023\/05\/fruits3-2048x1536.jpeg 2048w, https:\/\/etab.ac-reunion.fr\/clg-plateau-caillou\/wp-content\/uploads\/sites\/103\/2023\/05\/fruits3-150x113.jpeg 150w\" sizes=\"auto, (max-width: 439px) 100vw, 439px\" \/><\/p>\n","protected":false},"excerpt":{"rendered":"<p>Distribution de fruits ce Jeudi 04 Mai 2023 Action port\u00e9e par le D\u00e9partement en partenariat avec la Chambre d\u2019Agriculture et qui a permis d\u2019organiser la distribution de fruits aux \u00e9l\u00e8ves du Coll\u00e8ge, afin de contribuer \u00e0 une modification durable des comportements alimentaires. Redonner l\u2019habitude et le plaisir de manger des&#8230;<\/p>\n<p> <a class=\"continue-reading-link\" href=\"https:\/\/etab.ac-reunion.fr\/clg-plateau-caillou\/sante\/bann-fruit-ek-legim-pei-anler-dan-nout-kolez\/\"><span>Lire la suite<\/span><i class=\"crycon-right-dir\"><\/i><\/a> <\/p>\n","protected":false},"author":7283,"featured_media":0,"parent":2851,"menu_order":0,"comment_status":"closed","ping_status":"closed","template":"","meta":{"footnotes":""},"class_list":["post-3095","page","type-page","status-publish","hentry"],"_links":{"self":[{"href":"https:\/\/etab.ac-reunion.fr\/clg-plateau-caillou\/wp-json\/wp\/v2\/pages\/3095","targetHints":{"allow":["GET"]}}],"collection":[{"href":"https:\/\/etab.ac-reunion.fr\/clg-plateau-caillou\/wp-json\/wp\/v2\/pages"}],"about":[{"href":"https:\/\/etab.ac-reunion.fr\/clg-plateau-caillou\/wp-json\/wp\/v2\/types\/page"}],"author":[{"embeddable":true,"href":"https:\/\/etab.ac-reunion.fr\/clg-plateau-caillou\/wp-json\/wp\/v2\/users\/7283"}],"replies":[{"embeddable":true,"href":"https:\/\/etab.ac-reunion.fr\/clg-plateau-caillou\/wp-json\/wp\/v2\/comments?post=3095"}],"version-history":[{"count":2,"href":"https:\/\/etab.ac-reunion.fr\/clg-plateau-caillou\/wp-json\/wp\/v2\/pages\/3095\/revisions"}],"predecessor-version":[{"id":3105,"href":"https:\/\/etab.ac-reunion.fr\/clg-plateau-caillou\/wp-json\/wp\/v2\/pages\/3095\/revisions\/3105"}],"up":[{"embeddable":true,"href":"https:\/\/etab.ac-reunion.fr\/clg-plateau-caillou\/wp-json\/wp\/v2\/pages\/2851"}],"wp:attachment":[{"href":"https:\/\/etab.ac-reunion.fr\/clg-plateau-caillou\/wp-json\/wp\/v2\/media?parent=3095"}],"curies":[{"name":"wp","href":"https:\/\/api.w.org\/{rel}","templated":true}]}}