{"id":3341,"date":"2023-08-22T14:44:36","date_gmt":"2023-08-22T10:44:36","guid":{"rendered":"https:\/\/etab.ac-reunion.fr\/clg-plateau-caillou\/?page_id=3341"},"modified":"2023-08-22T14:44:59","modified_gmt":"2023-08-22T10:44:59","slug":"les-eleves-rencontrent-la-secretaire-detat-a-la-jeunesse-prisca-thevenot","status":"publish","type":"page","link":"https:\/\/etab.ac-reunion.fr\/clg-plateau-caillou\/orientation\/les-eleves-rencontrent-la-secretaire-detat-a-la-jeunesse-prisca-thevenot\/","title":{"rendered":"Les \u00e9l\u00e8ves rencontrent  la secr\u00e9taire d&rsquo;Etat \u00e0 la jeunesse, Prisca Th\u00e9venot"},"content":{"rendered":"<p><span style=\"font-family: Arial, sans-serif\"><span style=\"font-size: small\">Pour les \u00e9l\u00e8ves de 3e1, ce <b>jeudi 17 Ao\u00fbt 2023 <\/b> est un jour de rentr\u00e9e particulier. En plus de d\u00e9couvrir le projet de classe qui rythmera leur ann\u00e9e (<b>le projet de classe mentorat<\/b>), ils ont fait connaissance avec les <b>4 mentors<\/b> qui parraineront leur classe.<\/span><\/span><\/p>\n<p align=\"center\"><span style=\"font-family: Arial, sans-serif\"><span style=\"font-size: small\"><img loading=\"lazy\" decoding=\"async\" class=\"alignnone wp-image-3328\" src=\"https:\/\/etab.ac-reunion.fr\/clg-plateau-caillou\/wp-content\/uploads\/sites\/103\/2023\/08\/groupe-300x175.jpg\" alt=\"\" width=\"738\" height=\"430\" srcset=\"https:\/\/etab.ac-reunion.fr\/clg-plateau-caillou\/wp-content\/uploads\/sites\/103\/2023\/08\/groupe-300x175.jpg 300w, https:\/\/etab.ac-reunion.fr\/clg-plateau-caillou\/wp-content\/uploads\/sites\/103\/2023\/08\/groupe-1024x597.jpg 1024w, https:\/\/etab.ac-reunion.fr\/clg-plateau-caillou\/wp-content\/uploads\/sites\/103\/2023\/08\/groupe-768x448.jpg 768w, https:\/\/etab.ac-reunion.fr\/clg-plateau-caillou\/wp-content\/uploads\/sites\/103\/2023\/08\/groupe-1536x895.jpg 1536w, https:\/\/etab.ac-reunion.fr\/clg-plateau-caillou\/wp-content\/uploads\/sites\/103\/2023\/08\/groupe-2048x1194.jpg 2048w, https:\/\/etab.ac-reunion.fr\/clg-plateau-caillou\/wp-content\/uploads\/sites\/103\/2023\/08\/groupe-150x87.jpg 150w\" sizes=\"auto, (max-width: 738px) 100vw, 738px\" \/><\/span><\/span><\/p>\n<p><span style=\"font-family: Arial, sans-serif\"><span style=\"font-size: small\">Le jour de la rentr\u00e9e est donc pour les \u00e9l\u00e8ves l&rsquo;occasion de rencontrer leurs mentors, non seulement au sein du coll\u00e8ge, mais \u00e0 travers les visites de leurs lieux d&rsquo;exercice : le CROSS-SOI au Port et la station de sauvetage en mer SNSM de Sainte-Marie.<\/span><\/span><\/p>\n<p><span style=\"font-family: Arial, sans-serif\"><span style=\"font-size: small\">Lors de la visite du CROSS, les \u00e9l\u00e8ves ont d\u00e9couvert les salles de briefing, de r\u00e9ception des messages de secours et la salle d&rsquo;op\u00e9ration o\u00f9 sont trait\u00e9es les appels \u00e0 l&rsquo;aide.<\/span><\/span><\/p>\n<p align=\"center\"><span style=\"font-family: Arial, sans-serif\"><span style=\"font-size: small\"><img loading=\"lazy\" decoding=\"async\" class=\"alignnone wp-image-3334\" src=\"https:\/\/etab.ac-reunion.fr\/clg-plateau-caillou\/wp-content\/uploads\/sites\/103\/2023\/08\/operation-300x179.jpg\" alt=\"\" width=\"660\" height=\"394\" srcset=\"https:\/\/etab.ac-reunion.fr\/clg-plateau-caillou\/wp-content\/uploads\/sites\/103\/2023\/08\/operation-300x179.jpg 300w, https:\/\/etab.ac-reunion.fr\/clg-plateau-caillou\/wp-content\/uploads\/sites\/103\/2023\/08\/operation-1024x612.jpg 1024w, https:\/\/etab.ac-reunion.fr\/clg-plateau-caillou\/wp-content\/uploads\/sites\/103\/2023\/08\/operation-768x459.jpg 768w, https:\/\/etab.ac-reunion.fr\/clg-plateau-caillou\/wp-content\/uploads\/sites\/103\/2023\/08\/operation-1536x918.jpg 1536w, https:\/\/etab.ac-reunion.fr\/clg-plateau-caillou\/wp-content\/uploads\/sites\/103\/2023\/08\/operation-2048x1223.jpg 2048w, https:\/\/etab.ac-reunion.fr\/clg-plateau-caillou\/wp-content\/uploads\/sites\/103\/2023\/08\/operation-150x90.jpg 150w\" sizes=\"auto, (max-width: 660px) 100vw, 660px\" \/><\/span><\/span><\/p>\n<p align=\"center\"><span style=\"font-family: Arial, sans-serif\"><span style=\"font-size: small\"><img loading=\"lazy\" decoding=\"async\" class=\"alignnone wp-image-3342\" src=\"https:\/\/etab.ac-reunion.fr\/clg-plateau-caillou\/wp-content\/uploads\/sites\/103\/2023\/08\/briefing-300x203.jpg\" alt=\"\" width=\"640\" height=\"433\" srcset=\"https:\/\/etab.ac-reunion.fr\/clg-plateau-caillou\/wp-content\/uploads\/sites\/103\/2023\/08\/briefing-300x203.jpg 300w, https:\/\/etab.ac-reunion.fr\/clg-plateau-caillou\/wp-content\/uploads\/sites\/103\/2023\/08\/briefing-1024x694.jpg 1024w, https:\/\/etab.ac-reunion.fr\/clg-plateau-caillou\/wp-content\/uploads\/sites\/103\/2023\/08\/briefing-768x520.jpg 768w, https:\/\/etab.ac-reunion.fr\/clg-plateau-caillou\/wp-content\/uploads\/sites\/103\/2023\/08\/briefing-1536x1041.jpg 1536w, https:\/\/etab.ac-reunion.fr\/clg-plateau-caillou\/wp-content\/uploads\/sites\/103\/2023\/08\/briefing-2048x1388.jpg 2048w, https:\/\/etab.ac-reunion.fr\/clg-plateau-caillou\/wp-content\/uploads\/sites\/103\/2023\/08\/briefing-150x102.jpg 150w\" sizes=\"auto, (max-width: 640px) 100vw, 640px\" \/><\/span><\/span><\/p>\n<p><span style=\"font-family: Arial, sans-serif\"><span style=\"font-size: small\">La visite de la station SNSM de Sainte-Marie a \u00e9t\u00e9 l&rsquo;occasion de monter \u00e0 bord de la vedette de secours \u00ab\u00a0Mo\u00efse B\u00e8gue II\u00a0\u00bb.<\/span><\/span><\/p>\n<p align=\"center\"><span style=\"font-family: Arial, sans-serif\"><span style=\"font-size: small\"><img loading=\"lazy\" decoding=\"async\" class=\"alignnone wp-image-3336\" src=\"https:\/\/etab.ac-reunion.fr\/clg-plateau-caillou\/wp-content\/uploads\/sites\/103\/2023\/08\/vedette-300x124.jpg\" alt=\"\" width=\"830\" height=\"343\" srcset=\"https:\/\/etab.ac-reunion.fr\/clg-plateau-caillou\/wp-content\/uploads\/sites\/103\/2023\/08\/vedette-300x124.jpg 300w, https:\/\/etab.ac-reunion.fr\/clg-plateau-caillou\/wp-content\/uploads\/sites\/103\/2023\/08\/vedette-1024x422.jpg 1024w, https:\/\/etab.ac-reunion.fr\/clg-plateau-caillou\/wp-content\/uploads\/sites\/103\/2023\/08\/vedette-768x316.jpg 768w, https:\/\/etab.ac-reunion.fr\/clg-plateau-caillou\/wp-content\/uploads\/sites\/103\/2023\/08\/vedette-150x62.jpg 150w, https:\/\/etab.ac-reunion.fr\/clg-plateau-caillou\/wp-content\/uploads\/sites\/103\/2023\/08\/vedette.jpg 1119w\" sizes=\"auto, (max-width: 830px) 100vw, 830px\" \/><\/span><\/span><\/p>\n<p><span style=\"font-family: Arial, sans-serif\"><span style=\"font-size: small\">La rencontre entre les coll\u00e9giens et les b\u00e9n\u00e9voles de la SNSM \u00e0 Sainte-Marie a par ailleurs \u00e9t\u00e9 int\u00e9gr\u00e9e au programme de la visite officielle de la Secr\u00e9taire d\u2019\u00c9tat charg\u00e9e de la Jeunesse et du Service national Universel, Madame Prisca Th\u00e9venot.<\/span><\/span><\/p>\n<p align=\"center\"><span style=\"font-family: Arial, sans-serif\"><span style=\"font-size: small\"><img loading=\"lazy\" decoding=\"async\" class=\"alignnone wp-image-3333\" src=\"https:\/\/etab.ac-reunion.fr\/clg-plateau-caillou\/wp-content\/uploads\/sites\/103\/2023\/08\/ministre-300x152.jpg\" alt=\"\" width=\"701\" height=\"355\" srcset=\"https:\/\/etab.ac-reunion.fr\/clg-plateau-caillou\/wp-content\/uploads\/sites\/103\/2023\/08\/ministre-300x152.jpg 300w, https:\/\/etab.ac-reunion.fr\/clg-plateau-caillou\/wp-content\/uploads\/sites\/103\/2023\/08\/ministre-1024x519.jpg 1024w, https:\/\/etab.ac-reunion.fr\/clg-plateau-caillou\/wp-content\/uploads\/sites\/103\/2023\/08\/ministre-768x389.jpg 768w, https:\/\/etab.ac-reunion.fr\/clg-plateau-caillou\/wp-content\/uploads\/sites\/103\/2023\/08\/ministre-1536x779.jpg 1536w, https:\/\/etab.ac-reunion.fr\/clg-plateau-caillou\/wp-content\/uploads\/sites\/103\/2023\/08\/ministre-2048x1039.jpg 2048w, https:\/\/etab.ac-reunion.fr\/clg-plateau-caillou\/wp-content\/uploads\/sites\/103\/2023\/08\/ministre-150x76.jpg 150w\" sizes=\"auto, (max-width: 701px) 100vw, 701px\" \/><\/span><\/span><\/p>\n<p><span style=\"font-family: Arial, sans-serif\"><span style=\"font-size: small\">Madame Prisca Th\u00e9venot a \u00e9chang\u00e9 avec les \u00e9l\u00e8ves et les a encourag\u00e9 pour la suite de leur ann\u00e9e, leur promettant de prendre des nouvelles de la classe dans quelques mois. <\/span><\/span><span style=\"font-family: Arial, sans-serif\"><span style=\"font-size: small\">La rencontre entre les coll\u00e9giens avec la Secr\u00e9taire d\u2019\u00c9tat charg\u00e9e de la Jeunesse et du\u00a0<\/span><\/span><span style=\"font-family: Arial, sans-serif\"><span style=\"font-size: small\">Service national Universel de France constitue un t\u00e9moignage fort de l\u2019accompagnement \u00e0 la\u00a0<\/span><\/span><span style=\"font-family: Arial, sans-serif\"><span style=\"font-size: small\">fois bienveillant et exigeant dont les \u00e9l\u00e8ves b\u00e9n\u00e9ficieront tout au long de cette ann\u00e9e scolaire\u00a0 <\/span><\/span><span style=\"font-family: Arial, sans-serif\"><span style=\"font-size: small\">dans le cadre de ce projet de mentorat. <\/span><\/span><\/p>\n","protected":false},"excerpt":{"rendered":"<p>Pour les \u00e9l\u00e8ves de 3e1, ce jeudi 17 Ao\u00fbt 2023 est un jour de rentr\u00e9e particulier. En plus de d\u00e9couvrir le projet de classe qui rythmera leur ann\u00e9e (le projet de classe mentorat), ils ont fait connaissance avec les 4 mentors qui parraineront leur classe. Le jour de la rentr\u00e9e&#8230;<\/p>\n<p> <a class=\"continue-reading-link\" href=\"https:\/\/etab.ac-reunion.fr\/clg-plateau-caillou\/orientation\/les-eleves-rencontrent-la-secretaire-detat-a-la-jeunesse-prisca-thevenot\/\"><span>Lire la suite<\/span><i class=\"crycon-right-dir\"><\/i><\/a> <\/p>\n","protected":false},"author":7283,"featured_media":0,"parent":2229,"menu_order":0,"comment_status":"closed","ping_status":"closed","template":"","meta":{"footnotes":""},"class_list":["post-3341","page","type-page","status-publish","hentry"],"_links":{"self":[{"href":"https:\/\/etab.ac-reunion.fr\/clg-plateau-caillou\/wp-json\/wp\/v2\/pages\/3341","targetHints":{"allow":["GET"]}}],"collection":[{"href":"https:\/\/etab.ac-reunion.fr\/clg-plateau-caillou\/wp-json\/wp\/v2\/pages"}],"about":[{"href":"https:\/\/etab.ac-reunion.fr\/clg-plateau-caillou\/wp-json\/wp\/v2\/types\/page"}],"author":[{"embeddable":true,"href":"https:\/\/etab.ac-reunion.fr\/clg-plateau-caillou\/wp-json\/wp\/v2\/users\/7283"}],"replies":[{"embeddable":true,"href":"https:\/\/etab.ac-reunion.fr\/clg-plateau-caillou\/wp-json\/wp\/v2\/comments?post=3341"}],"version-history":[{"count":1,"href":"https:\/\/etab.ac-reunion.fr\/clg-plateau-caillou\/wp-json\/wp\/v2\/pages\/3341\/revisions"}],"predecessor-version":[{"id":3343,"href":"https:\/\/etab.ac-reunion.fr\/clg-plateau-caillou\/wp-json\/wp\/v2\/pages\/3341\/revisions\/3343"}],"up":[{"embeddable":true,"href":"https:\/\/etab.ac-reunion.fr\/clg-plateau-caillou\/wp-json\/wp\/v2\/pages\/2229"}],"wp:attachment":[{"href":"https:\/\/etab.ac-reunion.fr\/clg-plateau-caillou\/wp-json\/wp\/v2\/media?parent=3341"}],"curies":[{"name":"wp","href":"https:\/\/api.w.org\/{rel}","templated":true}]}}