{"id":3621,"date":"2023-11-09T16:19:28","date_gmt":"2023-11-09T12:19:28","guid":{"rendered":"https:\/\/etab.ac-reunion.fr\/clg-plateau-caillou\/?page_id=3621"},"modified":"2023-11-09T16:28:51","modified_gmt":"2023-11-09T12:28:51","slug":"9-11-23-journee-nationale-de-lutte-contre-le-harcelement-a-lecole","status":"publish","type":"page","link":"https:\/\/etab.ac-reunion.fr\/clg-plateau-caillou\/9-11-23-journee-nationale-de-lutte-contre-le-harcelement-a-lecole\/","title":{"rendered":"9\/11\/23 Journ\u00e9e nationale de lutte contre le harc\u00e8lement \u00e0 l&rsquo;\u00e9cole"},"content":{"rendered":"<p style=\"text-align: center\"><img loading=\"lazy\" decoding=\"async\" class=\"alignnone wp-image-3628\" src=\"https:\/\/etab.ac-reunion.fr\/clg-plateau-caillou\/wp-content\/uploads\/sites\/103\/2023\/11\/nah-300x72.png\" alt=\"\" width=\"367\" height=\"88\" srcset=\"https:\/\/etab.ac-reunion.fr\/clg-plateau-caillou\/wp-content\/uploads\/sites\/103\/2023\/11\/nah-300x72.png 300w, https:\/\/etab.ac-reunion.fr\/clg-plateau-caillou\/wp-content\/uploads\/sites\/103\/2023\/11\/nah-150x36.png 150w, https:\/\/etab.ac-reunion.fr\/clg-plateau-caillou\/wp-content\/uploads\/sites\/103\/2023\/11\/nah.png 457w\" sizes=\"auto, (max-width: 367px) 100vw, 367px\" \/><\/p>\n<p style=\"text-align: justify\">Pour sensibiliser aux ph\u00e9nom\u00e8nes de <span style=\"color: #000000\">harc\u00e8lement<\/span> dans le milieu scolaire, la journ\u00e9e nationale de lutte contre le harc\u00e8lement est organis\u00e9e chaque ann\u00e9e au mois de novembre. Cette journ\u00e9e est l&rsquo;occasion de rappeler combien la pr\u00e9vention et la <span style=\"color: #008000\">lutte contre le harc\u00e8lement<\/span> sont fondamentales pour permettre aux \u00e9l\u00e8ves d&rsquo;avoir une scolarit\u00e9 \u00e9panouie dans le cadre de la priorit\u00e9 donn\u00e9e au bien-\u00eatre.<\/p>\n<p class=\"text--center\" style=\"text-align: center\"><strong>Le harc\u00e8lement scolaire est d\u00e9sormais reconnu comme un d\u00e9lit p\u00e9nal qui pourra \u00eatre puni jusqu&rsquo;\u00e0 10\u00a0ans de prison et 150\u00a0000 euros d&rsquo;amende <\/strong><strong>en cas de suicide <\/strong><strong>ou de tentative de suicide de la victime harcel\u00e9e.<\/strong><\/p>\n<p><img loading=\"lazy\" decoding=\"async\" class=\" wp-image-3630 aligncenter\" src=\"https:\/\/etab.ac-reunion.fr\/clg-plateau-caillou\/wp-content\/uploads\/sites\/103\/2023\/11\/numero-nah-300x222.png\" alt=\"\" width=\"326\" height=\"241\" srcset=\"https:\/\/etab.ac-reunion.fr\/clg-plateau-caillou\/wp-content\/uploads\/sites\/103\/2023\/11\/numero-nah-300x222.png 300w, https:\/\/etab.ac-reunion.fr\/clg-plateau-caillou\/wp-content\/uploads\/sites\/103\/2023\/11\/numero-nah-150x111.png 150w, https:\/\/etab.ac-reunion.fr\/clg-plateau-caillou\/wp-content\/uploads\/sites\/103\/2023\/11\/numero-nah.png 517w\" sizes=\"auto, (max-width: 326px) 100vw, 326px\" \/><\/p>\n<p>Plusieurs actions ont \u00e9t\u00e9 mises en place cette ann\u00e9e au coll\u00e8ge :<\/p>\n<div class=\"key-fact-header\"><\/div>\n<div class=\"key-fact-footer\">\n<ul>\n<li style=\"text-align: left\">un DRESS CODE Blanc et\/ou vert pour l&rsquo;ensemble de la communaut\u00e9 \u00e9ducative<\/li>\n<li style=\"text-align: left\">des RUBANS VERTS distribu\u00e9s \u00e0 tous les personnels et tous les \u00e9l\u00e8ves,<\/li>\n<li style=\"text-align: left\">des COLIBRIS* en papier r\u00e9alis\u00e9s par nos \u00e9l\u00e8ves et accroch\u00e9s dans plusieurs endroits de l&rsquo;\u00e9tablissement,<\/li>\n<li style=\"text-align: left\">une CHAINE HUMAINE SOLIDAIRE \u00e0 13h dans la cour,<\/li>\n<li style=\"text-align: left\">la r\u00e9daction par les D\u00e9l\u00e9gu\u00e9s de classe de MESSAGES qui ont \u00e9t\u00e9 suspendus aux ARBRES \u00e0 mots dans la cour du coll\u00e8ge et en salle d&rsquo;\u00e9tude,<\/li>\n<li style=\"text-align: left\">des SLOGANS \u00e9crits par nos ambassadeurs au CDI et des DESSINS expos\u00e9s en salle d&rsquo;\u00e9tude<\/li>\n<li style=\"text-align: left\">une campagne PIX pour les 6\u00e8mes avec comme objectifs : savoir comment r\u00e9agir et conna\u00eetre le num\u00e9ro vert cyberharc\u00e8lement<\/li>\n<\/ul>\n<\/div>\n<p style=\"text-align: center\">Encore merci \u00e0 tous pour votre participation!<img loading=\"lazy\" decoding=\"async\" class=\" wp-image-3625 alignleft\" src=\"https:\/\/etab.ac-reunion.fr\/clg-plateau-caillou\/wp-content\/uploads\/sites\/103\/2023\/11\/colibris-225x300.jpeg\" alt=\"\" width=\"275\" height=\"367\" srcset=\"https:\/\/etab.ac-reunion.fr\/clg-plateau-caillou\/wp-content\/uploads\/sites\/103\/2023\/11\/colibris-225x300.jpeg 225w, https:\/\/etab.ac-reunion.fr\/clg-plateau-caillou\/wp-content\/uploads\/sites\/103\/2023\/11\/colibris-768x1024.jpeg 768w, https:\/\/etab.ac-reunion.fr\/clg-plateau-caillou\/wp-content\/uploads\/sites\/103\/2023\/11\/colibris-1152x1536.jpeg 1152w, https:\/\/etab.ac-reunion.fr\/clg-plateau-caillou\/wp-content\/uploads\/sites\/103\/2023\/11\/colibris-1536x2048.jpeg 1536w, https:\/\/etab.ac-reunion.fr\/clg-plateau-caillou\/wp-content\/uploads\/sites\/103\/2023\/11\/colibris-113x150.jpeg 113w, https:\/\/etab.ac-reunion.fr\/clg-plateau-caillou\/wp-content\/uploads\/sites\/103\/2023\/11\/colibris-scaled.jpeg 1920w\" sizes=\"auto, (max-width: 275px) 100vw, 275px\" \/><\/p>\n<p style=\"text-align: center\"><span style=\"color: #008000\">Si chacun, comme le colibri, \u00ab fait sa part \u00bb, <\/span><span style=\"color: #008000\">en donnant le maximum qu\u2019il peut \u00e0 son niveau, <\/span><span style=\"color: #008000\"><span style=\"color: #008000\">alors nous pouvons tout changer.<\/span><\/span><\/p>\n<p>&nbsp;<\/p>\n<p><img loading=\"lazy\" decoding=\"async\" class=\" wp-image-3624 alignleft\" src=\"https:\/\/etab.ac-reunion.fr\/clg-plateau-caillou\/wp-content\/uploads\/sites\/103\/2023\/11\/arbre-cour-300x225.jpeg\" alt=\"\" width=\"363\" height=\"272\" srcset=\"https:\/\/etab.ac-reunion.fr\/clg-plateau-caillou\/wp-content\/uploads\/sites\/103\/2023\/11\/arbre-cour-300x225.jpeg 300w, https:\/\/etab.ac-reunion.fr\/clg-plateau-caillou\/wp-content\/uploads\/sites\/103\/2023\/11\/arbre-cour-1024x768.jpeg 1024w, https:\/\/etab.ac-reunion.fr\/clg-plateau-caillou\/wp-content\/uploads\/sites\/103\/2023\/11\/arbre-cour-768x576.jpeg 768w, https:\/\/etab.ac-reunion.fr\/clg-plateau-caillou\/wp-content\/uploads\/sites\/103\/2023\/11\/arbre-cour-1536x1152.jpeg 1536w, https:\/\/etab.ac-reunion.fr\/clg-plateau-caillou\/wp-content\/uploads\/sites\/103\/2023\/11\/arbre-cour-2048x1536.jpeg 2048w, https:\/\/etab.ac-reunion.fr\/clg-plateau-caillou\/wp-content\/uploads\/sites\/103\/2023\/11\/arbre-cour-150x113.jpeg 150w\" sizes=\"auto, (max-width: 363px) 100vw, 363px\" \/> <img loading=\"lazy\" decoding=\"async\" class=\"alignnone wp-image-3623\" src=\"https:\/\/etab.ac-reunion.fr\/clg-plateau-caillou\/wp-content\/uploads\/sites\/103\/2023\/11\/arbre-a-mot-225x300.jpeg\" alt=\"\" width=\"206\" height=\"275\" srcset=\"https:\/\/etab.ac-reunion.fr\/clg-plateau-caillou\/wp-content\/uploads\/sites\/103\/2023\/11\/arbre-a-mot-225x300.jpeg 225w, https:\/\/etab.ac-reunion.fr\/clg-plateau-caillou\/wp-content\/uploads\/sites\/103\/2023\/11\/arbre-a-mot-768x1024.jpeg 768w, https:\/\/etab.ac-reunion.fr\/clg-plateau-caillou\/wp-content\/uploads\/sites\/103\/2023\/11\/arbre-a-mot-1152x1536.jpeg 1152w, https:\/\/etab.ac-reunion.fr\/clg-plateau-caillou\/wp-content\/uploads\/sites\/103\/2023\/11\/arbre-a-mot-1536x2048.jpeg 1536w, https:\/\/etab.ac-reunion.fr\/clg-plateau-caillou\/wp-content\/uploads\/sites\/103\/2023\/11\/arbre-a-mot-113x150.jpeg 113w, https:\/\/etab.ac-reunion.fr\/clg-plateau-caillou\/wp-content\/uploads\/sites\/103\/2023\/11\/arbre-a-mot-scaled.jpeg 1920w\" sizes=\"auto, (max-width: 206px) 100vw, 206px\" \/> <img loading=\"lazy\" decoding=\"async\" class=\"wp-image-3626 alignleft\" src=\"https:\/\/etab.ac-reunion.fr\/clg-plateau-caillou\/wp-content\/uploads\/sites\/103\/2023\/11\/escaliers-225x300.jpeg\" alt=\"\" width=\"246\" height=\"328\" srcset=\"https:\/\/etab.ac-reunion.fr\/clg-plateau-caillou\/wp-content\/uploads\/sites\/103\/2023\/11\/escaliers-225x300.jpeg 225w, https:\/\/etab.ac-reunion.fr\/clg-plateau-caillou\/wp-content\/uploads\/sites\/103\/2023\/11\/escaliers-768x1024.jpeg 768w, https:\/\/etab.ac-reunion.fr\/clg-plateau-caillou\/wp-content\/uploads\/sites\/103\/2023\/11\/escaliers-1152x1536.jpeg 1152w, https:\/\/etab.ac-reunion.fr\/clg-plateau-caillou\/wp-content\/uploads\/sites\/103\/2023\/11\/escaliers-1536x2048.jpeg 1536w, https:\/\/etab.ac-reunion.fr\/clg-plateau-caillou\/wp-content\/uploads\/sites\/103\/2023\/11\/escaliers-113x150.jpeg 113w, https:\/\/etab.ac-reunion.fr\/clg-plateau-caillou\/wp-content\/uploads\/sites\/103\/2023\/11\/escaliers-scaled.jpeg 1920w\" sizes=\"auto, (max-width: 246px) 100vw, 246px\" \/><img loading=\"lazy\" decoding=\"async\" class=\" wp-image-3627 alignnone\" src=\"https:\/\/etab.ac-reunion.fr\/clg-plateau-caillou\/wp-content\/uploads\/sites\/103\/2023\/11\/chaine-300x225.jpeg\" alt=\"\" width=\"431\" height=\"323\" srcset=\"https:\/\/etab.ac-reunion.fr\/clg-plateau-caillou\/wp-content\/uploads\/sites\/103\/2023\/11\/chaine-300x225.jpeg 300w, https:\/\/etab.ac-reunion.fr\/clg-plateau-caillou\/wp-content\/uploads\/sites\/103\/2023\/11\/chaine-1024x768.jpeg 1024w, https:\/\/etab.ac-reunion.fr\/clg-plateau-caillou\/wp-content\/uploads\/sites\/103\/2023\/11\/chaine-768x576.jpeg 768w, https:\/\/etab.ac-reunion.fr\/clg-plateau-caillou\/wp-content\/uploads\/sites\/103\/2023\/11\/chaine-1536x1152.jpeg 1536w, https:\/\/etab.ac-reunion.fr\/clg-plateau-caillou\/wp-content\/uploads\/sites\/103\/2023\/11\/chaine-2048x1536.jpeg 2048w, https:\/\/etab.ac-reunion.fr\/clg-plateau-caillou\/wp-content\/uploads\/sites\/103\/2023\/11\/chaine-150x113.jpeg 150w\" sizes=\"auto, (max-width: 431px) 100vw, 431px\" \/>\u00a0 \u00a0 <img loading=\"lazy\" decoding=\"async\" class=\"alignnone wp-image-3629\" src=\"https:\/\/etab.ac-reunion.fr\/clg-plateau-caillou\/wp-content\/uploads\/sites\/103\/2023\/11\/poignets-harcelement-225x300.jpeg\" alt=\"\" width=\"242\" height=\"323\" srcset=\"https:\/\/etab.ac-reunion.fr\/clg-plateau-caillou\/wp-content\/uploads\/sites\/103\/2023\/11\/poignets-harcelement-225x300.jpeg 225w, https:\/\/etab.ac-reunion.fr\/clg-plateau-caillou\/wp-content\/uploads\/sites\/103\/2023\/11\/poignets-harcelement-768x1024.jpeg 768w, https:\/\/etab.ac-reunion.fr\/clg-plateau-caillou\/wp-content\/uploads\/sites\/103\/2023\/11\/poignets-harcelement-1152x1536.jpeg 1152w, https:\/\/etab.ac-reunion.fr\/clg-plateau-caillou\/wp-content\/uploads\/sites\/103\/2023\/11\/poignets-harcelement-1536x2048.jpeg 1536w, https:\/\/etab.ac-reunion.fr\/clg-plateau-caillou\/wp-content\/uploads\/sites\/103\/2023\/11\/poignets-harcelement-113x150.jpeg 113w, https:\/\/etab.ac-reunion.fr\/clg-plateau-caillou\/wp-content\/uploads\/sites\/103\/2023\/11\/poignets-harcelement-scaled.jpeg 1920w\" sizes=\"auto, (max-width: 242px) 100vw, 242px\" \/><\/p>\n<p style=\"text-align: center\"><em>*La fable du colibri est une l\u00e9gende am\u00e9rindienne. Elle symbolise l\u2019importance de chaque geste, chaque engagement et action, m\u00eame dans une cause qui nous d\u00e9passe. Pour nous, la \u00ab part du colibri \u00bb symbolise l\u2019engagement que nous prenons, <\/em><em>et que chacun d\u2019entre nous peut prendre, \u00e0 son niveau.<\/em><\/p>\n<p>&nbsp;<\/p>\n<div class=\"key-fact-header\">\n<h6 style=\"text-align: center\"><strong><span style=\"color: #008000\">3018 : <\/span><\/strong><strong><span style=\"color: #008000\">Num\u00e9ro gratuit, anonyme et confidentiel disponible 7j\/7, de 9h00 \u00e0 23h00<\/span><\/strong><\/h6>\n<\/div>\n<p>&nbsp;<\/p>\n","protected":false},"excerpt":{"rendered":"<p>Pour sensibiliser aux ph\u00e9nom\u00e8nes de harc\u00e8lement dans le milieu scolaire, la journ\u00e9e nationale de lutte contre le harc\u00e8lement est organis\u00e9e chaque ann\u00e9e au mois de novembre. Cette journ\u00e9e est l&rsquo;occasion de rappeler combien la pr\u00e9vention et la lutte contre le harc\u00e8lement sont fondamentales pour permettre aux \u00e9l\u00e8ves d&rsquo;avoir une scolarit\u00e9&#8230;<\/p>\n<p> <a class=\"continue-reading-link\" href=\"https:\/\/etab.ac-reunion.fr\/clg-plateau-caillou\/9-11-23-journee-nationale-de-lutte-contre-le-harcelement-a-lecole\/\"><span>Lire la suite<\/span><i class=\"crycon-right-dir\"><\/i><\/a> <\/p>\n","protected":false},"author":7283,"featured_media":0,"parent":0,"menu_order":0,"comment_status":"closed","ping_status":"closed","template":"","meta":{"footnotes":""},"class_list":["post-3621","page","type-page","status-publish","hentry"],"_links":{"self":[{"href":"https:\/\/etab.ac-reunion.fr\/clg-plateau-caillou\/wp-json\/wp\/v2\/pages\/3621","targetHints":{"allow":["GET"]}}],"collection":[{"href":"https:\/\/etab.ac-reunion.fr\/clg-plateau-caillou\/wp-json\/wp\/v2\/pages"}],"about":[{"href":"https:\/\/etab.ac-reunion.fr\/clg-plateau-caillou\/wp-json\/wp\/v2\/types\/page"}],"author":[{"embeddable":true,"href":"https:\/\/etab.ac-reunion.fr\/clg-plateau-caillou\/wp-json\/wp\/v2\/users\/7283"}],"replies":[{"embeddable":true,"href":"https:\/\/etab.ac-reunion.fr\/clg-plateau-caillou\/wp-json\/wp\/v2\/comments?post=3621"}],"version-history":[{"count":6,"href":"https:\/\/etab.ac-reunion.fr\/clg-plateau-caillou\/wp-json\/wp\/v2\/pages\/3621\/revisions"}],"predecessor-version":[{"id":3637,"href":"https:\/\/etab.ac-reunion.fr\/clg-plateau-caillou\/wp-json\/wp\/v2\/pages\/3621\/revisions\/3637"}],"wp:attachment":[{"href":"https:\/\/etab.ac-reunion.fr\/clg-plateau-caillou\/wp-json\/wp\/v2\/media?parent=3621"}],"curies":[{"name":"wp","href":"https:\/\/api.w.org\/{rel}","templated":true}]}}