{"id":3692,"date":"2023-12-13T09:54:52","date_gmt":"2023-12-13T05:54:52","guid":{"rendered":"https:\/\/etab.ac-reunion.fr\/clg-plateau-caillou\/?page_id=3692"},"modified":"2023-12-13T09:56:34","modified_gmt":"2023-12-13T05:56:34","slug":"savates-en-folie","status":"publish","type":"page","link":"https:\/\/etab.ac-reunion.fr\/clg-plateau-caillou\/savates-en-folie\/","title":{"rendered":"Savates en folie"},"content":{"rendered":"<p>Nos \u00e9l\u00e8ves de 5e ont travaill\u00e9 en Arts Plastiques autour de la Valeur de l&rsquo;\u00e9cart avec la Repr\u00e9sentation, une installation collective a eu lieu dans l&rsquo;\u00e9tablissement. La savate a \u00e9t\u00e9 le sujet de repr\u00e9sentation , objet symbolisant le pas, le mouvement\/le temps et plus largement l&rsquo;avancement ou encore le progr\u00e8s.<\/p>\n<p>L&rsquo;ensemble des productions vise \u00e0 montrer que chacun avance pas \u00e0 pas dans son parcours et surtout avec sa singularit\u00e9, individuellement et \u00e0 la fois ensemble au sein d&rsquo;un groupe.<\/p>\n<p style=\"text-align: center\">Bravo \u00e0 tous !<img loading=\"lazy\" decoding=\"async\" class=\"size-medium wp-image-3694 alignleft\" src=\"https:\/\/etab.ac-reunion.fr\/clg-plateau-caillou\/wp-content\/uploads\/sites\/103\/2023\/12\/8e321e14-136f-4ca5-9906-1673fc0bd373-226x300.jpeg\" alt=\"\" width=\"226\" height=\"300\" srcset=\"https:\/\/etab.ac-reunion.fr\/clg-plateau-caillou\/wp-content\/uploads\/sites\/103\/2023\/12\/8e321e14-136f-4ca5-9906-1673fc0bd373-226x300.jpeg 226w, https:\/\/etab.ac-reunion.fr\/clg-plateau-caillou\/wp-content\/uploads\/sites\/103\/2023\/12\/8e321e14-136f-4ca5-9906-1673fc0bd373-771x1024.jpeg 771w, https:\/\/etab.ac-reunion.fr\/clg-plateau-caillou\/wp-content\/uploads\/sites\/103\/2023\/12\/8e321e14-136f-4ca5-9906-1673fc0bd373-768x1021.jpeg 768w, https:\/\/etab.ac-reunion.fr\/clg-plateau-caillou\/wp-content\/uploads\/sites\/103\/2023\/12\/8e321e14-136f-4ca5-9906-1673fc0bd373-1156x1536.jpeg 1156w, https:\/\/etab.ac-reunion.fr\/clg-plateau-caillou\/wp-content\/uploads\/sites\/103\/2023\/12\/8e321e14-136f-4ca5-9906-1673fc0bd373-113x150.jpeg 113w, https:\/\/etab.ac-reunion.fr\/clg-plateau-caillou\/wp-content\/uploads\/sites\/103\/2023\/12\/8e321e14-136f-4ca5-9906-1673fc0bd373.jpeg 1204w\" sizes=\"auto, (max-width: 226px) 100vw, 226px\" \/><\/p>\n<p><img loading=\"lazy\" decoding=\"async\" class=\"size-medium wp-image-3693 alignright\" src=\"https:\/\/etab.ac-reunion.fr\/clg-plateau-caillou\/wp-content\/uploads\/sites\/103\/2023\/12\/9130eb6d-33eb-4be3-962f-cb0d898b8ed8-300x226.jpeg\" alt=\"\" width=\"300\" height=\"226\" srcset=\"https:\/\/etab.ac-reunion.fr\/clg-plateau-caillou\/wp-content\/uploads\/sites\/103\/2023\/12\/9130eb6d-33eb-4be3-962f-cb0d898b8ed8-300x226.jpeg 300w, https:\/\/etab.ac-reunion.fr\/clg-plateau-caillou\/wp-content\/uploads\/sites\/103\/2023\/12\/9130eb6d-33eb-4be3-962f-cb0d898b8ed8-1024x771.jpeg 1024w, https:\/\/etab.ac-reunion.fr\/clg-plateau-caillou\/wp-content\/uploads\/sites\/103\/2023\/12\/9130eb6d-33eb-4be3-962f-cb0d898b8ed8-768x578.jpeg 768w, https:\/\/etab.ac-reunion.fr\/clg-plateau-caillou\/wp-content\/uploads\/sites\/103\/2023\/12\/9130eb6d-33eb-4be3-962f-cb0d898b8ed8-1536x1156.jpeg 1536w, https:\/\/etab.ac-reunion.fr\/clg-plateau-caillou\/wp-content\/uploads\/sites\/103\/2023\/12\/9130eb6d-33eb-4be3-962f-cb0d898b8ed8-150x113.jpeg 150w, https:\/\/etab.ac-reunion.fr\/clg-plateau-caillou\/wp-content\/uploads\/sites\/103\/2023\/12\/9130eb6d-33eb-4be3-962f-cb0d898b8ed8.jpeg 1600w\" sizes=\"auto, (max-width: 300px) 100vw, 300px\" \/> <img loading=\"lazy\" decoding=\"async\" class=\"size-medium wp-image-3695 alignright\" src=\"https:\/\/etab.ac-reunion.fr\/clg-plateau-caillou\/wp-content\/uploads\/sites\/103\/2023\/12\/f802f224-afae-451a-adfe-33fc5a561322-300x226.jpeg\" alt=\"\" width=\"300\" height=\"226\" srcset=\"https:\/\/etab.ac-reunion.fr\/clg-plateau-caillou\/wp-content\/uploads\/sites\/103\/2023\/12\/f802f224-afae-451a-adfe-33fc5a561322-300x226.jpeg 300w, https:\/\/etab.ac-reunion.fr\/clg-plateau-caillou\/wp-content\/uploads\/sites\/103\/2023\/12\/f802f224-afae-451a-adfe-33fc5a561322-1024x771.jpeg 1024w, https:\/\/etab.ac-reunion.fr\/clg-plateau-caillou\/wp-content\/uploads\/sites\/103\/2023\/12\/f802f224-afae-451a-adfe-33fc5a561322-768x578.jpeg 768w, https:\/\/etab.ac-reunion.fr\/clg-plateau-caillou\/wp-content\/uploads\/sites\/103\/2023\/12\/f802f224-afae-451a-adfe-33fc5a561322-1536x1156.jpeg 1536w, https:\/\/etab.ac-reunion.fr\/clg-plateau-caillou\/wp-content\/uploads\/sites\/103\/2023\/12\/f802f224-afae-451a-adfe-33fc5a561322-150x113.jpeg 150w, https:\/\/etab.ac-reunion.fr\/clg-plateau-caillou\/wp-content\/uploads\/sites\/103\/2023\/12\/f802f224-afae-451a-adfe-33fc5a561322.jpeg 1600w\" sizes=\"auto, (max-width: 300px) 100vw, 300px\" \/> <img loading=\"lazy\" decoding=\"async\" class=\"size-medium wp-image-3697 alignleft\" src=\"https:\/\/etab.ac-reunion.fr\/clg-plateau-caillou\/wp-content\/uploads\/sites\/103\/2023\/12\/09793da9-ae9f-4c31-bd1a-ee19056123a4-226x300.jpeg\" alt=\"\" width=\"226\" height=\"300\" srcset=\"https:\/\/etab.ac-reunion.fr\/clg-plateau-caillou\/wp-content\/uploads\/sites\/103\/2023\/12\/09793da9-ae9f-4c31-bd1a-ee19056123a4-226x300.jpeg 226w, https:\/\/etab.ac-reunion.fr\/clg-plateau-caillou\/wp-content\/uploads\/sites\/103\/2023\/12\/09793da9-ae9f-4c31-bd1a-ee19056123a4-771x1024.jpeg 771w, https:\/\/etab.ac-reunion.fr\/clg-plateau-caillou\/wp-content\/uploads\/sites\/103\/2023\/12\/09793da9-ae9f-4c31-bd1a-ee19056123a4-768x1021.jpeg 768w, https:\/\/etab.ac-reunion.fr\/clg-plateau-caillou\/wp-content\/uploads\/sites\/103\/2023\/12\/09793da9-ae9f-4c31-bd1a-ee19056123a4-1156x1536.jpeg 1156w, https:\/\/etab.ac-reunion.fr\/clg-plateau-caillou\/wp-content\/uploads\/sites\/103\/2023\/12\/09793da9-ae9f-4c31-bd1a-ee19056123a4-113x150.jpeg 113w, https:\/\/etab.ac-reunion.fr\/clg-plateau-caillou\/wp-content\/uploads\/sites\/103\/2023\/12\/09793da9-ae9f-4c31-bd1a-ee19056123a4.jpeg 1204w\" sizes=\"auto, (max-width: 226px) 100vw, 226px\" \/><\/p>\n","protected":false},"excerpt":{"rendered":"<p>Nos \u00e9l\u00e8ves de 5e ont travaill\u00e9 en Arts Plastiques autour de la Valeur de l&rsquo;\u00e9cart avec la Repr\u00e9sentation, une installation collective a eu lieu dans l&rsquo;\u00e9tablissement. La savate a \u00e9t\u00e9 le sujet de repr\u00e9sentation , objet symbolisant le pas, le mouvement\/le temps et plus largement l&rsquo;avancement ou encore le progr\u00e8s&#8230;.<\/p>\n<p> <a class=\"continue-reading-link\" href=\"https:\/\/etab.ac-reunion.fr\/clg-plateau-caillou\/savates-en-folie\/\"><span>Lire la suite<\/span><i class=\"crycon-right-dir\"><\/i><\/a> <\/p>\n","protected":false},"author":7283,"featured_media":0,"parent":0,"menu_order":0,"comment_status":"closed","ping_status":"closed","template":"","meta":{"footnotes":""},"class_list":["post-3692","page","type-page","status-publish","hentry"],"_links":{"self":[{"href":"https:\/\/etab.ac-reunion.fr\/clg-plateau-caillou\/wp-json\/wp\/v2\/pages\/3692","targetHints":{"allow":["GET"]}}],"collection":[{"href":"https:\/\/etab.ac-reunion.fr\/clg-plateau-caillou\/wp-json\/wp\/v2\/pages"}],"about":[{"href":"https:\/\/etab.ac-reunion.fr\/clg-plateau-caillou\/wp-json\/wp\/v2\/types\/page"}],"author":[{"embeddable":true,"href":"https:\/\/etab.ac-reunion.fr\/clg-plateau-caillou\/wp-json\/wp\/v2\/users\/7283"}],"replies":[{"embeddable":true,"href":"https:\/\/etab.ac-reunion.fr\/clg-plateau-caillou\/wp-json\/wp\/v2\/comments?post=3692"}],"version-history":[{"count":3,"href":"https:\/\/etab.ac-reunion.fr\/clg-plateau-caillou\/wp-json\/wp\/v2\/pages\/3692\/revisions"}],"predecessor-version":[{"id":3701,"href":"https:\/\/etab.ac-reunion.fr\/clg-plateau-caillou\/wp-json\/wp\/v2\/pages\/3692\/revisions\/3701"}],"wp:attachment":[{"href":"https:\/\/etab.ac-reunion.fr\/clg-plateau-caillou\/wp-json\/wp\/v2\/media?parent=3692"}],"curies":[{"name":"wp","href":"https:\/\/api.w.org\/{rel}","templated":true}]}}