{"id":3702,"date":"2023-12-13T11:20:41","date_gmt":"2023-12-13T07:20:41","guid":{"rendered":"https:\/\/etab.ac-reunion.fr\/clg-plateau-caillou\/?page_id=3702"},"modified":"2024-09-03T14:23:17","modified_gmt":"2024-09-03T10:23:17","slug":"exposition-nous-et-les-autres","status":"publish","type":"page","link":"https:\/\/etab.ac-reunion.fr\/clg-plateau-caillou\/exposition-nous-et-les-autres\/","title":{"rendered":"Exposition 2023 : Nous et les Autres"},"content":{"rendered":"<div>Le CDI a accueilli les 27 et 28\/11 l\u2019exposition \u00abNous et les autres \u2013 des pr\u00e9jug\u00e9s au racisme\u00bb en partenariat avec La Ligue de l&rsquo;Enseignement R\u00e9union. Cette exposition est la\u00a0version itin\u00e9rante de l&rsquo;exposition du m\u00eame nom pr\u00e9sent\u00e9e aux Archives D\u00e9partementales en\u00a02020 et 2022 \u00e0 La R\u00e9union.\u00a0Con\u00e7ue par le Mus\u00e9e de l\u2019Homme, \u00e0 la crois\u00e9e de l\u2019anthropologie, de la biologie, de la\u00a0sociologie et de l\u2019histoire, cette exposition d\u00e9crypte de fa\u00e7on d\u00e9passionn\u00e9e la mise en\u00a0place des st\u00e9r\u00e9otypes et la construction des id\u00e9es re\u00e7ues sur la nature de l\u2019Homme.<\/div>\n<div><\/div>\n<div>L&rsquo;exposition a \u00e9t\u00e9 programm\u00e9e pour toutes les classes de 5e et de 4e. <b>\u00a0<u><\/u><\/b>L&rsquo;animation p\u00e9dagogique de la visite a \u00e9t\u00e9 assur\u00e9e sur les 2 journ\u00e9es par\u00a0les Services Civiques de La Ligue de l&rsquo;Enseignement. Les \u00e9l\u00e8ves ont \u00e9t\u00e9 amen\u00e9s \u00e0 r\u00e9fl\u00e9chir et \u00e9changer en groupe sur des questions suscitant le d\u00e9bat, puis \u00e0 comparer leurs id\u00e9es par la lecture et la prise d&rsquo;informations dans les panneaux de l&rsquo;exposition, enfin de commenter des images issues de plusieurs supports diff\u00e9rents.\u00a0Encore merci \u00e0 tous !<\/div>\n<div><\/div>\n<div>\u00a0<img loading=\"lazy\" decoding=\"async\" class=\"size-medium wp-image-3706 alignleft\" src=\"https:\/\/etab.ac-reunion.fr\/clg-plateau-caillou\/wp-content\/uploads\/sites\/103\/2023\/12\/expo1-225x300.jpeg\" alt=\"\" width=\"225\" height=\"300\" srcset=\"https:\/\/etab.ac-reunion.fr\/clg-plateau-caillou\/wp-content\/uploads\/sites\/103\/2023\/12\/expo1-225x300.jpeg 225w, https:\/\/etab.ac-reunion.fr\/clg-plateau-caillou\/wp-content\/uploads\/sites\/103\/2023\/12\/expo1-768x1024.jpeg 768w, https:\/\/etab.ac-reunion.fr\/clg-plateau-caillou\/wp-content\/uploads\/sites\/103\/2023\/12\/expo1-1152x1536.jpeg 1152w, https:\/\/etab.ac-reunion.fr\/clg-plateau-caillou\/wp-content\/uploads\/sites\/103\/2023\/12\/expo1-1536x2048.jpeg 1536w, https:\/\/etab.ac-reunion.fr\/clg-plateau-caillou\/wp-content\/uploads\/sites\/103\/2023\/12\/expo1-113x150.jpeg 113w, https:\/\/etab.ac-reunion.fr\/clg-plateau-caillou\/wp-content\/uploads\/sites\/103\/2023\/12\/expo1-scaled.jpeg 1920w\" sizes=\"auto, (max-width: 225px) 100vw, 225px\" \/> <img loading=\"lazy\" decoding=\"async\" class=\"wp-image-3704 alignleft\" src=\"https:\/\/etab.ac-reunion.fr\/clg-plateau-caillou\/wp-content\/uploads\/sites\/103\/2023\/12\/expo3-300x225.jpeg\" alt=\"\" width=\"302\" height=\"226\" srcset=\"https:\/\/etab.ac-reunion.fr\/clg-plateau-caillou\/wp-content\/uploads\/sites\/103\/2023\/12\/expo3-300x225.jpeg 300w, https:\/\/etab.ac-reunion.fr\/clg-plateau-caillou\/wp-content\/uploads\/sites\/103\/2023\/12\/expo3-1024x768.jpeg 1024w, https:\/\/etab.ac-reunion.fr\/clg-plateau-caillou\/wp-content\/uploads\/sites\/103\/2023\/12\/expo3-768x576.jpeg 768w, https:\/\/etab.ac-reunion.fr\/clg-plateau-caillou\/wp-content\/uploads\/sites\/103\/2023\/12\/expo3-1536x1152.jpeg 1536w, https:\/\/etab.ac-reunion.fr\/clg-plateau-caillou\/wp-content\/uploads\/sites\/103\/2023\/12\/expo3-2048x1536.jpeg 2048w, https:\/\/etab.ac-reunion.fr\/clg-plateau-caillou\/wp-content\/uploads\/sites\/103\/2023\/12\/expo3-150x113.jpeg 150w\" sizes=\"auto, (max-width: 302px) 100vw, 302px\" \/> <img loading=\"lazy\" decoding=\"async\" class=\"wp-image-3703 alignleft\" src=\"https:\/\/etab.ac-reunion.fr\/clg-plateau-caillou\/wp-content\/uploads\/sites\/103\/2023\/12\/expo4-300x225.jpeg\" alt=\"\" width=\"423\" height=\"317\" srcset=\"https:\/\/etab.ac-reunion.fr\/clg-plateau-caillou\/wp-content\/uploads\/sites\/103\/2023\/12\/expo4-300x225.jpeg 300w, https:\/\/etab.ac-reunion.fr\/clg-plateau-caillou\/wp-content\/uploads\/sites\/103\/2023\/12\/expo4-1024x768.jpeg 1024w, https:\/\/etab.ac-reunion.fr\/clg-plateau-caillou\/wp-content\/uploads\/sites\/103\/2023\/12\/expo4-768x576.jpeg 768w, https:\/\/etab.ac-reunion.fr\/clg-plateau-caillou\/wp-content\/uploads\/sites\/103\/2023\/12\/expo4-1536x1152.jpeg 1536w, https:\/\/etab.ac-reunion.fr\/clg-plateau-caillou\/wp-content\/uploads\/sites\/103\/2023\/12\/expo4-2048x1536.jpeg 2048w, https:\/\/etab.ac-reunion.fr\/clg-plateau-caillou\/wp-content\/uploads\/sites\/103\/2023\/12\/expo4-150x113.jpeg 150w\" sizes=\"auto, (max-width: 423px) 100vw, 423px\" \/><\/div>\n","protected":false},"excerpt":{"rendered":"<p>Le CDI a accueilli les 27 et 28\/11 l\u2019exposition \u00abNous et les autres \u2013 des pr\u00e9jug\u00e9s au racisme\u00bb en partenariat avec La Ligue de l&rsquo;Enseignement R\u00e9union. Cette exposition est la\u00a0version itin\u00e9rante de l&rsquo;exposition du m\u00eame nom pr\u00e9sent\u00e9e aux Archives D\u00e9partementales en\u00a02020 et 2022 \u00e0 La R\u00e9union.\u00a0Con\u00e7ue par le Mus\u00e9e de&#8230;<\/p>\n<p> <a class=\"continue-reading-link\" href=\"https:\/\/etab.ac-reunion.fr\/clg-plateau-caillou\/exposition-nous-et-les-autres\/\"><span>Lire la suite<\/span><i class=\"crycon-right-dir\"><\/i><\/a> <\/p>\n","protected":false},"author":7283,"featured_media":0,"parent":0,"menu_order":0,"comment_status":"closed","ping_status":"closed","template":"","meta":{"footnotes":""},"class_list":["post-3702","page","type-page","status-publish","hentry"],"_links":{"self":[{"href":"https:\/\/etab.ac-reunion.fr\/clg-plateau-caillou\/wp-json\/wp\/v2\/pages\/3702","targetHints":{"allow":["GET"]}}],"collection":[{"href":"https:\/\/etab.ac-reunion.fr\/clg-plateau-caillou\/wp-json\/wp\/v2\/pages"}],"about":[{"href":"https:\/\/etab.ac-reunion.fr\/clg-plateau-caillou\/wp-json\/wp\/v2\/types\/page"}],"author":[{"embeddable":true,"href":"https:\/\/etab.ac-reunion.fr\/clg-plateau-caillou\/wp-json\/wp\/v2\/users\/7283"}],"replies":[{"embeddable":true,"href":"https:\/\/etab.ac-reunion.fr\/clg-plateau-caillou\/wp-json\/wp\/v2\/comments?post=3702"}],"version-history":[{"count":3,"href":"https:\/\/etab.ac-reunion.fr\/clg-plateau-caillou\/wp-json\/wp\/v2\/pages\/3702\/revisions"}],"predecessor-version":[{"id":3994,"href":"https:\/\/etab.ac-reunion.fr\/clg-plateau-caillou\/wp-json\/wp\/v2\/pages\/3702\/revisions\/3994"}],"wp:attachment":[{"href":"https:\/\/etab.ac-reunion.fr\/clg-plateau-caillou\/wp-json\/wp\/v2\/media?parent=3702"}],"curies":[{"name":"wp","href":"https:\/\/api.w.org\/{rel}","templated":true}]}}