{"id":3717,"date":"2023-12-13T11:58:19","date_gmt":"2023-12-13T07:58:19","guid":{"rendered":"https:\/\/etab.ac-reunion.fr\/clg-plateau-caillou\/?page_id=3717"},"modified":"2023-12-13T11:58:19","modified_gmt":"2023-12-13T07:58:19","slug":"atelier-maloya-et-concert-au-college","status":"publish","type":"page","link":"https:\/\/etab.ac-reunion.fr\/clg-plateau-caillou\/atelier-maloya-et-concert-au-college\/","title":{"rendered":"Atelier Maloya et concert au coll\u00e8ge"},"content":{"rendered":"<div class=\"elementor-element elementor-element-c80b990 elementor-widget elementor-widget-heading animated fadeIn\" data-id=\"c80b990\" data-element_type=\"widget\" data-settings=\"{&quot;_animation&quot;:&quot;fadeIn&quot;}\" data-widget_type=\"heading.default\">\n<div class=\"elementor-widget-container\">\n<p class=\"elementor-heading-title elementor-size-default\">Les \u00e9l\u00e8ves de 6e ont suivi un atelier d&rsquo;initiation \u00e0 la musique du maloya propos\u00e9 par l&rsquo;\u00e9cole L\u00e9koloya et plus particuli\u00e8rement par Ninon Larissa g\u00e9rante et membre du\u00a0 groupe SIMANGAVOLE \u201cMaloya mani\u00e8r fanm\u201d. Les \u00e9l\u00e8ves ont appris les noms des diff\u00e9rents instruments traditionnels ainsi que l&rsquo;histoire de leur fabrication, leur r\u00f4le dans la musique, les divers styles de maloya, et les principaux musiciens et chanteurs.<\/p>\n<\/div>\n<\/div>\n<p>Fond\u00e9e en 2018, l\u2019\u00c9cole de Musique LEKOLOYA est situ\u00e9e \u00e0 Saint-Denis. Son but premier est la transmission de notre culture musicale mais aussi faciliter l\u2019acc\u00e8s \u00e0 l\u2019apprentissage de celle-ci \u00e0 travers la dispense de cours de maloya (musique) et la mise en place de stage et master class dirig\u00e9 par des musiciens reconnus.<\/p>\n<p style=\"text-align: center\">Une belle occasion pour nos \u00e9l\u00e8ves de jouer et chanter !<\/p>\n<div class=\"elementor-element elementor-element-c80b990 elementor-widget elementor-widget-heading animated fadeIn\" data-id=\"c80b990\" data-element_type=\"widget\" data-settings=\"{&quot;_animation&quot;:&quot;fadeIn&quot;}\" data-widget_type=\"heading.default\">\n<div class=\"elementor-widget-container\">\n<p class=\"elementor-heading-title elementor-size-default\" style=\"text-align: center\"><em><strong>\u00ab\u00a0LEKOLOYA s\u00e9 mon mani\u00e8r aport mon kontribusyion pou la transmisyion la m\u00e9mwar <\/strong><\/em><em><strong>ek la valorisasyion nout patrimwann musikal\u00a0\u00bb<\/strong><\/em><\/p>\n<\/div>\n<\/div>\n<div class=\"elementor-element elementor-element-6455d75 elementor-widget elementor-widget-text-editor animated fadeIn\" data-id=\"6455d75\" data-element_type=\"widget\" data-settings=\"{&quot;_animation&quot;:&quot;fadeIn&quot;}\" data-widget_type=\"text-editor.default\">\n<div class=\"elementor-widget-container\">\n<div><img loading=\"lazy\" decoding=\"async\" class=\"size-medium wp-image-3719 alignleft\" src=\"https:\/\/etab.ac-reunion.fr\/clg-plateau-caillou\/wp-content\/uploads\/sites\/103\/2023\/12\/instru-225x300.jpeg\" alt=\"\" width=\"225\" height=\"300\" srcset=\"https:\/\/etab.ac-reunion.fr\/clg-plateau-caillou\/wp-content\/uploads\/sites\/103\/2023\/12\/instru-225x300.jpeg 225w, https:\/\/etab.ac-reunion.fr\/clg-plateau-caillou\/wp-content\/uploads\/sites\/103\/2023\/12\/instru-768x1024.jpeg 768w, https:\/\/etab.ac-reunion.fr\/clg-plateau-caillou\/wp-content\/uploads\/sites\/103\/2023\/12\/instru-1152x1536.jpeg 1152w, https:\/\/etab.ac-reunion.fr\/clg-plateau-caillou\/wp-content\/uploads\/sites\/103\/2023\/12\/instru-1536x2048.jpeg 1536w, https:\/\/etab.ac-reunion.fr\/clg-plateau-caillou\/wp-content\/uploads\/sites\/103\/2023\/12\/instru-113x150.jpeg 113w, https:\/\/etab.ac-reunion.fr\/clg-plateau-caillou\/wp-content\/uploads\/sites\/103\/2023\/12\/instru-scaled.jpeg 1920w\" sizes=\"auto, (max-width: 225px) 100vw, 225px\" \/> <img loading=\"lazy\" decoding=\"async\" class=\"alignnone size-medium wp-image-3718\" src=\"https:\/\/etab.ac-reunion.fr\/clg-plateau-caillou\/wp-content\/uploads\/sites\/103\/2023\/12\/sati-225x300.jpeg\" alt=\"\" width=\"225\" height=\"300\" srcset=\"https:\/\/etab.ac-reunion.fr\/clg-plateau-caillou\/wp-content\/uploads\/sites\/103\/2023\/12\/sati-225x300.jpeg 225w, https:\/\/etab.ac-reunion.fr\/clg-plateau-caillou\/wp-content\/uploads\/sites\/103\/2023\/12\/sati-768x1024.jpeg 768w, https:\/\/etab.ac-reunion.fr\/clg-plateau-caillou\/wp-content\/uploads\/sites\/103\/2023\/12\/sati-1152x1536.jpeg 1152w, https:\/\/etab.ac-reunion.fr\/clg-plateau-caillou\/wp-content\/uploads\/sites\/103\/2023\/12\/sati-1536x2048.jpeg 1536w, https:\/\/etab.ac-reunion.fr\/clg-plateau-caillou\/wp-content\/uploads\/sites\/103\/2023\/12\/sati-113x150.jpeg 113w, https:\/\/etab.ac-reunion.fr\/clg-plateau-caillou\/wp-content\/uploads\/sites\/103\/2023\/12\/sati-scaled.jpeg 1920w\" sizes=\"auto, (max-width: 225px) 100vw, 225px\" \/> <img loading=\"lazy\" decoding=\"async\" class=\"alignnone size-medium wp-image-3720\" src=\"https:\/\/etab.ac-reunion.fr\/clg-plateau-caillou\/wp-content\/uploads\/sites\/103\/2023\/12\/rouler-225x300.jpeg\" alt=\"\" width=\"225\" height=\"300\" srcset=\"https:\/\/etab.ac-reunion.fr\/clg-plateau-caillou\/wp-content\/uploads\/sites\/103\/2023\/12\/rouler-225x300.jpeg 225w, https:\/\/etab.ac-reunion.fr\/clg-plateau-caillou\/wp-content\/uploads\/sites\/103\/2023\/12\/rouler-768x1024.jpeg 768w, https:\/\/etab.ac-reunion.fr\/clg-plateau-caillou\/wp-content\/uploads\/sites\/103\/2023\/12\/rouler-1152x1536.jpeg 1152w, https:\/\/etab.ac-reunion.fr\/clg-plateau-caillou\/wp-content\/uploads\/sites\/103\/2023\/12\/rouler-1536x2048.jpeg 1536w, https:\/\/etab.ac-reunion.fr\/clg-plateau-caillou\/wp-content\/uploads\/sites\/103\/2023\/12\/rouler-113x150.jpeg 113w, https:\/\/etab.ac-reunion.fr\/clg-plateau-caillou\/wp-content\/uploads\/sites\/103\/2023\/12\/rouler-scaled.jpeg 1920w\" sizes=\"auto, (max-width: 225px) 100vw, 225px\" \/><\/div>\n<\/div>\n<\/div>\n","protected":false},"excerpt":{"rendered":"<p>Les \u00e9l\u00e8ves de 6e ont suivi un atelier d&rsquo;initiation \u00e0 la musique du maloya propos\u00e9 par l&rsquo;\u00e9cole L\u00e9koloya et plus particuli\u00e8rement par Ninon Larissa g\u00e9rante et membre du\u00a0 groupe SIMANGAVOLE \u201cMaloya mani\u00e8r fanm\u201d. Les \u00e9l\u00e8ves ont appris les noms des diff\u00e9rents instruments traditionnels ainsi que l&rsquo;histoire de leur fabrication, leur&#8230;<\/p>\n<p> <a class=\"continue-reading-link\" href=\"https:\/\/etab.ac-reunion.fr\/clg-plateau-caillou\/atelier-maloya-et-concert-au-college\/\"><span>Lire la suite<\/span><i class=\"crycon-right-dir\"><\/i><\/a> <\/p>\n","protected":false},"author":7283,"featured_media":0,"parent":0,"menu_order":0,"comment_status":"closed","ping_status":"closed","template":"","meta":{"footnotes":""},"class_list":["post-3717","page","type-page","status-publish","hentry"],"_links":{"self":[{"href":"https:\/\/etab.ac-reunion.fr\/clg-plateau-caillou\/wp-json\/wp\/v2\/pages\/3717","targetHints":{"allow":["GET"]}}],"collection":[{"href":"https:\/\/etab.ac-reunion.fr\/clg-plateau-caillou\/wp-json\/wp\/v2\/pages"}],"about":[{"href":"https:\/\/etab.ac-reunion.fr\/clg-plateau-caillou\/wp-json\/wp\/v2\/types\/page"}],"author":[{"embeddable":true,"href":"https:\/\/etab.ac-reunion.fr\/clg-plateau-caillou\/wp-json\/wp\/v2\/users\/7283"}],"replies":[{"embeddable":true,"href":"https:\/\/etab.ac-reunion.fr\/clg-plateau-caillou\/wp-json\/wp\/v2\/comments?post=3717"}],"version-history":[{"count":1,"href":"https:\/\/etab.ac-reunion.fr\/clg-plateau-caillou\/wp-json\/wp\/v2\/pages\/3717\/revisions"}],"predecessor-version":[{"id":3721,"href":"https:\/\/etab.ac-reunion.fr\/clg-plateau-caillou\/wp-json\/wp\/v2\/pages\/3717\/revisions\/3721"}],"wp:attachment":[{"href":"https:\/\/etab.ac-reunion.fr\/clg-plateau-caillou\/wp-json\/wp\/v2\/media?parent=3717"}],"curies":[{"name":"wp","href":"https:\/\/api.w.org\/{rel}","templated":true}]}}