{"id":3727,"date":"2024-02-09T10:26:20","date_gmt":"2024-02-09T06:26:20","guid":{"rendered":"https:\/\/etab.ac-reunion.fr\/clg-plateau-caillou\/?page_id=3727"},"modified":"2025-08-29T09:14:52","modified_gmt":"2025-08-29T05:14:52","slug":"3727-2","status":"publish","type":"page","link":"https:\/\/etab.ac-reunion.fr\/clg-plateau-caillou\/3727-2\/","title":{"rendered":"\u00catre parent \u00e0 l\u2019\u00e8re num\u00e9rique"},"content":{"rendered":"<p style=\"text-align: center\"><strong>Comment conseiller vos enfants sur les r\u00e9seaux sociaux et les prot\u00e9ger des images violentes ? Quelles sont les r\u00e8gles \u00e0 respecter dans ce monde d\u2019ultraconnexion dans lequel ils grandissent ?<\/strong><\/p>\n<p>Quelques conseils pratiques \u00e0 retrouver ici : <a href=\"https:\/\/www.clemi.fr\/fr\/famille.html\" target=\"_blank\" rel=\"noopener\">clemi.fr\/fr\/famille<\/a><\/p>\n<p>Un guide pour vous accompagner avec des rep\u00e8res pour chaque \u00e2ge : <a href=\"https:\/\/eduscol.education.fr\/document\/67357\/download?attachment\">https:\/\/eduscol.education.fr\/document\/67357\/download?attachment<\/a><\/p>\n","protected":false},"excerpt":{"rendered":"<p>Comment conseiller vos enfants sur les r\u00e9seaux sociaux et les prot\u00e9ger des images violentes ? Quelles sont les r\u00e8gles \u00e0 respecter dans ce monde d\u2019ultraconnexion dans lequel ils grandissent ? Quelques conseils pratiques \u00e0 retrouver ici : clemi.fr\/fr\/famille Un guide pour vous accompagner avec des rep\u00e8res pour chaque \u00e2ge :&#8230;<\/p>\n<p> <a class=\"continue-reading-link\" href=\"https:\/\/etab.ac-reunion.fr\/clg-plateau-caillou\/3727-2\/\"><span>Lire la suite<\/span><i class=\"crycon-right-dir\"><\/i><\/a> <\/p>\n","protected":false},"author":7283,"featured_media":0,"parent":0,"menu_order":0,"comment_status":"closed","ping_status":"closed","template":"","meta":{"footnotes":""},"class_list":["post-3727","page","type-page","status-publish","hentry"],"_links":{"self":[{"href":"https:\/\/etab.ac-reunion.fr\/clg-plateau-caillou\/wp-json\/wp\/v2\/pages\/3727","targetHints":{"allow":["GET"]}}],"collection":[{"href":"https:\/\/etab.ac-reunion.fr\/clg-plateau-caillou\/wp-json\/wp\/v2\/pages"}],"about":[{"href":"https:\/\/etab.ac-reunion.fr\/clg-plateau-caillou\/wp-json\/wp\/v2\/types\/page"}],"author":[{"embeddable":true,"href":"https:\/\/etab.ac-reunion.fr\/clg-plateau-caillou\/wp-json\/wp\/v2\/users\/7283"}],"replies":[{"embeddable":true,"href":"https:\/\/etab.ac-reunion.fr\/clg-plateau-caillou\/wp-json\/wp\/v2\/comments?post=3727"}],"version-history":[{"count":4,"href":"https:\/\/etab.ac-reunion.fr\/clg-plateau-caillou\/wp-json\/wp\/v2\/pages\/3727\/revisions"}],"predecessor-version":[{"id":5137,"href":"https:\/\/etab.ac-reunion.fr\/clg-plateau-caillou\/wp-json\/wp\/v2\/pages\/3727\/revisions\/5137"}],"wp:attachment":[{"href":"https:\/\/etab.ac-reunion.fr\/clg-plateau-caillou\/wp-json\/wp\/v2\/media?parent=3727"}],"curies":[{"name":"wp","href":"https:\/\/api.w.org\/{rel}","templated":true}]}}